{"id":147868,"date":"2025-09-17T15:52:56","date_gmt":"2025-09-17T19:52:56","guid":{"rendered":"https:\/\/mendomedical.ca\/?post_type=product&#038;p=147868"},"modified":"2026-03-25T07:14:10","modified_gmt":"2026-03-25T11:14:10","slug":"comatose-fr","status":"publish","type":"product","link":"https:\/\/mendomedical.ca\/fr\/produit\/comatose-fr\/","title":{"rendered":"Comatose"},"content":{"rendered":"","protected":false},"excerpt":{"rendered":"<div class=\"ExternalClass3BFEBF156DE34B1080A277E8190B4076\">\n<h3>Comatose - Fleur \u00e0 dominante indica de 1964<\/h3>\n<h3>Terp\u00e8nes totaux : 3,51%.<\/h3>\n<p>Faites l&rsquo;exp\u00e9rience de l&rsquo;une des vari\u00e9t\u00e9s les plus recherch\u00e9es au Canada avec Comatose by 1964. Cette puissante fleur \u00e0 dominance indica combine la g\u00e9n\u00e9tique l\u00e9gendaire de l&rsquo;OG Kush avec une vari\u00e9t\u00e9 indica inconnue, cr\u00e9ant ainsi une option de cannabis puissante qui est devenue la pr\u00e9f\u00e9r\u00e9e des consommateurs exp\u00e9riment\u00e9s. Avec un impressionnant profil terp\u00e9nique total de 4,47 % et des fleurs denses et givr\u00e9es, la Comatose offre une exp\u00e9rience aromatique puissante en plus de sa teneur \u00e9lev\u00e9e en THC. D\u00e9sormais disponible dans un format pratique de 7g.   <\/p>\n<h4>Caract\u00e9ristiques principales<\/h4>\n<ul>\n<li>Souche lourde \u00e0 dominance indica avec lign\u00e9e OG Kush pour une relaxation profonde.<\/li>\n<li>Teneur \u00e9lev\u00e9e en terp\u00e8nes totaux (4,47 %) pour une saveur et des effets renforc\u00e9s.<\/li>\n<li>Fleurs denses et r\u00e9sineuses avec un aspect givr\u00e9 distinctif.<\/li>\n<li>Disponible en format 7g pour un plaisir prolong\u00e9<\/li>\n<li>L&rsquo;une des vari\u00e9t\u00e9s h\u00e9rit\u00e9es les plus populaires au Canada, avec une qualit\u00e9 constante.<\/li>\n<\/ul>\n<h4>Profil aromatique et gustatif<\/h4>\n<p>Comatose offre une exp\u00e9rience sensorielle complexe gr\u00e2ce \u00e0 son profil terp\u00e9nique distinctif. Les notes terreuses dominantes sont compl\u00e9t\u00e9es par des nuances brillantes d&rsquo;agrumes et un fini caract\u00e9ristique semblable \u00e0 celui d&rsquo;un gaz. Cette combinaison cr\u00e9e un ar\u00f4me cors\u00e9 imm\u00e9diatement reconnaissable par les connaisseurs du cannabis. La teneur totale en terp\u00e8nes de 4,47 % garantit que ces saveurs se traduisent magnifiquement lors de la consommation, offrant une exp\u00e9rience riche et satisfaisante.   <\/p>\n<h4>Pourquoi choisir All Flower<\/h4>\n<p>Les produits \u00e0 base de fleurs enti\u00e8res comme Comatose offrent aux utilisateurs m\u00e9dicaux un contr\u00f4le total sur leurs m\u00e9thodes de dosage et de consommation. Que vous pr\u00e9f\u00e9riez vaporiser, rouler ou utiliser une pipe, la fleur offre une grande polyvalence et vous permet d&rsquo;exp\u00e9rimenter le spectre complet des cannabino\u00efdes et des terp\u00e8nes sous leur forme naturelle. <\/p>\n<h4>Exp\u00e9dition dans tout le Canada<\/h4>\n<p>Comatose est exp\u00e9di\u00e9 rapidement \u00e0 travers le Canada gr\u00e2ce \u00e0 notre r\u00e9seau de livraison fiable. Nous offrons la livraison gratuite pour toutes les commandes de plus de 150 $, ce qui vous assure de recevoir vos produits de cannabis de qualit\u00e9 sup\u00e9rieure de fa\u00e7on pratique et abordable, peu importe o\u00f9 vous vous trouvez au Canada. <\/p>\n<h4>Avantages et couverture pour les anciens combattants<\/h4>\n<p>Comatose est admissible \u00e0 la couverture d&rsquo;ACC (Anciens Combattants Canada), ce qui favorise l&rsquo;acc\u00e8s de nos anciens combattants \u00e0 du cannabis m\u00e9dical de qualit\u00e9. Nous offrons une facturation directe par l&rsquo;entremise de la Croix Bleue, ce qui signifie que les anciens combattants admissibles n&rsquo;ont pas \u00e0 d\u00e9bourser d&rsquo;argent. Si vous n&rsquo;avez pas encore de carte m\u00e9dicale, vous pouvez <a href=\"https:\/\/mendomedical.ca\/fr\/carte-medicale\/\">obtenir votre carte m\u00e9dicale gratuite rapidement et facilement<\/a> gr\u00e2ce \u00e0 notre processus simplifi\u00e9.  <\/p>\n<\/div>\n","protected":false},"featured_media":147870,"comment_status":"closed","ping_status":"closed","template":"","meta":{"_acf_changed":false,"site-sidebar-layout":"default","site-content-layout":"","ast-site-content-layout":"default","site-content-style":"default","site-sidebar-style":"default","ast-global-header-display":"","ast-banner-title-visibility":"","ast-main-header-display":"","ast-hfb-above-header-display":"","ast-hfb-below-header-display":"","ast-hfb-mobile-header-display":"","site-post-title":"","ast-breadcrumbs-content":"","ast-featured-img":"","footer-sml-layout":"","ast-disable-related-posts":"","theme-transparent-header-meta":"default","adv-header-id-meta":"","stick-header-meta":"","header-above-stick-meta":"","header-main-stick-meta":"","header-below-stick-meta":"","astra-migrate-meta-layouts":"set","ast-page-background-enabled":"default","ast-page-background-meta":{"desktop":{"background-color":"var(--ast-global-color-4)","background-image":"","background-repeat":"repeat","background-position":"center center","background-size":"auto","background-attachment":"scroll","background-type":"","background-media":"","overlay-type":"","overlay-color":"","overlay-opacity":"","overlay-gradient":""},"tablet":{"background-color":"","background-image":"","background-repeat":"repeat","background-position":"center center","background-size":"auto","background-attachment":"scroll","background-type":"","background-media":"","overlay-type":"","overlay-color":"","overlay-opacity":"","overlay-gradient":""},"mobile":{"background-color":"","background-image":"","background-repeat":"repeat","background-position":"center center","background-size":"auto","background-attachment":"scroll","background-type":"","background-media":"","overlay-type":"","overlay-color":"","overlay-opacity":"","overlay-gradient":""}},"ast-content-background-meta":{"desktop":{"background-color":"var(--ast-global-color-5)","background-image":"","background-repeat":"repeat","background-position":"center center","background-size":"auto","background-attachment":"scroll","background-type":"","background-media":"","overlay-type":"","overlay-color":"","overlay-opacity":"","overlay-gradient":""},"tablet":{"background-color":"var(--ast-global-color-5)","background-image":"","background-repeat":"repeat","background-position":"center center","background-size":"auto","background-attachment":"scroll","background-type":"","background-media":"","overlay-type":"","overlay-color":"","overlay-opacity":"","overlay-gradient":""},"mobile":{"background-color":"var(--ast-global-color-5)","background-image":"","background-repeat":"repeat","background-position":"center center","background-size":"auto","background-attachment":"scroll","background-type":"","background-media":"","overlay-type":"","overlay-color":"","overlay-opacity":"","overlay-gradient":""}}},"product_brand":[4393],"product_cat":[1137],"product_tag":[4395],"product_format_filter":[6373],"class_list":{"0":"post-147868","1":"product","2":"type-product","3":"status-publish","4":"has-post-thumbnail","6":"product_brand-4393","7":"product_cat-fleur","8":"product_tag-1964-fr","9":"pa_flavours-agrume","10":"pa_flavours-gaz","11":"pa_flavours-terreux","12":"pa_intensity-thc-eleve","13":"pa_marques-1964-fr","14":"pa_origin-colombie-britannique-fr","15":"pa_packaging-date-02-04-2026","16":"pa_prix-par-gramme-8-57-fr","17":"pa_profil-terpene-bisabolol-fr","18":"pa_profil-terpene-caryophyllene","19":"pa_profil-terpene-farnesene-fr","20":"pa_profil-terpene-humulene-fr","21":"pa_profil-terpene-limonene-fr","22":"pa_profil-terpene-linalol-fr","23":"pa_profil-terpene-myrcene","24":"pa_profil-terpene-pinene-fr","25":"pa_type-de-plante-indica-fr","26":"product_format_filter-7g","27":"desktop-align-left","28":"tablet-align-left","29":"mobile-align-left","31":"first","32":"outofstock","33":"taxable","34":"shipping-taxable","35":"purchasable","36":"product-type-simple"},"group_of_quantity":0,"min_quantity":0,"max_quantity":"","exclude_order_quantity_value_rules":"no","exclude_category_quantity_rules":"no","combine_variations":"no","acf":[],"_links":{"self":[{"href":"https:\/\/mendomedical.ca\/fr\/wp-json\/wp\/v2\/product\/147868","targetHints":{"allow":["GET"]}}],"collection":[{"href":"https:\/\/mendomedical.ca\/fr\/wp-json\/wp\/v2\/product"}],"about":[{"href":"https:\/\/mendomedical.ca\/fr\/wp-json\/wp\/v2\/types\/product"}],"replies":[{"embeddable":true,"href":"https:\/\/mendomedical.ca\/fr\/wp-json\/wp\/v2\/comments?post=147868"}],"wp:featuredmedia":[{"embeddable":true,"href":"https:\/\/mendomedical.ca\/fr\/wp-json\/wp\/v2\/media\/147870"}],"wp:attachment":[{"href":"https:\/\/mendomedical.ca\/fr\/wp-json\/wp\/v2\/media?parent=147868"}],"wp:term":[{"taxonomy":"product_brand","embeddable":true,"href":"https:\/\/mendomedical.ca\/fr\/wp-json\/wp\/v2\/product_brand?post=147868"},{"taxonomy":"product_cat","embeddable":true,"href":"https:\/\/mendomedical.ca\/fr\/wp-json\/wp\/v2\/product_cat?post=147868"},{"taxonomy":"product_tag","embeddable":true,"href":"https:\/\/mendomedical.ca\/fr\/wp-json\/wp\/v2\/product_tag?post=147868"},{"taxonomy":"product_format_filter","embeddable":true,"href":"https:\/\/mendomedical.ca\/fr\/wp-json\/wp\/v2\/product_format_filter?post=147868"}],"curies":[{"name":"wp","href":"https:\/\/api.w.org\/{rel}","templated":true}]}}