{"id":147841,"date":"2024-08-03T03:52:19","date_gmt":"2024-08-03T07:52:19","guid":{"rendered":"https:\/\/mendomedical.ca\/?post_type=product&#038;p=147841"},"modified":"2026-05-14T12:09:48","modified_gmt":"2026-05-14T16:09:48","slug":"mango-kush-cbgcbdthc-vape","status":"publish","type":"product","link":"https:\/\/mendomedical.ca\/fr\/produit\/mango-kush-cbgcbdthc-vape\/","title":{"rendered":"Mango Kush CBG+CBD+THC Vape"},"content":{"rendered":"","protected":false},"excerpt":{"rendered":"<div class=\"ExternalClass45FE59E302464FD0BF90B19AF1C5432B\">\n<h3>Mango Kush CBG+CBD+THC Vape<\/h3>\n<p>D\u00e9couvrez l&rsquo;\u00e9quilibre parfait des cannabino\u00efdes avec la cartouche de vaporisation Mango Kush de Dayday. Cette cartouche de 1,0 g de qualit\u00e9 sup\u00e9rieure contient plus de 95 % de cannabino\u00efdes dans un m\u00e9lange soigneusement \u00e9labor\u00e9 de 30 % de CBG, 50 % de CBD et 15 % de THC. Con\u00e7ue pour fonctionner toute la journ\u00e9e, cette formulation propre ne contient aucun agent de remplissage, de coupe ou d&rsquo;ingr\u00e9dients artificiels - juste de l&rsquo;extrait de cannabis pur am\u00e9lior\u00e9 avec plus de 15 terp\u00e8nes naturels de sativa pour une exp\u00e9rience \u00e9nergisante et concentr\u00e9e.  <\/p>\n<h4>Caract\u00e9ristiques principales<\/h4>\n<ul>\n<li>M\u00e9lange de cannabino\u00efdes de premi\u00e8re qualit\u00e9 : 30% CBG + 50% CBD + 15% THC pour des effets \u00e9quilibr\u00e9s<\/li>\n<li>100% d&rsquo;extrait de cannabis pur, sans agents de remplissage, de coupe ou d&rsquo;ingr\u00e9dients artificiels.<\/li>\n<li>Enrichi de plus de 15 terp\u00e8nes sativa naturels, dont le myrc\u00e8ne, l&rsquo;ocim\u00e8ne et le \u03b2-caryophyll\u00e8ne.<\/li>\n<li>Cartouche en c\u00e9ramique et en verre de haute qualit\u00e9 de 1,0 g avec fermeture \u00e9tanche<\/li>\n<li>Compatibilit\u00e9 avec le filetage standard 510 pour une utilisation universelle<\/li>\n<\/ul>\n<h4>Profil aromatique et terp\u00e9nique<\/h4>\n<p>D\u00e9bordant de la saveur tropicale du Mango Kush, cette vape offre des notes d&rsquo;agrumes vives suivies de subtiles nuances terreuses. L&rsquo;huile claire, jaune \u00e0 brun clair, pr\u00e9sente un profil terp\u00e9nique complexe domin\u00e9 par le myrc\u00e8ne, l&rsquo;humul\u00e8ne et le caryophyll\u00e8ne, cr\u00e9ant une exp\u00e9rience aromatique qui compl\u00e8te les effets stimulants. Ce m\u00e9lange \u00e0 base de sativa est sp\u00e9cifiquement formul\u00e9 pour soutenir la concentration et la fonctionnalit\u00e9 pendant la journ\u00e9e, tout en offrant potentiellement des avantages anti-inflammatoires.  <\/p>\n<h4>Pourquoi choisir les carts \u00e0 fils 510<\/h4>\n<p>Les cartouches \u00e0 filetage 510 offrent aux utilisateurs m\u00e9dicaux un dosage coh\u00e9rent et pr\u00e9cis avec un maximum de commodit\u00e9. Le filetage standardis\u00e9 assure la compatibilit\u00e9 avec la plupart des batteries de vapotage, tandis que l&rsquo;\u00e9l\u00e9ment chauffant en c\u00e9ramique pr\u00e9serve les terp\u00e8nes et les cannabino\u00efdes pour des effets th\u00e9rapeutiques optimaux. <\/p>\n<h4>Exp\u00e9dition dans tout le Canada<\/h4>\n<p>Mango Kush CBG+CBD+THC Vape est exp\u00e9di\u00e9 rapidement \u00e0 travers le Canada avec une livraison gratuite pour les commandes de plus de 150 $. Notre emballage discret assure votre confidentialit\u00e9 tout en pr\u00e9servant l&rsquo;int\u00e9grit\u00e9 du produit pendant le transport. <\/p>\n<h4>Avantages et couverture pour les anciens combattants<\/h4>\n<p>Ce produit est admissible \u00e0 la couverture d&rsquo;ACC (Anciens Combattants Canada) avec facturation directe par la Croix Bleue, ce qui signifie que les anciens combattants admissibles n&rsquo;ont pas \u00e0 d\u00e9bourser d&rsquo;argent. Vous n&rsquo;avez pas encore votre carte m\u00e9dicale ? Obtenez rapidement et facilement votre carte m\u00e9dicale gratuite sur <a href=\"https:\/\/mendomedical.ca\/fr\/carte-medicale\/\">https:\/\/mendomedical.ca\/medical-card\/<\/a>.<\/p>\n<\/div>\n","protected":false},"featured_media":147850,"comment_status":"closed","ping_status":"closed","template":"","meta":{"_acf_changed":false,"site-sidebar-layout":"default","site-content-layout":"","ast-site-content-layout":"default","site-content-style":"default","site-sidebar-style":"default","ast-global-header-display":"","ast-banner-title-visibility":"","ast-main-header-display":"","ast-hfb-above-header-display":"","ast-hfb-below-header-display":"","ast-hfb-mobile-header-display":"","site-post-title":"","ast-breadcrumbs-content":"","ast-featured-img":"","footer-sml-layout":"","ast-disable-related-posts":"","theme-transparent-header-meta":"default","adv-header-id-meta":"","stick-header-meta":"","header-above-stick-meta":"","header-main-stick-meta":"","header-below-stick-meta":"","astra-migrate-meta-layouts":"set","ast-page-background-enabled":"default","ast-page-background-meta":{"desktop":{"background-color":"var(--ast-global-color-4)","background-image":"","background-repeat":"repeat","background-position":"center center","background-size":"auto","background-attachment":"scroll","background-type":"","background-media":"","overlay-type":"","overlay-color":"","overlay-opacity":"","overlay-gradient":""},"tablet":{"background-color":"","background-image":"","background-repeat":"repeat","background-position":"center center","background-size":"auto","background-attachment":"scroll","background-type":"","background-media":"","overlay-type":"","overlay-color":"","overlay-opacity":"","overlay-gradient":""},"mobile":{"background-color":"","background-image":"","background-repeat":"repeat","background-position":"center center","background-size":"auto","background-attachment":"scroll","background-type":"","background-media":"","overlay-type":"","overlay-color":"","overlay-opacity":"","overlay-gradient":""}},"ast-content-background-meta":{"desktop":{"background-color":"var(--ast-global-color-5)","background-image":"","background-repeat":"repeat","background-position":"center center","background-size":"auto","background-attachment":"scroll","background-type":"","background-media":"","overlay-type":"","overlay-color":"","overlay-opacity":"","overlay-gradient":""},"tablet":{"background-color":"var(--ast-global-color-5)","background-image":"","background-repeat":"repeat","background-position":"center center","background-size":"auto","background-attachment":"scroll","background-type":"","background-media":"","overlay-type":"","overlay-color":"","overlay-opacity":"","overlay-gradient":""},"mobile":{"background-color":"var(--ast-global-color-5)","background-image":"","background-repeat":"repeat","background-position":"center center","background-size":"auto","background-attachment":"scroll","background-type":"","background-media":"","overlay-type":"","overlay-color":"","overlay-opacity":"","overlay-gradient":""}}},"product_brand":[],"product_cat":[2334,2333,1160,1162,1159],"product_tag":[4388],"product_format_filter":[],"class_list":{"0":"post-147841","1":"product","2":"type-product","3":"status-publish","4":"has-post-thumbnail","6":"product_cat-cannabinoides-mineurs","7":"product_cat-cbd","8":"product_cat-cart-fil-510","9":"product_cat-distillat","10":"product_cat-vapoteuses","11":"product_tag-dayday-fr","12":"pa_cbd-4382","13":"pa_cbg-4383","14":"pa_flavours-agrume","15":"pa_flavours-mango-kush","16":"pa_format-1g-2-fr","17":"pa_intensity-cbg-eleve","18":"pa_intensity-eleve-en-cbd","19":"pa_intensity-thc-moyen","20":"pa_marques-dayday-fr","21":"pa_origin-ontario-fr","22":"pa_thc-2072","23":"desktop-align-left","24":"tablet-align-left","25":"mobile-align-left","27":"first","28":"instock","29":"taxable","30":"shipping-taxable","31":"purchasable","32":"product-type-simple"},"group_of_quantity":0,"min_quantity":0,"max_quantity":"","exclude_order_quantity_value_rules":"no","exclude_category_quantity_rules":"no","combine_variations":"no","acf":[],"_links":{"self":[{"href":"https:\/\/mendomedical.ca\/fr\/wp-json\/wp\/v2\/product\/147841","targetHints":{"allow":["GET"]}}],"collection":[{"href":"https:\/\/mendomedical.ca\/fr\/wp-json\/wp\/v2\/product"}],"about":[{"href":"https:\/\/mendomedical.ca\/fr\/wp-json\/wp\/v2\/types\/product"}],"replies":[{"embeddable":true,"href":"https:\/\/mendomedical.ca\/fr\/wp-json\/wp\/v2\/comments?post=147841"}],"wp:featuredmedia":[{"embeddable":true,"href":"https:\/\/mendomedical.ca\/fr\/wp-json\/wp\/v2\/media\/147850"}],"wp:attachment":[{"href":"https:\/\/mendomedical.ca\/fr\/wp-json\/wp\/v2\/media?parent=147841"}],"wp:term":[{"taxonomy":"product_brand","embeddable":true,"href":"https:\/\/mendomedical.ca\/fr\/wp-json\/wp\/v2\/product_brand?post=147841"},{"taxonomy":"product_cat","embeddable":true,"href":"https:\/\/mendomedical.ca\/fr\/wp-json\/wp\/v2\/product_cat?post=147841"},{"taxonomy":"product_tag","embeddable":true,"href":"https:\/\/mendomedical.ca\/fr\/wp-json\/wp\/v2\/product_tag?post=147841"},{"taxonomy":"product_format_filter","embeddable":true,"href":"https:\/\/mendomedical.ca\/fr\/wp-json\/wp\/v2\/product_format_filter?post=147841"}],"curies":[{"name":"wp","href":"https:\/\/api.w.org\/{rel}","templated":true}]}}