{"id":147820,"date":"2024-08-02T09:49:07","date_gmt":"2024-08-02T13:49:07","guid":{"rendered":"https:\/\/mendomedical.ca\/?post_type=product&#038;p=147820"},"modified":"2026-04-16T15:37:41","modified_gmt":"2026-04-16T19:37:41","slug":"32-thccbg-groove-guava-mango-tango-2g-all-in-one-vape","status":"publish","type":"product","link":"https:\/\/mendomedical.ca\/fr\/produit\/32-thccbg-groove-guava-mango-tango-2g-all-in-one-vape\/","title":{"rendered":"3:2 THC:CBG Groove - Guava-Mango Tango 2g Vape tout-en-un"},"content":{"rendered":"","protected":false},"excerpt":{"rendered":"<div class=\"ExternalClassCEBB0459E10C41998E1CE4C155C14827\">\n<h3>TYTAN 3:2 THC:CBG Groove - Guava-Mango Tango 2g Vape tout-en-un<\/h3>\n<p>Faites l&rsquo;exp\u00e9rience d&rsquo;un \u00e9quilibre parfait entre relaxation et concentration avec la vape Groove 3:2 THC:CBG de TYTAN, qui pr\u00e9sente un profil de saveur exotique de smoothie tropical goyave-mangue. Cette vape premium tout-en-un combine des extraits triplement distill\u00e9s avec un ratio unique de cannabino\u00efdes de 47,5 % de THC, 32,5 % de CBG et 6 % de CBD, procurant un high complet qui peut aider \u00e0 promouvoir \u00e0 la fois la clart\u00e9 mentale et la relaxation physique. Log\u00e9e dans un dispositif jetable Greentank de 2 g pratique avec chargement USB-C, cette vape offre des tirages r\u00e9guliers et doux de la premi\u00e8re \u00e0 la derni\u00e8re bouff\u00e9e.  <\/p>\n<h4>Caract\u00e9ristiques principales<\/h4>\n<ul>\n<li>Rapport unique 3:2 THC:CBG avec 47,5 % de THC, 32,5 % de CBG et 6 % de CBD pour des effets \u00e9quilibr\u00e9s.<\/li>\n<li>Extraits triplement distill\u00e9s garantissant une puret\u00e9 et une puissance exceptionnelles.<\/li>\n<li>Dispositif Greentank Premium avec m\u00e8che en c\u00e9ramique et \u00e9l\u00e9ment chauffant en fil de kanthal<\/li>\n<li>Format 2g pratique avec port de charge USB-C pour une utilisation prolong\u00e9e.<\/li>\n<li>Enrichi en terp\u00e8nes botaniques, dont le myrc\u00e8ne, le d-limon\u00e8ne et le b\u00eata-caryophyll\u00e8ne.<\/li>\n<\/ul>\n<h4>Profil aromatique et terp\u00e9nique<\/h4>\n<p>Cette vape offre une exp\u00e9rience tropicale authentique avec sa combinaison d&rsquo;ar\u00f4mes de smoothie goyave-mangue. Le liquide clair \u00e0 l\u00e9g\u00e8rement ambr\u00e9 offre un ar\u00f4me prononc\u00e9 de mangue et de goyave qui se traduit magnifiquement dans chaque tirage. Le profil terp\u00e9nique comprend du myrc\u00e8ne, du d-limon\u00e8ne et du b\u00eata-caryophyll\u00e8ne, qui agissent en synergie avec les cannabino\u00efdes pour cr\u00e9er des effets qui peuvent favoriser la relaxation, la concentration et un body-high apaisant.  <\/p>\n<h4>Pourquoi choisir All-in-One Vapes<\/h4>\n<p>Les vapes tout-en-un offrent aux patients qui consomment du cannabis m\u00e9dical le summum de la commodit\u00e9 et de la discr\u00e9tion. Pr\u00e9-remplies et pr\u00eates \u00e0 l&#8217;emploi, elles \u00e9liminent le besoin d&rsquo;\u00e9quipement suppl\u00e9mentaire tout en offrant un dosage pr\u00e9cis et des effets constants qui peuvent aider \u00e0 g\u00e9rer divers sympt\u00f4mes tout au long de la journ\u00e9e. <\/p>\n<h4>Exp\u00e9dition dans tout le Canada<\/h4>\n<p>Obtenez votre TYTAN 3:2 THC:CBG Groove vape livr\u00e9 rapidement \u00e0 travers le Canada. Nous offrons une livraison rapide et fiable dans tout le pays, avec une livraison gratuite pour les commandes de plus de 150 $. <\/p>\n<h4>Avantages et couverture pour les anciens combattants<\/h4>\n<p>Ce produit est admissible \u00e0 la couverture d&rsquo;ACC (Anciens Combattants Canada) avec facturation directe par l&rsquo;entremise de la Croix Bleue, ce qui signifie que les anciens combattants admissibles n&rsquo;ont pas \u00e0 d\u00e9bourser d&rsquo;argent. Si vous n&rsquo;avez pas encore votre carte de cannabis m\u00e9dical, <a href=\"https:\/\/mendomedical.ca\/fr\/carte-medicale\/\">obtenez votre carte m\u00e9dicale gratuite rapidement et facilement<\/a> pour acc\u00e9der \u00e0 ces avantages. <\/p>\n<\/div>\n","protected":false},"featured_media":147828,"comment_status":"closed","ping_status":"closed","template":"","meta":{"_acf_changed":false,"site-sidebar-layout":"default","site-content-layout":"","ast-site-content-layout":"default","site-content-style":"default","site-sidebar-style":"default","ast-global-header-display":"","ast-banner-title-visibility":"","ast-main-header-display":"","ast-hfb-above-header-display":"","ast-hfb-below-header-display":"","ast-hfb-mobile-header-display":"","site-post-title":"","ast-breadcrumbs-content":"","ast-featured-img":"","footer-sml-layout":"","ast-disable-related-posts":"","theme-transparent-header-meta":"default","adv-header-id-meta":"","stick-header-meta":"","header-above-stick-meta":"","header-main-stick-meta":"","header-below-stick-meta":"","astra-migrate-meta-layouts":"set","ast-page-background-enabled":"default","ast-page-background-meta":{"desktop":{"background-color":"var(--ast-global-color-4)","background-image":"","background-repeat":"repeat","background-position":"center center","background-size":"auto","background-attachment":"scroll","background-type":"","background-media":"","overlay-type":"","overlay-color":"","overlay-opacity":"","overlay-gradient":""},"tablet":{"background-color":"","background-image":"","background-repeat":"repeat","background-position":"center center","background-size":"auto","background-attachment":"scroll","background-type":"","background-media":"","overlay-type":"","overlay-color":"","overlay-opacity":"","overlay-gradient":""},"mobile":{"background-color":"","background-image":"","background-repeat":"repeat","background-position":"center center","background-size":"auto","background-attachment":"scroll","background-type":"","background-media":"","overlay-type":"","overlay-color":"","overlay-opacity":"","overlay-gradient":""}},"ast-content-background-meta":{"desktop":{"background-color":"var(--ast-global-color-5)","background-image":"","background-repeat":"repeat","background-position":"center center","background-size":"auto","background-attachment":"scroll","background-type":"","background-media":"","overlay-type":"","overlay-color":"","overlay-opacity":"","overlay-gradient":""},"tablet":{"background-color":"var(--ast-global-color-5)","background-image":"","background-repeat":"repeat","background-position":"center center","background-size":"auto","background-attachment":"scroll","background-type":"","background-media":"","overlay-type":"","overlay-color":"","overlay-opacity":"","overlay-gradient":""},"mobile":{"background-color":"var(--ast-global-color-5)","background-image":"","background-repeat":"repeat","background-position":"center center","background-size":"auto","background-attachment":"scroll","background-type":"","background-media":"","overlay-type":"","overlay-color":"","overlay-opacity":"","overlay-gradient":""}}},"product_brand":[],"product_cat":[2334,2333,1162,1159,1161],"product_tag":[4347],"product_format_filter":[],"class_list":{"0":"post-147820","1":"product","2":"type-product","3":"status-publish","4":"has-post-thumbnail","6":"product_cat-cannabinoides-mineurs","7":"product_cat-cbd","8":"product_cat-distillat","9":"product_cat-vapoteuses","10":"product_cat-tout-en-un","11":"product_tag-tytan-fr","12":"pa_cbd-6-fr","13":"pa_cbg-32-5-fr","14":"pa_flavours-goyave","15":"pa_flavours-mango-fr","16":"pa_flavours-smoothie-tropical","17":"pa_format-2g-fr","18":"pa_intensity-cbg-eleve","19":"pa_intensity-thc-eleve","20":"pa_intensity-faible-cbd","21":"pa_marques-tytan-fr","22":"pa_origin-ontario-fr","23":"pa_thc-47-5","24":"desktop-align-left","25":"tablet-align-left","26":"mobile-align-left","28":"first","29":"instock","30":"taxable","31":"shipping-taxable","32":"purchasable","33":"product-type-simple"},"group_of_quantity":0,"min_quantity":0,"max_quantity":"","exclude_order_quantity_value_rules":"no","exclude_category_quantity_rules":"no","combine_variations":"no","acf":[],"_links":{"self":[{"href":"https:\/\/mendomedical.ca\/fr\/wp-json\/wp\/v2\/product\/147820","targetHints":{"allow":["GET"]}}],"collection":[{"href":"https:\/\/mendomedical.ca\/fr\/wp-json\/wp\/v2\/product"}],"about":[{"href":"https:\/\/mendomedical.ca\/fr\/wp-json\/wp\/v2\/types\/product"}],"replies":[{"embeddable":true,"href":"https:\/\/mendomedical.ca\/fr\/wp-json\/wp\/v2\/comments?post=147820"}],"wp:featuredmedia":[{"embeddable":true,"href":"https:\/\/mendomedical.ca\/fr\/wp-json\/wp\/v2\/media\/147828"}],"wp:attachment":[{"href":"https:\/\/mendomedical.ca\/fr\/wp-json\/wp\/v2\/media?parent=147820"}],"wp:term":[{"taxonomy":"product_brand","embeddable":true,"href":"https:\/\/mendomedical.ca\/fr\/wp-json\/wp\/v2\/product_brand?post=147820"},{"taxonomy":"product_cat","embeddable":true,"href":"https:\/\/mendomedical.ca\/fr\/wp-json\/wp\/v2\/product_cat?post=147820"},{"taxonomy":"product_tag","embeddable":true,"href":"https:\/\/mendomedical.ca\/fr\/wp-json\/wp\/v2\/product_tag?post=147820"},{"taxonomy":"product_format_filter","embeddable":true,"href":"https:\/\/mendomedical.ca\/fr\/wp-json\/wp\/v2\/product_format_filter?post=147820"}],"curies":[{"name":"wp","href":"https:\/\/api.w.org\/{rel}","templated":true}]}}