{"id":147792,"date":"2023-06-01T10:30:24","date_gmt":"2023-06-01T14:30:24","guid":{"rendered":"https:\/\/mendomedical.ca\/?post_type=product&#038;p=147792"},"modified":"2026-04-10T17:46:05","modified_gmt":"2026-04-10T21:46:05","slug":"cbd-caps-50","status":"publish","type":"product","link":"https:\/\/mendomedical.ca\/fr\/produit\/cbd-caps-50\/","title":{"rendered":"Capsules CBD 50"},"content":{"rendered":"","protected":false},"excerpt":{"rendered":"<div class=\"ExternalClass043F6A0205AC41EF81EB43953D2651F6\">\n<h3>CBD Caps 50 de Frank CBD<\/h3>\n<p>Faites l&rsquo;exp\u00e9rience de la commodit\u00e9 et de la pr\u00e9cision des g\u00e9lules de CBD \u00e0 haute concentration de Haut en CBD. Chaque capsule facile \u00e0 avaler d\u00e9livre une dose puissante de 50 mg d&rsquo;extrait de CBD pur dans de l&rsquo;huile MCT, ce qui constitue une solution sans THC pour ceux qui recherchent une suppl\u00e9mentation en CBD coh\u00e9rente et fiable. Avec 30 g\u00e9lules par pot, vous recevez un total de 1 500 mg de CBD de qualit\u00e9 test\u00e9e, con\u00e7u pour soutenir votre voyage vers le bien-\u00eatre.  <\/p>\n<h4>Caract\u00e9ristiques principales<\/h4>\n<ul>\n<li>Concentration ultra-\u00e9lev\u00e9e : 50 mg de CBD par g\u00e9lule pour une efficacit\u00e9 maximale.<\/li>\n<li>Formule sans THC soumise \u00e0 un contr\u00f4le de qualit\u00e9 rigoureux<\/li>\n<li>Capsules faciles \u00e0 avaler contenant de l&rsquo;extrait de CBD dans une base d&rsquo;huile MCT<\/li>\n<li>30 g\u00e9lules par pot fournissant 1 500 mg de CBD au total<\/li>\n<li>Formulation claire et pure allant d&rsquo;un liquide incolore \u00e0 un liquide jaune clair ou ros\u00e9<\/li>\n<\/ul>\n<h4>Profil et effets des cannabino\u00efdes<\/h4>\n<p>Chaque g\u00e9lule contient pr\u00e9cis\u00e9ment 50 mg de CBD, ce qui permet un dosage r\u00e9gulier pour votre routine quotidienne. Les utilisateurs rapportent que le CBD peut aider \u00e0 r\u00e9duire l&rsquo;inflammation et la douleur tout en favorisant la relaxation et le calme. Le support d&rsquo;huile MCT am\u00e9liore l&rsquo;absorption, assurant une biodisponibilit\u00e9 optimale de l&rsquo;extrait de CBD.  <\/p>\n<h4>Pourquoi choisir les capsules de CBD<\/h4>\n<p>Les capsules de CBD offrent aux utilisateurs m\u00e9dicaux un dosage pr\u00e9cis et coh\u00e9rent, sans qu&rsquo;il soit n\u00e9cessaire de les mesurer ou de les pr\u00e9parer. Elles sont discr\u00e8tes, portables et constituent une alternative insipide aux huiles ou aux teintures, ce qui les rend id\u00e9ales pour maintenir votre routine de bien-\u00eatre n&rsquo;importe o\u00f9. <\/p>\n<h4>Exp\u00e9dition dans tout le Canada<\/h4>\n<p>CBD Caps 50 est exp\u00e9di\u00e9 rapidement \u00e0 travers le Canada avec une livraison gratuite pour les commandes de plus de 150 $. Faites-vous livrer vos capsules de CBD de haute qualit\u00e9 directement \u00e0 votre porte gr\u00e2ce \u00e0 notre service fiable \u00e0 l&rsquo;\u00e9chelle nationale. <\/p>\n<h4>Avantages et couverture pour les anciens combattants<\/h4>\n<p>CBD Caps 50 est admissible \u00e0 la couverture d&rsquo;ACC (Anciens Combattants Canada) avec facturation directe par l&rsquo;entremise de la Croix Bleue, ce qui signifie que les anciens combattants admissibles n&rsquo;ont pas \u00e0 d\u00e9bourser d&rsquo;argent. Si vous n&rsquo;avez pas encore votre carte m\u00e9dicale, <a href=\"https:\/\/mendomedical.ca\/fr\/carte-medicale\/\">obtenez-la rapidement et facilement<\/a> pour avoir acc\u00e8s \u00e0 ces avantages. <\/p>\n<div>\n<p>&nbsp;<\/p>\n<p><b>Ingr\u00e9dients<\/b><br \/>\nMCT, g\u00e9latine, eau, glyc\u00e9rine, extrait de cannabis<\/p>\n<\/div>\n<\/div>\n","protected":false},"featured_media":147794,"comment_status":"closed","ping_status":"closed","template":"","meta":{"_acf_changed":false,"site-sidebar-layout":"default","site-content-layout":"","ast-site-content-layout":"default","site-content-style":"default","site-sidebar-style":"default","ast-global-header-display":"","ast-banner-title-visibility":"","ast-main-header-display":"","ast-hfb-above-header-display":"","ast-hfb-below-header-display":"","ast-hfb-mobile-header-display":"","site-post-title":"","ast-breadcrumbs-content":"","ast-featured-img":"","footer-sml-layout":"","ast-disable-related-posts":"","theme-transparent-header-meta":"default","adv-header-id-meta":"","stick-header-meta":"","header-above-stick-meta":"","header-main-stick-meta":"","header-below-stick-meta":"","astra-migrate-meta-layouts":"set","ast-page-background-enabled":"default","ast-page-background-meta":{"desktop":{"background-color":"var(--ast-global-color-4)","background-image":"","background-repeat":"repeat","background-position":"center center","background-size":"auto","background-attachment":"scroll","background-type":"","background-media":"","overlay-type":"","overlay-color":"","overlay-opacity":"","overlay-gradient":""},"tablet":{"background-color":"","background-image":"","background-repeat":"repeat","background-position":"center center","background-size":"auto","background-attachment":"scroll","background-type":"","background-media":"","overlay-type":"","overlay-color":"","overlay-opacity":"","overlay-gradient":""},"mobile":{"background-color":"","background-image":"","background-repeat":"repeat","background-position":"center center","background-size":"auto","background-attachment":"scroll","background-type":"","background-media":"","overlay-type":"","overlay-color":"","overlay-opacity":"","overlay-gradient":""}},"ast-content-background-meta":{"desktop":{"background-color":"var(--ast-global-color-5)","background-image":"","background-repeat":"repeat","background-position":"center center","background-size":"auto","background-attachment":"scroll","background-type":"","background-media":"","overlay-type":"","overlay-color":"","overlay-opacity":"","overlay-gradient":""},"tablet":{"background-color":"var(--ast-global-color-5)","background-image":"","background-repeat":"repeat","background-position":"center center","background-size":"auto","background-attachment":"scroll","background-type":"","background-media":"","overlay-type":"","overlay-color":"","overlay-opacity":"","overlay-gradient":""},"mobile":{"background-color":"var(--ast-global-color-5)","background-image":"","background-repeat":"repeat","background-position":"center center","background-size":"auto","background-attachment":"scroll","background-type":"","background-media":"","overlay-type":"","overlay-color":"","overlay-opacity":"","overlay-gradient":""}}},"product_brand":[],"product_cat":[1115,3853,1114],"product_tag":[4356],"product_format_filter":[],"class_list":{"0":"post-147792","1":"product","2":"type-product","3":"status-publish","4":"has-post-thumbnail","6":"product_cat-gelules-fr","7":"product_cat-cbd-minors-5-fr","8":"product_cat-gelules","9":"product_tag-frank-cbd-fr","10":"pa_cbd-1500mg-total","11":"pa_format-30-units-fr","12":"pa_intensity-eleve-en-cbd","13":"pa_marques-frank-cbd-fr","14":"pa_origin-ontario-fr","15":"desktop-align-left","16":"tablet-align-left","17":"mobile-align-left","19":"first","20":"instock","21":"taxable","22":"shipping-taxable","23":"purchasable","24":"product-type-simple"},"group_of_quantity":0,"min_quantity":0,"max_quantity":"","exclude_order_quantity_value_rules":"no","exclude_category_quantity_rules":"no","combine_variations":"no","acf":[],"_links":{"self":[{"href":"https:\/\/mendomedical.ca\/fr\/wp-json\/wp\/v2\/product\/147792","targetHints":{"allow":["GET"]}}],"collection":[{"href":"https:\/\/mendomedical.ca\/fr\/wp-json\/wp\/v2\/product"}],"about":[{"href":"https:\/\/mendomedical.ca\/fr\/wp-json\/wp\/v2\/types\/product"}],"replies":[{"embeddable":true,"href":"https:\/\/mendomedical.ca\/fr\/wp-json\/wp\/v2\/comments?post=147792"}],"wp:featuredmedia":[{"embeddable":true,"href":"https:\/\/mendomedical.ca\/fr\/wp-json\/wp\/v2\/media\/147794"}],"wp:attachment":[{"href":"https:\/\/mendomedical.ca\/fr\/wp-json\/wp\/v2\/media?parent=147792"}],"wp:term":[{"taxonomy":"product_brand","embeddable":true,"href":"https:\/\/mendomedical.ca\/fr\/wp-json\/wp\/v2\/product_brand?post=147792"},{"taxonomy":"product_cat","embeddable":true,"href":"https:\/\/mendomedical.ca\/fr\/wp-json\/wp\/v2\/product_cat?post=147792"},{"taxonomy":"product_tag","embeddable":true,"href":"https:\/\/mendomedical.ca\/fr\/wp-json\/wp\/v2\/product_tag?post=147792"},{"taxonomy":"product_format_filter","embeddable":true,"href":"https:\/\/mendomedical.ca\/fr\/wp-json\/wp\/v2\/product_format_filter?post=147792"}],"curies":[{"name":"wp","href":"https:\/\/api.w.org\/{rel}","templated":true}]}}