{"id":147764,"date":"2023-08-01T10:52:20","date_gmt":"2023-08-01T14:52:20","guid":{"rendered":"https:\/\/mendomedical.ca\/?post_type=product&#038;p=147764"},"modified":"2026-03-16T08:25:14","modified_gmt":"2026-03-16T12:25:14","slug":"cbd-oil-1005","status":"publish","type":"product","link":"https:\/\/mendomedical.ca\/fr\/produit\/cbd-oil-1005\/","title":{"rendered":"Huile de CBD 100:5"},"content":{"rendered":"","protected":false},"excerpt":{"rendered":"<div class=\"ExternalClassBFFD4C7E4F774B6BACB554FAE1689ED1\">\n<h3>Huile CBD 100:5 par Frank CBD<\/h3>\n<p>D\u00e9couvrez le potentiel th\u00e9rapeutique de l&rsquo;huile de CBD 100:5 de Frank CBD, une teinture de qualit\u00e9 sup\u00e9rieure \u00e0 base d&rsquo;huile MCT d\u00e9livrant un taux exceptionnel de 100 mg\/g de CBD combin\u00e9 \u00e0 5 mg\/g de THC. Cette huile soigneusement formul\u00e9e fournit 3000 mg de CBD et 150 mg de THC par bouteille, offrant aux patients du cannabis m\u00e9dical une option puissante pour leur routine de bien-\u00eatre. Test\u00e9 sous contr\u00f4le de qualit\u00e9 pour garantir la s\u00e9curit\u00e9, la qualit\u00e9 et la coh\u00e9rence, ce liquide clair \u00e0 jaune p\u00e2le repr\u00e9sente l&rsquo;engagement de Frank CBD \u00e0 rendre les produits CBD de qualit\u00e9 sup\u00e9rieure accessibles sans se ruiner.  <\/p>\n<h4>Caract\u00e9ristiques principales<\/h4>\n<ul>\n<li>Formule tr\u00e8s puissante : 100 mg\/g de CBD + 5 mg\/g de THC (3000 mg de CBD + 150 mg de THC par bouteille)<\/li>\n<li>Base d&rsquo;huile MCT de premi\u00e8re qualit\u00e9 pour une absorption et une biodisponibilit\u00e9 optimales<\/li>\n<li>Des tests rigoureux de contr\u00f4le de la qualit\u00e9 garantissent la s\u00e9curit\u00e9, la qualit\u00e9 et la coh\u00e9rence.<\/li>\n<li>Peut contribuer \u00e0 r\u00e9duire l&rsquo;inflammation et la douleur tout en favorisant la relaxation et le calme.<\/li>\n<li>Liquide clair, incolore \u00e0 jaune clair ou ros\u00e9 clair<\/li>\n<\/ul>\n<h4>Profil des cannabino\u00efdes<\/h4>\n<p>Cette huile \u00e0 haute puissance contient 3000 mg de CBD par bouteille aux c\u00f4t\u00e9s de 150 mg de THC, cr\u00e9ant ainsi un ratio \u00e9quilibr\u00e9 de 20:1. La combinaison de ces cannabino\u00efdes peut agir en synergie pour soutenir la gestion de la douleur, r\u00e9duire l&rsquo;inflammation et promouvoir un sentiment de calme et de relaxation. Le support de l&rsquo;huile MCT assure une distribution et une absorption efficaces de ces compos\u00e9s b\u00e9n\u00e9fiques.  <\/p>\n<h4>Pourquoi choisir les huiles et teintures de CBD ?<\/h4>\n<p>Les huiles et les teintures de CBD offrent aux patients de cannabis m\u00e9dical un contr\u00f4le pr\u00e9cis du dosage et une apparition rapide des effets lorsqu&rsquo;elles sont administr\u00e9es par voie sublinguale. Cette m\u00e9thode d&rsquo;administration permet un titrage facile pour trouver votre dose optimale tout en offrant une flexibilit\u00e9 dans la fa\u00e7on dont vous int\u00e9grez le CBD dans votre routine quotidienne de bien-\u00eatre. <\/p>\n<h4>Exp\u00e9dition dans tout le Canada<\/h4>\n<p>L&rsquo;huile de CBD 100:5 est exp\u00e9di\u00e9e rapidement \u00e0 travers le Canada, ce qui vous assure de recevoir votre m\u00e9dicament dans les plus brefs d\u00e9lais. Nous offrons la livraison gratuite pour toutes les commandes de plus de 150 $, ce qui vous permet de maintenir votre routine de bien-\u00eatre sans interruption. <\/p>\n<h4>Avantages et couverture pour les anciens combattants<\/h4>\n<p>L&rsquo;huile de CBD 100:5 est admissible \u00e0 la couverture d&rsquo;ACC (Anciens Combattants Canada) et \u00e0 la facturation directe par l&rsquo;entremise de la Croix Bleue, ce qui signifie que les anciens combattants admissibles n&rsquo;ont pas \u00e0 d\u00e9bourser d&rsquo;argent. Si vous n&rsquo;avez pas encore de carte m\u00e9dicale, vous pouvez l&rsquo;obtenir rapidement et facilement sur le site <a href=\"https:\/\/mendomedical.ca\/fr\/carte-medicale\/\">https:\/\/mendomedical.ca\/medical-card\/.<\/a> <\/p>\n<div><b>Ingr\u00e9dients<\/b><br \/>\nMCT, extrait de cannabis<\/div>\n<\/div>\n","protected":false},"featured_media":147766,"comment_status":"closed","ping_status":"closed","template":"","meta":{"_acf_changed":false,"site-sidebar-layout":"default","site-content-layout":"","ast-site-content-layout":"default","site-content-style":"default","site-sidebar-style":"default","ast-global-header-display":"","ast-banner-title-visibility":"","ast-main-header-display":"","ast-hfb-above-header-display":"","ast-hfb-below-header-display":"","ast-hfb-mobile-header-display":"","site-post-title":"","ast-breadcrumbs-content":"","ast-featured-img":"","footer-sml-layout":"","ast-disable-related-posts":"","theme-transparent-header-meta":"default","adv-header-id-meta":"","stick-header-meta":"","header-above-stick-meta":"","header-main-stick-meta":"","header-below-stick-meta":"","astra-migrate-meta-layouts":"set","ast-page-background-enabled":"default","ast-page-background-meta":{"desktop":{"background-color":"var(--ast-global-color-4)","background-image":"","background-repeat":"repeat","background-position":"center center","background-size":"auto","background-attachment":"scroll","background-type":"","background-media":"","overlay-type":"","overlay-color":"","overlay-opacity":"","overlay-gradient":""},"tablet":{"background-color":"","background-image":"","background-repeat":"repeat","background-position":"center center","background-size":"auto","background-attachment":"scroll","background-type":"","background-media":"","overlay-type":"","overlay-color":"","overlay-opacity":"","overlay-gradient":""},"mobile":{"background-color":"","background-image":"","background-repeat":"repeat","background-position":"center center","background-size":"auto","background-attachment":"scroll","background-type":"","background-media":"","overlay-type":"","overlay-color":"","overlay-opacity":"","overlay-gradient":""}},"ast-content-background-meta":{"desktop":{"background-color":"var(--ast-global-color-5)","background-image":"","background-repeat":"repeat","background-position":"center center","background-size":"auto","background-attachment":"scroll","background-type":"","background-media":"","overlay-type":"","overlay-color":"","overlay-opacity":"","overlay-gradient":""},"tablet":{"background-color":"var(--ast-global-color-5)","background-image":"","background-repeat":"repeat","background-position":"center center","background-size":"auto","background-attachment":"scroll","background-type":"","background-media":"","overlay-type":"","overlay-color":"","overlay-opacity":"","overlay-gradient":""},"mobile":{"background-color":"var(--ast-global-color-5)","background-image":"","background-repeat":"repeat","background-position":"center center","background-size":"auto","background-attachment":"scroll","background-type":"","background-media":"","overlay-type":"","overlay-color":"","overlay-opacity":"","overlay-gradient":""}}},"product_brand":[],"product_cat":[3837,1143],"product_tag":[4356],"product_format_filter":[],"class_list":{"0":"post-147764","1":"product","2":"type-product","3":"status-publish","4":"has-post-thumbnail","6":"product_cat-cbd-minors-4-fr","7":"product_cat-huiles-et-teintures","8":"product_tag-frank-cbd-fr","9":"pa_cbd-100mg-ml-fr","10":"pa_format-30ml-fr","11":"pa_marques-frank-cbd-fr","12":"pa_origin-ontario-fr","13":"pa_thc-5mg-ml-fr","14":"desktop-align-left","15":"tablet-align-left","16":"mobile-align-left","18":"first","19":"instock","20":"taxable","21":"shipping-taxable","22":"purchasable","23":"product-type-simple"},"group_of_quantity":0,"min_quantity":0,"max_quantity":"","exclude_order_quantity_value_rules":"no","exclude_category_quantity_rules":"no","combine_variations":"no","acf":[],"_links":{"self":[{"href":"https:\/\/mendomedical.ca\/fr\/wp-json\/wp\/v2\/product\/147764","targetHints":{"allow":["GET"]}}],"collection":[{"href":"https:\/\/mendomedical.ca\/fr\/wp-json\/wp\/v2\/product"}],"about":[{"href":"https:\/\/mendomedical.ca\/fr\/wp-json\/wp\/v2\/types\/product"}],"replies":[{"embeddable":true,"href":"https:\/\/mendomedical.ca\/fr\/wp-json\/wp\/v2\/comments?post=147764"}],"wp:featuredmedia":[{"embeddable":true,"href":"https:\/\/mendomedical.ca\/fr\/wp-json\/wp\/v2\/media\/147766"}],"wp:attachment":[{"href":"https:\/\/mendomedical.ca\/fr\/wp-json\/wp\/v2\/media?parent=147764"}],"wp:term":[{"taxonomy":"product_brand","embeddable":true,"href":"https:\/\/mendomedical.ca\/fr\/wp-json\/wp\/v2\/product_brand?post=147764"},{"taxonomy":"product_cat","embeddable":true,"href":"https:\/\/mendomedical.ca\/fr\/wp-json\/wp\/v2\/product_cat?post=147764"},{"taxonomy":"product_tag","embeddable":true,"href":"https:\/\/mendomedical.ca\/fr\/wp-json\/wp\/v2\/product_tag?post=147764"},{"taxonomy":"product_format_filter","embeddable":true,"href":"https:\/\/mendomedical.ca\/fr\/wp-json\/wp\/v2\/product_format_filter?post=147764"}],"curies":[{"name":"wp","href":"https:\/\/api.w.org\/{rel}","templated":true}]}}