{"id":147747,"date":"2023-08-01T11:00:42","date_gmt":"2023-08-01T15:00:42","guid":{"rendered":"https:\/\/mendomedical.ca\/?post_type=product&#038;p=147747"},"modified":"2026-04-15T20:23:35","modified_gmt":"2026-04-16T00:23:35","slug":"21-thccbn-drops-grape","status":"publish","type":"product","link":"https:\/\/mendomedical.ca\/fr\/produit\/21-thccbn-drops-grape\/","title":{"rendered":"2:1 THC:CBN Gouttes - Raisin"},"content":{"rendered":"","protected":false},"excerpt":{"rendered":"<div class=\"ExternalClass22A779608FCD49CC87358BD4A0E9DBCB\">\n<h3>2:1 THC:CBN Drops - Grape by TYTAN<\/h3>\n<p>Faites l&rsquo;exp\u00e9rience d&rsquo;un \u00e9quilibre parfait entre relaxation et tranquillit\u00e9 avec les gouttes 2:1 THC:CBN de TYTAN au go\u00fbt de raisin. Ces gouttes d&rsquo;huile de cannabis de qualit\u00e9 sup\u00e9rieure combinent 900 mg de THC et 450 mg de CBN pour cr\u00e9er une formule puissante con\u00e7ue pour une utilisation en soir\u00e9e. Chaque flacon contient 30 doses pr\u00e9cises d\u00e9livr\u00e9es par une seringue doseuse, offrant 30mg de THC et 15mg de CBN par portion de 1ml. Fabriqu\u00e9es \u00e0 partir d&rsquo;un distillat de THC et d&rsquo;un isolat de CBN de grande puret\u00e9, ces gouttes sont suspendues dans de l&rsquo;huile MCT de premi\u00e8re qualit\u00e9 et rehauss\u00e9es d&rsquo;un ar\u00f4me naturel de raisin et de terp\u00e8nes botaniques soigneusement s\u00e9lectionn\u00e9s.   <\/p>\n<h4>Caract\u00e9ristiques principales<\/h4>\n<ul>\n<li>Formule puissante au ratio 2:1 avec 900mg de THC et 450mg de CBN par bouteille<\/li>\n<li>Dosage pr\u00e9cis avec la seringue doseuse incluse - 30mg THC + 15mg CBN par 1ml<\/li>\n<li>Base d&rsquo;huile MCT de premi\u00e8re qualit\u00e9 pour une absorption et une efficacit\u00e9 optimales<\/li>\n<li>Ar\u00f4me naturel de raisin avec des terp\u00e8nes botaniques relaxants, dont le linalol, le myrc\u00e8ne et le limon\u00e8ne.<\/li>\n<li>Liquide clair, de qualit\u00e9 pharmaceutique, de couleur jaune clair \u00e0 ros\u00e2tre<\/li>\n<\/ul>\n<h4>Profil aromatique et terp\u00e9nique<\/h4>\n<p>Ces gouttes offrent un ar\u00f4me et une saveur de raisin authentiques qui rendent la consommation agr\u00e9able. Le profil terp\u00e9nique comprend du linalol, du myrc\u00e8ne et du limon\u00e8ne, des compos\u00e9s connus pour leurs propri\u00e9t\u00e9s calmantes et relaxantes. Cette combinaison cr\u00e9e une exp\u00e9rience c\u00e9r\u00e9brale et euphorique qui peut aider \u00e0 promouvoir une relaxation profonde et un sommeil r\u00e9parateur. L&rsquo;aspect liquide clair \u00e0 jaune clair indique la grande puret\u00e9 des extraits de cannabino\u00efdes utilis\u00e9s.   <\/p>\n<h4>Pourquoi choisir les huiles et teintures de cannabis ?<\/h4>\n<p>Les huiles et les teintures de cannabis offrent aux utilisateurs m\u00e9dicaux un contr\u00f4le pr\u00e9cis du dosage et des effets plus durables que les autres m\u00e9thodes de consommation. L&rsquo;administration sublinguale permet d&rsquo;obtenir un effet plus rapide que les edibles, tout en procurant un soulagement durable qui peut favoriser le sommeil et la relaxation. <\/p>\n<h4>Exp\u00e9dition dans tout le Canada<\/h4>\n<p>Nous exp\u00e9dions 2:1 THC:CBN Drops - Grape rapidement \u00e0 travers le Canada avec une livraison gratuite pour les commandes de plus de 150 $. Votre commande sera emball\u00e9e discr\u00e8tement et livr\u00e9e directement \u00e0 votre porte par l&rsquo;entremise de nos partenaires d&rsquo;exp\u00e9dition fiables. <\/p>\n<h4>Avantages et couverture pour les anciens combattants<\/h4>\n<p>2:1 THC:CBN Drops - Grape est admissible \u00e0 la couverture d&rsquo;Anciens Combattants Canada (ACC) avec facturation directe par la Croix Bleue, ce qui signifie que les anciens combattants admissibles n&rsquo;ont pas \u00e0 d\u00e9bourser d&rsquo;argent. Si vous n&rsquo;avez pas encore votre ordonnance de cannabis m\u00e9dical, vous pouvez <a href=\"https:\/\/mendomedical.ca\/fr\/carte-medicale\/\">obtenir votre carte m\u00e9dicale gratuite rapidement et facilement<\/a> gr\u00e2ce \u00e0 notre processus simplifi\u00e9.<\/p>\n<div style=\"14px;14px\"><span><b>Ingr\u00e9dients<\/b><br \/><\/span><span>MCT, extrait de cannabis, agents aromatiques<\/span><\/div>\n<\/div>\n","protected":false},"featured_media":147749,"comment_status":"closed","ping_status":"closed","template":"","meta":{"_acf_changed":false,"site-sidebar-layout":"default","site-content-layout":"","ast-site-content-layout":"default","site-content-style":"default","site-sidebar-style":"default","ast-global-header-display":"","ast-banner-title-visibility":"","ast-main-header-display":"","ast-hfb-above-header-display":"","ast-hfb-below-header-display":"","ast-hfb-mobile-header-display":"","site-post-title":"","ast-breadcrumbs-content":"","ast-featured-img":"","footer-sml-layout":"","ast-disable-related-posts":"","theme-transparent-header-meta":"default","adv-header-id-meta":"","stick-header-meta":"","header-above-stick-meta":"","header-main-stick-meta":"","header-below-stick-meta":"","astra-migrate-meta-layouts":"set","ast-page-background-enabled":"default","ast-page-background-meta":{"desktop":{"background-color":"var(--ast-global-color-4)","background-image":"","background-repeat":"repeat","background-position":"center center","background-size":"auto","background-attachment":"scroll","background-type":"","background-media":"","overlay-type":"","overlay-color":"","overlay-opacity":"","overlay-gradient":""},"tablet":{"background-color":"","background-image":"","background-repeat":"repeat","background-position":"center center","background-size":"auto","background-attachment":"scroll","background-type":"","background-media":"","overlay-type":"","overlay-color":"","overlay-opacity":"","overlay-gradient":""},"mobile":{"background-color":"","background-image":"","background-repeat":"repeat","background-position":"center center","background-size":"auto","background-attachment":"scroll","background-type":"","background-media":"","overlay-type":"","overlay-color":"","overlay-opacity":"","overlay-gradient":""}},"ast-content-background-meta":{"desktop":{"background-color":"var(--ast-global-color-5)","background-image":"","background-repeat":"repeat","background-position":"center center","background-size":"auto","background-attachment":"scroll","background-type":"","background-media":"","overlay-type":"","overlay-color":"","overlay-opacity":"","overlay-gradient":""},"tablet":{"background-color":"var(--ast-global-color-5)","background-image":"","background-repeat":"repeat","background-position":"center center","background-size":"auto","background-attachment":"scroll","background-type":"","background-media":"","overlay-type":"","overlay-color":"","overlay-opacity":"","overlay-gradient":""},"mobile":{"background-color":"var(--ast-global-color-5)","background-image":"","background-repeat":"repeat","background-position":"center center","background-size":"auto","background-attachment":"scroll","background-type":"","background-media":"","overlay-type":"","overlay-color":"","overlay-opacity":"","overlay-gradient":""}}},"product_brand":[],"product_cat":[3837,1143],"product_tag":[4347],"product_format_filter":[],"class_list":{"0":"post-147747","1":"product","2":"type-product","3":"status-publish","4":"has-post-thumbnail","6":"product_cat-cbd-minors-4-fr","7":"product_cat-huiles-et-teintures","8":"product_tag-tytan-fr","9":"pa_cbn-15mg-ml-fr","10":"pa_flavours-raisin","11":"pa_format-30ml-fr","12":"pa_intensity-med-cbn-fr","13":"pa_intensity-thc-moyen","14":"pa_marques-tytan-fr","15":"pa_origin-ontario-fr","16":"pa_thc-30mg-ml-fr","17":"desktop-align-left","18":"tablet-align-left","19":"mobile-align-left","21":"first","22":"instock","23":"taxable","24":"shipping-taxable","25":"purchasable","26":"product-type-simple"},"group_of_quantity":0,"min_quantity":0,"max_quantity":"","exclude_order_quantity_value_rules":"no","exclude_category_quantity_rules":"no","combine_variations":"no","acf":[],"_links":{"self":[{"href":"https:\/\/mendomedical.ca\/fr\/wp-json\/wp\/v2\/product\/147747","targetHints":{"allow":["GET"]}}],"collection":[{"href":"https:\/\/mendomedical.ca\/fr\/wp-json\/wp\/v2\/product"}],"about":[{"href":"https:\/\/mendomedical.ca\/fr\/wp-json\/wp\/v2\/types\/product"}],"replies":[{"embeddable":true,"href":"https:\/\/mendomedical.ca\/fr\/wp-json\/wp\/v2\/comments?post=147747"}],"wp:featuredmedia":[{"embeddable":true,"href":"https:\/\/mendomedical.ca\/fr\/wp-json\/wp\/v2\/media\/147749"}],"wp:attachment":[{"href":"https:\/\/mendomedical.ca\/fr\/wp-json\/wp\/v2\/media?parent=147747"}],"wp:term":[{"taxonomy":"product_brand","embeddable":true,"href":"https:\/\/mendomedical.ca\/fr\/wp-json\/wp\/v2\/product_brand?post=147747"},{"taxonomy":"product_cat","embeddable":true,"href":"https:\/\/mendomedical.ca\/fr\/wp-json\/wp\/v2\/product_cat?post=147747"},{"taxonomy":"product_tag","embeddable":true,"href":"https:\/\/mendomedical.ca\/fr\/wp-json\/wp\/v2\/product_tag?post=147747"},{"taxonomy":"product_format_filter","embeddable":true,"href":"https:\/\/mendomedical.ca\/fr\/wp-json\/wp\/v2\/product_format_filter?post=147747"}],"curies":[{"name":"wp","href":"https:\/\/api.w.org\/{rel}","templated":true}]}}