{"id":147737,"date":"2023-08-01T11:02:14","date_gmt":"2023-08-01T15:02:14","guid":{"rendered":"https:\/\/mendomedical.ca\/?post_type=product&#038;p=147737"},"modified":"2026-04-01T11:31:35","modified_gmt":"2026-04-01T15:31:35","slug":"thc-vibe-drops-melon","status":"publish","type":"product","link":"https:\/\/mendomedical.ca\/fr\/produit\/thc-vibe-drops-melon\/","title":{"rendered":"THC Vibe Drops - Melon"},"content":{"rendered":"","protected":false},"excerpt":{"rendered":"<div class=\"ExternalClass2E2D280D5F3A44649AC5CA6D5F97D94A\">\n<h3>THC Vibe Drops - Melon<\/h3>\n<p>D\u00e9couvrez le go\u00fbt rafra\u00eechissant de l&rsquo;\u00e9t\u00e9 avec les THC Vibe Drops de TYTAN \u00e0 la saveur de melon Honeydew. Cette teinture tr\u00e8s puissante d\u00e9livre jusqu&rsquo;\u00e0 1 000 mg de THC par bouteille, fabriqu\u00e9e de mani\u00e8re experte \u00e0 partir d&rsquo;un distillat de premi\u00e8re qualit\u00e9 et suspendue dans de l&rsquo;huile MCT de qualit\u00e9 pharmaceutique pour une absorption optimale. Chaque bouteille comprend une seringue de pr\u00e9cision pour un dosage exact, ce qui vous permet de personnaliser votre exp\u00e9rience avec environ 28,4 mg de THC par seringue pleine.  <\/p>\n<h3>Caract\u00e9ristiques principales<\/h3>\n<ul>\n<li>Formule \u00e0 haute puissance avec 900-1 000 mg de THC par bouteille pour les utilisateurs exp\u00e9riment\u00e9s<\/li>\n<li>Ar\u00f4me naturel de melon miel avec des terp\u00e8nes botaniques pour une exp\u00e9rience sensorielle am\u00e9lior\u00e9e.<\/li>\n<li>Seringue dos\u00e9e incluse pour un contr\u00f4le pr\u00e9cis du dosage (30 seringues pleines par flacon)<\/li>\n<li>Administration sublinguale \u00e0 action rapide dans une base d&rsquo;huile MCT de premi\u00e8re qualit\u00e9<\/li>\n<li>Liquide clair, incolore \u00e0 jaune clair, \u00e0 l&rsquo;ar\u00f4me authentique de melon.<\/li>\n<\/ul>\n<h3>Saveur, ar\u00f4me et profil cannabique<\/h3>\n<p><strong>Attrait visuel :<\/strong> Liquide clair, incolore \u00e0 jaune clair ou ros\u00e9 clair.<\/p>\n<p><strong>Ar\u00f4me :<\/strong> Ar\u00f4me de melon frais<\/p>\n<p><strong>Profil d&rsquo;ar\u00f4me :<\/strong> Saveur sucr\u00e9e de melon miel<\/p>\n<p><strong>Teneur en cannabino\u00efdes :<\/strong> 900mg THC par bouteille<\/p>\n<p><strong>Profil terp\u00e9nique :<\/strong> Le d-limon\u00e8ne, le b\u00eata-caryophyll\u00e8ne et le myrc\u00e8ne ont des effets stimulants et \u00e9nergisants qui peuvent favoriser la clart\u00e9 mentale et l&rsquo;\u00e9l\u00e9vation de l&rsquo;humeur.<\/p>\n<h3>Pourquoi choisir les huiles et teintures<\/h3>\n<p>Les huiles et teintures de cannabis offrent aux utilisateurs m\u00e9dicaux un contr\u00f4le pr\u00e9cis du dosage et des options de consommation polyvalentes. La m\u00e9thode d&rsquo;administration sublinguale permet une action plus rapide que les edibles, tandis que la seringue incluse garantit des doses constantes et mesurables pour une gestion fiable des sympt\u00f4mes. <\/p>\n<h3>Exp\u00e9dition dans tout le Canada<\/h3>\n<p>THC Vibe Drops - Melon est exp\u00e9di\u00e9 rapidement \u00e0 travers le Canada. Nous offrons la livraison gratuite pour toutes les commandes de plus de 150 $, ce qui vous assure de recevoir vos produits de cannabis m\u00e9dical de fa\u00e7on pratique et discr\u00e8te. <\/p>\n<h3>Avantages et couverture pour les anciens combattants<\/h3>\n<p>THC Vibe Drops - Melon est admissible \u00e0 la couverture d&rsquo;ACC (Anciens Combattants Canada) avec facturation directe par l&rsquo;entremise de la Croix Bleue, ce qui signifie que les anciens combattants admissibles n&rsquo;ont pas \u00e0 d\u00e9bourser d&rsquo;argent. Si vous n&rsquo;avez pas encore votre ordonnance de cannabis m\u00e9dical, <a href=\"https:\/\/mendomedical.ca\/fr\/carte-medicale\/\">obtenez votre carte m\u00e9dicale gratuite rapidement et facilement<\/a> pour acc\u00e9der aux avantages de la couverture. <\/p>\n<p><b>Ingr\u00e9dients<\/b><\/p>\n<p>TCM, extrait de cannabis, agents aromatisants.<\/p>\n<\/div>\n","protected":false},"featured_media":147741,"comment_status":"closed","ping_status":"closed","template":"","meta":{"_acf_changed":false,"site-sidebar-layout":"default","site-content-layout":"","ast-site-content-layout":"default","site-content-style":"default","site-sidebar-style":"default","ast-global-header-display":"","ast-banner-title-visibility":"","ast-main-header-display":"","ast-hfb-above-header-display":"","ast-hfb-below-header-display":"","ast-hfb-mobile-header-display":"","site-post-title":"","ast-breadcrumbs-content":"","ast-featured-img":"","footer-sml-layout":"","ast-disable-related-posts":"","theme-transparent-header-meta":"default","adv-header-id-meta":"","stick-header-meta":"","header-above-stick-meta":"","header-main-stick-meta":"","header-below-stick-meta":"","astra-migrate-meta-layouts":"set","ast-page-background-enabled":"default","ast-page-background-meta":{"desktop":{"background-color":"var(--ast-global-color-4)","background-image":"","background-repeat":"repeat","background-position":"center center","background-size":"auto","background-attachment":"scroll","background-type":"","background-media":"","overlay-type":"","overlay-color":"","overlay-opacity":"","overlay-gradient":""},"tablet":{"background-color":"","background-image":"","background-repeat":"repeat","background-position":"center center","background-size":"auto","background-attachment":"scroll","background-type":"","background-media":"","overlay-type":"","overlay-color":"","overlay-opacity":"","overlay-gradient":""},"mobile":{"background-color":"","background-image":"","background-repeat":"repeat","background-position":"center center","background-size":"auto","background-attachment":"scroll","background-type":"","background-media":"","overlay-type":"","overlay-color":"","overlay-opacity":"","overlay-gradient":""}},"ast-content-background-meta":{"desktop":{"background-color":"var(--ast-global-color-5)","background-image":"","background-repeat":"repeat","background-position":"center center","background-size":"auto","background-attachment":"scroll","background-type":"","background-media":"","overlay-type":"","overlay-color":"","overlay-opacity":"","overlay-gradient":""},"tablet":{"background-color":"var(--ast-global-color-5)","background-image":"","background-repeat":"repeat","background-position":"center center","background-size":"auto","background-attachment":"scroll","background-type":"","background-media":"","overlay-type":"","overlay-color":"","overlay-opacity":"","overlay-gradient":""},"mobile":{"background-color":"var(--ast-global-color-5)","background-image":"","background-repeat":"repeat","background-position":"center center","background-size":"auto","background-attachment":"scroll","background-type":"","background-media":"","overlay-type":"","overlay-color":"","overlay-opacity":"","overlay-gradient":""}}},"product_brand":[],"product_cat":[1143],"product_tag":[4347],"product_format_filter":[],"class_list":{"0":"post-147737","1":"product","2":"type-product","3":"status-publish","4":"has-post-thumbnail","6":"product_cat-huiles-et-teintures","7":"product_tag-tytan-fr","8":"pa_flavours-honeydew-fr","9":"pa_format-30ml-fr","10":"pa_intensity-thc-moyen","11":"pa_marques-tytan-fr","12":"pa_origin-ontario-fr","13":"pa_thc-30mg-ml-fr","14":"desktop-align-left","15":"tablet-align-left","16":"mobile-align-left","18":"first","19":"instock","20":"taxable","21":"shipping-taxable","22":"purchasable","23":"product-type-simple"},"group_of_quantity":0,"min_quantity":0,"max_quantity":"","exclude_order_quantity_value_rules":"no","exclude_category_quantity_rules":"no","combine_variations":"no","acf":[],"_links":{"self":[{"href":"https:\/\/mendomedical.ca\/fr\/wp-json\/wp\/v2\/product\/147737","targetHints":{"allow":["GET"]}}],"collection":[{"href":"https:\/\/mendomedical.ca\/fr\/wp-json\/wp\/v2\/product"}],"about":[{"href":"https:\/\/mendomedical.ca\/fr\/wp-json\/wp\/v2\/types\/product"}],"replies":[{"embeddable":true,"href":"https:\/\/mendomedical.ca\/fr\/wp-json\/wp\/v2\/comments?post=147737"}],"wp:featuredmedia":[{"embeddable":true,"href":"https:\/\/mendomedical.ca\/fr\/wp-json\/wp\/v2\/media\/147741"}],"wp:attachment":[{"href":"https:\/\/mendomedical.ca\/fr\/wp-json\/wp\/v2\/media?parent=147737"}],"wp:term":[{"taxonomy":"product_brand","embeddable":true,"href":"https:\/\/mendomedical.ca\/fr\/wp-json\/wp\/v2\/product_brand?post=147737"},{"taxonomy":"product_cat","embeddable":true,"href":"https:\/\/mendomedical.ca\/fr\/wp-json\/wp\/v2\/product_cat?post=147737"},{"taxonomy":"product_tag","embeddable":true,"href":"https:\/\/mendomedical.ca\/fr\/wp-json\/wp\/v2\/product_tag?post=147737"},{"taxonomy":"product_format_filter","embeddable":true,"href":"https:\/\/mendomedical.ca\/fr\/wp-json\/wp\/v2\/product_format_filter?post=147737"}],"curies":[{"name":"wp","href":"https:\/\/api.w.org\/{rel}","templated":true}]}}