{"id":147733,"date":"2023-08-01T11:09:23","date_gmt":"2023-08-01T15:09:23","guid":{"rendered":"https:\/\/mendomedical.ca\/?post_type=product&#038;p=147733"},"modified":"2026-02-04T12:03:29","modified_gmt":"2026-02-04T17:03:29","slug":"pure-cbn-oil","status":"publish","type":"product","link":"https:\/\/mendomedical.ca\/fr\/produit\/pure-cbn-oil\/","title":{"rendered":"Huile CBN pure"},"content":{"rendered":"","protected":false},"excerpt":{"rendered":"<div class=\"ExternalClass23E9F76790344E52B7D54A3E843973F6\">\n<h3>Huile CBN pure par nightnight<\/h3>\n<p>Faites l&rsquo;exp\u00e9rience de la forme la plus pure de CBN disponible avec Nightnight&rsquo;s Pure CBN Oil. Cette formule de qualit\u00e9 pharmaceutique sup\u00e9rieure ne contient que deux ingr\u00e9dients : un isolat de CBN \u00e0 plus de 98 % et une huile de support MCT, pour une concentration puissante de 20 mg\/g. Totalement insipide, inodore et sans THC, cette huile polyvalente vous permet de cr\u00e9er votre propre effet d&rsquo;entourage personnalis\u00e9 lorsqu&rsquo;elle est associ\u00e9e \u00e0 d&rsquo;autres produits \u00e0 base de cannabis. Chaque bouteille contient 600 mg de CBN pur, offrant une solution propre et efficace pour ceux qui recherchent une suppl\u00e9mentation cibl\u00e9e en cannabino\u00efdes.   <\/p>\n<h4>Caract\u00e9ristiques principales<\/h4>\n<ul>\n<li>Isolat de CBN pur \u00e0 plus de 98% dans une huile MCT de qualit\u00e9 pharmaceutique<\/li>\n<li>Formule sans THC avec seulement deux ingr\u00e9dients<\/li>\n<li>Concentration \u00e9lev\u00e9e de 20 mg\/g pour un dosage pr\u00e9cis<\/li>\n<li>Liquide clair, incolore \u00e0 jaune clair<\/li>\n<li>Peut contribuer \u00e0 un meilleur sommeil et \u00e0 la gestion de la douleur.<\/li>\n<\/ul>\n<h4>Profil des cannabino\u00efdes<\/h4>\n<p>Cette huile CBN pure contient 600 mg de CBN par bouteille, sans autres cannabino\u00efdes ou terp\u00e8nes. La formule CBN isol\u00e9e permet d&rsquo;obtenir des effets cibl\u00e9s sans l&rsquo;influence d&rsquo;autres compos\u00e9s du cannabis, ce qui la rend id\u00e9ale pour ceux qui souhaitent personnaliser leur consommation de cannabino\u00efdes ou la combiner avec d&rsquo;autres produits pour une exp\u00e9rience sur mesure. <\/p>\n<h4>Pourquoi choisir l&rsquo;huile CBN<\/h4>\n<p>L&rsquo;huile CBN offre aux consommateurs de cannabis m\u00e9dical un moyen pr\u00e9cis et contr\u00f4l\u00e9 d&rsquo;incorporer ce cannabino\u00efde sp\u00e9cifique dans leur routine de bien-\u00eatre. Connu pour ses propri\u00e9t\u00e9s s\u00e9datives potentielles, le CBN peut \u00eatre particuli\u00e8rement b\u00e9n\u00e9fique pour ceux qui recherchent un soutien pour les probl\u00e8mes li\u00e9s au sommeil ou qui recherchent une option non-psychoactive pour compl\u00e9ter leur r\u00e9gime de cannabis existant. <\/p>\n<h4>Exp\u00e9dition dans tout le Canada<\/h4>\n<p>Pure CBN Oil est exp\u00e9di\u00e9 rapidement \u00e0 travers le Canada, avec une livraison gratuite pour les commandes de plus de 150 $. Notre service de livraison fiable garantit que vos produits arrivent \u00e0 votre porte en toute s\u00e9curit\u00e9 et en toute discr\u00e9tion. <\/p>\n<h4>Avantages et couverture pour les anciens combattants<\/h4>\n<p>Pure CBN Oil est admissible \u00e0 la couverture d&rsquo;ACC (Anciens Combattants Canada) et \u00e0 la facturation directe par l&rsquo;entremise de la Croix Bleue, ce qui signifie que les anciens combattants admissibles n&rsquo;ont pas \u00e0 d\u00e9bourser d&rsquo;argent. Si vous n&rsquo;avez pas encore de carte de cannabis m\u00e9dical, <a href=\"https:\/\/mendomedical.ca\/fr\/carte-medicale\/\">obtenez votre carte m\u00e9dicale gratuite rapidement et facilement<\/a> pour acc\u00e9der \u00e0 ces avantages. <\/p>\n<div style=\"14px;14px\"><span><b>Ingr\u00e9dients<\/b><br \/><\/span><span>MCT, extrait de cannabis<\/span><\/div>\n<\/div>\n","protected":false},"featured_media":147735,"comment_status":"closed","ping_status":"closed","template":"","meta":{"_acf_changed":false,"site-sidebar-layout":"default","site-content-layout":"","ast-site-content-layout":"default","site-content-style":"default","site-sidebar-style":"default","ast-global-header-display":"","ast-banner-title-visibility":"","ast-main-header-display":"","ast-hfb-above-header-display":"","ast-hfb-below-header-display":"","ast-hfb-mobile-header-display":"","site-post-title":"","ast-breadcrumbs-content":"","ast-featured-img":"","footer-sml-layout":"","ast-disable-related-posts":"","theme-transparent-header-meta":"default","adv-header-id-meta":"","stick-header-meta":"","header-above-stick-meta":"","header-main-stick-meta":"","header-below-stick-meta":"","astra-migrate-meta-layouts":"set","ast-page-background-enabled":"default","ast-page-background-meta":{"desktop":{"background-color":"var(--ast-global-color-4)","background-image":"","background-repeat":"repeat","background-position":"center center","background-size":"auto","background-attachment":"scroll","background-type":"","background-media":"","overlay-type":"","overlay-color":"","overlay-opacity":"","overlay-gradient":""},"tablet":{"background-color":"","background-image":"","background-repeat":"repeat","background-position":"center center","background-size":"auto","background-attachment":"scroll","background-type":"","background-media":"","overlay-type":"","overlay-color":"","overlay-opacity":"","overlay-gradient":""},"mobile":{"background-color":"","background-image":"","background-repeat":"repeat","background-position":"center center","background-size":"auto","background-attachment":"scroll","background-type":"","background-media":"","overlay-type":"","overlay-color":"","overlay-opacity":"","overlay-gradient":""}},"ast-content-background-meta":{"desktop":{"background-color":"var(--ast-global-color-5)","background-image":"","background-repeat":"repeat","background-position":"center center","background-size":"auto","background-attachment":"scroll","background-type":"","background-media":"","overlay-type":"","overlay-color":"","overlay-opacity":"","overlay-gradient":""},"tablet":{"background-color":"var(--ast-global-color-5)","background-image":"","background-repeat":"repeat","background-position":"center center","background-size":"auto","background-attachment":"scroll","background-type":"","background-media":"","overlay-type":"","overlay-color":"","overlay-opacity":"","overlay-gradient":""},"mobile":{"background-color":"var(--ast-global-color-5)","background-image":"","background-repeat":"repeat","background-position":"center center","background-size":"auto","background-attachment":"scroll","background-type":"","background-media":"","overlay-type":"","overlay-color":"","overlay-opacity":"","overlay-gradient":""}}},"product_brand":[],"product_cat":[3837,1691,1143],"product_tag":[4318],"product_format_filter":[],"class_list":{"0":"post-147733","1":"product","2":"type-product","3":"status-publish","4":"has-post-thumbnail","6":"product_cat-cbd-minors-4-fr","7":"product_cat-sans-thc","8":"product_cat-huiles-et-teintures","9":"product_tag-nightnight-fr","10":"pa_cbn-20mg-ml-fr","11":"pa_format-30ml-fr","12":"pa_intensity-med-cbn-fr","13":"pa_marques-nightnight-fr","14":"pa_origin-ontario-fr","15":"desktop-align-left","16":"tablet-align-left","17":"mobile-align-left","19":"first","20":"outofstock","21":"taxable","22":"shipping-taxable","23":"purchasable","24":"product-type-simple"},"group_of_quantity":0,"min_quantity":0,"max_quantity":"","exclude_order_quantity_value_rules":"no","exclude_category_quantity_rules":"no","combine_variations":"no","acf":[],"_links":{"self":[{"href":"https:\/\/mendomedical.ca\/fr\/wp-json\/wp\/v2\/product\/147733","targetHints":{"allow":["GET"]}}],"collection":[{"href":"https:\/\/mendomedical.ca\/fr\/wp-json\/wp\/v2\/product"}],"about":[{"href":"https:\/\/mendomedical.ca\/fr\/wp-json\/wp\/v2\/types\/product"}],"replies":[{"embeddable":true,"href":"https:\/\/mendomedical.ca\/fr\/wp-json\/wp\/v2\/comments?post=147733"}],"wp:featuredmedia":[{"embeddable":true,"href":"https:\/\/mendomedical.ca\/fr\/wp-json\/wp\/v2\/media\/147735"}],"wp:attachment":[{"href":"https:\/\/mendomedical.ca\/fr\/wp-json\/wp\/v2\/media?parent=147733"}],"wp:term":[{"taxonomy":"product_brand","embeddable":true,"href":"https:\/\/mendomedical.ca\/fr\/wp-json\/wp\/v2\/product_brand?post=147733"},{"taxonomy":"product_cat","embeddable":true,"href":"https:\/\/mendomedical.ca\/fr\/wp-json\/wp\/v2\/product_cat?post=147733"},{"taxonomy":"product_tag","embeddable":true,"href":"https:\/\/mendomedical.ca\/fr\/wp-json\/wp\/v2\/product_tag?post=147733"},{"taxonomy":"product_format_filter","embeddable":true,"href":"https:\/\/mendomedical.ca\/fr\/wp-json\/wp\/v2\/product_format_filter?post=147733"}],"curies":[{"name":"wp","href":"https:\/\/api.w.org\/{rel}","templated":true}]}}