{"id":147713,"date":"2023-08-01T11:05:33","date_gmt":"2023-08-01T15:05:33","guid":{"rendered":"https:\/\/mendomedical.ca\/?post_type=product&#038;p=147713"},"modified":"2026-04-13T17:36:54","modified_gmt":"2026-04-13T21:36:54","slug":"321-thccbdcbn-oil","status":"publish","type":"product","link":"https:\/\/mendomedical.ca\/fr\/produit\/321-thccbdcbn-oil\/","title":{"rendered":"Huile 3:2:1 THC:CBD:CBN"},"content":{"rendered":"","protected":false},"excerpt":{"rendered":"<div class=\"ExternalClass86AF8D68EF424F9798DE558C6773E052\">\n<h3>Huile 3:2:1 THC:CBD:CBN<\/h3>\n<p>D\u00e9couvrez le pouvoir synergique des cannabino\u00efdes avec l&rsquo;huile 3:2:1 K.O. Oil de Nightnight, une teinture formul\u00e9e avec pr\u00e9cision et con\u00e7ue pour favoriser un sommeil r\u00e9parateur et un soulagement nocturne. Cette huile \u00e0 haute puissance d\u00e9livre 30 mg de CBD, 20 mg de CBN et 10 mg de THC par dose de 1 ml, cr\u00e9ant un profil \u00e9quilibr\u00e9 qui peut aider \u00e0 s&rsquo;endormir et \u00e0 rester endormi. Fabriqu\u00e9 \u00e0 partir de cannabis pur sans ingr\u00e9dients synth\u00e9tiques, ce flacon de 30 ml contient un total de 900 mg de CBD, 600 mg de CBN et 300 mg de THC, rehauss\u00e9s de plus de 20 terp\u00e8nes naturels de souche indica pour un effet d&rsquo;entourage optimal.  <\/p>\n<h4>Caract\u00e9ristiques principales<\/h4>\n<ul>\n<li>Rapport pr\u00e9cis 3:2:1 CBD:CBN:THC sp\u00e9cifiquement formul\u00e9 pour une utilisation nocturne<\/li>\n<li>M\u00e9lange \u00e0 haute puissance avec 60mg de cannabino\u00efdes totaux par dose de 1ml<\/li>\n<li>Enrichi de plus de 20 terp\u00e8nes indica naturels, dont le linalol, le myrc\u00e8ne et le \u03b2-caryophyll\u00e8ne.<\/li>\n<li>Ingr\u00e9dients purement d\u00e9riv\u00e9s du cannabis, sans additifs synth\u00e9tiques<\/li>\n<li>Liquide clair, incolore \u00e0 jaune p\u00e2le, avec un ar\u00f4me de cannabis floral et terreux.<\/li>\n<\/ul>\n<h4>Profil aromatique et terp\u00e9nique<\/h4>\n<p>Cette huile pr\u00e9sente un profil aromatique authentique de cannabis avec des notes terreuses et florales. Le m\u00e9lange de terp\u00e8nes soigneusement s\u00e9lectionn\u00e9 comprend du linalol pour ses propri\u00e9t\u00e9s calmantes, du myrc\u00e8ne pour ses effets s\u00e9datifs, du \u03b2-caryophyll\u00e8ne pour le soulagement potentiel de la douleur et du limon\u00e8ne pour le soutien de l&rsquo;humeur. Ces terp\u00e8nes naturels agissent en synergie avec les cannabino\u00efdes pour am\u00e9liorer le potentiel th\u00e9rapeutique global de l&rsquo;huile.  <\/p>\n<h4>Pourquoi choisir les huiles et teintures de CBD ?<\/h4>\n<p>Les huiles et les teintures de CBD offrent un contr\u00f4le pr\u00e9cis du dosage et une absorption rapide lorsqu&rsquo;elles sont prises par voie sublinguale. Cette m\u00e9thode d&rsquo;administration permet aux utilisateurs m\u00e9dicaux de personnaliser leur dose en fonction de leurs besoins, tout en ressentant les effets dans les 15 \u00e0 45 minutes. <\/p>\n<h4>Exp\u00e9dition dans tout le Canada<\/h4>\n<p>L&rsquo;huile 3:2:1 THC:CBD:CBN est exp\u00e9di\u00e9e rapidement \u00e0 travers le Canada avec une livraison gratuite pour les commandes de plus de 150 $. Nous assurons un emballage discret et une livraison fiable \u00e0 votre porte. <\/p>\n<h4>Avantages et couverture pour les anciens combattants<\/h4>\n<p>L&rsquo;huile 3:2:1 THC:CBD:CBN est admissible \u00e0 la couverture d&rsquo;ACC (Anciens Combattants Canada) avec facturation directe par la Croix Bleue, ce qui signifie que les anciens combattants admissibles n&rsquo;ont pas \u00e0 d\u00e9bourser d&rsquo;argent. Si vous n&rsquo;avez pas encore de carte de cannabis m\u00e9dical, <a href=\"https:\/\/mendomedical.ca\/fr\/carte-medicale\/\">obtenez votre carte m\u00e9dicale gratuite rapidement et facilement<\/a> pour acc\u00e9der aux avantages de la couverture. <\/p>\n<\/div>\n","protected":false},"featured_media":147717,"comment_status":"closed","ping_status":"closed","template":"","meta":{"_acf_changed":false,"site-sidebar-layout":"default","site-content-layout":"","ast-site-content-layout":"default","site-content-style":"default","site-sidebar-style":"default","ast-global-header-display":"","ast-banner-title-visibility":"","ast-main-header-display":"","ast-hfb-above-header-display":"","ast-hfb-below-header-display":"","ast-hfb-mobile-header-display":"","site-post-title":"","ast-breadcrumbs-content":"","ast-featured-img":"","footer-sml-layout":"","ast-disable-related-posts":"","theme-transparent-header-meta":"default","adv-header-id-meta":"","stick-header-meta":"","header-above-stick-meta":"","header-main-stick-meta":"","header-below-stick-meta":"","astra-migrate-meta-layouts":"set","ast-page-background-enabled":"default","ast-page-background-meta":{"desktop":{"background-color":"var(--ast-global-color-4)","background-image":"","background-repeat":"repeat","background-position":"center center","background-size":"auto","background-attachment":"scroll","background-type":"","background-media":"","overlay-type":"","overlay-color":"","overlay-opacity":"","overlay-gradient":""},"tablet":{"background-color":"","background-image":"","background-repeat":"repeat","background-position":"center center","background-size":"auto","background-attachment":"scroll","background-type":"","background-media":"","overlay-type":"","overlay-color":"","overlay-opacity":"","overlay-gradient":""},"mobile":{"background-color":"","background-image":"","background-repeat":"repeat","background-position":"center center","background-size":"auto","background-attachment":"scroll","background-type":"","background-media":"","overlay-type":"","overlay-color":"","overlay-opacity":"","overlay-gradient":""}},"ast-content-background-meta":{"desktop":{"background-color":"var(--ast-global-color-5)","background-image":"","background-repeat":"repeat","background-position":"center center","background-size":"auto","background-attachment":"scroll","background-type":"","background-media":"","overlay-type":"","overlay-color":"","overlay-opacity":"","overlay-gradient":""},"tablet":{"background-color":"var(--ast-global-color-5)","background-image":"","background-repeat":"repeat","background-position":"center center","background-size":"auto","background-attachment":"scroll","background-type":"","background-media":"","overlay-type":"","overlay-color":"","overlay-opacity":"","overlay-gradient":""},"mobile":{"background-color":"var(--ast-global-color-5)","background-image":"","background-repeat":"repeat","background-position":"center center","background-size":"auto","background-attachment":"scroll","background-type":"","background-media":"","overlay-type":"","overlay-color":"","overlay-opacity":"","overlay-gradient":""}}},"product_brand":[],"product_cat":[3837,1143],"product_tag":[4318],"product_format_filter":[],"class_list":{"0":"post-147713","1":"product","2":"type-product","3":"status-publish","4":"has-post-thumbnail","6":"product_cat-cbd-minors-4-fr","7":"product_cat-huiles-et-teintures","8":"product_tag-nightnight-fr","9":"pa_cbd-30mg-ml-fr","10":"pa_cbn-20mg-ml-fr","11":"pa_flavours-cannabis-fr","12":"pa_flavours-floral-fr","13":"pa_flavours-terreux","14":"pa_format-30ml-fr","15":"pa_intensity-cbd-moyen","16":"pa_intensity-med-cbn-fr","17":"pa_intensity-thc-moyen","18":"pa_marques-nightnight-fr","19":"pa_origin-ontario-fr","20":"pa_thc-10mg-ml-fr","21":"pa_type-de-plante-cbd-fr","22":"pa_type-de-plante-cbn-fr","23":"pa_type-de-plante-thc-fr","24":"desktop-align-left","25":"tablet-align-left","26":"mobile-align-left","28":"first","29":"instock","30":"taxable","31":"shipping-taxable","32":"purchasable","33":"product-type-simple"},"group_of_quantity":0,"min_quantity":0,"max_quantity":"","exclude_order_quantity_value_rules":"no","exclude_category_quantity_rules":"no","combine_variations":"no","acf":[],"_links":{"self":[{"href":"https:\/\/mendomedical.ca\/fr\/wp-json\/wp\/v2\/product\/147713","targetHints":{"allow":["GET"]}}],"collection":[{"href":"https:\/\/mendomedical.ca\/fr\/wp-json\/wp\/v2\/product"}],"about":[{"href":"https:\/\/mendomedical.ca\/fr\/wp-json\/wp\/v2\/types\/product"}],"replies":[{"embeddable":true,"href":"https:\/\/mendomedical.ca\/fr\/wp-json\/wp\/v2\/comments?post=147713"}],"wp:featuredmedia":[{"embeddable":true,"href":"https:\/\/mendomedical.ca\/fr\/wp-json\/wp\/v2\/media\/147717"}],"wp:attachment":[{"href":"https:\/\/mendomedical.ca\/fr\/wp-json\/wp\/v2\/media?parent=147713"}],"wp:term":[{"taxonomy":"product_brand","embeddable":true,"href":"https:\/\/mendomedical.ca\/fr\/wp-json\/wp\/v2\/product_brand?post=147713"},{"taxonomy":"product_cat","embeddable":true,"href":"https:\/\/mendomedical.ca\/fr\/wp-json\/wp\/v2\/product_cat?post=147713"},{"taxonomy":"product_tag","embeddable":true,"href":"https:\/\/mendomedical.ca\/fr\/wp-json\/wp\/v2\/product_tag?post=147713"},{"taxonomy":"product_format_filter","embeddable":true,"href":"https:\/\/mendomedical.ca\/fr\/wp-json\/wp\/v2\/product_format_filter?post=147713"}],"curies":[{"name":"wp","href":"https:\/\/api.w.org\/{rel}","templated":true}]}}