{"id":147694,"date":"2023-08-01T11:17:09","date_gmt":"2023-08-01T15:17:09","guid":{"rendered":"https:\/\/mendomedical.ca\/?post_type=product&#038;p=147694"},"modified":"2026-05-08T09:43:31","modified_gmt":"2026-05-08T13:43:31","slug":"cbgcbd-oil","status":"publish","type":"product","link":"https:\/\/mendomedical.ca\/fr\/produit\/cbgcbd-oil\/","title":{"rendered":"Huile CBG+CBD"},"content":{"rendered":"","protected":false},"excerpt":{"rendered":"<div class=\"ExternalClassE07845238FE84BA5B3F46936FB7854C1\">\n<h3>CBG+CBD Oil by dayday<\/h3>\n<p>D\u00e9couvrez la synergie \u00e9quilibr\u00e9e du CBG et du CBD avec l&rsquo;huile de cannabis \u00e0 spectre complet originale de Dayday. Cette formule sans THC combine des parts \u00e9gales de CBG et de CBD (20mg\/g chacun) dans un flacon pratique de 30ml, agr\u00e9ment\u00e9 de neuf terp\u00e8nes naturels soigneusement s\u00e9lectionn\u00e9s. Con\u00e7ue pour un usage diurne, cette huile MCT de qualit\u00e9 pharmaceutique d\u00e9livre 1200 mg de cannabino\u00efdes par bouteille, offrant une solution de bien-\u00eatre fonctionnel pour un soutien quotidien.  <\/p>\n<h4>Caract\u00e9ristiques principales<\/h4>\n<ul>\n<li>Rapport 1:1 parfaitement \u00e9quilibr\u00e9 entre le CBG et le CBD (600 mg chacun par bouteille) sans THC<\/li>\n<li>Formule \u00e0 spectre complet enrichie de 9 terp\u00e8nes naturels dont l&rsquo;\u03b1-Pin\u00e8ne, le linalol, l&rsquo;eucalyptol et le \u03b2-Caryophyll\u00e8ne.<\/li>\n<li>Base d&rsquo;huile MCT de qualit\u00e9 pharmaceutique pour une absorption optimale et une fonctionnalit\u00e9 quotidienne<\/li>\n<li>Peut aider \u00e0 soutenir la concentration, la r\u00e9ponse inflammatoire et le bien-\u00eatre digestif.<\/li>\n<li>Liquide clair, incolore \u00e0 jaune p\u00e2le, \u00e0 l&rsquo;ar\u00f4me frais de cannabis, de pin, d&rsquo;agrumes et d&rsquo;eucalyptus.<\/li>\n<\/ul>\n<h4>Profil aromatique et terp\u00e9nique<\/h4>\n<p>Cette huile pr\u00e9sente un profil aromatique distinctif combinant des notes de cannabis, de pin, d&rsquo;agrumes et d&rsquo;eucalyptus. Le m\u00e9lange de terp\u00e8nes est men\u00e9 par l&rsquo;Alpha\/Beta Pinene, le Linalool, et l&rsquo;Eucalyptol, cr\u00e9ant une exp\u00e9rience sensorielle rafra\u00eechissante et revigorante. Chaque flacon de 30 ml contient 600 mg de CBG et 600 mg de CBD, soit une concentration totale en cannabino\u00efdes de 40 mg\/ml.  <\/p>\n<h4>Pourquoi choisir les huiles de CBD et de cannabino\u00efdes mineurs ?<\/h4>\n<p>Les huiles de CBD et de cannabino\u00efdes mineurs offrent aux utilisateurs m\u00e9dicaux un contr\u00f4le pr\u00e9cis du dosage et des m\u00e9thodes de consommation polyvalentes. La combinaison de CBG et de CBD peut apporter des b\u00e9n\u00e9fices th\u00e9rapeutiques accrus gr\u00e2ce \u00e0 l&rsquo;effet d&rsquo;entourage, tout en restant sans THC pour ceux qui ont besoin d&rsquo;options non intoxicantes. <\/p>\n<h4>Exp\u00e9dition dans tout le Canada<\/h4>\n<p>L&rsquo;huile CBG+CBD est exp\u00e9di\u00e9e rapidement \u00e0 travers le Canada avec une livraison gratuite pour les commandes de plus de 150 $. Nous assurons une livraison rapide et discr\u00e8te \u00e0 votre porte, ce qui vous permet de maintenir votre routine de bien-\u00eatre sans interruption. <\/p>\n<h4>Avantages et couverture pour les anciens combattants<\/h4>\n<p>CBG+CBD Oil est admissible \u00e0 la couverture d&rsquo;ACC (Anciens Combattants Canada) avec facturation directe par l&rsquo;entremise de la Croix Bleue, ce qui signifie que les anciens combattants admissibles n&rsquo;ont rien \u00e0 d\u00e9bourser. Si vous n&rsquo;avez pas encore de carte m\u00e9dicale, <a href=\"https:\/\/mendomedical.ca\/fr\/carte-medicale\/\">obtenez votre carte m\u00e9dicale gratuite rapidement et facilement<\/a> pour acc\u00e9der aux avantages et \u00e0 la couverture des anciens combattants. <\/p>\n<div>\n<p><b>Ingr\u00e9dients<\/b><\/p>\n<p>Huile MCT de qualit\u00e9 pharmaceutique, extrait de cannabis<\/p>\n<\/div>\n<\/div>\n","protected":false},"featured_media":147698,"comment_status":"closed","ping_status":"closed","template":"","meta":{"_acf_changed":false,"site-sidebar-layout":"default","site-content-layout":"","ast-site-content-layout":"default","site-content-style":"default","site-sidebar-style":"default","ast-global-header-display":"","ast-banner-title-visibility":"","ast-main-header-display":"","ast-hfb-above-header-display":"","ast-hfb-below-header-display":"","ast-hfb-mobile-header-display":"","site-post-title":"","ast-breadcrumbs-content":"","ast-featured-img":"","footer-sml-layout":"","ast-disable-related-posts":"","theme-transparent-header-meta":"default","adv-header-id-meta":"","stick-header-meta":"","header-above-stick-meta":"","header-main-stick-meta":"","header-below-stick-meta":"","astra-migrate-meta-layouts":"set","ast-page-background-enabled":"default","ast-page-background-meta":{"desktop":{"background-color":"var(--ast-global-color-4)","background-image":"","background-repeat":"repeat","background-position":"center center","background-size":"auto","background-attachment":"scroll","background-type":"","background-media":"","overlay-type":"","overlay-color":"","overlay-opacity":"","overlay-gradient":""},"tablet":{"background-color":"","background-image":"","background-repeat":"repeat","background-position":"center center","background-size":"auto","background-attachment":"scroll","background-type":"","background-media":"","overlay-type":"","overlay-color":"","overlay-opacity":"","overlay-gradient":""},"mobile":{"background-color":"","background-image":"","background-repeat":"repeat","background-position":"center center","background-size":"auto","background-attachment":"scroll","background-type":"","background-media":"","overlay-type":"","overlay-color":"","overlay-opacity":"","overlay-gradient":""}},"ast-content-background-meta":{"desktop":{"background-color":"var(--ast-global-color-5)","background-image":"","background-repeat":"repeat","background-position":"center center","background-size":"auto","background-attachment":"scroll","background-type":"","background-media":"","overlay-type":"","overlay-color":"","overlay-opacity":"","overlay-gradient":""},"tablet":{"background-color":"var(--ast-global-color-5)","background-image":"","background-repeat":"repeat","background-position":"center center","background-size":"auto","background-attachment":"scroll","background-type":"","background-media":"","overlay-type":"","overlay-color":"","overlay-opacity":"","overlay-gradient":""},"mobile":{"background-color":"var(--ast-global-color-5)","background-image":"","background-repeat":"repeat","background-position":"center center","background-size":"auto","background-attachment":"scroll","background-type":"","background-media":"","overlay-type":"","overlay-color":"","overlay-opacity":"","overlay-gradient":""}}},"product_brand":[],"product_cat":[3837,1691,1143],"product_tag":[4388],"product_format_filter":[],"class_list":{"0":"post-147694","1":"product","2":"type-product","3":"status-publish","4":"has-post-thumbnail","6":"product_cat-cbd-minors-4-fr","7":"product_cat-sans-thc","8":"product_cat-huiles-et-teintures","9":"product_tag-dayday-fr","10":"pa_cbd-20mg-ml-fr","11":"pa_cbg-20mg-ml-fr","12":"pa_flavours-agrume","13":"pa_flavours-cannabis-fr","14":"pa_flavours-eucalyptyus-fr","15":"pa_flavours-pin","16":"pa_format-30ml-fr","17":"pa_intensity-cbd-moyen","18":"pa_intensity-med-cbg-fr","19":"pa_marques-dayday-fr","20":"pa_origin-ontario-fr","21":"desktop-align-left","22":"tablet-align-left","23":"mobile-align-left","25":"first","26":"instock","27":"taxable","28":"shipping-taxable","29":"purchasable","30":"product-type-simple"},"group_of_quantity":0,"min_quantity":0,"max_quantity":"","exclude_order_quantity_value_rules":"no","exclude_category_quantity_rules":"no","combine_variations":"no","acf":[],"_links":{"self":[{"href":"https:\/\/mendomedical.ca\/fr\/wp-json\/wp\/v2\/product\/147694","targetHints":{"allow":["GET"]}}],"collection":[{"href":"https:\/\/mendomedical.ca\/fr\/wp-json\/wp\/v2\/product"}],"about":[{"href":"https:\/\/mendomedical.ca\/fr\/wp-json\/wp\/v2\/types\/product"}],"replies":[{"embeddable":true,"href":"https:\/\/mendomedical.ca\/fr\/wp-json\/wp\/v2\/comments?post=147694"}],"wp:featuredmedia":[{"embeddable":true,"href":"https:\/\/mendomedical.ca\/fr\/wp-json\/wp\/v2\/media\/147698"}],"wp:attachment":[{"href":"https:\/\/mendomedical.ca\/fr\/wp-json\/wp\/v2\/media?parent=147694"}],"wp:term":[{"taxonomy":"product_brand","embeddable":true,"href":"https:\/\/mendomedical.ca\/fr\/wp-json\/wp\/v2\/product_brand?post=147694"},{"taxonomy":"product_cat","embeddable":true,"href":"https:\/\/mendomedical.ca\/fr\/wp-json\/wp\/v2\/product_cat?post=147694"},{"taxonomy":"product_tag","embeddable":true,"href":"https:\/\/mendomedical.ca\/fr\/wp-json\/wp\/v2\/product_tag?post=147694"},{"taxonomy":"product_format_filter","embeddable":true,"href":"https:\/\/mendomedical.ca\/fr\/wp-json\/wp\/v2\/product_format_filter?post=147694"}],"curies":[{"name":"wp","href":"https:\/\/api.w.org\/{rel}","templated":true}]}}