{"id":147663,"date":"2024-01-01T15:55:21","date_gmt":"2024-01-01T20:55:21","guid":{"rendered":"https:\/\/mendomedical.ca\/?post_type=product&#038;p=147663"},"modified":"2026-03-17T15:30:37","modified_gmt":"2026-03-17T19:30:37","slug":"thccbncbd-gummies-bedtime-berry","status":"publish","type":"product","link":"https:\/\/mendomedical.ca\/fr\/produit\/thccbncbd-gummies-bedtime-berry\/","title":{"rendered":"THC+CBN+CBD Gummies - Bedtime Berry"},"content":{"rendered":"","protected":false},"excerpt":{"rendered":"<p><strong>Faites passer votre routine nocturne au niveau sup\u00e9rieur avec les gommes THC+CBN+CBD surpuissantes d\u00e9velopp\u00e9es par les cr\u00e9ateurs de NightNight. Chaque gomme K.O. contient 2 mg de THC + 8 mg de CBN + 15 mg de CBD x 5pc (10 mg de THC + 40 mg de CBN + 75 mg de CBD par paquet). Appr\u00e9ciez nos d\u00e9licieuses gommes \u00e0 m\u00e2cher enrob\u00e9es de sucre qui combinent des ar\u00f4mes naturels de baies sauvages avec les extraits de cannabis les plus purs. Les gommes K.O. sont v\u00e9g\u00e9taliennes et fabriqu\u00e9es \u00e0 partir de pectine de fruits v\u00e9ritables, sans g\u00e9latine, ni ingr\u00e9dients synth\u00e9tiques ou artificiels.   <\/strong><\/p>\n<p>&nbsp;<\/p>\n<h5>Attrait visuel :<\/h5>\n<p>Couleur bleu fonc\u00e9.<\/p>\n<p>&nbsp;<\/p>\n<h5>Profil de saveur :<\/h5>\n<p>Go\u00fbt de baies sauvages.<\/p>\n<p>&nbsp;<\/p>\n<h5>Profil des cannabino\u00efdes et des terp\u00e8nes :<\/h5>\n<p>2 mg THC \/ gomme (10 mg THC \/ paquet) + 8 mg CBN \/ gomme (40 mg CBN \/ paquet) + 15 mg CBD \/ gomme (75 mg CBD \/ paquet).<\/p>\n<p>&nbsp;<\/p>\n<h5>Effets :<\/h5>\n<p>Aide \u00e0 s&rsquo;endormir et \u00e0 rester endormi. Potentiellement efficace pour r\u00e9duire la douleur et l&rsquo;anxi\u00e9t\u00e9. <\/p>\n<p>&nbsp;<\/p>\n<h4>Ingr\u00e9dients<\/h4>\n<p>Sucres (sirop de tapioca, sucre de canne), eau, pectine, ar\u00f4me naturel, jus de l\u00e9gumes, jus de fruits, acide citrique, citrate de sodium.<\/p>\n","protected":false},"featured_media":147667,"comment_status":"closed","ping_status":"closed","template":"","meta":{"_acf_changed":false,"site-sidebar-layout":"default","site-content-layout":"","ast-site-content-layout":"default","site-content-style":"default","site-sidebar-style":"default","ast-global-header-display":"","ast-banner-title-visibility":"","ast-main-header-display":"","ast-hfb-above-header-display":"","ast-hfb-below-header-display":"","ast-hfb-mobile-header-display":"","site-post-title":"","ast-breadcrumbs-content":"","ast-featured-img":"","footer-sml-layout":"","ast-disable-related-posts":"","theme-transparent-header-meta":"default","adv-header-id-meta":"","stick-header-meta":"","header-above-stick-meta":"","header-main-stick-meta":"","header-below-stick-meta":"","astra-migrate-meta-layouts":"set","ast-page-background-enabled":"default","ast-page-background-meta":{"desktop":{"background-color":"var(--ast-global-color-4)","background-image":"","background-repeat":"repeat","background-position":"center center","background-size":"auto","background-attachment":"scroll","background-type":"","background-media":"","overlay-type":"","overlay-color":"","overlay-opacity":"","overlay-gradient":""},"tablet":{"background-color":"","background-image":"","background-repeat":"repeat","background-position":"center center","background-size":"auto","background-attachment":"scroll","background-type":"","background-media":"","overlay-type":"","overlay-color":"","overlay-opacity":"","overlay-gradient":""},"mobile":{"background-color":"","background-image":"","background-repeat":"repeat","background-position":"center center","background-size":"auto","background-attachment":"scroll","background-type":"","background-media":"","overlay-type":"","overlay-color":"","overlay-opacity":"","overlay-gradient":""}},"ast-content-background-meta":{"desktop":{"background-color":"var(--ast-global-color-5)","background-image":"","background-repeat":"repeat","background-position":"center center","background-size":"auto","background-attachment":"scroll","background-type":"","background-media":"","overlay-type":"","overlay-color":"","overlay-opacity":"","overlay-gradient":""},"tablet":{"background-color":"var(--ast-global-color-5)","background-image":"","background-repeat":"repeat","background-position":"center center","background-size":"auto","background-attachment":"scroll","background-type":"","background-media":"","overlay-type":"","overlay-color":"","overlay-opacity":"","overlay-gradient":""},"mobile":{"background-color":"var(--ast-global-color-5)","background-image":"","background-repeat":"repeat","background-position":"center center","background-size":"auto","background-attachment":"scroll","background-type":"","background-media":"","overlay-type":"","overlay-color":"","overlay-opacity":"","overlay-gradient":""}}},"product_brand":[],"product_cat":[3825,1132,1128],"product_tag":[4318],"product_format_filter":[6511],"class_list":{"0":"post-147663","1":"product","2":"type-product","3":"status-publish","4":"has-post-thumbnail","6":"product_cat-cbd-minors-3-fr","7":"product_cat-bonbons","8":"product_cat-comestibles","9":"product_tag-nightnight-fr","10":"pa_cbd-75mg-fr","11":"pa_cbn-40mg-fr","12":"pa_flavours-wild-berry","13":"pa_format-5-unites","14":"pa_intensity-faible-thc","15":"pa_intensity-cbd-moyen","16":"pa_intensity-med-cbn-fr","17":"pa_marques-nightnight-fr","18":"pa_origin-ontario-fr","19":"pa_thc-10mg-fr","20":"pa_type-de-plante-cbd-fr","21":"pa_type-de-plante-cbn-fr","22":"pa_type-de-plante-thc-fr","23":"product_format_filter-5units","24":"desktop-align-left","25":"tablet-align-left","26":"mobile-align-left","28":"first","29":"outofstock","30":"taxable","31":"shipping-taxable","32":"purchasable","33":"product-type-simple"},"group_of_quantity":0,"min_quantity":0,"max_quantity":"","exclude_order_quantity_value_rules":"no","exclude_category_quantity_rules":"no","combine_variations":"no","acf":[],"_links":{"self":[{"href":"https:\/\/mendomedical.ca\/fr\/wp-json\/wp\/v2\/product\/147663","targetHints":{"allow":["GET"]}}],"collection":[{"href":"https:\/\/mendomedical.ca\/fr\/wp-json\/wp\/v2\/product"}],"about":[{"href":"https:\/\/mendomedical.ca\/fr\/wp-json\/wp\/v2\/types\/product"}],"replies":[{"embeddable":true,"href":"https:\/\/mendomedical.ca\/fr\/wp-json\/wp\/v2\/comments?post=147663"}],"wp:featuredmedia":[{"embeddable":true,"href":"https:\/\/mendomedical.ca\/fr\/wp-json\/wp\/v2\/media\/147667"}],"wp:attachment":[{"href":"https:\/\/mendomedical.ca\/fr\/wp-json\/wp\/v2\/media?parent=147663"}],"wp:term":[{"taxonomy":"product_brand","embeddable":true,"href":"https:\/\/mendomedical.ca\/fr\/wp-json\/wp\/v2\/product_brand?post=147663"},{"taxonomy":"product_cat","embeddable":true,"href":"https:\/\/mendomedical.ca\/fr\/wp-json\/wp\/v2\/product_cat?post=147663"},{"taxonomy":"product_tag","embeddable":true,"href":"https:\/\/mendomedical.ca\/fr\/wp-json\/wp\/v2\/product_tag?post=147663"},{"taxonomy":"product_format_filter","embeddable":true,"href":"https:\/\/mendomedical.ca\/fr\/wp-json\/wp\/v2\/product_format_filter?post=147663"}],"curies":[{"name":"wp","href":"https:\/\/api.w.org\/{rel}","templated":true}]}}