{"id":147642,"date":"2025-08-31T16:15:21","date_gmt":"2025-08-31T20:15:21","guid":{"rendered":"https:\/\/mendomedical.ca\/?post_type=product&#038;p=147642"},"modified":"2026-04-01T11:31:35","modified_gmt":"2026-04-01T15:31:35","slug":"grapefruit-mac-live-rosin","status":"publish","type":"product","link":"https:\/\/mendomedical.ca\/fr\/produit\/grapefruit-mac-live-rosin\/","title":{"rendered":"Grapefruit MAC Live Rosin"},"content":{"rendered":"","protected":false},"excerpt":{"rendered":"<div class=\"ExternalClassD9886AFE5C7A4443ABAD085198B6E498\">\n<h3>Grapefruit MAC Live Rosin par EarthWolf Farms<\/h3>\n<h3>Terp\u00e8nes totaux : 7,01%.<\/h3>\n<p>Faites l&rsquo;exp\u00e9rience d&rsquo;une qualit\u00e9 sup\u00e9rieure avec Grapefruit MAC Live Rosin, un concentr\u00e9 m\u00e9ticuleusement \u00e9labor\u00e9 par EarthWolf Farms. Ce live Rosin exceptionnel combine les g\u00e9n\u00e9tiques Grapefruit Cake et MAC F2 pour offrir une texture riche et beurr\u00e9e avec des notes d&rsquo;agrumes vibrantes. Produit \u00e0 partir de fleurs de cannabis certifi\u00e9es biologiques \u00e0 Lillooet, en Colombie-Britannique, ce concentr\u00e9 de culture \u00e0 froid subit une extraction minutieuse \u00e0 l&rsquo;eau glac\u00e9e afin de pr\u00e9server son remarquable profil terp\u00e9nique de 7 % et sa puissante teneur en cannabino\u00efdes.<\/p>\n<h4>Caract\u00e9ristiques principales<\/h4>\n<ul>\n<li>Live Rosin de premi\u00e8re qualit\u00e9, s\u00e9ch\u00e9 \u00e0 froid, avec 70,1 % de THC total et 4,25 % de CBG total.<\/li>\n<li>Fabriqu\u00e9 \u00e0 partir de cannabis certifi\u00e9 biologique, r\u00e9colt\u00e9 \u00e0 la main par extraction \u00e0 l&rsquo;eau glac\u00e9e (73-159\u03bcm).<\/li>\n<li>Une teneur en terp\u00e8nes totaux exceptionnelle de 7 % pour une saveur et des effets renforc\u00e9s.<\/li>\n<li>Cultiv\u00e9 \u00e0 Lillooet, en Colombie-Britannique, avec des g\u00e8nes \u00e9lev\u00e9s le long du corridor Sea-to-Sky.<\/li>\n<li>Effets \u00e9nergiques et concentr\u00e9s, id\u00e9aux pour une utilisation en journ\u00e9e<\/li>\n<\/ul>\n<h4>Profil aromatique et gustatif<\/h4>\n<p>Ce concentr\u00e9 de couleur ambr\u00e9e et onctueuse offre une exp\u00e9rience sensorielle complexe. L&rsquo;ar\u00f4me initial pr\u00e9sente de fortes notes de pamplemousse et d&rsquo;agrumes, tandis que le profil de saveur commence par des agrumes lourds qui se transforment en une finale cr\u00e9meuse et gazeuse. La texture l\u00e9g\u00e8re et lisse compl\u00e8te l&rsquo;arri\u00e8re-go\u00fbt persistant d&rsquo;agrumes, cr\u00e9ant une exp\u00e9rience de dabbing bien \u00e9quilibr\u00e9e. Avec ses effets \u00e9nergiques, productifs et ancr\u00e9s, les patients rapportent que ce produit favorise la cr\u00e9ativit\u00e9 et la concentration tout au long de la journ\u00e9e.<\/p>\n<h4>Pourquoi choisir les concentr\u00e9s ?<\/h4>\n<p>Les concentr\u00e9s de cannabis offrent aux utilisateurs m\u00e9dicaux un dosage pr\u00e9cis et des effets rapides. Leur puissance \u00e9lev\u00e9e signifie qu&rsquo;il faut moins de produit par s\u00e9ance, ce qui les rend rentables pour un usage m\u00e9dical r\u00e9gulier.<\/p>\n<h4>Exp\u00e9dition dans tout le Canada<\/h4>\n<p>Grapefruit MAC Live Rosin est exp\u00e9di\u00e9 rapidement dans tout le Canada, avec une livraison gratuite pour les commandes de plus de 150 $. Nous veillons \u00e0 ce que votre concentr\u00e9 arrive dans un emballage s\u00fbr afin de pr\u00e9server sa qualit\u00e9 pendant le transport.<\/p>\n<h4>Avantages et couverture pour les anciens combattants<\/h4>\n<p>Grapefruit MAC Live Rosin est admissible \u00e0 la couverture d&rsquo;ACC (Anciens Combattants Canada) avec facturation directe par l&rsquo;entremise de la Croix Bleue, ce qui signifie que les anciens combattants admissibles n&rsquo;ont pas \u00e0 d\u00e9bourser d&rsquo;argent. Si vous n&rsquo;avez pas encore votre carte m\u00e9dicale, <a href=\"https:\/\/mendomedical.ca\/fr\/carte-medicale\/\">obtenez-la rapidement et facilement ici.<\/a><\/p>\n<\/div>\n","protected":false},"featured_media":271869,"comment_status":"closed","ping_status":"closed","template":"","meta":{"_acf_changed":false,"site-sidebar-layout":"default","site-content-layout":"","ast-site-content-layout":"default","site-content-style":"default","site-sidebar-style":"default","ast-global-header-display":"","ast-banner-title-visibility":"","ast-main-header-display":"","ast-hfb-above-header-display":"","ast-hfb-below-header-display":"","ast-hfb-mobile-header-display":"","site-post-title":"","ast-breadcrumbs-content":"","ast-featured-img":"","footer-sml-layout":"","ast-disable-related-posts":"","theme-transparent-header-meta":"default","adv-header-id-meta":"","stick-header-meta":"","header-above-stick-meta":"","header-main-stick-meta":"","header-below-stick-meta":"","astra-migrate-meta-layouts":"set","ast-page-background-enabled":"default","ast-page-background-meta":{"desktop":{"background-color":"var(--ast-global-color-4)","background-image":"","background-repeat":"repeat","background-position":"center center","background-size":"auto","background-attachment":"scroll","background-type":"","background-media":"","overlay-type":"","overlay-color":"","overlay-opacity":"","overlay-gradient":""},"tablet":{"background-color":"","background-image":"","background-repeat":"repeat","background-position":"center center","background-size":"auto","background-attachment":"scroll","background-type":"","background-media":"","overlay-type":"","overlay-color":"","overlay-opacity":"","overlay-gradient":""},"mobile":{"background-color":"","background-image":"","background-repeat":"repeat","background-position":"center center","background-size":"auto","background-attachment":"scroll","background-type":"","background-media":"","overlay-type":"","overlay-color":"","overlay-opacity":"","overlay-gradient":""}},"ast-content-background-meta":{"desktop":{"background-color":"var(--ast-global-color-5)","background-image":"","background-repeat":"repeat","background-position":"center center","background-size":"auto","background-attachment":"scroll","background-type":"","background-media":"","overlay-type":"","overlay-color":"","overlay-opacity":"","overlay-gradient":""},"tablet":{"background-color":"var(--ast-global-color-5)","background-image":"","background-repeat":"repeat","background-position":"center center","background-size":"auto","background-attachment":"scroll","background-type":"","background-media":"","overlay-type":"","overlay-color":"","overlay-opacity":"","overlay-gradient":""},"mobile":{"background-color":"var(--ast-global-color-5)","background-image":"","background-repeat":"repeat","background-position":"center center","background-size":"auto","background-attachment":"scroll","background-type":"","background-media":"","overlay-type":"","overlay-color":"","overlay-opacity":"","overlay-gradient":""}}},"product_brand":[],"product_cat":[3926,1125,1118,1119],"product_tag":[2414],"product_format_filter":[6369],"class_list":{"0":"post-147642","1":"product","2":"type-product","3":"status-publish","4":"has-post-thumbnail","6":"product_cat-cbd-minors-2-fr","7":"product_cat-rosin-vivante","8":"product_cat-concentres","9":"product_cat-tout-sans-solvant","10":"product_tag-earth-wolf-farm-fr","11":"pa_cbg-5-fr","12":"pa_format-1g-2-fr","13":"pa_intensity-thc-eleve","14":"pa_intensity-low-cbg-fr","15":"pa_marques-earthwolf-farms-fr","16":"pa_origin-colombie-britannique-fr","17":"pa_profil-terpene-caryophyllene","18":"pa_thc-72-3","19":"pa_type-de-plante-hybride-sativa-fr","20":"product_format_filter-1g","21":"desktop-align-left","22":"tablet-align-left","23":"mobile-align-left","25":"first","26":"instock","27":"taxable","28":"shipping-taxable","29":"purchasable","30":"product-type-simple"},"group_of_quantity":0,"min_quantity":0,"max_quantity":"","exclude_order_quantity_value_rules":"no","exclude_category_quantity_rules":"no","combine_variations":"no","acf":[],"_links":{"self":[{"href":"https:\/\/mendomedical.ca\/fr\/wp-json\/wp\/v2\/product\/147642","targetHints":{"allow":["GET"]}}],"collection":[{"href":"https:\/\/mendomedical.ca\/fr\/wp-json\/wp\/v2\/product"}],"about":[{"href":"https:\/\/mendomedical.ca\/fr\/wp-json\/wp\/v2\/types\/product"}],"replies":[{"embeddable":true,"href":"https:\/\/mendomedical.ca\/fr\/wp-json\/wp\/v2\/comments?post=147642"}],"wp:featuredmedia":[{"embeddable":true,"href":"https:\/\/mendomedical.ca\/fr\/wp-json\/wp\/v2\/media\/271869"}],"wp:attachment":[{"href":"https:\/\/mendomedical.ca\/fr\/wp-json\/wp\/v2\/media?parent=147642"}],"wp:term":[{"taxonomy":"product_brand","embeddable":true,"href":"https:\/\/mendomedical.ca\/fr\/wp-json\/wp\/v2\/product_brand?post=147642"},{"taxonomy":"product_cat","embeddable":true,"href":"https:\/\/mendomedical.ca\/fr\/wp-json\/wp\/v2\/product_cat?post=147642"},{"taxonomy":"product_tag","embeddable":true,"href":"https:\/\/mendomedical.ca\/fr\/wp-json\/wp\/v2\/product_tag?post=147642"},{"taxonomy":"product_format_filter","embeddable":true,"href":"https:\/\/mendomedical.ca\/fr\/wp-json\/wp\/v2\/product_format_filter?post=147642"}],"curies":[{"name":"wp","href":"https:\/\/api.w.org\/{rel}","templated":true}]}}