{"id":147631,"date":"2025-09-15T16:00:47","date_gmt":"2025-09-15T20:00:47","guid":{"rendered":"https:\/\/mendomedical.ca\/?post_type=product&#038;p=147631"},"modified":"2026-04-13T15:38:47","modified_gmt":"2026-04-13T19:38:47","slug":"french-cookies-pre-rolls-infuses-de-bubble-hash-fr","status":"publish","type":"product","link":"https:\/\/mendomedical.ca\/fr\/produit\/french-cookies-pre-rolls-infuses-de-bubble-hash-fr\/","title":{"rendered":"Pr\u00e9-rolls infus\u00e9s de Bubble hash de French Cookies"},"content":{"rendered":"","protected":false},"excerpt":{"rendered":"<div class=\"ExternalClass13A320510528486C9A5C33BA5A738395\">\n<h3>Pr\u00e9-rolls infus\u00e9s French Cookies Bubble Hash par Ritual Sticks<\/h3>\n<h3>Terp\u00e8nes totaux : 3-4%.<\/h3>\n<p>D\u00e9couvrez le summum de l&rsquo;artisanat avec les Pr\u00e9-rolls French Cookies Bubble hash infus\u00e9s de Ritual Sticks. Ces Pr\u00e9-rolls de qualit\u00e9 sup\u00e9rieure combinent l&rsquo;exceptionnelle vari\u00e9t\u00e9 French Cookies (Alien Cookies X Miracle 15) avec du bubble hash exclusif sans solvant, cr\u00e9ant ainsi une exp\u00e9rience de consommation puissante et savoureuse. Chaque Pr\u00e9-rolls d\u00e9livre un taux impressionnant de 40% de THC ainsi qu&rsquo;un riche profil terp\u00e9nique, assurant un profil d&rsquo;effet puissant mais nuanc\u00e9.  <\/p>\n<h4>Caract\u00e9ristiques principales<\/h4>\n<ul>\n<li>Bubble hash \u00e0 extraction d&rsquo;eau glac\u00e9e sans solvant, infus\u00e9 avec des fleurs enti\u00e8res de French Cookies.<\/li>\n<li>Fabriqu\u00e9, m\u00e9lang\u00e9 et filtr\u00e9 \u00e0 la main pour une qualit\u00e9 et une r\u00e9gularit\u00e9 exceptionnelles.<\/li>\n<li>Haute puissance avec 40% de THC<\/li>\n<li>C\u00f4nes de marque Ritual de premi\u00e8re qualit\u00e9 avec des couleurs vibrantes et des trichomes scintillants<\/li>\n<li>Les effets comprennent des sensations de cr\u00e9ativit\u00e9, de concentration, de bonheur et de d\u00e9tente.<\/li>\n<\/ul>\n<h4>Profil aromatique et terp\u00e9nique<\/h4>\n<p>French Cookies offre une exp\u00e9rience sensorielle complexe avec son ar\u00f4me distinctif m\u00e9langeant des notes de Kush, de gaz, de biscuits et de fruits. Le profil de saveur pr\u00e9sente des notes sucr\u00e9es et cr\u00e9meuses de cookies, compl\u00e9t\u00e9es par des notes de gaz et une finale terreuse de hasch sur l&rsquo;expiration. Les terp\u00e8nes dominants comprennent le b\u00eata-caryophyll\u00e8ne, le s\u00e9lina-4(15),7(11)-di\u00e8ne, le D-limon\u00e8ne et l&rsquo;alpha-humul\u00e8ne, qui contribuent \u00e0 la fois \u00e0 son go\u00fbt unique et \u00e0 ses bienfaits th\u00e9rapeutiques potentiels.  <\/p>\n<h4>Pourquoi choisir des Pr\u00e9-rolls infus\u00e9s ?<\/h4>\n<p>Les Pr\u00e9-rolls infus\u00e9s offrent aux consommateurs de cannabis m\u00e9dical une option pratique et puissante qui combine les avantages de la fleur avec des extraits concentr\u00e9s. La puissance accrue et les profils terp\u00e9niques peuvent produire des effets plus prononc\u00e9s, ce qui les rend id\u00e9aux pour les utilisateurs exp\u00e9riment\u00e9s \u00e0 la recherche d&rsquo;un soulagement plus important des sympt\u00f4mes. <\/p>\n<h4>Exp\u00e9dition dans tout le Canada<\/h4>\n<p>Les Pr\u00e9-rolls infus\u00e9s French Cookies Bubble Hash sont exp\u00e9di\u00e9s rapidement \u00e0 travers le Canada. Mendo Medical offre une livraison gratuite pour toutes les commandes de plus de 150 $, ce qui vous assure de recevoir vos produits de qualit\u00e9 sup\u00e9rieure de fa\u00e7on pratique et abordable. <\/p>\n<h4>Avantages et couverture pour les anciens combattants<\/h4>\n<p>Les Pr\u00e9-rolls infus\u00e9s French Cookies Bubble Hash sont admissibles \u00e0 la couverture d&rsquo;ACC (Anciens Combattants Canada) avec facturation directe par la Croix Bleue, ce qui signifie qu&rsquo;il n&rsquo;y a pas de frais \u00e0 d\u00e9bourser pour les anciens combattants admissibles. Si vous n&rsquo;avez pas encore votre carte m\u00e9dicale, <a href=\"https:\/\/mendomedical.ca\/fr\/carte-medicale\/\">obtenez-la rapidement et facilement ici.<\/a> <\/p>\n<\/div>\n","protected":false},"featured_media":147633,"comment_status":"closed","ping_status":"closed","template":"","meta":{"_acf_changed":false,"site-sidebar-layout":"default","site-content-layout":"","ast-site-content-layout":"default","site-content-style":"default","site-sidebar-style":"default","ast-global-header-display":"","ast-banner-title-visibility":"","ast-main-header-display":"","ast-hfb-above-header-display":"","ast-hfb-below-header-display":"","ast-hfb-mobile-header-display":"","site-post-title":"","ast-breadcrumbs-content":"","ast-featured-img":"","footer-sml-layout":"","ast-disable-related-posts":"","theme-transparent-header-meta":"default","adv-header-id-meta":"","stick-header-meta":"","header-above-stick-meta":"","header-main-stick-meta":"","header-below-stick-meta":"","astra-migrate-meta-layouts":"set","ast-page-background-enabled":"default","ast-page-background-meta":{"desktop":{"background-color":"var(--ast-global-color-4)","background-image":"","background-repeat":"repeat","background-position":"center center","background-size":"auto","background-attachment":"scroll","background-type":"","background-media":"","overlay-type":"","overlay-color":"","overlay-opacity":"","overlay-gradient":""},"tablet":{"background-color":"","background-image":"","background-repeat":"repeat","background-position":"center center","background-size":"auto","background-attachment":"scroll","background-type":"","background-media":"","overlay-type":"","overlay-color":"","overlay-opacity":"","overlay-gradient":""},"mobile":{"background-color":"","background-image":"","background-repeat":"repeat","background-position":"center center","background-size":"auto","background-attachment":"scroll","background-type":"","background-media":"","overlay-type":"","overlay-color":"","overlay-opacity":"","overlay-gradient":""}},"ast-content-background-meta":{"desktop":{"background-color":"var(--ast-global-color-5)","background-image":"","background-repeat":"repeat","background-position":"center center","background-size":"auto","background-attachment":"scroll","background-type":"","background-media":"","overlay-type":"","overlay-color":"","overlay-opacity":"","overlay-gradient":""},"tablet":{"background-color":"var(--ast-global-color-5)","background-image":"","background-repeat":"repeat","background-position":"center center","background-size":"auto","background-attachment":"scroll","background-type":"","background-media":"","overlay-type":"","overlay-color":"","overlay-opacity":"","overlay-gradient":""},"mobile":{"background-color":"var(--ast-global-color-5)","background-image":"","background-repeat":"repeat","background-position":"center center","background-size":"auto","background-attachment":"scroll","background-type":"","background-media":"","overlay-type":"","overlay-color":"","overlay-opacity":"","overlay-gradient":""}}},"product_brand":[],"product_cat":[1147,1144],"product_tag":[3643],"product_format_filter":[6374],"class_list":{"0":"post-147631","1":"product","2":"type-product","3":"status-publish","4":"has-post-thumbnail","6":"product_cat-pre-roules-infuses","7":"product_cat-pre-roules","8":"product_tag-ritual-sticks-fr","9":"pa_flavours-cookie-fr","10":"pa_flavours-cremeux","11":"pa_flavours-gaz","12":"pa_flavours-hash-fr","13":"pa_flavours-doux","14":"pa_flavours-terreux","15":"pa_intensity-thc-eleve","16":"pa_intensity-low-cbg-fr","17":"pa_marques-ritual-sticks-fr","18":"pa_origin-nouvelle-ecosse","19":"pa_profil-terpene-caryophyllene","20":"pa_profil-terpene-farnesene-fr","21":"pa_profil-terpene-humulene-fr","22":"pa_profil-terpene-limonene-fr","23":"pa_type-de-plante-hybride-sativa-fr","24":"product_format_filter-0-5g","25":"desktop-align-left","26":"tablet-align-left","27":"mobile-align-left","29":"first","30":"instock","31":"taxable","32":"shipping-taxable","33":"purchasable","34":"product-type-simple"},"group_of_quantity":0,"min_quantity":0,"max_quantity":"","exclude_order_quantity_value_rules":"no","exclude_category_quantity_rules":"no","combine_variations":"no","acf":[],"_links":{"self":[{"href":"https:\/\/mendomedical.ca\/fr\/wp-json\/wp\/v2\/product\/147631","targetHints":{"allow":["GET"]}}],"collection":[{"href":"https:\/\/mendomedical.ca\/fr\/wp-json\/wp\/v2\/product"}],"about":[{"href":"https:\/\/mendomedical.ca\/fr\/wp-json\/wp\/v2\/types\/product"}],"replies":[{"embeddable":true,"href":"https:\/\/mendomedical.ca\/fr\/wp-json\/wp\/v2\/comments?post=147631"}],"wp:featuredmedia":[{"embeddable":true,"href":"https:\/\/mendomedical.ca\/fr\/wp-json\/wp\/v2\/media\/147633"}],"wp:attachment":[{"href":"https:\/\/mendomedical.ca\/fr\/wp-json\/wp\/v2\/media?parent=147631"}],"wp:term":[{"taxonomy":"product_brand","embeddable":true,"href":"https:\/\/mendomedical.ca\/fr\/wp-json\/wp\/v2\/product_brand?post=147631"},{"taxonomy":"product_cat","embeddable":true,"href":"https:\/\/mendomedical.ca\/fr\/wp-json\/wp\/v2\/product_cat?post=147631"},{"taxonomy":"product_tag","embeddable":true,"href":"https:\/\/mendomedical.ca\/fr\/wp-json\/wp\/v2\/product_tag?post=147631"},{"taxonomy":"product_format_filter","embeddable":true,"href":"https:\/\/mendomedical.ca\/fr\/wp-json\/wp\/v2\/product_format_filter?post=147631"}],"curies":[{"name":"wp","href":"https:\/\/api.w.org\/{rel}","templated":true}]}}