{"id":147624,"date":"2025-04-15T11:30:51","date_gmt":"2025-04-15T15:30:51","guid":{"rendered":"https:\/\/mendomedical.ca\/?post_type=product&#038;p=147624"},"modified":"2025-10-22T14:25:43","modified_gmt":"2025-10-22T18:25:43","slug":"mac-1","status":"publish","type":"product","link":"https:\/\/mendomedical.ca\/fr\/produit\/mac-1\/","title":{"rendered":"MAC 1"},"content":{"rendered":"","protected":false},"excerpt":{"rendered":"<div class=\"ExternalClass4EAB3E8EEB984F1281C02179C021123B\">\n<h3>MAC 1 de Ritual Green<\/h3>\n<p>D\u00e9couvrez l&rsquo;exceptionnelle MAC 1, une puissante vari\u00e9t\u00e9 hybride cr\u00e9\u00e9e par Ritual Green gr\u00e2ce au croisement expert d&rsquo;Alien Cookies et de Miracle 15. Cette fleur de qualit\u00e9 sup\u00e9rieure offre un total remarquable de 3,11 % de terp\u00e8nes ainsi qu&rsquo;une puissante teneur en THC de 28 \u00e0 34 %, ce qui en fait l&rsquo;une des vari\u00e9t\u00e9s les plus recherch\u00e9es sur le march\u00e9 du cannabis m\u00e9dical au Canada. Avec sa combinaison distinctive de gaz, de fromage piquant et de notes florales subtiles, MAC 1 offre une exp\u00e9rience sensorielle vraiment unique qui pla\u00eet aux consommateurs de cannabis m\u00e9dical exigeants.  <\/p>\n<h4>Caract\u00e9ristiques principales<\/h4>\n<ul>\n<li>G\u00e9n\u00e9tique hybride de premi\u00e8re qualit\u00e9 : Alien Cookies X Miracle 15<\/li>\n<li>Puissance \u00e9lev\u00e9e : 28-34% de THC avec 3,11% de terp\u00e8nes totaux.<\/li>\n<li>Cocottes denses, recouvertes de trichomes, avec des pistils orange vif.<\/li>\n<li>Effets polyvalents permettant de se concentrer et de se d\u00e9tendre<\/li>\n<li>Les terp\u00e8nes dominants sont le D-Limon\u00e8ne, le b\u00eata-caryophyll\u00e8ne, le germacr\u00e8ne et le b\u00eata-myrc\u00e8ne.<\/li>\n<\/ul>\n<h4>Profil aromatique et gustatif<\/h4>\n<p>MAC 1 pr\u00e9sente un profil sensoriel complexe et attrayant qui la distingue des autres vari\u00e9t\u00e9s. L&rsquo;ar\u00f4me combine le gaz, le fromage piquant et des notes florales subtiles, cr\u00e9ant un bouquet intrigant qui vous pr\u00e9pare \u00e0 l&rsquo;exp\u00e9rience qui vous attend. La saveur offre un go\u00fbt de kush sucr\u00e9 et humide unique, rehauss\u00e9 par des notes distinctives d&rsquo;ail et de houblon. Ce profil terp\u00e9nique sophistiqu\u00e9, allant de 2 \u00e0 4 %, est domin\u00e9 par le D-limon\u00e8ne, le b\u00eata-caryophyll\u00e8ne, le germacr\u00e8ne et le b\u00eata-myrc\u00e8ne, contribuant \u00e0 la fois au go\u00fbt distinctif de la souche et \u00e0 son potentiel th\u00e9rapeutique.   <\/p>\n<h4>Pourquoi choisir Premium Flower<\/h4>\n<p>La fleur de qualit\u00e9 sup\u00e9rieure comme MAC 1 offre aux utilisateurs m\u00e9dicaux le spectre complet des cannabino\u00efdes et des terp\u00e8nes sous leur forme naturelle. Cette approche bas\u00e9e sur la plante enti\u00e8re peut apporter des b\u00e9n\u00e9fices th\u00e9rapeutiques accrus gr\u00e2ce \u00e0 l&rsquo;effet d&rsquo;entourage, ce qui en fait un excellent choix pour ceux qui recherchent un soulagement polyvalent tout au long de la journ\u00e9e ou de la nuit. <\/p>\n<h4>Exp\u00e9dition dans tout le Canada<\/h4>\n<p>MAC 1 exp\u00e9die rapidement \u00e0 travers le Canada, vous assurant de recevoir votre fleur de qualit\u00e9 sup\u00e9rieure dans des conditions optimales. Nous offrons la livraison gratuite pour toutes les commandes de plus de 150 $, ce qui facilite l&rsquo;acc\u00e8s aux produits de cannabis m\u00e9dical dont vous avez besoin sans frais suppl\u00e9mentaires. <\/p>\n<h4>Avantages et couverture pour les anciens combattants<\/h4>\n<p>Le MAC 1 est admissible \u00e0 la couverture d&rsquo;ACC (Anciens Combattants Canada) et permet la facturation directe par l&rsquo;entremise de la Croix Bleue, ce qui signifie que les anciens combattants admissibles n&rsquo;ont pas \u00e0 d\u00e9bourser d&rsquo;argent. Si vous n&rsquo;avez pas encore de carte m\u00e9dicale, vous pouvez <a href=\"https:\/\/mendomedical.ca\/fr\/carte-medicale\/\">obtenir votre carte m\u00e9dicale gratuite rapidement et facilement<\/a> pour acc\u00e9der \u00e0 ces avantages et commencer votre voyage avec du cannabis m\u00e9dical de qualit\u00e9 sup\u00e9rieure. <\/p>\n<\/div>\n","protected":false},"featured_media":147626,"comment_status":"closed","ping_status":"closed","template":"","meta":{"_acf_changed":false,"site-sidebar-layout":"default","site-content-layout":"","ast-site-content-layout":"default","site-content-style":"default","site-sidebar-style":"default","ast-global-header-display":"","ast-banner-title-visibility":"","ast-main-header-display":"","ast-hfb-above-header-display":"","ast-hfb-below-header-display":"","ast-hfb-mobile-header-display":"","site-post-title":"","ast-breadcrumbs-content":"","ast-featured-img":"","footer-sml-layout":"","ast-disable-related-posts":"","theme-transparent-header-meta":"default","adv-header-id-meta":"","stick-header-meta":"","header-above-stick-meta":"","header-main-stick-meta":"","header-below-stick-meta":"","astra-migrate-meta-layouts":"set","ast-page-background-enabled":"default","ast-page-background-meta":{"desktop":{"background-color":"var(--ast-global-color-4)","background-image":"","background-repeat":"repeat","background-position":"center center","background-size":"auto","background-attachment":"scroll","background-type":"","background-media":"","overlay-type":"","overlay-color":"","overlay-opacity":"","overlay-gradient":""},"tablet":{"background-color":"","background-image":"","background-repeat":"repeat","background-position":"center center","background-size":"auto","background-attachment":"scroll","background-type":"","background-media":"","overlay-type":"","overlay-color":"","overlay-opacity":"","overlay-gradient":""},"mobile":{"background-color":"","background-image":"","background-repeat":"repeat","background-position":"center center","background-size":"auto","background-attachment":"scroll","background-type":"","background-media":"","overlay-type":"","overlay-color":"","overlay-opacity":"","overlay-gradient":""}},"ast-content-background-meta":{"desktop":{"background-color":"var(--ast-global-color-5)","background-image":"","background-repeat":"repeat","background-position":"center center","background-size":"auto","background-attachment":"scroll","background-type":"","background-media":"","overlay-type":"","overlay-color":"","overlay-opacity":"","overlay-gradient":""},"tablet":{"background-color":"var(--ast-global-color-5)","background-image":"","background-repeat":"repeat","background-position":"center center","background-size":"auto","background-attachment":"scroll","background-type":"","background-media":"","overlay-type":"","overlay-color":"","overlay-opacity":"","overlay-gradient":""},"mobile":{"background-color":"var(--ast-global-color-5)","background-image":"","background-repeat":"repeat","background-position":"center center","background-size":"auto","background-attachment":"scroll","background-type":"","background-media":"","overlay-type":"","overlay-color":"","overlay-opacity":"","overlay-gradient":""}}},"product_brand":[4300],"product_cat":[1137],"product_tag":[2691],"product_format_filter":[6389],"class_list":{"0":"post-147624","1":"product","2":"type-product","3":"status-publish","4":"has-post-thumbnail","6":"product_brand-ritual-green","7":"product_cat-fleur","8":"product_tag-ritual-green-fr","9":"pa_flavours-ail","10":"pa_flavours-dank-fr","11":"pa_flavours-kush","12":"pa_flavours-houblon","13":"pa_flavours-doux","14":"pa_format-3-5g-fr","15":"pa_intensity-thc-eleve","16":"pa_marques-rituel-vert","17":"pa_origin-nouvelle-ecosse","18":"pa_packaging-date-04-4-2025-fr","19":"pa_prix-par-gramme-8-57-fr","20":"pa_profil-terpene-caryophyllene","21":"pa_profil-terpene-limonene-fr","22":"pa_profil-terpene-linalol-fr","23":"pa_profil-terpene-myrcene","24":"pa_thc-28-3-fr","25":"pa_type-de-plante-hybride-fr","26":"product_format_filter-3-5g","27":"desktop-align-left","28":"tablet-align-left","29":"mobile-align-left","31":"first","32":"outofstock","33":"taxable","34":"shipping-taxable","35":"purchasable","36":"product-type-simple"},"group_of_quantity":0,"min_quantity":0,"max_quantity":"","exclude_order_quantity_value_rules":"no","exclude_category_quantity_rules":"no","combine_variations":"no","acf":[],"_links":{"self":[{"href":"https:\/\/mendomedical.ca\/fr\/wp-json\/wp\/v2\/product\/147624","targetHints":{"allow":["GET"]}}],"collection":[{"href":"https:\/\/mendomedical.ca\/fr\/wp-json\/wp\/v2\/product"}],"about":[{"href":"https:\/\/mendomedical.ca\/fr\/wp-json\/wp\/v2\/types\/product"}],"replies":[{"embeddable":true,"href":"https:\/\/mendomedical.ca\/fr\/wp-json\/wp\/v2\/comments?post=147624"}],"wp:featuredmedia":[{"embeddable":true,"href":"https:\/\/mendomedical.ca\/fr\/wp-json\/wp\/v2\/media\/147626"}],"wp:attachment":[{"href":"https:\/\/mendomedical.ca\/fr\/wp-json\/wp\/v2\/media?parent=147624"}],"wp:term":[{"taxonomy":"product_brand","embeddable":true,"href":"https:\/\/mendomedical.ca\/fr\/wp-json\/wp\/v2\/product_brand?post=147624"},{"taxonomy":"product_cat","embeddable":true,"href":"https:\/\/mendomedical.ca\/fr\/wp-json\/wp\/v2\/product_cat?post=147624"},{"taxonomy":"product_tag","embeddable":true,"href":"https:\/\/mendomedical.ca\/fr\/wp-json\/wp\/v2\/product_tag?post=147624"},{"taxonomy":"product_format_filter","embeddable":true,"href":"https:\/\/mendomedical.ca\/fr\/wp-json\/wp\/v2\/product_format_filter?post=147624"}],"curies":[{"name":"wp","href":"https:\/\/api.w.org\/{rel}","templated":true}]}}