{"id":147592,"date":"2025-09-22T20:30:01","date_gmt":"2025-09-23T00:30:01","guid":{"rendered":"https:\/\/mendomedical.ca\/?post_type=product&#038;p=147592"},"modified":"2026-04-13T15:38:48","modified_gmt":"2026-04-13T19:38:48","slug":"acapulco-gold","status":"publish","type":"product","link":"https:\/\/mendomedical.ca\/fr\/produit\/acapulco-gold\/","title":{"rendered":"Acapulco Gold"},"content":{"rendered":"","protected":false},"excerpt":{"rendered":"<div class=\"ExternalClassD7AB881AA49C43F79BAE958D2F47F34A\">\n<h3>Acapulco Gold par Jonny Chronic<\/h3>\n<p>D\u00e9couvrez la l\u00e9gendaire Acapulco Gold, une vari\u00e9t\u00e9 sativa haut de gamme de Jonny Chronic qui offre une qualit\u00e9 et une puissance exceptionnelles. Ce cultivar landrace d&rsquo;Am\u00e9rique centrale produit de superbes cocottes riches en trichomes, orn\u00e9es de pistils orange cuivr\u00e9 distinctifs. Avec une impressionnante teneur en terp\u00e8nes totaux de 2,88 %, Acapulco Gold offre un profil aromatique robuste qui met en valeur les meilleures caract\u00e9ristiques de cette vari\u00e9t\u00e9 patrimoniale.  <\/p>\n<h4>Caract\u00e9ristiques principales<\/h4>\n<ul>\n<li>G\u00e9n\u00e9tique sativa pure originaire d&rsquo;Am\u00e9rique centrale<\/li>\n<li>Culture en petites s\u00e9ries avec une attention m\u00e9ticuleuse aux d\u00e9tails<\/li>\n<li>Par\u00e9s \u00e0 la main, s\u00e9ch\u00e9s \u00e0 l&rsquo;air libre et s\u00e9ch\u00e9s lentement pour une qualit\u00e9 optimale.<\/li>\n<li>Une teneur \u00e9lev\u00e9e en terp\u00e8nes (2,88 %) pour une exp\u00e9rience aromatique am\u00e9lior\u00e9e.<\/li>\n<li>Emballage frais pour pr\u00e9server les trichomes et maintenir l&rsquo;efficacit\u00e9<\/li>\n<\/ul>\n<h4>Profil et caract\u00e9ristiques des terp\u00e8nes<\/h4>\n<p>Acapulco Gold pr\u00e9sente un profil terp\u00e9nique distinctif domin\u00e9 par le terpin\u00e8ne, le caryophyll\u00e8ne et le myrc\u00e8ne. Cette combinaison unique cr\u00e9e une exp\u00e9rience aromatique complexe qui refl\u00e8te son h\u00e9ritage d&rsquo;Am\u00e9rique centrale. Les magnifiques cocottes scintillent avec une couverture de trichomes, indiquant les m\u00e9thodes de culture et de traitement minutieuses employ\u00e9es par Jonny Chronic.  <\/p>\n<h4>Pourquoi choisir All Flower<\/h4>\n<p>Les produits \u00e0 base de fleurs enti\u00e8res offrent aux utilisateurs m\u00e9dicaux le spectre complet des cannabino\u00efdes et des terp\u00e8nes sous leur forme naturelle. Ce format permet un contr\u00f4le pr\u00e9cis du dosage et offre une exp\u00e9rience authentique des caract\u00e9ristiques uniques de chaque vari\u00e9t\u00e9. <\/p>\n<h4>Exp\u00e9dition dans tout le Canada<\/h4>\n<p>Acapulco Gold est exp\u00e9di\u00e9 rapidement dans tout le Canada, avec une livraison gratuite pour les commandes de plus de 150 $. Nous veillons \u00e0 ce que vos produits arrivent frais et dans un \u00e9tat optimal, en maintenant la qualit\u00e9 qui fait la r\u00e9putation de Jonny Chronic. <\/p>\n<h4>Avantages et couverture pour les anciens combattants<\/h4>\n<p>Acapulco Gold est admissible \u00e0 la couverture d&rsquo;ACC (Anciens Combattants Canada) et \u00e0 la facturation directe par l&rsquo;entremise de la Croix Bleue, ce qui permet aux anciens combattants admissibles de ne pas avoir \u00e0 d\u00e9bourser d&rsquo;argent. Si vous n&rsquo;avez pas encore votre carte m\u00e9dicale, vous pouvez en obtenir une rapidement et facilement \u00e0 l&rsquo;<a href=\"https:\/\/mendomedical.ca\/fr\/carte-medicale\/\">adresse https:\/\/mendomedical.ca\/medical-card\/.<\/a> <\/p>\n<\/div>\n","protected":false},"featured_media":147594,"comment_status":"closed","ping_status":"closed","template":"","meta":{"_acf_changed":false,"site-sidebar-layout":"default","site-content-layout":"","ast-site-content-layout":"default","site-content-style":"default","site-sidebar-style":"default","ast-global-header-display":"","ast-banner-title-visibility":"","ast-main-header-display":"","ast-hfb-above-header-display":"","ast-hfb-below-header-display":"","ast-hfb-mobile-header-display":"","site-post-title":"","ast-breadcrumbs-content":"","ast-featured-img":"","footer-sml-layout":"","ast-disable-related-posts":"","theme-transparent-header-meta":"default","adv-header-id-meta":"","stick-header-meta":"","header-above-stick-meta":"","header-main-stick-meta":"","header-below-stick-meta":"","astra-migrate-meta-layouts":"set","ast-page-background-enabled":"default","ast-page-background-meta":{"desktop":{"background-color":"var(--ast-global-color-4)","background-image":"","background-repeat":"repeat","background-position":"center center","background-size":"auto","background-attachment":"scroll","background-type":"","background-media":"","overlay-type":"","overlay-color":"","overlay-opacity":"","overlay-gradient":""},"tablet":{"background-color":"","background-image":"","background-repeat":"repeat","background-position":"center center","background-size":"auto","background-attachment":"scroll","background-type":"","background-media":"","overlay-type":"","overlay-color":"","overlay-opacity":"","overlay-gradient":""},"mobile":{"background-color":"","background-image":"","background-repeat":"repeat","background-position":"center center","background-size":"auto","background-attachment":"scroll","background-type":"","background-media":"","overlay-type":"","overlay-color":"","overlay-opacity":"","overlay-gradient":""}},"ast-content-background-meta":{"desktop":{"background-color":"var(--ast-global-color-5)","background-image":"","background-repeat":"repeat","background-position":"center center","background-size":"auto","background-attachment":"scroll","background-type":"","background-media":"","overlay-type":"","overlay-color":"","overlay-opacity":"","overlay-gradient":""},"tablet":{"background-color":"var(--ast-global-color-5)","background-image":"","background-repeat":"repeat","background-position":"center center","background-size":"auto","background-attachment":"scroll","background-type":"","background-media":"","overlay-type":"","overlay-color":"","overlay-opacity":"","overlay-gradient":""},"mobile":{"background-color":"var(--ast-global-color-5)","background-image":"","background-repeat":"repeat","background-position":"center center","background-size":"auto","background-attachment":"scroll","background-type":"","background-media":"","overlay-type":"","overlay-color":"","overlay-opacity":"","overlay-gradient":""}}},"product_brand":[4293],"product_cat":[1137],"product_tag":[2167],"product_format_filter":[6373],"class_list":{"0":"post-147592","1":"product","2":"type-product","3":"status-publish","4":"has-post-thumbnail","6":"product_brand-jonny-chronic","7":"product_cat-fleur","8":"product_tag-jonny-chronic-fr","9":"pa_intensity-thc-eleve","10":"pa_marques-jonny-chronic-fr","11":"pa_origin-ontario-fr","12":"pa_packaging-date-01-12-2026","13":"pa_prix-par-gramme-7-14-fr","14":"pa_profil-terpene-caryophyllene","15":"pa_profil-terpene-humulene-fr","16":"pa_profil-terpene-linalol-fr","17":"pa_profil-terpene-myrcene","18":"pa_type-de-plante-sativa-fr","19":"product_format_filter-7g","20":"desktop-align-left","21":"tablet-align-left","22":"mobile-align-left","24":"first","25":"instock","26":"taxable","27":"shipping-taxable","28":"purchasable","29":"product-type-simple"},"group_of_quantity":0,"min_quantity":0,"max_quantity":"","exclude_order_quantity_value_rules":"no","exclude_category_quantity_rules":"no","combine_variations":"no","acf":[],"_links":{"self":[{"href":"https:\/\/mendomedical.ca\/fr\/wp-json\/wp\/v2\/product\/147592","targetHints":{"allow":["GET"]}}],"collection":[{"href":"https:\/\/mendomedical.ca\/fr\/wp-json\/wp\/v2\/product"}],"about":[{"href":"https:\/\/mendomedical.ca\/fr\/wp-json\/wp\/v2\/types\/product"}],"replies":[{"embeddable":true,"href":"https:\/\/mendomedical.ca\/fr\/wp-json\/wp\/v2\/comments?post=147592"}],"wp:featuredmedia":[{"embeddable":true,"href":"https:\/\/mendomedical.ca\/fr\/wp-json\/wp\/v2\/media\/147594"}],"wp:attachment":[{"href":"https:\/\/mendomedical.ca\/fr\/wp-json\/wp\/v2\/media?parent=147592"}],"wp:term":[{"taxonomy":"product_brand","embeddable":true,"href":"https:\/\/mendomedical.ca\/fr\/wp-json\/wp\/v2\/product_brand?post=147592"},{"taxonomy":"product_cat","embeddable":true,"href":"https:\/\/mendomedical.ca\/fr\/wp-json\/wp\/v2\/product_cat?post=147592"},{"taxonomy":"product_tag","embeddable":true,"href":"https:\/\/mendomedical.ca\/fr\/wp-json\/wp\/v2\/product_tag?post=147592"},{"taxonomy":"product_format_filter","embeddable":true,"href":"https:\/\/mendomedical.ca\/fr\/wp-json\/wp\/v2\/product_format_filter?post=147592"}],"curies":[{"name":"wp","href":"https:\/\/api.w.org\/{rel}","templated":true}]}}