{"id":147568,"date":"2023-06-01T15:00:15","date_gmt":"2023-06-01T19:00:15","guid":{"rendered":"https:\/\/mendomedical.ca\/?post_type=product&#038;p=147568"},"modified":"2026-04-17T23:01:21","modified_gmt":"2026-04-18T03:01:21","slug":"cbd-251-softgels","status":"publish","type":"product","link":"https:\/\/mendomedical.ca\/fr\/produit\/cbd-251-softgels\/","title":{"rendered":"CBD 25:1 Capsules molles"},"content":{"rendered":"","protected":false},"excerpt":{"rendered":"<div class=\"ExternalClassBB71E1E966FE4612980C52152F47395E\">\n<h3>CBD 25:1 Softgels de Truro Cannabis<\/h3>\n<p>Faites l&rsquo;exp\u00e9rience d&rsquo;une suppl\u00e9mentation en CBD pr\u00e9cise et de qualit\u00e9 pharmaceutique avec les capsules molles CBD 25:1 de Truro Cannabis. Chaque flacon contient 30 capsules soigneusement formul\u00e9es, d\u00e9livrant 25 mg de CBD et 1 mg de THC par dose. D\u00e9velopp\u00e9es par l&rsquo;\u00e9quipe de pharmaciens et de m\u00e9decins experts de Truro, ces capsules molles constituent un moyen discret et pratique d&rsquo;int\u00e9grer le CBD \u00e0 votre routine quotidienne de bien-\u00eatre.  <\/p>\n<h4>Caract\u00e9ristiques principales<\/h4>\n<ul>\n<li>Rapport pr\u00e9cis de 25:1 entre le CBD et le THC (25 mg de CBD, 1 mg de THC par g\u00e9lule)<\/li>\n<li>30 g\u00e9lules par bouteille avec un support d&rsquo;huile de graines de chanvre pour une absorption optimale<\/li>\n<li>Formule sans sucre, sans calories et sans go\u00fbt d\u00e9sagr\u00e9able<\/li>\n<li>Petites g\u00e9lules faciles \u00e0 avaler, con\u00e7ues pour un dosage discret<\/li>\n<li>Formul\u00e9 de mani\u00e8re professionnelle par l&rsquo;\u00e9quipe de pharmaciens et de m\u00e9decins de Truro<\/li>\n<\/ul>\n<h4>Pourquoi choisir les g\u00e9lules souples<\/h4>\n<p>Les capsules de gel souple offrent aux consommateurs de cannabis m\u00e9dical une m\u00e9thode de dosage pr\u00e9cise et coh\u00e9rente, sans qu&rsquo;il soit n\u00e9cessaire de les mesurer ou de les pr\u00e9parer. Le format pr\u00e9-dos\u00e9 garantit la pr\u00e9cision, tandis que le go\u00fbt neutre et la petite taille en font la solution id\u00e9ale pour ceux qui pr\u00e9f\u00e8rent une approche discr\u00e8te, de type pharmaceutique, \u00e0 leur r\u00e9gime de CBD. <\/p>\n<h4>Exp\u00e9dition dans tout le Canada<\/h4>\n<p>CBD 25:1 Softgels est exp\u00e9di\u00e9 rapidement \u00e0 travers le Canada. Nous offrons une livraison gratuite pour toutes les commandes de plus de 150 $. Veuillez noter que les produits contenant de la g\u00e9latine peuvent fondre pendant l&rsquo;exp\u00e9dition durant les mois d&rsquo;\u00e9t\u00e9. Nous vous recommandons de tenir compte de ce probl\u00e8me potentiel lorsque vous passez votre commande.    Malheureusement, nous ne pouvons pas offrir de remboursement ou de remplacement pour les produits qui fondent pendant le transport. Nous vous remercions de votre compr\u00e9hension.<\/p>\n<h4>Avantages et couverture pour les anciens combattants<\/h4>\n<p>Les capsules molles de CBD 25:1 sont admissibles \u00e0 la couverture d&rsquo;ACC (Anciens Combattants Canada) avec facturation directe par l&rsquo;entremise de la Croix Bleue, ce qui signifie que les anciens combattants admissibles n&rsquo;ont pas \u00e0 d\u00e9bourser d&rsquo;argent. Si vous n&rsquo;avez pas encore de carte de cannabis m\u00e9dical, <a href=\"https:\/\/mendomedical.ca\/fr\/carte-medicale\/\">obtenez votre carte m\u00e9dicale gratuite rapidement et facilement<\/a> pour acc\u00e9der \u00e0 ces avantages. <\/p>\n<p><b>Ingr\u00e9dients<\/b><\/p>\n<div style=\"14px;14px\">Huile de graines de chanvre<\/div>\n<\/div>\n","protected":false},"featured_media":147570,"comment_status":"closed","ping_status":"closed","template":"","meta":{"_acf_changed":false,"site-sidebar-layout":"default","site-content-layout":"","ast-site-content-layout":"default","site-content-style":"default","site-sidebar-style":"default","ast-global-header-display":"","ast-banner-title-visibility":"","ast-main-header-display":"","ast-hfb-above-header-display":"","ast-hfb-below-header-display":"","ast-hfb-mobile-header-display":"","site-post-title":"","ast-breadcrumbs-content":"","ast-featured-img":"","footer-sml-layout":"","ast-disable-related-posts":"","theme-transparent-header-meta":"default","adv-header-id-meta":"","stick-header-meta":"","header-above-stick-meta":"","header-main-stick-meta":"","header-below-stick-meta":"","astra-migrate-meta-layouts":"set","ast-page-background-enabled":"default","ast-page-background-meta":{"desktop":{"background-color":"var(--ast-global-color-4)","background-image":"","background-repeat":"repeat","background-position":"center center","background-size":"auto","background-attachment":"scroll","background-type":"","background-media":"","overlay-type":"","overlay-color":"","overlay-opacity":"","overlay-gradient":""},"tablet":{"background-color":"","background-image":"","background-repeat":"repeat","background-position":"center center","background-size":"auto","background-attachment":"scroll","background-type":"","background-media":"","overlay-type":"","overlay-color":"","overlay-opacity":"","overlay-gradient":""},"mobile":{"background-color":"","background-image":"","background-repeat":"repeat","background-position":"center center","background-size":"auto","background-attachment":"scroll","background-type":"","background-media":"","overlay-type":"","overlay-color":"","overlay-opacity":"","overlay-gradient":""}},"ast-content-background-meta":{"desktop":{"background-color":"var(--ast-global-color-5)","background-image":"","background-repeat":"repeat","background-position":"center center","background-size":"auto","background-attachment":"scroll","background-type":"","background-media":"","overlay-type":"","overlay-color":"","overlay-opacity":"","overlay-gradient":""},"tablet":{"background-color":"var(--ast-global-color-5)","background-image":"","background-repeat":"repeat","background-position":"center center","background-size":"auto","background-attachment":"scroll","background-type":"","background-media":"","overlay-type":"","overlay-color":"","overlay-opacity":"","overlay-gradient":""},"mobile":{"background-color":"var(--ast-global-color-5)","background-image":"","background-repeat":"repeat","background-position":"center center","background-size":"auto","background-attachment":"scroll","background-type":"","background-media":"","overlay-type":"","overlay-color":"","overlay-opacity":"","overlay-gradient":""}}},"product_brand":[],"product_cat":[3853,1116],"product_tag":[4260],"product_format_filter":[6392],"class_list":{"0":"post-147568","1":"product","2":"type-product","3":"status-publish","4":"has-post-thumbnail","6":"product_cat-cbd-minors-5-fr","7":"product_cat-gels-mous","8":"product_tag-truro-cannabis-fr","9":"pa_cbd-750mg-fr","10":"pa_format-30-units-fr","11":"pa_intensity-faible-thc","12":"pa_intensity-eleve-en-cbd","13":"pa_marques-truro-cannabis-fr","14":"pa_origin-nouvelle-ecosse","15":"pa_profil-terpene-caryophyllene","16":"pa_thc-30mg-fr","17":"pa_type-de-plante-cbd-fr","18":"pa_type-de-plante-thc-fr","19":"product_format_filter-3units","20":"desktop-align-left","21":"tablet-align-left","22":"mobile-align-left","24":"first","25":"instock","26":"taxable","27":"shipping-taxable","28":"purchasable","29":"product-type-simple"},"group_of_quantity":0,"min_quantity":0,"max_quantity":"","exclude_order_quantity_value_rules":"no","exclude_category_quantity_rules":"no","combine_variations":"no","acf":[],"_links":{"self":[{"href":"https:\/\/mendomedical.ca\/fr\/wp-json\/wp\/v2\/product\/147568","targetHints":{"allow":["GET"]}}],"collection":[{"href":"https:\/\/mendomedical.ca\/fr\/wp-json\/wp\/v2\/product"}],"about":[{"href":"https:\/\/mendomedical.ca\/fr\/wp-json\/wp\/v2\/types\/product"}],"replies":[{"embeddable":true,"href":"https:\/\/mendomedical.ca\/fr\/wp-json\/wp\/v2\/comments?post=147568"}],"wp:featuredmedia":[{"embeddable":true,"href":"https:\/\/mendomedical.ca\/fr\/wp-json\/wp\/v2\/media\/147570"}],"wp:attachment":[{"href":"https:\/\/mendomedical.ca\/fr\/wp-json\/wp\/v2\/media?parent=147568"}],"wp:term":[{"taxonomy":"product_brand","embeddable":true,"href":"https:\/\/mendomedical.ca\/fr\/wp-json\/wp\/v2\/product_brand?post=147568"},{"taxonomy":"product_cat","embeddable":true,"href":"https:\/\/mendomedical.ca\/fr\/wp-json\/wp\/v2\/product_cat?post=147568"},{"taxonomy":"product_tag","embeddable":true,"href":"https:\/\/mendomedical.ca\/fr\/wp-json\/wp\/v2\/product_tag?post=147568"},{"taxonomy":"product_format_filter","embeddable":true,"href":"https:\/\/mendomedical.ca\/fr\/wp-json\/wp\/v2\/product_format_filter?post=147568"}],"curies":[{"name":"wp","href":"https:\/\/api.w.org\/{rel}","templated":true}]}}