{"id":147548,"date":"2025-08-31T18:30:39","date_gmt":"2025-08-31T22:30:39","guid":{"rendered":"https:\/\/mendomedical.ca\/?post_type=product&#038;p=147548"},"modified":"2026-03-27T15:21:30","modified_gmt":"2026-03-27T19:21:30","slug":"signature-live-rosin-purple-poison-og","status":"publish","type":"product","link":"https:\/\/mendomedical.ca\/fr\/produit\/signature-live-rosin-purple-poison-og\/","title":{"rendered":"Signature Live Rosin Purple Poison OG"},"content":{"rendered":"","protected":false},"excerpt":{"rendered":"<div class=\"ExternalClass50C33E60D60140D197152AE2082E620F\">\n<h3>TERP\u00c8NES TOTAUX 14,62%.<\/h3>\n<h3>Signature Live Rosin Purple Poison OG<\/h3>\n<p>D\u00e9couvrez la puissance et la saveur exceptionnelles de la Live Rosin Purple Poison OG de Sauce&rsquo;s Signature, un concentr\u00e9 sans solvant de premi\u00e8re qualit\u00e9 con\u00e7u pour les amateurs de cannabis exigeants. Ce puissant croisement de Poison OG et de Planet Purple offre un profil aromatique intense avec 14,62 % de terp\u00e8nes totaux, offrant une exp\u00e9rience \u00e0 spectre complet qui met en valeur le meilleur des deux souches parentales dans chaque Dabs. <\/p>\n<h4>Caract\u00e9ristiques principales<\/h4>\n<ul>\n<li>Extraction sans solvant de premi\u00e8re qualit\u00e9 \u00e0 partir de fleurs de cannabis fra\u00eechement congel\u00e9es<\/li>\n<li>Une teneur \u00e9lev\u00e9e en terp\u00e8nes (14,62 %) pour une saveur et un effet maximums.<\/li>\n<li>73\u03bc-159\u03bc\u03bc micron gamme de hachage de l&rsquo;eau glac\u00e9e pour une s\u00e9lection optimale des trichomes.<\/li>\n<li>L&rsquo;homog\u00e9n\u00e9it\u00e9 de la signature Live Rosin garantit une fra\u00eecheur optimale.<\/li>\n<li>Temp\u00e9rature de vaporisation recommand\u00e9e entre 490\u00b0F et 510\u00b0F<\/li>\n<\/ul>\n<h4>Profil aromatique et gustatif<\/h4>\n<p>Purple Poison OG offre un profil terp\u00e9nique audacieux et complexe que les connaisseurs du cannabis appr\u00e9cieront. Les notes dominantes de carburant et d&rsquo;essence cr\u00e9ent une base intense, tandis que des couches de diesel et d&rsquo;acide \u00e9lectrique ajoutent de la profondeur et du caract\u00e8re. Ce profil parfaitement \u00e9quilibr\u00e9 combine les caract\u00e9ristiques caract\u00e9ristiques de la Purple Fuel avec un final vif et piquant qui reste en bouche.  <\/p>\n<h4>Pourquoi choisir les concentr\u00e9s de Live Rosin ?<\/h4>\n<p>Les concentr\u00e9s de Live Rosin offrent aux consommateurs de cannabis m\u00e9dical une option pure et puissante qui pr\u00e9serve le profil terp\u00e9nique naturel de la plante. Le processus d&rsquo;extraction sans solvant peut aider \u00e0 maintenir le spectre complet des compos\u00e9s b\u00e9n\u00e9fiques, ce qui peut r\u00e9pondre \u00e0 divers besoins th\u00e9rapeutiques tout en permettant une apparition rapide des effets. <\/p>\n<h4>Exp\u00e9dition dans tout le Canada<\/h4>\n<p>Signature Live Rosin Purple Poison OG est exp\u00e9di\u00e9 rapidement dans tout le Canada, avec livraison gratuite \u00e0 partir de 150 $ d&rsquo;achat. Nous recommandons de conserver ce produit au r\u00e9frig\u00e9rateur pour en pr\u00e9server la fra\u00eecheur et la consistance. Veuillez laisser les produits atteindre la temp\u00e9rature ambiante avant de les utiliser pour une performance optimale.  <\/p>\n<h4>Avantages et couverture pour les anciens combattants<\/h4>\n<p>Signature Live Rosin Purple Poison OG est admissible \u00e0 la couverture d&rsquo;ACC (Anciens Combattants Canada) avec facturation directe par l&rsquo;entremise de la Croix Bleue, ce qui signifie qu&rsquo;aucun d\u00e9bours\u00e9 n&rsquo;est n\u00e9cessaire pour les anciens combattants admissibles. Si vous n&rsquo;avez pas encore d&rsquo;ordonnance de cannabis m\u00e9dical, vous pouvez <a href=\"https:\/\/mendomedical.ca\/fr\/carte-medicale\/\">obtenir votre carte m\u00e9dicale gratuite rapidement et facilement<\/a> gr\u00e2ce \u00e0 notre processus simplifi\u00e9. <\/p>\n<\/div>\n","protected":false},"featured_media":147550,"comment_status":"closed","ping_status":"closed","template":"","meta":{"_acf_changed":false,"site-sidebar-layout":"default","site-content-layout":"","ast-site-content-layout":"default","site-content-style":"default","site-sidebar-style":"default","ast-global-header-display":"","ast-banner-title-visibility":"","ast-main-header-display":"","ast-hfb-above-header-display":"","ast-hfb-below-header-display":"","ast-hfb-mobile-header-display":"","site-post-title":"","ast-breadcrumbs-content":"","ast-featured-img":"","footer-sml-layout":"","ast-disable-related-posts":"","theme-transparent-header-meta":"default","adv-header-id-meta":"","stick-header-meta":"","header-above-stick-meta":"","header-main-stick-meta":"","header-below-stick-meta":"","astra-migrate-meta-layouts":"set","ast-page-background-enabled":"default","ast-page-background-meta":{"desktop":{"background-color":"var(--ast-global-color-4)","background-image":"","background-repeat":"repeat","background-position":"center center","background-size":"auto","background-attachment":"scroll","background-type":"","background-media":"","overlay-type":"","overlay-color":"","overlay-opacity":"","overlay-gradient":""},"tablet":{"background-color":"","background-image":"","background-repeat":"repeat","background-position":"center center","background-size":"auto","background-attachment":"scroll","background-type":"","background-media":"","overlay-type":"","overlay-color":"","overlay-opacity":"","overlay-gradient":""},"mobile":{"background-color":"","background-image":"","background-repeat":"repeat","background-position":"center center","background-size":"auto","background-attachment":"scroll","background-type":"","background-media":"","overlay-type":"","overlay-color":"","overlay-opacity":"","overlay-gradient":""}},"ast-content-background-meta":{"desktop":{"background-color":"var(--ast-global-color-5)","background-image":"","background-repeat":"repeat","background-position":"center center","background-size":"auto","background-attachment":"scroll","background-type":"","background-media":"","overlay-type":"","overlay-color":"","overlay-opacity":"","overlay-gradient":""},"tablet":{"background-color":"var(--ast-global-color-5)","background-image":"","background-repeat":"repeat","background-position":"center center","background-size":"auto","background-attachment":"scroll","background-type":"","background-media":"","overlay-type":"","overlay-color":"","overlay-opacity":"","overlay-gradient":""},"mobile":{"background-color":"var(--ast-global-color-5)","background-image":"","background-repeat":"repeat","background-position":"center center","background-size":"auto","background-attachment":"scroll","background-type":"","background-media":"","overlay-type":"","overlay-color":"","overlay-opacity":"","overlay-gradient":""}}},"product_brand":[],"product_cat":[3926,1125,1118,1119],"product_tag":[2581],"product_format_filter":[6369],"class_list":{"0":"post-147548","1":"product","2":"type-product","3":"status-publish","4":"has-post-thumbnail","6":"product_cat-cbd-minors-2-fr","7":"product_cat-rosin-vivante","8":"product_cat-concentres","9":"product_cat-tout-sans-solvant","10":"product_tag-sauce-fr","11":"pa_cbc-1-5-3-5-fr","12":"pa_cbg-5-fr","13":"pa_flavours-aigre","14":"pa_flavours-carburant","15":"pa_flavours-gazeux-diesel","16":"pa_format-1g-2-fr","17":"pa_intensity-thc-eleve","18":"pa_intensity-low-cbc-fr","19":"pa_intensity-low-cbg-fr","20":"pa_marques-sauce-rosin-labs-fr","21":"pa_origin-colombie-britannique-fr","22":"pa_profil-terpene-caryophyllene","23":"pa_profil-terpene-humulene-fr","24":"pa_profil-terpene-limonene-fr","25":"pa_profil-terpene-myrcene","26":"pa_thc-70-8","27":"pa_type-de-plante-hybride-indica-fr-2","28":"product_format_filter-1g","29":"desktop-align-left","30":"tablet-align-left","31":"mobile-align-left","33":"first","34":"outofstock","35":"taxable","36":"shipping-taxable","37":"purchasable","38":"product-type-simple"},"group_of_quantity":0,"min_quantity":0,"max_quantity":"","exclude_order_quantity_value_rules":"no","exclude_category_quantity_rules":"no","combine_variations":"no","acf":[],"_links":{"self":[{"href":"https:\/\/mendomedical.ca\/fr\/wp-json\/wp\/v2\/product\/147548","targetHints":{"allow":["GET"]}}],"collection":[{"href":"https:\/\/mendomedical.ca\/fr\/wp-json\/wp\/v2\/product"}],"about":[{"href":"https:\/\/mendomedical.ca\/fr\/wp-json\/wp\/v2\/types\/product"}],"replies":[{"embeddable":true,"href":"https:\/\/mendomedical.ca\/fr\/wp-json\/wp\/v2\/comments?post=147548"}],"wp:featuredmedia":[{"embeddable":true,"href":"https:\/\/mendomedical.ca\/fr\/wp-json\/wp\/v2\/media\/147550"}],"wp:attachment":[{"href":"https:\/\/mendomedical.ca\/fr\/wp-json\/wp\/v2\/media?parent=147548"}],"wp:term":[{"taxonomy":"product_brand","embeddable":true,"href":"https:\/\/mendomedical.ca\/fr\/wp-json\/wp\/v2\/product_brand?post=147548"},{"taxonomy":"product_cat","embeddable":true,"href":"https:\/\/mendomedical.ca\/fr\/wp-json\/wp\/v2\/product_cat?post=147548"},{"taxonomy":"product_tag","embeddable":true,"href":"https:\/\/mendomedical.ca\/fr\/wp-json\/wp\/v2\/product_tag?post=147548"},{"taxonomy":"product_format_filter","embeddable":true,"href":"https:\/\/mendomedical.ca\/fr\/wp-json\/wp\/v2\/product_format_filter?post=147548"}],"curies":[{"name":"wp","href":"https:\/\/api.w.org\/{rel}","templated":true}]}}