{"id":147541,"date":"2025-09-15T20:47:34","date_gmt":"2025-09-16T00:47:34","guid":{"rendered":"https:\/\/mendomedical.ca\/?post_type=product&#038;p=147541"},"modified":"2026-04-28T01:27:33","modified_gmt":"2026-04-28T05:27:33","slug":"titanimal","status":"publish","type":"product","link":"https:\/\/mendomedical.ca\/fr\/produit\/titanimal\/","title":{"rendered":"Titanimal"},"content":{"rendered":"","protected":false},"excerpt":{"rendered":"<div class=\"ExternalClassF2C3DAC8DA164B8DA810EAAEA3573B05\">\n<h3>Titanimal par Truro Cannabis<\/h3>\n<h3>Terp\u00e8nes totaux : 2.06%<\/h3>\n<p>D\u00e9couvrez la qualit\u00e9 exceptionnelle de Titanimal, un hybride premium \u00e0 dominance indica qui repr\u00e9sente le summum de la culture artisanale du cannabis. Ce cultivar unique combine les g\u00e9n\u00e9tiques renomm\u00e9es d&rsquo;Animal Cookies et de Platinum Kush Mints pour offrir une exp\u00e9rience puissante et savoureuse. Cultiv\u00e9 avec un soin m\u00e9ticuleux \u00e0 Truro, en Nouvelle-\u00c9cosse, chaque lot illustre le d\u00e9vouement \u00e0 l&rsquo;excellence des petits lots qui d\u00e9finit la production de cannabis de la c\u00f4te Est.<\/p>\n<h4>Caract\u00e9ristiques principales<\/h4>\n<ul>\n<li>Hybride \u00e0 dominance indica tr\u00e8s puissant avec 2,06 % de terp\u00e8nes totaux pour des ar\u00f4mes et des effets am\u00e9lior\u00e9s.<\/li>\n<li>G\u00e9n\u00e9tique cultiv\u00e9e par des experts : Animal Cookies X Platinum Kush Mints lign\u00e9e<\/li>\n<li>Production en petites s\u00e9ries avec un temps de s\u00e9chage lent de 21 \u00e0 28 jours pour une qualit\u00e9 optimale.<\/li>\n<li>Trim \u00e0 la main et conditionn\u00e9s dans des bo\u00eetes en aluminium purifi\u00e9es \u00e0 l&rsquo;azote pour pr\u00e9server leur fra\u00eecheur.<\/li>\n<li>Emballage 100 % recyclable dot\u00e9 d&rsquo;une technologie de conservation de pointe<\/li>\n<\/ul>\n<h4>Profil aromatique et gustatif<\/h4>\n<p>Titanimal offre une exp\u00e9rience sensorielle complexe et satisfaisante gr\u00e2ce \u00e0 son profil terp\u00e9nique distinctif de 2,06 %. Le voyage de la saveur commence par des notes terreuses profondes, suivies de notes menthol\u00e9es rafra\u00eechissantes et d&rsquo;une finale agr\u00e9ablement sucr\u00e9e. Ce m\u00e9lange harmonieux de terp\u00e8nes naturels cr\u00e9e un profil bien \u00e9quilibr\u00e9 qui pla\u00eet \u00e0 ceux qui recherchent \u00e0 la fois la saveur et la puissance dans leur s\u00e9lection de cannabis.<\/p>\n<h4>Pourquoi choisir les fleurs<\/h4>\n<p>Les produits \u00e0 base de fleurs enti\u00e8res comme Titanimal offrent aux utilisateurs m\u00e9dicaux un contr\u00f4le total sur leurs m\u00e9thodes de dosage et de consommation. La pr\u00e9servation des terp\u00e8nes naturels et des cannabino\u00efdes dans leur forme originale peut aider \u00e0 r\u00e9pondre \u00e0 divers besoins de bien-\u00eatre tout en offrant une certaine flexibilit\u00e9 dans la mani\u00e8re dont vous choisissez de consommer votre m\u00e9dicament.<\/p>\n<h4>Exp\u00e9dition dans tout le Canada<\/h4>\n<p>Titanimal livre rapidement \u00e0 travers le Canada, assurant la livraison de produits frais \u00e0 votre porte. Nous offrons la livraison gratuite pour toutes les commandes de plus de 150 $, ce qui vous permet de faire des r\u00e9serves de vos vari\u00e9t\u00e9s pr\u00e9f\u00e9r\u00e9es tout en \u00e9conomisant sur les frais de livraison.<\/p>\n<h4>Avantages et couverture pour les anciens combattants<\/h4>\n<p>Titanimal est admissible \u00e0 la couverture d&rsquo;ACC (Anciens Combattants Canada) avec facturation directe par l&rsquo;entremise de la Croix Bleue, ce qui signifie que les anciens combattants admissibles n&rsquo;ont pas \u00e0 d\u00e9bourser d&rsquo;argent. Si vous n&rsquo;avez pas encore votre ordonnance de cannabis m\u00e9dical, vous pouvez <a href=\"https:\/\/mendomedical.ca\/fr\/carte-medicale\/\">obtenir votre carte m\u00e9dicale gratuite rapidement et facilement<\/a> gr\u00e2ce \u00e0 notre processus simplifi\u00e9.<\/p>\n<\/div>\n","protected":false},"featured_media":147543,"comment_status":"closed","ping_status":"closed","template":"","meta":{"_acf_changed":false,"site-sidebar-layout":"default","site-content-layout":"","ast-site-content-layout":"default","site-content-style":"default","site-sidebar-style":"default","ast-global-header-display":"","ast-banner-title-visibility":"","ast-main-header-display":"","ast-hfb-above-header-display":"","ast-hfb-below-header-display":"","ast-hfb-mobile-header-display":"","site-post-title":"","ast-breadcrumbs-content":"","ast-featured-img":"","footer-sml-layout":"","ast-disable-related-posts":"","theme-transparent-header-meta":"default","adv-header-id-meta":"","stick-header-meta":"","header-above-stick-meta":"","header-main-stick-meta":"","header-below-stick-meta":"","astra-migrate-meta-layouts":"set","ast-page-background-enabled":"default","ast-page-background-meta":{"desktop":{"background-color":"var(--ast-global-color-4)","background-image":"","background-repeat":"repeat","background-position":"center center","background-size":"auto","background-attachment":"scroll","background-type":"","background-media":"","overlay-type":"","overlay-color":"","overlay-opacity":"","overlay-gradient":""},"tablet":{"background-color":"","background-image":"","background-repeat":"repeat","background-position":"center center","background-size":"auto","background-attachment":"scroll","background-type":"","background-media":"","overlay-type":"","overlay-color":"","overlay-opacity":"","overlay-gradient":""},"mobile":{"background-color":"","background-image":"","background-repeat":"repeat","background-position":"center center","background-size":"auto","background-attachment":"scroll","background-type":"","background-media":"","overlay-type":"","overlay-color":"","overlay-opacity":"","overlay-gradient":""}},"ast-content-background-meta":{"desktop":{"background-color":"var(--ast-global-color-5)","background-image":"","background-repeat":"repeat","background-position":"center center","background-size":"auto","background-attachment":"scroll","background-type":"","background-media":"","overlay-type":"","overlay-color":"","overlay-opacity":"","overlay-gradient":""},"tablet":{"background-color":"var(--ast-global-color-5)","background-image":"","background-repeat":"repeat","background-position":"center center","background-size":"auto","background-attachment":"scroll","background-type":"","background-media":"","overlay-type":"","overlay-color":"","overlay-opacity":"","overlay-gradient":""},"mobile":{"background-color":"var(--ast-global-color-5)","background-image":"","background-repeat":"repeat","background-position":"center center","background-size":"auto","background-attachment":"scroll","background-type":"","background-media":"","overlay-type":"","overlay-color":"","overlay-opacity":"","overlay-gradient":""}}},"product_brand":[],"product_cat":[1137],"product_tag":[4260],"product_format_filter":[6373],"class_list":{"0":"post-147541","1":"product","2":"type-product","3":"status-publish","4":"has-post-thumbnail","6":"product_cat-fleur","7":"product_tag-truro-cannabis-fr","8":"pa_flavours-mint","9":"pa_flavours-doux","10":"pa_flavours-terreux","11":"pa_format-7g-fr","12":"pa_intensity-thc-eleve","13":"pa_marques-truro-cannabis-fr","14":"pa_origin-nouvelle-ecosse","15":"pa_packaging-date-11-6-2025-2","16":"pa_prix-par-gramme-8-57","17":"pa_profil-terpene-caryophyllene","18":"pa_profil-terpene-guaiol-fr","19":"pa_profil-terpene-humulene-fr","20":"pa_profil-terpene-limonene-fr","21":"pa_profil-terpene-linalol-fr","22":"pa_profil-terpene-nerolidol","23":"pa_thc-27-8-fr","24":"pa_type-de-plante-hybride-fr","25":"product_format_filter-7g","26":"desktop-align-left","27":"tablet-align-left","28":"mobile-align-left","30":"first","31":"instock","32":"taxable","33":"shipping-taxable","34":"purchasable","35":"product-type-simple"},"group_of_quantity":0,"min_quantity":0,"max_quantity":"","exclude_order_quantity_value_rules":"no","exclude_category_quantity_rules":"no","combine_variations":"no","acf":[],"_links":{"self":[{"href":"https:\/\/mendomedical.ca\/fr\/wp-json\/wp\/v2\/product\/147541","targetHints":{"allow":["GET"]}}],"collection":[{"href":"https:\/\/mendomedical.ca\/fr\/wp-json\/wp\/v2\/product"}],"about":[{"href":"https:\/\/mendomedical.ca\/fr\/wp-json\/wp\/v2\/types\/product"}],"replies":[{"embeddable":true,"href":"https:\/\/mendomedical.ca\/fr\/wp-json\/wp\/v2\/comments?post=147541"}],"wp:featuredmedia":[{"embeddable":true,"href":"https:\/\/mendomedical.ca\/fr\/wp-json\/wp\/v2\/media\/147543"}],"wp:attachment":[{"href":"https:\/\/mendomedical.ca\/fr\/wp-json\/wp\/v2\/media?parent=147541"}],"wp:term":[{"taxonomy":"product_brand","embeddable":true,"href":"https:\/\/mendomedical.ca\/fr\/wp-json\/wp\/v2\/product_brand?post=147541"},{"taxonomy":"product_cat","embeddable":true,"href":"https:\/\/mendomedical.ca\/fr\/wp-json\/wp\/v2\/product_cat?post=147541"},{"taxonomy":"product_tag","embeddable":true,"href":"https:\/\/mendomedical.ca\/fr\/wp-json\/wp\/v2\/product_tag?post=147541"},{"taxonomy":"product_format_filter","embeddable":true,"href":"https:\/\/mendomedical.ca\/fr\/wp-json\/wp\/v2\/product_format_filter?post=147541"}],"curies":[{"name":"wp","href":"https:\/\/api.w.org\/{rel}","templated":true}]}}