{"id":147534,"date":"2025-09-26T17:30:15","date_gmt":"2025-09-26T21:30:15","guid":{"rendered":"https:\/\/mendomedical.ca\/?post_type=product&#038;p=147534"},"modified":"2026-04-28T07:43:07","modified_gmt":"2026-04-28T11:43:07","slug":"cap-junky-2","status":"publish","type":"product","link":"https:\/\/mendomedical.ca\/fr\/produit\/cap-junky-2\/","title":{"rendered":"Cap Junky"},"content":{"rendered":"","protected":false},"excerpt":{"rendered":"<div class=\"ExternalClass4B3F9026CD9240C79B8CC8E8EBE5223E\">\n<h3>Cap Junky par Truro Cannabis - Fleur hybride de qualit\u00e9 sup\u00e9rieure<\/h3>\n<div>\n<h3>Terp\u00e8nes totaux : 2,27%.<\/h3>\n<\/div>\n<p>D\u00e9couvrez l&rsquo;artisanat exceptionnel de Cap Junky, un hybride \u00e9quilibr\u00e9 50\/50 m\u00e9ticuleusement cultiv\u00e9 par Truro Cannabis. Cette puissante vari\u00e9t\u00e9 patrimoniale repr\u00e9sente un chef-d&rsquo;\u0153uvre de collaboration entre les s\u00e9lectionneurs renomm\u00e9s Capulator et Seed Junky Genetics, combinant les g\u00e9n\u00e9tiques de Kush Mints 11 (Bubba Kush x Animal Mints) et Alien Cookies (GSC x Aliendawg). Cultiv\u00e9e en petits lots sur la c\u00f4te est du Canada, la Cap Junky offre un m\u00e9lange harmonieux de saveurs sucr\u00e9es, fruit\u00e9es et menthol\u00e9es, avec une impressionnante teneur en terp\u00e8nes totaux de 2,27 %.<\/p>\n<h4>Caract\u00e9ristiques principales<\/h4>\n<ul>\n<li>Hybride \u00e9quilibr\u00e9 50\/50 de premi\u00e8re qualit\u00e9 avec une lign\u00e9e g\u00e9n\u00e9tique exceptionnelle provenant de s\u00e9lectionneurs de premier plan.<\/li>\n<li>Par\u00e9 \u00e0 la main, s\u00e9ch\u00e9 lentement pendant 21 \u00e0 28 jours pour garantir une qualit\u00e9 et une puissance optimales.<\/li>\n<li>Conditionn\u00e9 dans des bo\u00eetes en aluminium recyclables purifi\u00e9es \u00e0 l&rsquo;azote pour pr\u00e9server la fra\u00eecheur et le profil des terp\u00e8nes.<\/li>\n<li>Magnifiques cocottes vert fonc\u00e9 orn\u00e9es de poils orange et de trichomes cristallins givr\u00e9s.<\/li>\n<li>Fi\u00e8rement cultiv\u00e9 \u00e0 Truro, en Nouvelle-\u00c9cosse, selon des m\u00e9thodes de production en petits lots \u00e0 la fine pointe de la technologie.<\/li>\n<\/ul>\n<h4>Profil aromatique et terp\u00e8nes<\/h4>\n<p>Cap Junky offre une exp\u00e9rience sensorielle d\u00e9licieuse avec son profil de saveurs sucr\u00e9es, fruit\u00e9es et menthol\u00e9es. Avec une robuste teneur en terp\u00e8nes totaux de 2,27 %, cette vari\u00e9t\u00e9 offre une exp\u00e9rience aromatique complexe et satisfaisante. Le processus de culture minutieux, y compris le s\u00e9chage en suspension et le curage prolong\u00e9, garantit que ces saveurs et ar\u00f4mes distinctifs sont pr\u00e9serv\u00e9s \u00e0 leur apog\u00e9e.<\/p>\n<h4>Pourquoi choisir All Flower<\/h4>\n<p>Les produits \u00e0 base de fleurs enti\u00e8res comme Cap Junky fournissent aux consommateurs de cannabis m\u00e9dical le spectre complet des cannabino\u00efdes et des terp\u00e8nes sous leur forme naturelle. Cette m\u00e9thode de consommation traditionnelle permet un contr\u00f4le pr\u00e9cis du dosage et peut aider \u00e0 r\u00e9pondre \u00e0 divers besoins de bien-\u00eatre gr\u00e2ce \u00e0 l&rsquo;effet d&rsquo;entourage de plusieurs compos\u00e9s de cannabis travaillant ensemble.<\/p>\n<h4>Exp\u00e9dition dans tout le Canada<\/h4>\n<p>Cap Junky livre rapidement \u00e0 travers le Canada, assurant la livraison de produits frais \u00e0 votre porte. Nous offrons une livraison gratuite pour toutes les commandes de plus de 150 $, ce qui rend facile et abordable l&rsquo;acc\u00e8s \u00e0 des produits de cannabis m\u00e9dical de premi\u00e8re qualit\u00e9 dans le confort de votre maison.<\/p>\n<h4>Avantages et couverture pour les anciens combattants<\/h4>\n<p>Cap Junky est admissible \u00e0 la couverture d&rsquo;ACC (Anciens Combattants Canada) et \u00e0 la facturation directe par l&rsquo;entremise de la Croix Bleue, ce qui signifie que les anciens combattants admissibles n&rsquo;ont pas \u00e0 d\u00e9bourser d&rsquo;argent. Si vous n&rsquo;avez pas encore de carte m\u00e9dicale, vous pouvez <a href=\"https:\/\/mendomedical.ca\/fr\/carte-medicale\/\">obtenir votre carte m\u00e9dicale gratuite rapidement et facilement<\/a> pour acc\u00e9der \u00e0 ces avantages et commencer votre voyage avec le cannabis m\u00e9dical.<\/p>\n<\/div>\n","protected":false},"featured_media":241569,"comment_status":"closed","ping_status":"closed","template":"","meta":{"_acf_changed":false,"site-sidebar-layout":"default","site-content-layout":"","ast-site-content-layout":"default","site-content-style":"default","site-sidebar-style":"default","ast-global-header-display":"","ast-banner-title-visibility":"","ast-main-header-display":"","ast-hfb-above-header-display":"","ast-hfb-below-header-display":"","ast-hfb-mobile-header-display":"","site-post-title":"","ast-breadcrumbs-content":"","ast-featured-img":"","footer-sml-layout":"","ast-disable-related-posts":"","theme-transparent-header-meta":"default","adv-header-id-meta":"","stick-header-meta":"","header-above-stick-meta":"","header-main-stick-meta":"","header-below-stick-meta":"","astra-migrate-meta-layouts":"set","ast-page-background-enabled":"default","ast-page-background-meta":{"desktop":{"background-color":"var(--ast-global-color-4)","background-image":"","background-repeat":"repeat","background-position":"center center","background-size":"auto","background-attachment":"scroll","background-type":"","background-media":"","overlay-type":"","overlay-color":"","overlay-opacity":"","overlay-gradient":""},"tablet":{"background-color":"","background-image":"","background-repeat":"repeat","background-position":"center center","background-size":"auto","background-attachment":"scroll","background-type":"","background-media":"","overlay-type":"","overlay-color":"","overlay-opacity":"","overlay-gradient":""},"mobile":{"background-color":"","background-image":"","background-repeat":"repeat","background-position":"center center","background-size":"auto","background-attachment":"scroll","background-type":"","background-media":"","overlay-type":"","overlay-color":"","overlay-opacity":"","overlay-gradient":""}},"ast-content-background-meta":{"desktop":{"background-color":"var(--ast-global-color-5)","background-image":"","background-repeat":"repeat","background-position":"center center","background-size":"auto","background-attachment":"scroll","background-type":"","background-media":"","overlay-type":"","overlay-color":"","overlay-opacity":"","overlay-gradient":""},"tablet":{"background-color":"var(--ast-global-color-5)","background-image":"","background-repeat":"repeat","background-position":"center center","background-size":"auto","background-attachment":"scroll","background-type":"","background-media":"","overlay-type":"","overlay-color":"","overlay-opacity":"","overlay-gradient":""},"mobile":{"background-color":"var(--ast-global-color-5)","background-image":"","background-repeat":"repeat","background-position":"center center","background-size":"auto","background-attachment":"scroll","background-type":"","background-media":"","overlay-type":"","overlay-color":"","overlay-opacity":"","overlay-gradient":""}}},"product_brand":[],"product_cat":[1137],"product_tag":[4260],"product_format_filter":[6373],"class_list":{"0":"post-147534","1":"product","2":"type-product","3":"status-publish","4":"has-post-thumbnail","6":"product_cat-fleur","7":"product_tag-truro-cannabis-fr","8":"pa_flavours-fruite","9":"pa_flavours-mint","10":"pa_flavours-doux","11":"pa_intensity-thc-eleve","12":"pa_marques-truro-cannabis-fr","13":"pa_origin-nouvelle-ecosse","14":"pa_packaging-date-03-12-2026","15":"pa_prix-par-gramme-8-57","16":"pa_profil-terpene-caryophyllene","17":"pa_profil-terpene-limonene-fr","18":"pa_profil-terpene-myrcene","19":"pa_type-de-plante-hybride-fr","20":"product_format_filter-7g","21":"desktop-align-left","22":"tablet-align-left","23":"mobile-align-left","25":"first","26":"instock","27":"taxable","28":"shipping-taxable","29":"purchasable","30":"product-type-simple"},"group_of_quantity":0,"min_quantity":0,"max_quantity":"","exclude_order_quantity_value_rules":"no","exclude_category_quantity_rules":"no","combine_variations":"no","acf":[],"_links":{"self":[{"href":"https:\/\/mendomedical.ca\/fr\/wp-json\/wp\/v2\/product\/147534","targetHints":{"allow":["GET"]}}],"collection":[{"href":"https:\/\/mendomedical.ca\/fr\/wp-json\/wp\/v2\/product"}],"about":[{"href":"https:\/\/mendomedical.ca\/fr\/wp-json\/wp\/v2\/types\/product"}],"replies":[{"embeddable":true,"href":"https:\/\/mendomedical.ca\/fr\/wp-json\/wp\/v2\/comments?post=147534"}],"wp:featuredmedia":[{"embeddable":true,"href":"https:\/\/mendomedical.ca\/fr\/wp-json\/wp\/v2\/media\/241569"}],"wp:attachment":[{"href":"https:\/\/mendomedical.ca\/fr\/wp-json\/wp\/v2\/media?parent=147534"}],"wp:term":[{"taxonomy":"product_brand","embeddable":true,"href":"https:\/\/mendomedical.ca\/fr\/wp-json\/wp\/v2\/product_brand?post=147534"},{"taxonomy":"product_cat","embeddable":true,"href":"https:\/\/mendomedical.ca\/fr\/wp-json\/wp\/v2\/product_cat?post=147534"},{"taxonomy":"product_tag","embeddable":true,"href":"https:\/\/mendomedical.ca\/fr\/wp-json\/wp\/v2\/product_tag?post=147534"},{"taxonomy":"product_format_filter","embeddable":true,"href":"https:\/\/mendomedical.ca\/fr\/wp-json\/wp\/v2\/product_format_filter?post=147534"}],"curies":[{"name":"wp","href":"https:\/\/api.w.org\/{rel}","templated":true}]}}