{"id":147528,"date":"2025-07-14T18:05:50","date_gmt":"2025-07-14T22:05:50","guid":{"rendered":"https:\/\/mendomedical.ca\/?post_type=product&#038;p=147528"},"modified":"2026-04-15T19:33:10","modified_gmt":"2026-04-15T23:33:10","slug":"sleeping-with-the-stars","status":"publish","type":"product","link":"https:\/\/mendomedical.ca\/fr\/produit\/sleeping-with-the-stars\/","title":{"rendered":"Dormir avec les \u00e9toiles"},"content":{"rendered":"","protected":false},"excerpt":{"rendered":"<div class=\"face front\">\n<div class=\"face front\">\n<h3 class=\"face front\">Terp\u00e8nes totaux : 2,77%.<\/h3>\n<div><strong style=\"font-size: 16px;\">Poison OG X Planet Purple<\/strong><\/div>\n<\/div>\n<div class=\"Qr7Oae\" role=\"listitem\">\n<div class=\"OxAavc\" data-required=\"true\" data-other-input=\"qSV85\" data-other-hidden=\"MfYA1e\" data-item-id=\"2093781535\">\n<div class=\"pYfr3c\">\n<div class=\"prOLdf\">\n<div class=\"g53bl\">\n<div id=\"c1076\" class=\"cTDvob D1wxyf RjsPE\" role=\"heading\" aria-level=\"3\" aria-describedby=\"i.desc.2093781535 c1119\"><strong><span style=\"font-size: 16px;\">Sleeping With The Stars de Truro est un puissant hybride de Poison OG X Planet Purple. Cette vari\u00e9t\u00e9 hybride sp\u00e9ciale est bas\u00e9e sur une lign\u00e9e de Poison OG de plus de 20 ans d&rsquo;\u00e2ge contenant des g\u00e8nes d&rsquo;OG Kush vintage. Le profil de saveur est celui d&rsquo;une Kush diesel classique et terreuse avec des touches d&rsquo;\u00e9pices et de fleurs. Sleeping With The Stars est fi\u00e8rement cultiv\u00e9e sur la c\u00f4te Est \u00e0 Truro, en Nouvelle-\u00c9cosse, dans notre installation de production par petits lots \u00e0 la pointe de la technologie, o\u00f9 chaque cocotte est soigneusement cultiv\u00e9e, s\u00e9ch\u00e9e en suspension, taill\u00e9e \u00e0 la main, s\u00e9ch\u00e9e lentement (21-28 jours) et emball\u00e9e \u00e0 la main dans des bo\u00eetes en aluminium recyclables qui sont purg\u00e9es avec de l&rsquo;azote liquide pour pr\u00e9server la qualit\u00e9 des fleurs s\u00e9ch\u00e9es, la teneur en humidit\u00e9 et le profil des terp\u00e8nes.   <\/span><\/strong><\/div>\n<div role=\"heading\" aria-level=\"3\" aria-describedby=\"i.desc.2093781535 c1119\"><\/div>\n<div role=\"heading\" aria-level=\"3\" aria-describedby=\"i.desc.2093781535 c1119\"><\/div>\n<\/div>\n<\/div>\n<\/div>\n<\/div>\n<\/div>\n<h5>Profil de saveur :<\/h5>\n<p>Le profil de saveur est celui d&rsquo;un diesel Kush classique et terreux, avec des notes d&rsquo;\u00e9pices et de fleurs.<\/p>\n<\/div>\n","protected":false},"featured_media":147530,"comment_status":"closed","ping_status":"closed","template":"","meta":{"_acf_changed":false,"site-sidebar-layout":"default","site-content-layout":"","ast-site-content-layout":"default","site-content-style":"default","site-sidebar-style":"default","ast-global-header-display":"","ast-banner-title-visibility":"","ast-main-header-display":"","ast-hfb-above-header-display":"","ast-hfb-below-header-display":"","ast-hfb-mobile-header-display":"","site-post-title":"","ast-breadcrumbs-content":"","ast-featured-img":"","footer-sml-layout":"","ast-disable-related-posts":"","theme-transparent-header-meta":"default","adv-header-id-meta":"","stick-header-meta":"","header-above-stick-meta":"","header-main-stick-meta":"","header-below-stick-meta":"","astra-migrate-meta-layouts":"set","ast-page-background-enabled":"default","ast-page-background-meta":{"desktop":{"background-color":"var(--ast-global-color-4)","background-image":"","background-repeat":"repeat","background-position":"center center","background-size":"auto","background-attachment":"scroll","background-type":"","background-media":"","overlay-type":"","overlay-color":"","overlay-opacity":"","overlay-gradient":""},"tablet":{"background-color":"","background-image":"","background-repeat":"repeat","background-position":"center center","background-size":"auto","background-attachment":"scroll","background-type":"","background-media":"","overlay-type":"","overlay-color":"","overlay-opacity":"","overlay-gradient":""},"mobile":{"background-color":"","background-image":"","background-repeat":"repeat","background-position":"center center","background-size":"auto","background-attachment":"scroll","background-type":"","background-media":"","overlay-type":"","overlay-color":"","overlay-opacity":"","overlay-gradient":""}},"ast-content-background-meta":{"desktop":{"background-color":"var(--ast-global-color-5)","background-image":"","background-repeat":"repeat","background-position":"center center","background-size":"auto","background-attachment":"scroll","background-type":"","background-media":"","overlay-type":"","overlay-color":"","overlay-opacity":"","overlay-gradient":""},"tablet":{"background-color":"var(--ast-global-color-5)","background-image":"","background-repeat":"repeat","background-position":"center center","background-size":"auto","background-attachment":"scroll","background-type":"","background-media":"","overlay-type":"","overlay-color":"","overlay-opacity":"","overlay-gradient":""},"mobile":{"background-color":"var(--ast-global-color-5)","background-image":"","background-repeat":"repeat","background-position":"center center","background-size":"auto","background-attachment":"scroll","background-type":"","background-media":"","overlay-type":"","overlay-color":"","overlay-opacity":"","overlay-gradient":""}}},"product_brand":[],"product_cat":[1137],"product_tag":[4260],"product_format_filter":[6373],"class_list":{"0":"post-147528","1":"product","2":"type-product","3":"status-publish","4":"has-post-thumbnail","6":"product_cat-fleur","7":"product_tag-truro-cannabis-fr","8":"pa_flavours-pimenter","9":"pa_flavours-gazeux-diesel","10":"pa_flavours-floral-fr","11":"pa_flavours-terreux","12":"pa_intensity-thc-eleve","13":"pa_marques-truro-cannabis-fr","14":"pa_origin-nouvelle-ecosse","15":"pa_packaging-date-07-24-2025","16":"pa_prix-par-gramme-8-57","17":"pa_profil-terpene-caryophyllene","18":"pa_profil-terpene-limonene-fr","19":"pa_profil-terpene-linalol-fr","20":"pa_profil-terpene-myrcene","21":"pa_type-de-plante-indica-fr","22":"product_format_filter-7g","23":"desktop-align-left","24":"tablet-align-left","25":"mobile-align-left","27":"first","28":"outofstock","29":"taxable","30":"shipping-taxable","31":"purchasable","32":"product-type-simple"},"group_of_quantity":0,"min_quantity":0,"max_quantity":"","exclude_order_quantity_value_rules":"no","exclude_category_quantity_rules":"no","combine_variations":"no","acf":[],"_links":{"self":[{"href":"https:\/\/mendomedical.ca\/fr\/wp-json\/wp\/v2\/product\/147528","targetHints":{"allow":["GET"]}}],"collection":[{"href":"https:\/\/mendomedical.ca\/fr\/wp-json\/wp\/v2\/product"}],"about":[{"href":"https:\/\/mendomedical.ca\/fr\/wp-json\/wp\/v2\/types\/product"}],"replies":[{"embeddable":true,"href":"https:\/\/mendomedical.ca\/fr\/wp-json\/wp\/v2\/comments?post=147528"}],"wp:featuredmedia":[{"embeddable":true,"href":"https:\/\/mendomedical.ca\/fr\/wp-json\/wp\/v2\/media\/147530"}],"wp:attachment":[{"href":"https:\/\/mendomedical.ca\/fr\/wp-json\/wp\/v2\/media?parent=147528"}],"wp:term":[{"taxonomy":"product_brand","embeddable":true,"href":"https:\/\/mendomedical.ca\/fr\/wp-json\/wp\/v2\/product_brand?post=147528"},{"taxonomy":"product_cat","embeddable":true,"href":"https:\/\/mendomedical.ca\/fr\/wp-json\/wp\/v2\/product_cat?post=147528"},{"taxonomy":"product_tag","embeddable":true,"href":"https:\/\/mendomedical.ca\/fr\/wp-json\/wp\/v2\/product_tag?post=147528"},{"taxonomy":"product_format_filter","embeddable":true,"href":"https:\/\/mendomedical.ca\/fr\/wp-json\/wp\/v2\/product_format_filter?post=147528"}],"curies":[{"name":"wp","href":"https:\/\/api.w.org\/{rel}","templated":true}]}}