{"id":147520,"date":"2025-07-14T18:10:29","date_gmt":"2025-07-14T22:10:29","guid":{"rendered":"https:\/\/mendomedical.ca\/?post_type=product&#038;p=147520"},"modified":"2026-04-15T19:32:41","modified_gmt":"2026-04-15T23:32:41","slug":"donair-kush","status":"publish","type":"product","link":"https:\/\/mendomedical.ca\/fr\/produit\/donair-kush\/","title":{"rendered":"Donair Kush"},"content":{"rendered":"","protected":false},"excerpt":{"rendered":"<div class=\"ExternalClass9FBAEA9325DB4E5E88B8FA11A573C86A\">\n<h3>Donair Kush par Truro Cannabis<\/h3>\n<p>D\u00e9couvrez le caract\u00e8re distinctif de la Donair Kush, un cultivar h\u00e9rit\u00e9 \u00e0 dominance indica qui r\u00e9unit les g\u00e9n\u00e9tiques exceptionnelles de la Platinum OG Kush et de la Kush Mints 11. Cultiv\u00e9e avec un soin m\u00e9ticuleux \u00e0 Truro, en Nouvelle-\u00c9cosse, cette puissante fleur offre une impressionnante teneur en terp\u00e8nes totaux de 2,62 %. Chaque lot est soumis \u00e0 un processus de s\u00e9chage minutieux de 21 \u00e0 28 jours et arrive dans des bo\u00eetes en aluminium innovantes purg\u00e9es \u00e0 l&rsquo;azote, garantissant une fra\u00eecheur maximale et la pr\u00e9servation des terp\u00e8nes.  <\/p>\n<h4>Points forts du produit<\/h4>\n<ul>\n<li>Hybride premium \u00e0 dominance indica combinant les g\u00e9n\u00e9tiques Platinum OG Kush x Kush Mints 11<\/li>\n<li>Une teneur \u00e9lev\u00e9e en terp\u00e8nes (2,62 %) pour une exp\u00e9rience aromatique am\u00e9lior\u00e9e.<\/li>\n<li>Cultiv\u00e9 en petites quantit\u00e9s, par\u00e9 \u00e0 la main et s\u00e9ch\u00e9 lentement pendant 21 \u00e0 28 jours.<\/li>\n<li>Emball\u00e9 dans des bo\u00eetes en aluminium recyclables purifi\u00e9es \u00e0 l&rsquo;azote pour une fra\u00eecheur optimale<\/li>\n<li>C\u00f4te Est cultiv\u00e9e dans des installations de pointe \u00e0 Truro (Nouvelle-\u00c9cosse)<\/li>\n<\/ul>\n<h4>Profil aromatique et gustatif<\/h4>\n<p>La Donair Kush offre une exp\u00e9rience sensorielle complexe avec sa base terreuse caract\u00e9ristique, compl\u00e9t\u00e9e par des nuances sucr\u00e9es et une finale acidul\u00e9e distinctive. La teneur \u00e9lev\u00e9e en terp\u00e8nes (2,62 %) garantit une saveur riche et cors\u00e9e qui capture l&rsquo;essence de sa prestigieuse lign\u00e9e. <\/p>\n<h4>Pourquoi choisir All Flower<\/h4>\n<p>Les produits \u00e0 base de fleurs enti\u00e8res offrent aux consommateurs de cannabis m\u00e9dical tout le spectre des cannabino\u00efdes et des terp\u00e8nes \u00e0 l&rsquo;\u00e9tat naturel. Ce format permet des options de dosage flexibles et peut aider \u00e0 r\u00e9pondre \u00e0 divers besoins de bien-\u00eatre par le biais de m\u00e9thodes d&rsquo;inhalation traditionnelles. <\/p>\n<h4>Exp\u00e9dition dans tout le Canada<\/h4>\n<p>Donair Kush est disponible pour une livraison rapide \u00e0 travers le Canada. Nous offrons une livraison gratuite pour toutes les commandes de plus de 150 $, assurant un acc\u00e8s pratique \u00e0 des produits de cannabis m\u00e9dical de qualit\u00e9 dans tout le pays. <\/p>\n<h4>Avantages et couverture pour les anciens combattants<\/h4>\n<p>Donair Kush est admissible \u00e0 la couverture d&rsquo;ACC (Anciens Combattants Canada) et permet la facturation directe par l&rsquo;entremise de la Croix Bleue, \u00e9liminant ainsi les frais \u00e0 la charge des anciens combattants admissibles. Si vous n&rsquo;avez pas encore votre ordonnance de cannabis m\u00e9dical, vous pouvez l&rsquo;obtenir rapidement et facilement gr\u00e2ce \u00e0 <a href=\"https:\/\/mendomedical.ca\/fr\/carte-medicale\/\">notre processus simplifi\u00e9 de carte m\u00e9dicale<\/a>. <\/p>\n<\/div>\n","protected":false},"featured_media":147524,"comment_status":"closed","ping_status":"closed","template":"","meta":{"_acf_changed":false,"site-sidebar-layout":"default","site-content-layout":"","ast-site-content-layout":"default","site-content-style":"default","site-sidebar-style":"default","ast-global-header-display":"","ast-banner-title-visibility":"","ast-main-header-display":"","ast-hfb-above-header-display":"","ast-hfb-below-header-display":"","ast-hfb-mobile-header-display":"","site-post-title":"","ast-breadcrumbs-content":"","ast-featured-img":"","footer-sml-layout":"","ast-disable-related-posts":"","theme-transparent-header-meta":"default","adv-header-id-meta":"","stick-header-meta":"","header-above-stick-meta":"","header-main-stick-meta":"","header-below-stick-meta":"","astra-migrate-meta-layouts":"set","ast-page-background-enabled":"default","ast-page-background-meta":{"desktop":{"background-color":"var(--ast-global-color-4)","background-image":"","background-repeat":"repeat","background-position":"center center","background-size":"auto","background-attachment":"scroll","background-type":"","background-media":"","overlay-type":"","overlay-color":"","overlay-opacity":"","overlay-gradient":""},"tablet":{"background-color":"","background-image":"","background-repeat":"repeat","background-position":"center center","background-size":"auto","background-attachment":"scroll","background-type":"","background-media":"","overlay-type":"","overlay-color":"","overlay-opacity":"","overlay-gradient":""},"mobile":{"background-color":"","background-image":"","background-repeat":"repeat","background-position":"center center","background-size":"auto","background-attachment":"scroll","background-type":"","background-media":"","overlay-type":"","overlay-color":"","overlay-opacity":"","overlay-gradient":""}},"ast-content-background-meta":{"desktop":{"background-color":"var(--ast-global-color-5)","background-image":"","background-repeat":"repeat","background-position":"center center","background-size":"auto","background-attachment":"scroll","background-type":"","background-media":"","overlay-type":"","overlay-color":"","overlay-opacity":"","overlay-gradient":""},"tablet":{"background-color":"var(--ast-global-color-5)","background-image":"","background-repeat":"repeat","background-position":"center center","background-size":"auto","background-attachment":"scroll","background-type":"","background-media":"","overlay-type":"","overlay-color":"","overlay-opacity":"","overlay-gradient":""},"mobile":{"background-color":"var(--ast-global-color-5)","background-image":"","background-repeat":"repeat","background-position":"center center","background-size":"auto","background-attachment":"scroll","background-type":"","background-media":"","overlay-type":"","overlay-color":"","overlay-opacity":"","overlay-gradient":""}}},"product_brand":[],"product_cat":[1137],"product_tag":[4260],"product_format_filter":[6373],"class_list":{"0":"post-147520","1":"product","2":"type-product","3":"status-publish","4":"has-post-thumbnail","6":"product_cat-fleur","7":"product_tag-truro-cannabis-fr","8":"pa_flavours-piquant","9":"pa_flavours-doux","10":"pa_flavours-terreux","11":"pa_intensity-thc-eleve","12":"pa_marques-truro-cannabis-fr","13":"pa_origin-nouvelle-ecosse","14":"pa_packaging-date-07-23-2025-fr","15":"pa_prix-par-gramme-8-57","16":"pa_profil-terpene-caryophyllene","17":"pa_profil-terpene-humulene-fr","18":"pa_profil-terpene-limonene-fr","19":"pa_profil-terpene-myrcene","20":"pa_type-de-plante-hybride-fr","21":"product_format_filter-7g","22":"desktop-align-left","23":"tablet-align-left","24":"mobile-align-left","26":"first","27":"outofstock","28":"taxable","29":"shipping-taxable","30":"purchasable","31":"product-type-simple"},"group_of_quantity":0,"min_quantity":0,"max_quantity":"","exclude_order_quantity_value_rules":"no","exclude_category_quantity_rules":"no","combine_variations":"no","acf":[],"_links":{"self":[{"href":"https:\/\/mendomedical.ca\/fr\/wp-json\/wp\/v2\/product\/147520","targetHints":{"allow":["GET"]}}],"collection":[{"href":"https:\/\/mendomedical.ca\/fr\/wp-json\/wp\/v2\/product"}],"about":[{"href":"https:\/\/mendomedical.ca\/fr\/wp-json\/wp\/v2\/types\/product"}],"replies":[{"embeddable":true,"href":"https:\/\/mendomedical.ca\/fr\/wp-json\/wp\/v2\/comments?post=147520"}],"wp:featuredmedia":[{"embeddable":true,"href":"https:\/\/mendomedical.ca\/fr\/wp-json\/wp\/v2\/media\/147524"}],"wp:attachment":[{"href":"https:\/\/mendomedical.ca\/fr\/wp-json\/wp\/v2\/media?parent=147520"}],"wp:term":[{"taxonomy":"product_brand","embeddable":true,"href":"https:\/\/mendomedical.ca\/fr\/wp-json\/wp\/v2\/product_brand?post=147520"},{"taxonomy":"product_cat","embeddable":true,"href":"https:\/\/mendomedical.ca\/fr\/wp-json\/wp\/v2\/product_cat?post=147520"},{"taxonomy":"product_tag","embeddable":true,"href":"https:\/\/mendomedical.ca\/fr\/wp-json\/wp\/v2\/product_tag?post=147520"},{"taxonomy":"product_format_filter","embeddable":true,"href":"https:\/\/mendomedical.ca\/fr\/wp-json\/wp\/v2\/product_format_filter?post=147520"}],"curies":[{"name":"wp","href":"https:\/\/api.w.org\/{rel}","templated":true}]}}