{"id":147482,"date":"2023-05-15T08:50:04","date_gmt":"2023-05-15T12:50:04","guid":{"rendered":"https:\/\/mendomedical.ca\/?post_type=product&#038;p=147482"},"modified":"2025-03-14T10:01:50","modified_gmt":"2025-03-14T14:01:50","slug":"little-dipper-dab-straw-black","status":"publish","type":"product","link":"https:\/\/mendomedical.ca\/fr\/produit\/little-dipper-dab-straw-black\/","title":{"rendered":"Little Dipper Dab Straw (Black)"},"content":{"rendered":"","protected":false},"excerpt":{"rendered":"<p><strong>Le vaporisateur Little Dipper Dab Straw par Dip Devices est un outil incroyable con\u00e7u pour profiter de votre concentr\u00e9 pr\u00e9f\u00e9r\u00e9 o\u00f9 que vous soyez. Il est aliment\u00e9 par une batterie de 600 mAh et propose trois r\u00e9glages de puissance.<\/strong><\/p>\n<p><strong>Avec le Little Dipper, vous pouvez choisir entre des profils de saveurs riches ou des nuages de vapeur \u00e9pais avec cet appareil qui vous permet de tamponner vos concentr\u00e9s directement pour le r\u00e9cipient. Cette paille \u00e0 vapeur portable fonctionnant sur batterie est amusante, facile \u00e0 utiliser et facile \u00e0 nettoyer.<\/strong><\/p>\n<p>&nbsp;<\/p>\n<h3>Caract\u00e9ristiques du Little Dipper:<\/h3>\n<ul>\n<li>Utilisation : Concentr\u00e9s<\/li>\n<li>Batterie de 600 mAh<\/li>\n<li>Paille \u00e0 tamponner \u00e9lectronique<\/li>\n<li>Serpentin \u00e0 chaleur rapide<\/li>\n<li>Facile \u00e0 utiliser et \u00e0 nettoyer<\/li>\n<li>Tient dans un sac \u00e0 dos ou un sac \u00e0 main<\/li>\n<li>Micro USB rechargeable (c\u00e2ble non inclus)<\/li>\n<li>Trois r\u00e9glages de puissance pour une consommation pr\u00e9cise<\/li>\n<li>Conception ergonomique compacte<\/li>\n<li>Technologie de flux d\u2019air brevet\u00e9e<\/li>\n<\/ul>\n<h3><\/h3>\n<h3>Qu\u2019y a-t-il dans la boite:<\/h3>\n<ul>\n<li>1x \u2013 Appareils de trempage Little Dipper Dab Straw<\/li>\n<\/ul>\n","protected":false},"featured_media":147484,"comment_status":"closed","ping_status":"closed","template":"","meta":{"_acf_changed":false,"site-sidebar-layout":"default","site-content-layout":"","ast-site-content-layout":"default","site-content-style":"default","site-sidebar-style":"default","ast-global-header-display":"","ast-banner-title-visibility":"","ast-main-header-display":"","ast-hfb-above-header-display":"","ast-hfb-below-header-display":"","ast-hfb-mobile-header-display":"","site-post-title":"","ast-breadcrumbs-content":"","ast-featured-img":"","footer-sml-layout":"","ast-disable-related-posts":"","theme-transparent-header-meta":"default","adv-header-id-meta":"","stick-header-meta":"","header-above-stick-meta":"","header-main-stick-meta":"","header-below-stick-meta":"","astra-migrate-meta-layouts":"set","ast-page-background-enabled":"default","ast-page-background-meta":{"desktop":{"background-color":"var(--ast-global-color-4)","background-image":"","background-repeat":"repeat","background-position":"center center","background-size":"auto","background-attachment":"scroll","background-type":"","background-media":"","overlay-type":"","overlay-color":"","overlay-opacity":"","overlay-gradient":""},"tablet":{"background-color":"","background-image":"","background-repeat":"repeat","background-position":"center center","background-size":"auto","background-attachment":"scroll","background-type":"","background-media":"","overlay-type":"","overlay-color":"","overlay-opacity":"","overlay-gradient":""},"mobile":{"background-color":"","background-image":"","background-repeat":"repeat","background-position":"center center","background-size":"auto","background-attachment":"scroll","background-type":"","background-media":"","overlay-type":"","overlay-color":"","overlay-opacity":"","overlay-gradient":""}},"ast-content-background-meta":{"desktop":{"background-color":"var(--ast-global-color-5)","background-image":"","background-repeat":"repeat","background-position":"center center","background-size":"auto","background-attachment":"scroll","background-type":"","background-media":"","overlay-type":"","overlay-color":"","overlay-opacity":"","overlay-gradient":""},"tablet":{"background-color":"var(--ast-global-color-5)","background-image":"","background-repeat":"repeat","background-position":"center center","background-size":"auto","background-attachment":"scroll","background-type":"","background-media":"","overlay-type":"","overlay-color":"","overlay-opacity":"","overlay-gradient":""},"mobile":{"background-color":"var(--ast-global-color-5)","background-image":"","background-repeat":"repeat","background-position":"center center","background-size":"auto","background-attachment":"scroll","background-type":"","background-media":"","overlay-type":"","overlay-color":"","overlay-opacity":"","overlay-gradient":""}}},"product_brand":[],"product_cat":[1107,1104],"product_tag":[4250],"product_format_filter":[],"class_list":{"0":"post-147482","1":"product","2":"type-product","3":"status-publish","4":"has-post-thumbnail","6":"product_cat-appareils-a-concentre","7":"product_cat-accessoires","8":"product_tag-dip-devices-fr","9":"desktop-align-left","10":"tablet-align-left","11":"mobile-align-left","13":"first","14":"outofstock","15":"taxable","16":"shipping-taxable","17":"purchasable","18":"product-type-simple"},"group_of_quantity":0,"min_quantity":0,"max_quantity":"","exclude_order_quantity_value_rules":"no","exclude_category_quantity_rules":"no","combine_variations":"no","acf":[],"_links":{"self":[{"href":"https:\/\/mendomedical.ca\/fr\/wp-json\/wp\/v2\/product\/147482","targetHints":{"allow":["GET"]}}],"collection":[{"href":"https:\/\/mendomedical.ca\/fr\/wp-json\/wp\/v2\/product"}],"about":[{"href":"https:\/\/mendomedical.ca\/fr\/wp-json\/wp\/v2\/types\/product"}],"replies":[{"embeddable":true,"href":"https:\/\/mendomedical.ca\/fr\/wp-json\/wp\/v2\/comments?post=147482"}],"wp:featuredmedia":[{"embeddable":true,"href":"https:\/\/mendomedical.ca\/fr\/wp-json\/wp\/v2\/media\/147484"}],"wp:attachment":[{"href":"https:\/\/mendomedical.ca\/fr\/wp-json\/wp\/v2\/media?parent=147482"}],"wp:term":[{"taxonomy":"product_brand","embeddable":true,"href":"https:\/\/mendomedical.ca\/fr\/wp-json\/wp\/v2\/product_brand?post=147482"},{"taxonomy":"product_cat","embeddable":true,"href":"https:\/\/mendomedical.ca\/fr\/wp-json\/wp\/v2\/product_cat?post=147482"},{"taxonomy":"product_tag","embeddable":true,"href":"https:\/\/mendomedical.ca\/fr\/wp-json\/wp\/v2\/product_tag?post=147482"},{"taxonomy":"product_format_filter","embeddable":true,"href":"https:\/\/mendomedical.ca\/fr\/wp-json\/wp\/v2\/product_format_filter?post=147482"}],"curies":[{"name":"wp","href":"https:\/\/api.w.org\/{rel}","templated":true}]}}