{"id":147472,"date":"2025-04-25T12:00:49","date_gmt":"2025-04-25T16:00:49","guid":{"rendered":"https:\/\/mendomedical.ca\/?post_type=product&#038;p=147472"},"modified":"2025-10-10T09:52:12","modified_gmt":"2025-10-10T13:52:12","slug":"organic-mango-gold","status":"publish","type":"product","link":"https:\/\/mendomedical.ca\/fr\/produit\/organic-mango-gold\/","title":{"rendered":"Organic Mango Gold"},"content":{"rendered":"","protected":false},"excerpt":{"rendered":"<h3>Terp\u00e8nes Totaux: 4.39%<\/h3>\n<h5>Organic Mango Gold \u2013 Animal Kush x Mango Kush x Pink Cookies<\/h5>\n<p><strong>Wow, Organic Mango Gold est une centrale \u00e9lectrique. Vous n\u2019avez jamais \u00e9t\u00e9 aussi \u00e9nergique auparavant, ces t\u00eates ont du punch. La lign\u00e9e de cette vari\u00e9t\u00e9 est compos\u00e9e d\u2019Animal Kush, Mango Kush et Pink Cookies. \u00c9tonnamment, une sativa forte est n\u00e9e de ces vari\u00e9t\u00e9s et vous donnera la chair de poule. Il s\u2019agit de notre best-seller n\u00b01 et a \u00e9t\u00e9 consid\u00e9r\u00e9e par de nombreux consommateurs comme l\u2019une des vari\u00e9t\u00e9s Sativa n\u00b01 au Canada sur le march\u00e9 l\u00e9gal.<\/strong><br \/>\n<strong>Nous cultivons tous nos produits en utilisant du LSO (Living Organic Soil) et tous les intrants biologiques, aucun pesticide n\u2019est utilis\u00e9.<\/strong><\/p>\n<p>&nbsp;<\/p>\n<h5>Aspect Visuel:<\/h5>\n<p>Cette Sativa super collante a une teinte verte dor\u00e9e avec des poils rouge fonc\u00e9. Ces t\u00eates serr\u00e9es se pr\u00e9sentent sous la forme d\u2019une vari\u00e9t\u00e9 de t\u00eates en forme de c\u00f4ne de petite \u00e0 moyenne taille.<\/p>\n<p>&nbsp;<\/p>\n<h5>Ar\u00f4me :<\/h5>\n<p>Ces puissantes t\u00eates \u00e9veillent vos sens. Le terp\u00e8ne sup\u00e9rieur (Terpinol\u00e8ne) est rare et recherch\u00e9, ce qui rend cette vari\u00e9t\u00e9 douce et pinc\u00e9e avec des nuances terreuses et \u00e9pic\u00e9es.<\/p>\n<p>&nbsp;<\/p>\n<h5>Profil de saveur :<\/h5>\n<p>\u00c0 l\u2019inhalation, ce bourgeon a une saveur citronn\u00e9e \u00e0 la fois douce et \u00e9pic\u00e9e. L\u2019expiration laisse un go\u00fbt persistant de pin terreux.<\/p>\n<p>&nbsp;<\/p>\n<h5>Profil cannabino\u00efde et terp\u00e8ne\u00a0:<\/h5>\n<p>Le THC varie de 25 \u00e0 30 %. Mango Gold a un profil terp\u00e9nique unique, le terp\u00e8ne le plus important \u00e9tant le terpinol\u00e8ne. L\u2019Ocim\u00e8ne, le B\u00eata Caryophyll\u00e8ne et le Myrc\u00e8ne se marient bien avec le Terpinol\u00e8ne. Nous avons atteint des niveaux de terp\u00e8nes de 5% +.<\/p>\n<p>&nbsp;<\/p>\n<h5 id=\"tw-target-text\" class=\"tw-data-text tw-text-large tw-ta\" dir=\"ltr\" data-placeholder=\"Traduction\" aria-label=\"Texte traduit\" data-ved=\"2ahUKEwihm8zt7pyFAxWMN2IAHRerA8cQ3ewLegQIBRAU\"><span class=\"Y2IQFc\" lang=\"fr\">Effets:<\/span><\/h5>\n<p>Vous n\u2019avez jamais \u00e9t\u00e9 aussi \u00e9nergique auparavant. Offre un effet liftant et \u00e9nergisant, parfait pour une journ\u00e9e o\u00f9 vous avez besoin d\u2019un peu plus de punch avec votre caf\u00e9 du matin pour vous lever et bouger. Vous ressentirez les effets d\u00e8s que vous expirez, remplissant votre cerveau d\u2019un sentiment d\u2019euphorie et de motivation lucide, accentu\u00e9 par un regain de cr\u00e9ativit\u00e9 et de concentration. Combin\u00e9s \u00e0 son niveau moyen \u00e9lev\u00e9 de THC de 25 \u00e0 30 %, ces effets font de Organic Mango Gold un excellent choix pour traiter le stress chronique, la d\u00e9pression, les maux de t\u00eate ou les migraines et la fatigue chronique.<\/p>\n","protected":false},"featured_media":147474,"comment_status":"closed","ping_status":"closed","template":"","meta":{"_acf_changed":false,"site-sidebar-layout":"default","site-content-layout":"","ast-site-content-layout":"default","site-content-style":"default","site-sidebar-style":"default","ast-global-header-display":"","ast-banner-title-visibility":"","ast-main-header-display":"","ast-hfb-above-header-display":"","ast-hfb-below-header-display":"","ast-hfb-mobile-header-display":"","site-post-title":"","ast-breadcrumbs-content":"","ast-featured-img":"","footer-sml-layout":"","ast-disable-related-posts":"","theme-transparent-header-meta":"default","adv-header-id-meta":"","stick-header-meta":"","header-above-stick-meta":"","header-main-stick-meta":"","header-below-stick-meta":"","astra-migrate-meta-layouts":"set","ast-page-background-enabled":"default","ast-page-background-meta":{"desktop":{"background-color":"var(--ast-global-color-4)","background-image":"","background-repeat":"repeat","background-position":"center center","background-size":"auto","background-attachment":"scroll","background-type":"","background-media":"","overlay-type":"","overlay-color":"","overlay-opacity":"","overlay-gradient":""},"tablet":{"background-color":"","background-image":"","background-repeat":"repeat","background-position":"center center","background-size":"auto","background-attachment":"scroll","background-type":"","background-media":"","overlay-type":"","overlay-color":"","overlay-opacity":"","overlay-gradient":""},"mobile":{"background-color":"","background-image":"","background-repeat":"repeat","background-position":"center center","background-size":"auto","background-attachment":"scroll","background-type":"","background-media":"","overlay-type":"","overlay-color":"","overlay-opacity":"","overlay-gradient":""}},"ast-content-background-meta":{"desktop":{"background-color":"var(--ast-global-color-5)","background-image":"","background-repeat":"repeat","background-position":"center center","background-size":"auto","background-attachment":"scroll","background-type":"","background-media":"","overlay-type":"","overlay-color":"","overlay-opacity":"","overlay-gradient":""},"tablet":{"background-color":"var(--ast-global-color-5)","background-image":"","background-repeat":"repeat","background-position":"center center","background-size":"auto","background-attachment":"scroll","background-type":"","background-media":"","overlay-type":"","overlay-color":"","overlay-opacity":"","overlay-gradient":""},"mobile":{"background-color":"var(--ast-global-color-5)","background-image":"","background-repeat":"repeat","background-position":"center center","background-size":"auto","background-attachment":"scroll","background-type":"","background-media":"","overlay-type":"","overlay-color":"","overlay-opacity":"","overlay-gradient":""}}},"product_brand":[],"product_cat":[1137],"product_tag":[4245],"product_format_filter":[],"class_list":{"0":"post-147472","1":"product","2":"type-product","3":"status-publish","4":"has-post-thumbnail","6":"product_cat-fleur","7":"product_tag-ross-gold-fr","8":"pa_flavours-agrume","9":"pa_flavours-citron","10":"pa_flavours-spicy","11":"pa_flavours-piney-fr","12":"pa_flavours-doux","13":"pa_flavours-terreux","14":"pa_format-7g-fr","15":"pa_intensity-thc-eleve","16":"pa_marques-rosss-gold-fr","17":"pa_origin-colombie-britannique-fr","18":"pa_packaging-date-05-11-2025-fr","19":"pa_prix-par-gramme-8-57-fr","20":"pa_profil-terpene-caryophyllene","21":"pa_profil-terpene-myrcene","22":"pa_profil-terpene-terpinolene-fr","23":"pa_thc-31-fr","24":"pa_type-de-plante-sativa-fr","25":"desktop-align-left","26":"tablet-align-left","27":"mobile-align-left","29":"first","30":"outofstock","31":"taxable","32":"shipping-taxable","33":"purchasable","34":"product-type-simple"},"group_of_quantity":0,"min_quantity":0,"max_quantity":"","exclude_order_quantity_value_rules":"no","exclude_category_quantity_rules":"no","combine_variations":"no","acf":[],"_links":{"self":[{"href":"https:\/\/mendomedical.ca\/fr\/wp-json\/wp\/v2\/product\/147472","targetHints":{"allow":["GET"]}}],"collection":[{"href":"https:\/\/mendomedical.ca\/fr\/wp-json\/wp\/v2\/product"}],"about":[{"href":"https:\/\/mendomedical.ca\/fr\/wp-json\/wp\/v2\/types\/product"}],"replies":[{"embeddable":true,"href":"https:\/\/mendomedical.ca\/fr\/wp-json\/wp\/v2\/comments?post=147472"}],"wp:featuredmedia":[{"embeddable":true,"href":"https:\/\/mendomedical.ca\/fr\/wp-json\/wp\/v2\/media\/147474"}],"wp:attachment":[{"href":"https:\/\/mendomedical.ca\/fr\/wp-json\/wp\/v2\/media?parent=147472"}],"wp:term":[{"taxonomy":"product_brand","embeddable":true,"href":"https:\/\/mendomedical.ca\/fr\/wp-json\/wp\/v2\/product_brand?post=147472"},{"taxonomy":"product_cat","embeddable":true,"href":"https:\/\/mendomedical.ca\/fr\/wp-json\/wp\/v2\/product_cat?post=147472"},{"taxonomy":"product_tag","embeddable":true,"href":"https:\/\/mendomedical.ca\/fr\/wp-json\/wp\/v2\/product_tag?post=147472"},{"taxonomy":"product_format_filter","embeddable":true,"href":"https:\/\/mendomedical.ca\/fr\/wp-json\/wp\/v2\/product_format_filter?post=147472"}],"curies":[{"name":"wp","href":"https:\/\/api.w.org\/{rel}","templated":true}]}}