{"id":147456,"date":"2024-09-01T11:35:25","date_gmt":"2024-09-01T15:35:25","guid":{"rendered":"https:\/\/mendomedical.ca\/?post_type=product&#038;p=147456"},"modified":"2026-01-14T17:17:54","modified_gmt":"2026-01-14T22:17:54","slug":"purple-truffle-pre-rolls","status":"publish","type":"product","link":"https:\/\/mendomedical.ca\/fr\/produit\/purple-truffle-pre-rolls\/","title":{"rendered":"Purple Truffle Pr\u00e9-rolls"},"content":{"rendered":"","protected":false},"excerpt":{"rendered":"<div class=\"ExternalClass5D30C810729841C0ABB4078385722C9D\">\n<h3>Purple Truffle Pr\u00e9-rolls de Papa Joe&rsquo;s Organics<\/h3>\n<p>D\u00e9couvrez la qualit\u00e9 exceptionnelle des Pr\u00e9-rolls Purple Truffle, une vari\u00e9t\u00e9 premium \u00e0 dominance indica qui combine les g\u00e9n\u00e9tiques Zkittles et Cherry Noir. Cultiv\u00e9s par Papa Joe&rsquo;s Organics selon les m\u00e9thodes Living Organic Soil (LSO), ces Pr\u00e9-rolls offrent une puissante teneur en THC de 25 \u00e0 30 % avec 2,56 % de Terp\u00e8nes totaux. Chaque Pr\u00e9-rolls contient du cannabis trimm\u00e9 \u00e0 la main, sans pesticides, qui a \u00e9t\u00e9 soigneusement s\u00e9ch\u00e9 pendant 21 jours, offrant une exp\u00e9rience de consommation authentique et pure.  <\/p>\n<h4>Caract\u00e9ristiques principales<\/h4>\n<ul>\n<li>Souche indica tr\u00e8s puissante avec 25-30% de THC et 2,56% de Terp\u00e8nes totaux.<\/li>\n<li>Cultiv\u00e9 biologiquement selon les m\u00e9thodes LSO, sans pesticides ni irradiation<\/li>\n<li>Cocottes taill\u00e9es \u00e0 la main et s\u00e9ch\u00e9es pendant 21 jours pour une saveur et des effets optimaux.<\/li>\n<li>Cocottes denses de couleur pourpre, recouvertes de trichomes cristallins.<\/li>\n<li>Id\u00e9al le soir pour favoriser la relaxation et un sommeil r\u00e9parateur.<\/li>\n<\/ul>\n<h4>Profil aromatique et gustatif<\/h4>\n<p>Purple Truffle offre une exp\u00e9rience sensorielle complexe avec ses notes de base distinctes de diesel skunky, compl\u00e9t\u00e9es par des nuances fruit\u00e9es de baies et des accents d&rsquo;agrumes brillants. L&rsquo;ar\u00f4me pr\u00e9sente un profil intens\u00e9ment humide avec des notes de diesel noisette, de cerise noire \u00e9pic\u00e9e et d&rsquo;agrumes acidul\u00e9s. Les terp\u00e8nes dominants sont le limon\u00e8ne, le b\u00eata-caryophyll\u00e8ne et le farn\u00e9s\u00e8ne, qui contribuent \u00e0 la fois \u00e0 son profil aromatique unique et \u00e0 son potentiel th\u00e9rapeutique.  <\/p>\n<h4>Pourquoi choisir les pr\u00e9-rolls ?<\/h4>\n<p>Les Pr\u00e9-rolls offrent aux consommateurs de cannabis m\u00e9dical des options pratiques et pr\u00e9cis\u00e9ment dos\u00e9es, sans qu&rsquo;il soit n\u00e9cessaire de les broyer ou de les rouler. Ils permettent un dosage r\u00e9gulier et un acc\u00e8s imm\u00e9diat au soulagement des sympt\u00f4mes, ce qui les rend id\u00e9aux pour les patients qui recherchent la simplicit\u00e9 dans leur routine de traitement. <\/p>\n<h4>Exp\u00e9dition dans tout le Canada<\/h4>\n<p>Les Pr\u00e9-rolls de Purple Truffle sont exp\u00e9di\u00e9s rapidement \u00e0 travers le Canada avec une livraison gratuite pour les commandes de plus de 150 $. Nous assurons un emballage discret et une livraison fiable afin d&rsquo;apporter du cannabis m\u00e9dical de premi\u00e8re qualit\u00e9 directement \u00e0 votre porte. <\/p>\n<h4>Avantages et couverture pour les anciens combattants<\/h4>\n<p>Les Pr\u00e9-rolls Purple Truffle sont admissibles \u00e0 la couverture d&rsquo;ACC (Anciens Combattants Canada) avec facturation directe par l&rsquo;interm\u00e9diaire de la Croix Bleue, ce qui \u00e9limine les frais \u00e0 la charge des anciens combattants admissibles. Si vous n&rsquo;avez pas encore votre ordonnance de cannabis m\u00e9dical, obtenez votre carte m\u00e9dicale gratuite rapidement et facilement sur <a href=\"https:\/\/mendomedical.ca\/fr\/carte-medicale\/\">https:\/\/mendomedical.ca\/medical-card\/.<\/a> <\/p>\n<\/div>\n","protected":false},"featured_media":147428,"comment_status":"closed","ping_status":"closed","template":"","meta":{"_acf_changed":false,"site-sidebar-layout":"default","site-content-layout":"","ast-site-content-layout":"default","site-content-style":"default","site-sidebar-style":"default","ast-global-header-display":"","ast-banner-title-visibility":"","ast-main-header-display":"","ast-hfb-above-header-display":"","ast-hfb-below-header-display":"","ast-hfb-mobile-header-display":"","site-post-title":"","ast-breadcrumbs-content":"","ast-featured-img":"","footer-sml-layout":"","ast-disable-related-posts":"","theme-transparent-header-meta":"default","adv-header-id-meta":"","stick-header-meta":"","header-above-stick-meta":"","header-main-stick-meta":"","header-below-stick-meta":"","astra-migrate-meta-layouts":"set","ast-page-background-enabled":"default","ast-page-background-meta":{"desktop":{"background-color":"var(--ast-global-color-4)","background-image":"","background-repeat":"repeat","background-position":"center center","background-size":"auto","background-attachment":"scroll","background-type":"","background-media":"","overlay-type":"","overlay-color":"","overlay-opacity":"","overlay-gradient":""},"tablet":{"background-color":"","background-image":"","background-repeat":"repeat","background-position":"center center","background-size":"auto","background-attachment":"scroll","background-type":"","background-media":"","overlay-type":"","overlay-color":"","overlay-opacity":"","overlay-gradient":""},"mobile":{"background-color":"","background-image":"","background-repeat":"repeat","background-position":"center center","background-size":"auto","background-attachment":"scroll","background-type":"","background-media":"","overlay-type":"","overlay-color":"","overlay-opacity":"","overlay-gradient":""}},"ast-content-background-meta":{"desktop":{"background-color":"var(--ast-global-color-5)","background-image":"","background-repeat":"repeat","background-position":"center center","background-size":"auto","background-attachment":"scroll","background-type":"","background-media":"","overlay-type":"","overlay-color":"","overlay-opacity":"","overlay-gradient":""},"tablet":{"background-color":"var(--ast-global-color-5)","background-image":"","background-repeat":"repeat","background-position":"center center","background-size":"auto","background-attachment":"scroll","background-type":"","background-media":"","overlay-type":"","overlay-color":"","overlay-opacity":"","overlay-gradient":""},"mobile":{"background-color":"var(--ast-global-color-5)","background-image":"","background-repeat":"repeat","background-position":"center center","background-size":"auto","background-attachment":"scroll","background-type":"","background-media":"","overlay-type":"","overlay-color":"","overlay-opacity":"","overlay-gradient":""}}},"product_brand":[4219],"product_cat":[4803,1144],"product_tag":[4226],"product_format_filter":[],"class_list":{"0":"post-147456","1":"product","2":"type-product","3":"status-publish","4":"has-post-thumbnail","6":"product_brand-papa-joes-organics","7":"product_cat-pre-rolls-non-infuses","8":"product_cat-pre-roules","9":"product_tag-papa-joes-organics-fr-2","10":"pa_flavours-agrume","11":"pa_flavours-baies","12":"pa_flavours-dank-fr","13":"pa_flavours-fruite","14":"pa_flavours-moufette","15":"pa_format-0-5g-x-7-fr","16":"pa_intensity-thc-eleve","17":"pa_marques-papa-joes-organics-fr","18":"pa_origin-colombie-britannique-fr","19":"pa_prix-par-gramme-8-57-fr","20":"pa_profil-terpene-caryophyllene","21":"pa_profil-terpene-farnesene-fr","22":"pa_profil-terpene-limonene-fr","23":"pa_thc-25-7-fr","24":"pa_type-de-plante-indica-fr","25":"desktop-align-left","26":"tablet-align-left","27":"mobile-align-left","29":"first","30":"outofstock","31":"taxable","32":"shipping-taxable","33":"purchasable","34":"product-type-simple"},"group_of_quantity":0,"min_quantity":0,"max_quantity":"","exclude_order_quantity_value_rules":"no","exclude_category_quantity_rules":"no","combine_variations":"no","acf":[],"_links":{"self":[{"href":"https:\/\/mendomedical.ca\/fr\/wp-json\/wp\/v2\/product\/147456","targetHints":{"allow":["GET"]}}],"collection":[{"href":"https:\/\/mendomedical.ca\/fr\/wp-json\/wp\/v2\/product"}],"about":[{"href":"https:\/\/mendomedical.ca\/fr\/wp-json\/wp\/v2\/types\/product"}],"replies":[{"embeddable":true,"href":"https:\/\/mendomedical.ca\/fr\/wp-json\/wp\/v2\/comments?post=147456"}],"wp:featuredmedia":[{"embeddable":true,"href":"https:\/\/mendomedical.ca\/fr\/wp-json\/wp\/v2\/media\/147428"}],"wp:attachment":[{"href":"https:\/\/mendomedical.ca\/fr\/wp-json\/wp\/v2\/media?parent=147456"}],"wp:term":[{"taxonomy":"product_brand","embeddable":true,"href":"https:\/\/mendomedical.ca\/fr\/wp-json\/wp\/v2\/product_brand?post=147456"},{"taxonomy":"product_cat","embeddable":true,"href":"https:\/\/mendomedical.ca\/fr\/wp-json\/wp\/v2\/product_cat?post=147456"},{"taxonomy":"product_tag","embeddable":true,"href":"https:\/\/mendomedical.ca\/fr\/wp-json\/wp\/v2\/product_tag?post=147456"},{"taxonomy":"product_format_filter","embeddable":true,"href":"https:\/\/mendomedical.ca\/fr\/wp-json\/wp\/v2\/product_format_filter?post=147456"}],"curies":[{"name":"wp","href":"https:\/\/api.w.org\/{rel}","templated":true}]}}