{"id":147448,"date":"2025-09-30T16:06:47","date_gmt":"2025-09-30T20:06:47","guid":{"rendered":"https:\/\/mendomedical.ca\/?post_type=product&#038;p=147448"},"modified":"2026-03-25T07:14:11","modified_gmt":"2026-03-25T11:14:11","slug":"purple-truffle","status":"publish","type":"product","link":"https:\/\/mendomedical.ca\/fr\/produit\/purple-truffle\/","title":{"rendered":"Purple Truffle"},"content":{"rendered":"","protected":false},"excerpt":{"rendered":"<div class=\"ExternalClassDF546971F7E949969D5996B30244DD8D\">\n<h3>Purple Truffle par Papa Joe&rsquo;s Organics<\/h3>\n<h3>Terp\u00e8nes totaux : 2,74%.<\/h3>\n<p>D\u00e9couvrez la qualit\u00e9 exceptionnelle de Purple Truffle, une vari\u00e9t\u00e9 premium \u00e0 dominance indica \u00e9labor\u00e9e par Papa Joe&rsquo;s Organics. Cette puissante fleur combine les g\u00e9n\u00e9tiques Zkittlez et Cherry Noir pour offrir une exp\u00e9rience profond\u00e9ment relaxante avec une impressionnante teneur en THC de 25 \u00e0 30 % et 2,74 % de terp\u00e8nes totaux. Cultiv\u00e9e selon les m\u00e9thodes Living Organic Soil (LSO) sans pesticides, taill\u00e9e \u00e0 la main et s\u00e9ch\u00e9e pendant 21 jours, Purple Truffle repr\u00e9sente le summum de la culture biologique du cannabis.  <\/p>\n<h4>Caract\u00e9ristiques principales<\/h4>\n<ul>\n<li>Souche indica tr\u00e8s puissante avec 25-30% de THC et 2,74% de Terp\u00e8nes totaux.<\/li>\n<li>Cultiv\u00e9 biologiquement selon les m\u00e9thodes LSO, sans pesticides et jamais irradi\u00e9<\/li>\n<li>Cocottes denses, de couleur pourpre, recouvertes de trichomes cristallins.<\/li>\n<li>Profil aromatique complexe avec des notes de baies, d&rsquo;agrumes, de diesel et de skunk.<\/li>\n<li>Id\u00e9al pour une utilisation en soir\u00e9e, favorisant la relaxation et un sommeil r\u00e9parateur<\/li>\n<\/ul>\n<h4>Saveur, ar\u00f4me et profil des terp\u00e8nes<\/h4>\n<p>Purple Truffle offre une exp\u00e9rience sensorielle \u00e0 plusieurs niveaux, avec son ar\u00f4me distinctif de diesel sec, compl\u00e9t\u00e9 par des notes de mouffette, de cerises noires \u00e9pic\u00e9es et d&rsquo;agrumes acidul\u00e9s. La saveur suit le m\u00eame chemin avec un go\u00fbt lourd de skunk diesel accentu\u00e9 par des baies fruit\u00e9es et des nuances d&rsquo;agrumes vives. Le profil terp\u00e9nique comprend du limon\u00e8ne, du b\u00eata-caryophyll\u00e8ne et du farn\u00e9s\u00e8ne, qui contribuent \u00e0 la fois \u00e0 la complexit\u00e9 aromatique et aux bienfaits th\u00e9rapeutiques potentiels.  <\/p>\n<h4>Pourquoi choisir la fleur<\/h4>\n<p>La fleur de cannabis offre aux utilisateurs m\u00e9dicaux l&rsquo;exp\u00e9rience la plus polyvalente et la plus personnalisable, permettant un dosage pr\u00e9cis et une apparition imm\u00e9diate des effets. La puissance \u00e9lev\u00e9e et les propri\u00e9t\u00e9s s\u00e9datives de Purple Truffle la rendent particuli\u00e8rement adapt\u00e9e \u00e0 la gestion des sympt\u00f4mes du soir. <\/p>\n<h4>Exp\u00e9dition dans tout le Canada<\/h4>\n<p>Purple Truffle est exp\u00e9di\u00e9 rapidement dans tout le Canada avec une livraison gratuite pour les commandes de plus de 150 $. Votre commande sera soigneusement emball\u00e9e afin de pr\u00e9server la qualit\u00e9 et l&rsquo;int\u00e9grit\u00e9 de cette fleur de qualit\u00e9 sup\u00e9rieure pendant le transport. <\/p>\n<h4>Avantages et couverture pour les anciens combattants<\/h4>\n<p>Purple Truffle est admissible \u00e0 la couverture d&rsquo;ACC (Anciens Combattants Canada) avec facturation directe par l&rsquo;interm\u00e9diaire de la Croix Bleue, ce qui signifie qu&rsquo;il n&rsquo;y a pas de frais \u00e0 d\u00e9bourser pour les anciens combattants admissibles. Si vous n&rsquo;avez pas encore d&rsquo;ordonnance de cannabis m\u00e9dical, obtenez votre carte m\u00e9dicale gratuite rapidement et facilement sur <a href=\"https:\/\/mendomedical.ca\/fr\/carte-medicale\/\">https:\/\/mendomedical.ca\/medical-card\/.<\/a> <\/p>\n<\/div>\n","protected":false},"featured_media":147450,"comment_status":"closed","ping_status":"closed","template":"","meta":{"_acf_changed":false,"site-sidebar-layout":"default","site-content-layout":"","ast-site-content-layout":"default","site-content-style":"default","site-sidebar-style":"default","ast-global-header-display":"","ast-banner-title-visibility":"","ast-main-header-display":"","ast-hfb-above-header-display":"","ast-hfb-below-header-display":"","ast-hfb-mobile-header-display":"","site-post-title":"","ast-breadcrumbs-content":"","ast-featured-img":"","footer-sml-layout":"","ast-disable-related-posts":"","theme-transparent-header-meta":"default","adv-header-id-meta":"","stick-header-meta":"","header-above-stick-meta":"","header-main-stick-meta":"","header-below-stick-meta":"","astra-migrate-meta-layouts":"set","ast-page-background-enabled":"default","ast-page-background-meta":{"desktop":{"background-color":"var(--ast-global-color-4)","background-image":"","background-repeat":"repeat","background-position":"center center","background-size":"auto","background-attachment":"scroll","background-type":"","background-media":"","overlay-type":"","overlay-color":"","overlay-opacity":"","overlay-gradient":""},"tablet":{"background-color":"","background-image":"","background-repeat":"repeat","background-position":"center center","background-size":"auto","background-attachment":"scroll","background-type":"","background-media":"","overlay-type":"","overlay-color":"","overlay-opacity":"","overlay-gradient":""},"mobile":{"background-color":"","background-image":"","background-repeat":"repeat","background-position":"center center","background-size":"auto","background-attachment":"scroll","background-type":"","background-media":"","overlay-type":"","overlay-color":"","overlay-opacity":"","overlay-gradient":""}},"ast-content-background-meta":{"desktop":{"background-color":"var(--ast-global-color-5)","background-image":"","background-repeat":"repeat","background-position":"center center","background-size":"auto","background-attachment":"scroll","background-type":"","background-media":"","overlay-type":"","overlay-color":"","overlay-opacity":"","overlay-gradient":""},"tablet":{"background-color":"var(--ast-global-color-5)","background-image":"","background-repeat":"repeat","background-position":"center center","background-size":"auto","background-attachment":"scroll","background-type":"","background-media":"","overlay-type":"","overlay-color":"","overlay-opacity":"","overlay-gradient":""},"mobile":{"background-color":"var(--ast-global-color-5)","background-image":"","background-repeat":"repeat","background-position":"center center","background-size":"auto","background-attachment":"scroll","background-type":"","background-media":"","overlay-type":"","overlay-color":"","overlay-opacity":"","overlay-gradient":""}}},"product_brand":[],"product_cat":[1137],"product_tag":[4226],"product_format_filter":[6373],"class_list":{"0":"post-147448","1":"product","2":"type-product","3":"status-publish","4":"has-post-thumbnail","6":"product_cat-fleur","7":"product_tag-papa-joes-organics-fr-2","8":"pa_flavours-agrume","9":"pa_flavours-baies","10":"pa_flavours-dank-fr","11":"pa_flavours-fruite","12":"pa_flavours-gazeux-diesel-2-fr","13":"pa_flavours-moufette","14":"pa_intensity-thc-eleve","15":"pa_marques-papa-joes-organics-fr","16":"pa_origin-colombie-britannique-fr","17":"pa_packaging-date-01-27-2026","18":"pa_prix-par-gramme-8-57","19":"pa_profil-terpene-caryophyllene","20":"pa_profil-terpene-farnesene-fr","21":"pa_profil-terpene-limonene-fr","22":"pa_type-de-plante-indica-fr","23":"product_format_filter-7g","24":"desktop-align-left","25":"tablet-align-left","26":"mobile-align-left","28":"first","29":"outofstock","30":"taxable","31":"shipping-taxable","32":"purchasable","33":"product-type-simple"},"group_of_quantity":0,"min_quantity":0,"max_quantity":"","exclude_order_quantity_value_rules":"no","exclude_category_quantity_rules":"no","combine_variations":"no","acf":[],"_links":{"self":[{"href":"https:\/\/mendomedical.ca\/fr\/wp-json\/wp\/v2\/product\/147448","targetHints":{"allow":["GET"]}}],"collection":[{"href":"https:\/\/mendomedical.ca\/fr\/wp-json\/wp\/v2\/product"}],"about":[{"href":"https:\/\/mendomedical.ca\/fr\/wp-json\/wp\/v2\/types\/product"}],"replies":[{"embeddable":true,"href":"https:\/\/mendomedical.ca\/fr\/wp-json\/wp\/v2\/comments?post=147448"}],"wp:featuredmedia":[{"embeddable":true,"href":"https:\/\/mendomedical.ca\/fr\/wp-json\/wp\/v2\/media\/147450"}],"wp:attachment":[{"href":"https:\/\/mendomedical.ca\/fr\/wp-json\/wp\/v2\/media?parent=147448"}],"wp:term":[{"taxonomy":"product_brand","embeddable":true,"href":"https:\/\/mendomedical.ca\/fr\/wp-json\/wp\/v2\/product_brand?post=147448"},{"taxonomy":"product_cat","embeddable":true,"href":"https:\/\/mendomedical.ca\/fr\/wp-json\/wp\/v2\/product_cat?post=147448"},{"taxonomy":"product_tag","embeddable":true,"href":"https:\/\/mendomedical.ca\/fr\/wp-json\/wp\/v2\/product_tag?post=147448"},{"taxonomy":"product_format_filter","embeddable":true,"href":"https:\/\/mendomedical.ca\/fr\/wp-json\/wp\/v2\/product_format_filter?post=147448"}],"curies":[{"name":"wp","href":"https:\/\/api.w.org\/{rel}","templated":true}]}}