{"id":147433,"date":"2025-08-10T18:10:14","date_gmt":"2025-08-10T22:10:14","guid":{"rendered":"https:\/\/mendomedical.ca\/?post_type=product&#038;p=147433"},"modified":"2025-12-18T15:17:33","modified_gmt":"2025-12-18T20:17:33","slug":"chonky-af","status":"publish","type":"product","link":"https:\/\/mendomedical.ca\/fr\/produit\/chonky-af\/","title":{"rendered":"Chonky AF"},"content":{"rendered":"","protected":false},"excerpt":{"rendered":"<div class=\"ExternalClassD61AE67CDA1548F68C81A399DBCD527C\">\n<h3>Chonky AF - Fleur de cannabis hybride de qualit\u00e9 sup\u00e9rieure<\/h3>\n<p>D\u00e9couvrez la qualit\u00e9 exceptionnelle de la Chonky AF de Papa Joe&rsquo;s Organics, une vari\u00e9t\u00e9 soigneusement ph\u00e9notyp\u00e9e d\u00e9riv\u00e9e des g\u00e8nes l\u00e9gendaires de la Formule 1. Cet hybride parfaitement \u00e9quilibr\u00e9 combine les lign\u00e9es Grape Pie, Black Lime #9 et Testarossa pour offrir une exp\u00e9rience unique du cannabis. Cultiv\u00e9e selon les m\u00e9thodes Living Organic Soil (LSO) sans pesticides, taill\u00e9e \u00e0 la main et s\u00e9ch\u00e9e pendant 21 jours, la Chonky AF repr\u00e9sente le summum de la culture biologique du cannabis.  <\/p>\n<h3>Caract\u00e9ristiques principales<\/h3>\n<ul>\n<li>Hybride \u00e9quilibr\u00e9 avec 25,7 % de THC et 2,37 % de terp\u00e8nes totaux pour un profil d&rsquo;effets complet.<\/li>\n<li>Cultiv\u00e9 biologiquement selon les m\u00e9thodes LSO, sans pesticides et jamais irradi\u00e9<\/li>\n<li>Cocottes denses, vert fonc\u00e9, au profil aromatique complexe d&rsquo;agrumes, de diesel et de fruits.<\/li>\n<li>Effets \u00e0 action rapide combinant l&rsquo;euphorie \u00e9nerg\u00e9tique et la relaxation physique douce<\/li>\n<li>Par\u00e9 \u00e0 la main et s\u00e9ch\u00e9 pendant 21 jours pour pr\u00e9server une puissance et une saveur optimales.<\/li>\n<\/ul>\n<h3>Profil aromatique et terp\u00e9nique<\/h3>\n<p>Chonky AF offre une exp\u00e9rience sensorielle sophistiqu\u00e9e gr\u00e2ce \u00e0 sa teneur en terp\u00e8nes de 2,37 %, avec des profils dominants de limon\u00e8ne, de b\u00eata-caryophyll\u00e8ne et de linalol. D\u00e8s l&rsquo;ouverture, vous d\u00e9couvrirez un m\u00e9lange intrigant de diesel terreux et de notes d&rsquo;agrumes acides, compl\u00e9t\u00e9 par de subtiles fleurs sucr\u00e9es et des \u00e9pices. L&rsquo;inhalation met en avant des saveurs douces et fruit\u00e9es qui se transforment en une finale l\u00e9g\u00e8rement acide d&rsquo;agrumes et de diesel \u00e0 l&rsquo;expiration, cr\u00e9ant ainsi un voyage gustatif complexe et satisfaisant.  <\/p>\n<h3>Pourquoi choisir une fleur de cannabis de qualit\u00e9 sup\u00e9rieure ?<\/h3>\n<p>La fleur enti\u00e8re de cannabis de premi\u00e8re qualit\u00e9 offre aux utilisateurs m\u00e9dicaux le spectre complet des cannabino\u00efdes et des terp\u00e8nes sous leur forme naturelle. Cela permet un contr\u00f4le pr\u00e9cis du dosage et la possibilit\u00e9 d&rsquo;exp\u00e9rimenter l&rsquo;effet d&rsquo;entourage complet, ce qui peut renforcer les b\u00e9n\u00e9fices th\u00e9rapeutiques pour des conditions telles que le TDAH, le stress chronique, la d\u00e9pression et les troubles de l&rsquo;humeur. <\/p>\n<h3>Exp\u00e9dition dans tout le Canada<\/h3>\n<p>Chonky AF est exp\u00e9di\u00e9 rapidement \u00e0 travers le Canada avec une livraison gratuite pour les commandes de plus de 150 $. Nous assurons un emballage discret et une livraison fiable pour apporter cette fleur biologique de premi\u00e8re qualit\u00e9 directement \u00e0 votre porte. <\/p>\n<h3>Avantages et couverture pour les anciens combattants<\/h3>\n<p>Chonky AF est admissible \u00e0 la couverture d&rsquo;ACC (Anciens Combattants Canada) et \u00e0 la facturation directe par l&rsquo;entremise de la Croix Bleue, ce qui signifie que les anciens combattants admissibles n&rsquo;ont rien \u00e0 d\u00e9bourser. Si vous n&rsquo;avez pas encore de carte m\u00e9dicale, vous pouvez <a href=\"https:\/\/mendomedical.ca\/fr\/carte-medicale\/\">obtenir votre carte m\u00e9dicale gratuite rapidement et facilement<\/a> pour acc\u00e9der \u00e0 ces avantages. <\/p>\n<\/div>\n","protected":false},"featured_media":147436,"comment_status":"closed","ping_status":"closed","template":"","meta":{"_acf_changed":false,"site-sidebar-layout":"default","site-content-layout":"","ast-site-content-layout":"default","site-content-style":"default","site-sidebar-style":"default","ast-global-header-display":"","ast-banner-title-visibility":"","ast-main-header-display":"","ast-hfb-above-header-display":"","ast-hfb-below-header-display":"","ast-hfb-mobile-header-display":"","site-post-title":"","ast-breadcrumbs-content":"","ast-featured-img":"","footer-sml-layout":"","ast-disable-related-posts":"","theme-transparent-header-meta":"default","adv-header-id-meta":"","stick-header-meta":"","header-above-stick-meta":"","header-main-stick-meta":"","header-below-stick-meta":"","astra-migrate-meta-layouts":"set","ast-page-background-enabled":"default","ast-page-background-meta":{"desktop":{"background-color":"var(--ast-global-color-4)","background-image":"","background-repeat":"repeat","background-position":"center center","background-size":"auto","background-attachment":"scroll","background-type":"","background-media":"","overlay-type":"","overlay-color":"","overlay-opacity":"","overlay-gradient":""},"tablet":{"background-color":"","background-image":"","background-repeat":"repeat","background-position":"center center","background-size":"auto","background-attachment":"scroll","background-type":"","background-media":"","overlay-type":"","overlay-color":"","overlay-opacity":"","overlay-gradient":""},"mobile":{"background-color":"","background-image":"","background-repeat":"repeat","background-position":"center center","background-size":"auto","background-attachment":"scroll","background-type":"","background-media":"","overlay-type":"","overlay-color":"","overlay-opacity":"","overlay-gradient":""}},"ast-content-background-meta":{"desktop":{"background-color":"var(--ast-global-color-5)","background-image":"","background-repeat":"repeat","background-position":"center center","background-size":"auto","background-attachment":"scroll","background-type":"","background-media":"","overlay-type":"","overlay-color":"","overlay-opacity":"","overlay-gradient":""},"tablet":{"background-color":"var(--ast-global-color-5)","background-image":"","background-repeat":"repeat","background-position":"center center","background-size":"auto","background-attachment":"scroll","background-type":"","background-media":"","overlay-type":"","overlay-color":"","overlay-opacity":"","overlay-gradient":""},"mobile":{"background-color":"var(--ast-global-color-5)","background-image":"","background-repeat":"repeat","background-position":"center center","background-size":"auto","background-attachment":"scroll","background-type":"","background-media":"","overlay-type":"","overlay-color":"","overlay-opacity":"","overlay-gradient":""}}},"product_brand":[4219],"product_cat":[1137],"product_tag":[4226],"product_format_filter":[6373],"class_list":{"0":"post-147433","1":"product","2":"type-product","3":"status-publish","4":"has-post-thumbnail","6":"product_brand-papa-joes-organics","7":"product_cat-fleur","8":"product_tag-papa-joes-organics-fr-2","9":"pa_flavours-agrume","10":"pa_flavours-gazeux-diesel","11":"pa_flavours-fruite","12":"pa_flavours-doux","13":"pa_intensity-thc-eleve","14":"pa_marques-papa-joes-organics-fr","15":"pa_origin-colombie-britannique-fr","16":"pa_packaging-date-09-26-2025-fr","17":"pa_prix-par-gramme-8-57-fr","18":"pa_profil-terpene-caryophyllene","19":"pa_profil-terpene-limonene-fr","20":"pa_profil-terpene-linalol-fr","21":"pa_type-de-plante-hybride-fr","22":"product_format_filter-7g","23":"desktop-align-left","24":"tablet-align-left","25":"mobile-align-left","27":"first","28":"outofstock","29":"taxable","30":"shipping-taxable","31":"purchasable","32":"product-type-simple"},"group_of_quantity":0,"min_quantity":0,"max_quantity":"","exclude_order_quantity_value_rules":"no","exclude_category_quantity_rules":"no","combine_variations":"no","acf":[],"_links":{"self":[{"href":"https:\/\/mendomedical.ca\/fr\/wp-json\/wp\/v2\/product\/147433","targetHints":{"allow":["GET"]}}],"collection":[{"href":"https:\/\/mendomedical.ca\/fr\/wp-json\/wp\/v2\/product"}],"about":[{"href":"https:\/\/mendomedical.ca\/fr\/wp-json\/wp\/v2\/types\/product"}],"replies":[{"embeddable":true,"href":"https:\/\/mendomedical.ca\/fr\/wp-json\/wp\/v2\/comments?post=147433"}],"wp:featuredmedia":[{"embeddable":true,"href":"https:\/\/mendomedical.ca\/fr\/wp-json\/wp\/v2\/media\/147436"}],"wp:attachment":[{"href":"https:\/\/mendomedical.ca\/fr\/wp-json\/wp\/v2\/media?parent=147433"}],"wp:term":[{"taxonomy":"product_brand","embeddable":true,"href":"https:\/\/mendomedical.ca\/fr\/wp-json\/wp\/v2\/product_brand?post=147433"},{"taxonomy":"product_cat","embeddable":true,"href":"https:\/\/mendomedical.ca\/fr\/wp-json\/wp\/v2\/product_cat?post=147433"},{"taxonomy":"product_tag","embeddable":true,"href":"https:\/\/mendomedical.ca\/fr\/wp-json\/wp\/v2\/product_tag?post=147433"},{"taxonomy":"product_format_filter","embeddable":true,"href":"https:\/\/mendomedical.ca\/fr\/wp-json\/wp\/v2\/product_format_filter?post=147433"}],"curies":[{"name":"wp","href":"https:\/\/api.w.org\/{rel}","templated":true}]}}