{"id":147425,"date":"2025-09-05T17:15:44","date_gmt":"2025-09-05T21:15:44","guid":{"rendered":"https:\/\/mendomedical.ca\/?post_type=product&#038;p=147425"},"modified":"2026-01-13T13:20:30","modified_gmt":"2026-01-13T18:20:30","slug":"blueberry-shizzle-pre-rolls","status":"publish","type":"product","link":"https:\/\/mendomedical.ca\/fr\/produit\/blueberry-shizzle-pre-rolls\/","title":{"rendered":"Pr\u00e9-roul\u00e9s Blueberry Shizzle"},"content":{"rendered":"","protected":false},"excerpt":{"rendered":"<div class=\"ExternalClassCCAB3C6CB01B4B969C882A4DE722944D\">\n<h3>Pr\u00e9-roul\u00e9s Blueberry Shizzle de Papa Joe&rsquo;s Organics<\/h3>\n<h3>Terp\u00e8nes totaux : 2,93%.<\/h3>\n<p>D\u00e9couvrez la qualit\u00e9 exceptionnelle de Blueberry Shizzle pr\u00e9-roul\u00e9s, une offre premium \u00e0 dominance indica de Papa Joe&rsquo;s Organics. Ce cultivar unique est apparu de mani\u00e8re fortuite au cours de la culture et est depuis devenu une souche exceptionnelle pr\u00e9sentant 2,93 % de terp\u00e8nes totaux. Cultiv\u00e9s selon les m\u00e9thodes Living Organic Soil (LSO) avec des intrants exclusivement biologiques et sans pesticides, ces Pr\u00e9-rolls vous offrent une exp\u00e9rience pure et puissante. Chaque lot fait l&rsquo;objet d&rsquo;un triage manuel m\u00e9ticuleux et d&rsquo;un processus de maturation de 21 jours, garantissant une saveur et des effets optimaux sans irradiation.<\/p>\n<h4>Caract\u00e9ristiques principales<\/h4>\n<ul>\n<li>Haut en CBD inf\u00e9rieur \u00e0 0,1 % pour des effets relaxants prononc\u00e9s<\/li>\n<li>Cultiv\u00e9 biologiquement selon les m\u00e9thodes LSO, sans pesticides ni irradiation<\/li>\n<li>Salaison de 21 jours et parage \u00e0 la main pour une qualit\u00e9 sup\u00e9rieure et la pr\u00e9servation des ar\u00f4mes<\/li>\n<li>Les cocottes de couleur gris-pourpre sont recouvertes de trichomes collants pour l&rsquo;attrait visuel.<\/li>\n<li>2,93% de terp\u00e8nes totaux, dont le caryophyll\u00e8ne, le limon\u00e8ne et le farn\u00e9s\u00e8ne.<\/li>\n<\/ul>\n<h4>Profil aromatique et terp\u00e9nique<\/h4>\n<p>D\u00e8s l&rsquo;ouverture, d\u00e9couvrez un ar\u00f4me s\u00e9duisant qui rappelle la tarte aux myrtilles ou la confiture fra\u00eeche. Le voyage de la saveur commence par des notes sucr\u00e9es de baies \u00e0 l&rsquo;inhalation et se poursuit par des notes kushy persistantes \u00e0 l&rsquo;expiration. Le profil terp\u00e9nique vari\u00e9 comprend du caryophyll\u00e8ne, du limon\u00e8ne et du farn\u00e9s\u00e8ne, contribuant \u00e0 la fois au caract\u00e8re distinctif de la vari\u00e9t\u00e9 et \u00e0 ses propri\u00e9t\u00e9s th\u00e9rapeutiques potentielles. Cette vari\u00e9t\u00e9 indica peut contribuer \u00e0 la relaxation, \u00e0 l&rsquo;am\u00e9lioration de l&rsquo;humeur et \u00e0 la qualit\u00e9 du sommeil.<\/p>\n<h4>Pourquoi choisir les pr\u00e9-roul\u00e9s ?<\/h4>\n<p>Les pr\u00e9-roul\u00e9s offrent aux consommateurs de cannabis m\u00e9dical commodit\u00e9 et coh\u00e9rence avec des doses pr\u00e9cis\u00e9ment mesur\u00e9es dans chaque joint. Ils \u00e9liminent le temps de pr\u00e9paration et garantissent une combustion uniforme pour une exp\u00e9rience fiable \u00e0 chaque fois.<\/p>\n<h4>Exp\u00e9dition dans tout le Canada<\/h4>\n<p>Les pr\u00e9-roul\u00e9s Blueberry Shizzle sont exp\u00e9di\u00e9s rapidement \u00e0 travers le Canada avec une livraison gratuite pour les commandes de plus de 150 $. Nous assurons un emballage discret et une livraison fiable pour apporter ces Pr\u00e9-rolls de qualit\u00e9 sup\u00e9rieure directement \u00e0 votre porte.<\/p>\n<h4>Avantages et couverture pour les anciens combattants<\/h4>\n<p>Les pr\u00e9-roul\u00e9s\u00a0 sont admissibles \u00e0 la couverture d&rsquo;ACC (Anciens Combattants Canada) avec facturation directe par l&rsquo;entremise de la Croix Bleue, ce qui signifie qu&rsquo;aucun d\u00e9bours\u00e9 n&rsquo;est n\u00e9cessaire pour les anciens combattants admissibles. Si vous n&rsquo;avez pas encore votre carte de cannabis m\u00e9dical, obtenez-la rapidement et facilement \u00e0 l&rsquo;<a href=\"https:\/\/mendomedical.ca\/fr\/carte-medicale\/\">adresse https:\/\/mendomedical.ca\/medical-card\/.<\/a><\/p>\n<\/div>\n","protected":false},"featured_media":147428,"comment_status":"closed","ping_status":"closed","template":"","meta":{"_acf_changed":false,"site-sidebar-layout":"default","site-content-layout":"","ast-site-content-layout":"default","site-content-style":"default","site-sidebar-style":"default","ast-global-header-display":"","ast-banner-title-visibility":"","ast-main-header-display":"","ast-hfb-above-header-display":"","ast-hfb-below-header-display":"","ast-hfb-mobile-header-display":"","site-post-title":"","ast-breadcrumbs-content":"","ast-featured-img":"","footer-sml-layout":"","ast-disable-related-posts":"","theme-transparent-header-meta":"default","adv-header-id-meta":"","stick-header-meta":"","header-above-stick-meta":"","header-main-stick-meta":"","header-below-stick-meta":"","astra-migrate-meta-layouts":"set","ast-page-background-enabled":"default","ast-page-background-meta":{"desktop":{"background-color":"var(--ast-global-color-4)","background-image":"","background-repeat":"repeat","background-position":"center center","background-size":"auto","background-attachment":"scroll","background-type":"","background-media":"","overlay-type":"","overlay-color":"","overlay-opacity":"","overlay-gradient":""},"tablet":{"background-color":"","background-image":"","background-repeat":"repeat","background-position":"center center","background-size":"auto","background-attachment":"scroll","background-type":"","background-media":"","overlay-type":"","overlay-color":"","overlay-opacity":"","overlay-gradient":""},"mobile":{"background-color":"","background-image":"","background-repeat":"repeat","background-position":"center center","background-size":"auto","background-attachment":"scroll","background-type":"","background-media":"","overlay-type":"","overlay-color":"","overlay-opacity":"","overlay-gradient":""}},"ast-content-background-meta":{"desktop":{"background-color":"var(--ast-global-color-5)","background-image":"","background-repeat":"repeat","background-position":"center center","background-size":"auto","background-attachment":"scroll","background-type":"","background-media":"","overlay-type":"","overlay-color":"","overlay-opacity":"","overlay-gradient":""},"tablet":{"background-color":"var(--ast-global-color-5)","background-image":"","background-repeat":"repeat","background-position":"center center","background-size":"auto","background-attachment":"scroll","background-type":"","background-media":"","overlay-type":"","overlay-color":"","overlay-opacity":"","overlay-gradient":""},"mobile":{"background-color":"var(--ast-global-color-5)","background-image":"","background-repeat":"repeat","background-position":"center center","background-size":"auto","background-attachment":"scroll","background-type":"","background-media":"","overlay-type":"","overlay-color":"","overlay-opacity":"","overlay-gradient":""}}},"product_brand":[4219],"product_cat":[4803,1144],"product_tag":[4226],"product_format_filter":[6374],"class_list":{"0":"post-147425","1":"product","2":"type-product","3":"status-publish","4":"has-post-thumbnail","6":"product_brand-papa-joes-organics","7":"product_cat-pre-rolls-non-infuses","8":"product_cat-pre-roules","9":"product_tag-papa-joes-organics-fr-2","10":"pa_flavours-baies","11":"pa_flavours-kush","12":"pa_flavours-doux","13":"pa_intensity-thc-eleve","14":"pa_marques-papa-joes-organics-fr","15":"pa_origin-colombie-britannique-fr","16":"pa_prix-par-gramme-8-57-fr","17":"pa_profil-terpene-myrcene","18":"pa_type-de-plante-indica-fr","19":"product_format_filter-0-5g","20":"desktop-align-left","21":"tablet-align-left","22":"mobile-align-left","24":"first","25":"outofstock","26":"taxable","27":"shipping-taxable","28":"purchasable","29":"product-type-simple"},"group_of_quantity":0,"min_quantity":0,"max_quantity":"","exclude_order_quantity_value_rules":"no","exclude_category_quantity_rules":"no","combine_variations":"no","acf":[],"_links":{"self":[{"href":"https:\/\/mendomedical.ca\/fr\/wp-json\/wp\/v2\/product\/147425","targetHints":{"allow":["GET"]}}],"collection":[{"href":"https:\/\/mendomedical.ca\/fr\/wp-json\/wp\/v2\/product"}],"about":[{"href":"https:\/\/mendomedical.ca\/fr\/wp-json\/wp\/v2\/types\/product"}],"replies":[{"embeddable":true,"href":"https:\/\/mendomedical.ca\/fr\/wp-json\/wp\/v2\/comments?post=147425"}],"wp:featuredmedia":[{"embeddable":true,"href":"https:\/\/mendomedical.ca\/fr\/wp-json\/wp\/v2\/media\/147428"}],"wp:attachment":[{"href":"https:\/\/mendomedical.ca\/fr\/wp-json\/wp\/v2\/media?parent=147425"}],"wp:term":[{"taxonomy":"product_brand","embeddable":true,"href":"https:\/\/mendomedical.ca\/fr\/wp-json\/wp\/v2\/product_brand?post=147425"},{"taxonomy":"product_cat","embeddable":true,"href":"https:\/\/mendomedical.ca\/fr\/wp-json\/wp\/v2\/product_cat?post=147425"},{"taxonomy":"product_tag","embeddable":true,"href":"https:\/\/mendomedical.ca\/fr\/wp-json\/wp\/v2\/product_tag?post=147425"},{"taxonomy":"product_format_filter","embeddable":true,"href":"https:\/\/mendomedical.ca\/fr\/wp-json\/wp\/v2\/product_format_filter?post=147425"}],"curies":[{"name":"wp","href":"https:\/\/api.w.org\/{rel}","templated":true}]}}