{"id":147397,"date":"2025-08-10T18:00:06","date_gmt":"2025-08-10T22:00:06","guid":{"rendered":"https:\/\/mendomedical.ca\/?post_type=product&#038;p=147397"},"modified":"2026-01-13T12:32:13","modified_gmt":"2026-01-13T17:32:13","slug":"blueberry-shizzle","status":"publish","type":"product","link":"https:\/\/mendomedical.ca\/fr\/produit\/blueberry-shizzle\/","title":{"rendered":"Blueberry Shizzle"},"content":{"rendered":"","protected":false},"excerpt":{"rendered":"<div class=\"ExternalClass71CA06DC2C7C4F63A19C8B35A3F8E9C4\">\n<h3>Blueberry Shizzle - Fleur indica biologique de qualit\u00e9 sup\u00e9rieure<\/h3>\n<p>D\u00e9couvrez la cr\u00e9ation fortuite qu&rsquo;est la Blueberry Shizzle de Papa Joe&rsquo;s Organics. Cette vari\u00e9t\u00e9 exceptionnelle \u00e0 dominante indica est apparue par hasard au cours de la culture, donnant naissance \u00e0 une fleur remarquable qui procure une relaxation puissante et un profil de saveur de baies distinctif. Avec un total impressionnant de 2.93% de terp\u00e8nes et une teneur \u00e9lev\u00e9e en THC, cette fleur cultiv\u00e9e biologiquement offre une exp\u00e9rience de cannabis de premi\u00e8re qualit\u00e9 aux utilisateurs m\u00e9dicaux \u00e0 la recherche d&rsquo;un soulagement efficace en soir\u00e9e.<\/p>\n<h4>Caract\u00e9ristiques principales<\/h4>\n<ul>\n<li>Cultiv\u00e9 biologiquement selon les m\u00e9thodes Living Organic Soil (LSO), sans pesticides.<\/li>\n<li>Cocottes taill\u00e9es \u00e0 la main avec un processus de maturation de 21 jours, jamais irradi\u00e9es<\/li>\n<li>Teneur \u00e9lev\u00e9e en THC avec 2.93% de terp\u00e8nes totaux pour un potentiel th\u00e9rapeutique accru<\/li>\n<li>Cocottes distinctives de couleur gris-violet, couvertes de trichomes collants.<\/li>\n<li>Souche du soir id\u00e9ale pour la relaxation et le sommeil<\/li>\n<\/ul>\n<h4>Profil aromatique et terp\u00e9nique<\/h4>\n<p>Blueberry Shizzle offre une exp\u00e9rience sensorielle exceptionnelle avec son ar\u00f4me de tarte aux myrtilles qui met l&rsquo;eau \u00e0 la bouche et qui jaillit du sachet. Le voyage des saveurs commence par des notes sucr\u00e9es de baies \u00e0 l&rsquo;inhalation, suivies de nuances kush distinctives \u00e0 l&rsquo;exhalaison. Le profil terp\u00e9nique diversifi\u00e9 comprend du caryophyll\u00e8ne, du limon\u00e8ne et du farn\u00e9s\u00e8ne, contribuant \u00e0 la fois \u00e0 son caract\u00e8re aromatique unique et \u00e0 ses bienfaits th\u00e9rapeutiques potentiels. Cette vari\u00e9t\u00e9 indica peut contribuer \u00e0 la relaxation, \u00e0 l&rsquo;\u00e9l\u00e9vation de l&rsquo;humeur et \u00e0 un sommeil r\u00e9parateur.<\/p>\n<h4>Pourquoi choisir Premium Flower<\/h4>\n<p>La fleur enti\u00e8re de premi\u00e8re qualit\u00e9 offre aux utilisateurs m\u00e9dicaux le spectre complet des cannabino\u00efdes et des terp\u00e8nes sous leur forme naturelle. Cela permet un contr\u00f4le pr\u00e9cis du dosage et un effet d&rsquo;entourage complet, ce qui en fait un excellent choix pour les utilisateurs exp\u00e9riment\u00e9s g\u00e9rant diverses pathologies.<\/p>\n<h4>Exp\u00e9dition dans tout le Canada<\/h4>\n<p>Blueberry Shizzle est exp\u00e9di\u00e9 rapidement \u00e0 travers le Canada avec une livraison gratuite pour les commandes de plus de 150 $. Nous assurons un emballage discret et une livraison fiable pour apporter cette fleur biologique de premi\u00e8re qualit\u00e9 directement \u00e0 votre porte.<\/p>\n<h4>Avantages et couverture pour les anciens combattants<\/h4>\n<p>Blueberry Shizzle est admissible \u00e0 la couverture d&rsquo;ACC (Anciens Combattants Canada) avec facturation directe par l&rsquo;entremise de la Croix Bleue, ce qui signifie que les anciens combattants admissibles n&rsquo;ont pas \u00e0 d\u00e9bourser d&rsquo;argent. Si vous n&rsquo;avez pas encore votre ordonnance de cannabis m\u00e9dical, obtenez votre carte m\u00e9dicale gratuite rapidement et facilement \u00e0 l&rsquo;<a href=\"https:\/\/mendomedical.ca\/fr\/carte-medicale\/\">adresse https:\/\/mendomedical.ca\/medical-card\/.<\/a><\/p>\n<\/div>\n","protected":false},"featured_media":147402,"comment_status":"closed","ping_status":"closed","template":"","meta":{"_acf_changed":false,"site-sidebar-layout":"default","site-content-layout":"","ast-site-content-layout":"default","site-content-style":"default","site-sidebar-style":"default","ast-global-header-display":"","ast-banner-title-visibility":"","ast-main-header-display":"","ast-hfb-above-header-display":"","ast-hfb-below-header-display":"","ast-hfb-mobile-header-display":"","site-post-title":"","ast-breadcrumbs-content":"","ast-featured-img":"","footer-sml-layout":"","ast-disable-related-posts":"","theme-transparent-header-meta":"default","adv-header-id-meta":"","stick-header-meta":"","header-above-stick-meta":"","header-main-stick-meta":"","header-below-stick-meta":"","astra-migrate-meta-layouts":"set","ast-page-background-enabled":"default","ast-page-background-meta":{"desktop":{"background-color":"var(--ast-global-color-4)","background-image":"","background-repeat":"repeat","background-position":"center center","background-size":"auto","background-attachment":"scroll","background-type":"","background-media":"","overlay-type":"","overlay-color":"","overlay-opacity":"","overlay-gradient":""},"tablet":{"background-color":"","background-image":"","background-repeat":"repeat","background-position":"center center","background-size":"auto","background-attachment":"scroll","background-type":"","background-media":"","overlay-type":"","overlay-color":"","overlay-opacity":"","overlay-gradient":""},"mobile":{"background-color":"","background-image":"","background-repeat":"repeat","background-position":"center center","background-size":"auto","background-attachment":"scroll","background-type":"","background-media":"","overlay-type":"","overlay-color":"","overlay-opacity":"","overlay-gradient":""}},"ast-content-background-meta":{"desktop":{"background-color":"var(--ast-global-color-5)","background-image":"","background-repeat":"repeat","background-position":"center center","background-size":"auto","background-attachment":"scroll","background-type":"","background-media":"","overlay-type":"","overlay-color":"","overlay-opacity":"","overlay-gradient":""},"tablet":{"background-color":"var(--ast-global-color-5)","background-image":"","background-repeat":"repeat","background-position":"center center","background-size":"auto","background-attachment":"scroll","background-type":"","background-media":"","overlay-type":"","overlay-color":"","overlay-opacity":"","overlay-gradient":""},"mobile":{"background-color":"var(--ast-global-color-5)","background-image":"","background-repeat":"repeat","background-position":"center center","background-size":"auto","background-attachment":"scroll","background-type":"","background-media":"","overlay-type":"","overlay-color":"","overlay-opacity":"","overlay-gradient":""}}},"product_brand":[4219],"product_cat":[1137],"product_tag":[4226],"product_format_filter":[6373],"class_list":{"0":"post-147397","1":"product","2":"type-product","3":"status-publish","4":"has-post-thumbnail","6":"product_brand-papa-joes-organics","7":"product_cat-fleur","8":"product_tag-papa-joes-organics-fr-2","9":"pa_flavours-baies","10":"pa_flavours-kush","11":"pa_flavours-doux","12":"pa_intensity-thc-eleve","13":"pa_marques-papa-joes-organics-fr","14":"pa_origin-colombie-britannique-fr","15":"pa_packaging-date-09-26-2025-fr","16":"pa_prix-par-gramme-8-57-fr","17":"pa_profil-terpene-myrcene","18":"pa_type-de-plante-indica-fr","19":"product_format_filter-7g","20":"desktop-align-left","21":"tablet-align-left","22":"mobile-align-left","24":"first","25":"outofstock","26":"taxable","27":"shipping-taxable","28":"purchasable","29":"product-type-simple"},"group_of_quantity":0,"min_quantity":0,"max_quantity":"","exclude_order_quantity_value_rules":"no","exclude_category_quantity_rules":"no","combine_variations":"no","acf":[],"_links":{"self":[{"href":"https:\/\/mendomedical.ca\/fr\/wp-json\/wp\/v2\/product\/147397","targetHints":{"allow":["GET"]}}],"collection":[{"href":"https:\/\/mendomedical.ca\/fr\/wp-json\/wp\/v2\/product"}],"about":[{"href":"https:\/\/mendomedical.ca\/fr\/wp-json\/wp\/v2\/types\/product"}],"replies":[{"embeddable":true,"href":"https:\/\/mendomedical.ca\/fr\/wp-json\/wp\/v2\/comments?post=147397"}],"wp:featuredmedia":[{"embeddable":true,"href":"https:\/\/mendomedical.ca\/fr\/wp-json\/wp\/v2\/media\/147402"}],"wp:attachment":[{"href":"https:\/\/mendomedical.ca\/fr\/wp-json\/wp\/v2\/media?parent=147397"}],"wp:term":[{"taxonomy":"product_brand","embeddable":true,"href":"https:\/\/mendomedical.ca\/fr\/wp-json\/wp\/v2\/product_brand?post=147397"},{"taxonomy":"product_cat","embeddable":true,"href":"https:\/\/mendomedical.ca\/fr\/wp-json\/wp\/v2\/product_cat?post=147397"},{"taxonomy":"product_tag","embeddable":true,"href":"https:\/\/mendomedical.ca\/fr\/wp-json\/wp\/v2\/product_tag?post=147397"},{"taxonomy":"product_format_filter","embeddable":true,"href":"https:\/\/mendomedical.ca\/fr\/wp-json\/wp\/v2\/product_format_filter?post=147397"}],"curies":[{"name":"wp","href":"https:\/\/api.w.org\/{rel}","templated":true}]}}