{"id":147394,"date":"2024-09-01T09:00:54","date_gmt":"2024-09-01T13:00:54","guid":{"rendered":"https:\/\/mendomedical.ca\/?post_type=product&#038;p=147394"},"modified":"2026-03-18T12:30:35","modified_gmt":"2026-03-18T16:30:35","slug":"purple-moon-pre-rolls","status":"publish","type":"product","link":"https:\/\/mendomedical.ca\/fr\/produit\/purple-moon-pre-rolls\/","title":{"rendered":"Pr\u00e9-rolls de Purple Moon"},"content":{"rendered":"","protected":false},"excerpt":{"rendered":"<div class=\"ExternalClass1802BEEB68F447A4A7E3007B203EE76B\">\n<h3>Jublee Purple Moon Pr\u00e9-rolls<\/h3>\n<h3>Terp\u00e8nes totaux : 2-4%.<\/h3>\n<p>D\u00e9couvrez l&rsquo;essence tranquille du cannabis cultiv\u00e9 au Qu\u00e9bec avec les Pr\u00e9-rolls Jublee Purple Moon. Ces Pr\u00e9-rolls soigneusement \u00e9labor\u00e9s pr\u00e9sentent des vari\u00e9t\u00e9s de couleur pourpre s\u00e9lectionn\u00e9es pour leurs caract\u00e9ristiques distinctives et leur teneur en THC de 20 \u00e0 26 %. Parfaits pour la relaxation du soir ou la contemplation cr\u00e9ative, les Pr\u00e9-rolls Purple Moon offrent une exp\u00e9rience de cannabis sophistiqu\u00e9e avec des notes sucr\u00e9es et fruit\u00e9es qui plaisent aux utilisateurs m\u00e9dicaux exigeants.  <\/p>\n<h4>Caract\u00e9ristiques principales<\/h4>\n<ul>\n<li>20-26% de THC pour les utilisateurs exp\u00e9riment\u00e9s \u00e0 la recherche d&rsquo;effets puissants<\/li>\n<li>Cultivars qu\u00e9b\u00e9cois \u00e0 la g\u00e9n\u00e9tique mauve<\/li>\n<li>Les souches \u00e0 tendance indica sont id\u00e9ales pour le soir et la nuit.<\/li>\n<li>Pr\u00e9-rolls - pas de broyage ni de roulage n\u00e9cessaires<\/li>\n<li>Ar\u00f4me et saveur doux et fruit\u00e9s<\/li>\n<\/ul>\n<h4>Profil aromatique et gustatif<\/h4>\n<p>Les Pr\u00e9-rolls Purple Moon offrent une exp\u00e9rience sensorielle d\u00e9licieuse gr\u00e2ce \u00e0 leur ar\u00f4me fruit\u00e9 et sucr\u00e9. Le profil de saveur pr\u00e9sente des notes l\u00e9g\u00e8res, sucr\u00e9es et fruit\u00e9es qui rendent chaque session agr\u00e9able. Ces g\u00e9n\u00e9tiques \u00e0 tendance indica sont connues pour leurs propri\u00e9t\u00e9s calmantes et relaxantes, tout en favorisant les exp\u00e9riences contemplatives et cr\u00e9atives.  <\/p>\n<h4>Pourquoi choisir les pr\u00e9-rolls ?<\/h4>\n<p>Les Pr\u00e9-rolls offrent aux consommateurs de cannabis m\u00e9dical une commodit\u00e9 et une coh\u00e9rence in\u00e9gal\u00e9es. Chaque Pr\u00e9-rolls contient des quantit\u00e9s de cannabis mesur\u00e9es avec pr\u00e9cision, assurant un dosage fiable pour un usage th\u00e9rapeutique. Ils \u00e9liminent le temps de pr\u00e9paration et constituent une option discr\u00e8te et portable pour g\u00e9rer les sympt\u00f4mes tout au long de la journ\u00e9e.  <\/p>\n<h4>Exp\u00e9dition dans tout le Canada<\/h4>\n<p>Les Pr\u00e9-rolls de Purple Moon sont exp\u00e9di\u00e9s rapidement \u00e0 travers le Canada avec une livraison gratuite pour les commandes de plus de 150 $. Nous veillons \u00e0 ce que votre cannabis m\u00e9dical vous parvienne rapidement et discr\u00e8tement, afin de vous aider dans votre d\u00e9marche de bien-\u00eatre, o\u00f9 que vous soyez au Canada. <\/p>\n<h4>Avantages et couverture pour les anciens combattants<\/h4>\n<p>Les Pr\u00e9-rolls de Purple Moon sont admissibles \u00e0 la couverture d&rsquo;ACC (Anciens Combattants Canada) avec facturation directe par l&rsquo;entremise de la Croix Bleue, ce qui signifie qu&rsquo;il n&rsquo;y a pas de frais \u00e0 d\u00e9bourser pour les anciens combattants admissibles. Si vous n&rsquo;avez pas encore votre carte de cannabis m\u00e9dical, <a href=\"https:\/\/mendomedical.ca\/fr\/carte-medicale\/\">obtenez votre carte m\u00e9dicale gratuite rapidement et facilement<\/a> pour acc\u00e9der \u00e0 ces avantages et commencer votre voyage th\u00e9rapeutique avec le cannabis. <\/p>\n<\/div>\n","protected":false},"featured_media":147396,"comment_status":"closed","ping_status":"closed","template":"","meta":{"_acf_changed":false,"site-sidebar-layout":"default","site-content-layout":"","ast-site-content-layout":"default","site-content-style":"default","site-sidebar-style":"default","ast-global-header-display":"","ast-banner-title-visibility":"","ast-main-header-display":"","ast-hfb-above-header-display":"","ast-hfb-below-header-display":"","ast-hfb-mobile-header-display":"","site-post-title":"","ast-breadcrumbs-content":"","ast-featured-img":"","footer-sml-layout":"","ast-disable-related-posts":"","theme-transparent-header-meta":"default","adv-header-id-meta":"","stick-header-meta":"","header-above-stick-meta":"","header-main-stick-meta":"","header-below-stick-meta":"","astra-migrate-meta-layouts":"set","ast-page-background-enabled":"default","ast-page-background-meta":{"desktop":{"background-color":"var(--ast-global-color-4)","background-image":"","background-repeat":"repeat","background-position":"center center","background-size":"auto","background-attachment":"scroll","background-type":"","background-media":"","overlay-type":"","overlay-color":"","overlay-opacity":"","overlay-gradient":""},"tablet":{"background-color":"","background-image":"","background-repeat":"repeat","background-position":"center center","background-size":"auto","background-attachment":"scroll","background-type":"","background-media":"","overlay-type":"","overlay-color":"","overlay-opacity":"","overlay-gradient":""},"mobile":{"background-color":"","background-image":"","background-repeat":"repeat","background-position":"center center","background-size":"auto","background-attachment":"scroll","background-type":"","background-media":"","overlay-type":"","overlay-color":"","overlay-opacity":"","overlay-gradient":""}},"ast-content-background-meta":{"desktop":{"background-color":"var(--ast-global-color-5)","background-image":"","background-repeat":"repeat","background-position":"center center","background-size":"auto","background-attachment":"scroll","background-type":"","background-media":"","overlay-type":"","overlay-color":"","overlay-opacity":"","overlay-gradient":""},"tablet":{"background-color":"var(--ast-global-color-5)","background-image":"","background-repeat":"repeat","background-position":"center center","background-size":"auto","background-attachment":"scroll","background-type":"","background-media":"","overlay-type":"","overlay-color":"","overlay-opacity":"","overlay-gradient":""},"mobile":{"background-color":"var(--ast-global-color-5)","background-image":"","background-repeat":"repeat","background-position":"center center","background-size":"auto","background-attachment":"scroll","background-type":"","background-media":"","overlay-type":"","overlay-color":"","overlay-opacity":"","overlay-gradient":""}}},"product_brand":[],"product_cat":[4803,1144],"product_tag":[2468],"product_format_filter":[6374],"class_list":{"0":"post-147394","1":"product","2":"type-product","3":"status-publish","4":"has-post-thumbnail","6":"product_cat-pre-rolls-non-infuses","7":"product_cat-pre-roules","8":"product_tag-jublee-fr","9":"pa_intensity-low-cbg-fr","10":"pa_intensity-thc-moyen","11":"pa_marques-jublee-fr","12":"pa_origin-quebec-fr","13":"pa_type-de-plante-hybride-indica-fr","14":"product_format_filter-0-5g","15":"desktop-align-left","16":"tablet-align-left","17":"mobile-align-left","19":"first","20":"instock","21":"taxable","22":"shipping-taxable","23":"purchasable","24":"product-type-simple"},"group_of_quantity":0,"min_quantity":0,"max_quantity":"","exclude_order_quantity_value_rules":"no","exclude_category_quantity_rules":"no","combine_variations":"no","acf":[],"_links":{"self":[{"href":"https:\/\/mendomedical.ca\/fr\/wp-json\/wp\/v2\/product\/147394","targetHints":{"allow":["GET"]}}],"collection":[{"href":"https:\/\/mendomedical.ca\/fr\/wp-json\/wp\/v2\/product"}],"about":[{"href":"https:\/\/mendomedical.ca\/fr\/wp-json\/wp\/v2\/types\/product"}],"replies":[{"embeddable":true,"href":"https:\/\/mendomedical.ca\/fr\/wp-json\/wp\/v2\/comments?post=147394"}],"wp:featuredmedia":[{"embeddable":true,"href":"https:\/\/mendomedical.ca\/fr\/wp-json\/wp\/v2\/media\/147396"}],"wp:attachment":[{"href":"https:\/\/mendomedical.ca\/fr\/wp-json\/wp\/v2\/media?parent=147394"}],"wp:term":[{"taxonomy":"product_brand","embeddable":true,"href":"https:\/\/mendomedical.ca\/fr\/wp-json\/wp\/v2\/product_brand?post=147394"},{"taxonomy":"product_cat","embeddable":true,"href":"https:\/\/mendomedical.ca\/fr\/wp-json\/wp\/v2\/product_cat?post=147394"},{"taxonomy":"product_tag","embeddable":true,"href":"https:\/\/mendomedical.ca\/fr\/wp-json\/wp\/v2\/product_tag?post=147394"},{"taxonomy":"product_format_filter","embeddable":true,"href":"https:\/\/mendomedical.ca\/fr\/wp-json\/wp\/v2\/product_format_filter?post=147394"}],"curies":[{"name":"wp","href":"https:\/\/api.w.org\/{rel}","templated":true}]}}