{"id":147357,"date":"2025-08-30T21:24:05","date_gmt":"2025-08-31T01:24:05","guid":{"rendered":"https:\/\/mendomedical.ca\/?post_type=product&#038;p=147357"},"modified":"2026-04-07T09:47:33","modified_gmt":"2026-04-07T13:47:33","slug":"orange-sparkling-water","status":"publish","type":"product","link":"https:\/\/mendomedical.ca\/fr\/produit\/orange-sparkling-water\/","title":{"rendered":"Eau p\u00e9tillante \u00e0 l&rsquo;orange"},"content":{"rendered":"","protected":false},"excerpt":{"rendered":"<div class=\"ExternalClassF1A77D99179E434A9D4782735AE9C84E\">\n<h3>PHRESH CBD Orange Eau p\u00e9tillante - 25mg CBD<\/h3>\n<p>Faites l&rsquo;exp\u00e9rience d&rsquo;une hydratation rafra\u00eechissante avec l&rsquo;eau p\u00e9tillante \u00e0 l&rsquo;orange PHRESH CBD, une boisson sans sucre audacieuse et revigorante, infus\u00e9e de 25 mg de CBD de premi\u00e8re qualit\u00e9. Cette boisson effervescente associe le go\u00fbt piquant de l&rsquo;ar\u00f4me naturel d&rsquo;orange aux bienfaits potentiels du CBD, cr\u00e9ant ainsi une alternative sophistiqu\u00e9e aux eaux p\u00e9tillantes traditionnelles. Elle est parfaite pour ceux qui recherchent un moyen pratique et agr\u00e9able d&rsquo;incorporer le CBD dans leur routine quotidienne tout en conservant un mode de vie sans sucre.  <\/p>\n<p><strong>Si vous commandez une grande quantit\u00e9 de boissons (plus de 36), nous ne pourrons pas utiliser Postes Canada pour exp\u00e9dier votre commande et devrons faire appel \u00e0 un autre transporteur.<\/strong><\/p>\n<h4>Caract\u00e9ristiques principales<\/h4>\n<ul>\n<li>25mg de Haut en CBD de haute qualit\u00e9 par bo\u00eete pour un dosage coh\u00e9rent.<\/li>\n<li>Formule sans sucre avec ar\u00f4me naturel d&rsquo;orange<\/li>\n<li>Base d&rsquo;eau gazeuse rafra\u00eechissante pour un go\u00fbt vif et propre<\/li>\n<li>Contient de la vitamine E et des \u00e9mulsifiants naturels pour une meilleure biodisponibilit\u00e9.<\/li>\n<li>Format pratique en portion individuelle, id\u00e9al pour une consommation sur le pouce<\/li>\n<\/ul>\n<h4>Profil d&rsquo;ar\u00f4me<\/h4>\n<p>Cette eau p\u00e9tillante offre une saveur d&rsquo;orange vibrante, \u00e0 la fois rafra\u00eechissante et naturellement sucr\u00e9e, sans sucres ajout\u00e9s. La carbonatation apporte une effervescence agr\u00e9able qui compl\u00e8te les notes d&rsquo;agrumes, tandis que le CBD reste insipide, permettant \u00e0 l&rsquo;essence d&rsquo;orange de briller. <\/p>\n<h4>Pourquoi choisir les boissons au CBD<\/h4>\n<p>Les boissons infus\u00e9es au CBD offrent aux consommateurs de cannabis m\u00e9dical une m\u00e9thode de consommation discr\u00e8te et famili\u00e8re qui peut contribuer \u00e0 la relaxation et au bien-\u00eatre g\u00e9n\u00e9ral. Le dosage pr\u00e9-mesur\u00e9 \u00e9limine toute incertitude, tandis que le format familier d&rsquo;une eau p\u00e9tillante en fait une option accessible pour ceux qui ne connaissent pas encore les produits \u00e0 base de CBD. <\/p>\n<h4>Exp\u00e9dition dans tout le Canada<\/h4>\n<p>L&rsquo;eau p\u00e9tillante d&rsquo;orange au CBD de PHRESH est exp\u00e9di\u00e9e rapidement partout au Canada, et la livraison est gratuite pour les commandes de plus de 150 $. Veuillez noter que chaque commande peut contenir un maximum de 36 canettes. Pour des quantit\u00e9s plus importantes, veuillez passer plusieurs commandes ou contacter notre \u00e9quipe de service \u00e0 la client\u00e8le pour obtenir de l&rsquo;aide.  <\/p>\n<p><strong>Avis d&rsquo;exp\u00e9dition en hiver :<\/strong> En raison des temp\u00e9ratures glaciales pendant le transport, les boissons en conserve peuvent arriver gonfl\u00e9es. Ce r\u00e9sultat naturel de la cong\u00e9lation n&rsquo;affecte pas la qualit\u00e9 ou la s\u00e9curit\u00e9 du produit. Si vos boissons arrivent congel\u00e9es, laissez-les simplement d\u00e9congeler compl\u00e8tement \u00e0 temp\u00e9rature ambiante avant de les consommer.  <\/p>\n<h4>Avantages et couverture pour les anciens combattants<\/h4>\n<p>PHRESH CBD Orange Sparkling Water est admissible \u00e0 la couverture d&rsquo;ACC (Anciens Combattants Canada) et \u00e0 la facturation directe par l&rsquo;entremise de la Croix Bleue, ce qui permet aux anciens combattants admissibles de ne pas avoir \u00e0 d\u00e9bourser d&rsquo;argent. Si vous n&rsquo;avez pas encore d&rsquo;ordonnance de cannabis m\u00e9dical, vous pouvez obtenir votre carte m\u00e9dicale gratuite rapidement et facilement sur <a href=\"https:\/\/mendomedical.ca\/fr\/carte-medicale\/\">https:\/\/mendomedical.ca\/medical-card\/.<\/a> <\/p>\n<p><strong>Ingr\u00e9dients :<\/strong> Eau gazeuse, ar\u00f4mes naturels, \u00e9mulsion de cannabis (eau, gomme d&rsquo;acacia, huile de coco modifi\u00e9e (triglyc\u00e9rides \u00e0 cha\u00eene moyenne), acide citrique, vitamine E, sorbate de potassium, benzoate de sodium, extrait de quillaia), acide citrique.<\/p>\n<\/div>\n","protected":false},"featured_media":147359,"comment_status":"closed","ping_status":"closed","template":"","meta":{"_acf_changed":false,"site-sidebar-layout":"default","site-content-layout":"","ast-site-content-layout":"default","site-content-style":"default","site-sidebar-style":"default","ast-global-header-display":"","ast-banner-title-visibility":"","ast-main-header-display":"","ast-hfb-above-header-display":"","ast-hfb-below-header-display":"","ast-hfb-mobile-header-display":"","site-post-title":"","ast-breadcrumbs-content":"","ast-featured-img":"","footer-sml-layout":"","ast-disable-related-posts":"","theme-transparent-header-meta":"default","adv-header-id-meta":"","stick-header-meta":"","header-above-stick-meta":"","header-main-stick-meta":"","header-below-stick-meta":"","astra-migrate-meta-layouts":"set","ast-page-background-enabled":"default","ast-page-background-meta":{"desktop":{"background-color":"var(--ast-global-color-4)","background-image":"","background-repeat":"repeat","background-position":"center center","background-size":"auto","background-attachment":"scroll","background-type":"","background-media":"","overlay-type":"","overlay-color":"","overlay-opacity":"","overlay-gradient":""},"tablet":{"background-color":"","background-image":"","background-repeat":"repeat","background-position":"center center","background-size":"auto","background-attachment":"scroll","background-type":"","background-media":"","overlay-type":"","overlay-color":"","overlay-opacity":"","overlay-gradient":""},"mobile":{"background-color":"","background-image":"","background-repeat":"repeat","background-position":"center center","background-size":"auto","background-attachment":"scroll","background-type":"","background-media":"","overlay-type":"","overlay-color":"","overlay-opacity":"","overlay-gradient":""}},"ast-content-background-meta":{"desktop":{"background-color":"var(--ast-global-color-5)","background-image":"","background-repeat":"repeat","background-position":"center center","background-size":"auto","background-attachment":"scroll","background-type":"","background-media":"","overlay-type":"","overlay-color":"","overlay-opacity":"","overlay-gradient":""},"tablet":{"background-color":"var(--ast-global-color-5)","background-image":"","background-repeat":"repeat","background-position":"center center","background-size":"auto","background-attachment":"scroll","background-type":"","background-media":"","overlay-type":"","overlay-color":"","overlay-opacity":"","overlay-gradient":""},"mobile":{"background-color":"var(--ast-global-color-5)","background-image":"","background-repeat":"repeat","background-position":"center center","background-size":"auto","background-attachment":"scroll","background-type":"","background-media":"","overlay-type":"","overlay-color":"","overlay-opacity":"","overlay-gradient":""}}},"product_brand":[],"product_cat":[1131,3825,1135,1128],"product_tag":[4188],"product_format_filter":[],"class_list":{"0":"post-147357","1":"product","2":"type-product","3":"status-publish","4":"has-post-thumbnail","6":"product_cat-boissons","7":"product_cat-cbd-minors-3-fr","8":"product_cat-sans-sucre","9":"product_cat-comestibles","10":"product_tag-phresh-cbd-fr","11":"pa_cbd-25mg-fr","12":"pa_flavours-orange-fr","13":"pa_format-355ml-fr","14":"pa_intensity-cbd-moyen","15":"pa_marques-phresh-cbd-fr","16":"pa_origin-ontario-fr","17":"pa_type-de-plante-cbd-fr","18":"desktop-align-left","19":"tablet-align-left","20":"mobile-align-left","22":"first","23":"instock","24":"taxable","25":"shipping-taxable","26":"purchasable","27":"product-type-simple"},"group_of_quantity":0,"min_quantity":0,"max_quantity":"","exclude_order_quantity_value_rules":"no","exclude_category_quantity_rules":"no","combine_variations":"no","acf":[],"_links":{"self":[{"href":"https:\/\/mendomedical.ca\/fr\/wp-json\/wp\/v2\/product\/147357","targetHints":{"allow":["GET"]}}],"collection":[{"href":"https:\/\/mendomedical.ca\/fr\/wp-json\/wp\/v2\/product"}],"about":[{"href":"https:\/\/mendomedical.ca\/fr\/wp-json\/wp\/v2\/types\/product"}],"replies":[{"embeddable":true,"href":"https:\/\/mendomedical.ca\/fr\/wp-json\/wp\/v2\/comments?post=147357"}],"wp:featuredmedia":[{"embeddable":true,"href":"https:\/\/mendomedical.ca\/fr\/wp-json\/wp\/v2\/media\/147359"}],"wp:attachment":[{"href":"https:\/\/mendomedical.ca\/fr\/wp-json\/wp\/v2\/media?parent=147357"}],"wp:term":[{"taxonomy":"product_brand","embeddable":true,"href":"https:\/\/mendomedical.ca\/fr\/wp-json\/wp\/v2\/product_brand?post=147357"},{"taxonomy":"product_cat","embeddable":true,"href":"https:\/\/mendomedical.ca\/fr\/wp-json\/wp\/v2\/product_cat?post=147357"},{"taxonomy":"product_tag","embeddable":true,"href":"https:\/\/mendomedical.ca\/fr\/wp-json\/wp\/v2\/product_tag?post=147357"},{"taxonomy":"product_format_filter","embeddable":true,"href":"https:\/\/mendomedical.ca\/fr\/wp-json\/wp\/v2\/product_format_filter?post=147357"}],"curies":[{"name":"wp","href":"https:\/\/api.w.org\/{rel}","templated":true}]}}