{"id":147349,"date":"2025-08-30T21:25:04","date_gmt":"2025-08-31T01:25:04","guid":{"rendered":"https:\/\/mendomedical.ca\/?post_type=product&#038;p=147349"},"modified":"2026-05-13T06:57:32","modified_gmt":"2026-05-13T10:57:32","slug":"raspberry-sparkling-water","status":"publish","type":"product","link":"https:\/\/mendomedical.ca\/fr\/produit\/raspberry-sparkling-water\/","title":{"rendered":"Eau p\u00e9tillante \u00e0 la framboise"},"content":{"rendered":"","protected":false},"excerpt":{"rendered":"<p><strong>PHRESH CBD Raspberry est une eau p\u00e9tillante audacieuse sans sucre contenant 25 mg de CBD.<\/strong><\/p>\n<p>&nbsp;<\/p>\n<p><strong><em>Avis important concernant l&rsquo;exp\u00e9dition en hiver<\/em><\/strong><\/p>\n<p><strong><em>En raison des temp\u00e9ratures glaciales pendant le transport, les boissons en conserve peuvent arriver gonfl\u00e9es. Il s&rsquo;agit d&rsquo;un r\u00e9sultat naturel de la cong\u00e9lation qui n&rsquo;affecte pas la qualit\u00e9 ou la s\u00e9curit\u00e9 du produit. <\/em><\/strong><\/p>\n<p><strong><em>Si vos boissons arrivent congel\u00e9es, laissez-les simplement d\u00e9congeler compl\u00e8tement \u00e0 temp\u00e9rature ambiante avant de les consommer. Vous pouvez d\u00e9guster vos boissons en toute confiance ! <\/em><\/strong><\/p>\n<p><strong><em>Nous vous remercions de votre compr\u00e9hension et de votre soutien pendant la saison hivernale.<\/em><\/strong><\/p>\n<p><strong>Si vous commandez une grande quantit\u00e9 de boissons (plus de 36), nous ne pourrons pas utiliser Postes Canada pour exp\u00e9dier votre commande et devrons faire appel \u00e0 un autre transporteur.<\/strong><\/p>\n<p><em><strong>Attention : chaque commande ne peut contenir qu&rsquo;un maximum de 36 canettes de boissons. Pour commander plus de 36 canettes, veuillez passer plusieurs commandes. Pour toute assistance, n&rsquo;h\u00e9sitez pas \u00e0 contacter notre service client\u00e8le.  <\/strong><\/em><\/p>\n<p>&nbsp;<\/p>\n<h4>Ingr\u00e9dients<\/h4>\n<p>Eau gazeuse, ar\u00f4mes naturels, \u00e9mulsion de cannabis (eau, gomme d&rsquo;acacia, huile de coco modifi\u00e9e (triglyc\u00e9rides \u00e0 cha\u00eene moyenne), acide citrique, vitamine E, sorbate de potassium, benzoate de sodium, extrait de quillaia), acide citrique.<\/p>\n","protected":false},"featured_media":147353,"comment_status":"closed","ping_status":"closed","template":"","meta":{"_acf_changed":false,"site-sidebar-layout":"default","site-content-layout":"","ast-site-content-layout":"default","site-content-style":"default","site-sidebar-style":"default","ast-global-header-display":"","ast-banner-title-visibility":"","ast-main-header-display":"","ast-hfb-above-header-display":"","ast-hfb-below-header-display":"","ast-hfb-mobile-header-display":"","site-post-title":"","ast-breadcrumbs-content":"","ast-featured-img":"","footer-sml-layout":"","ast-disable-related-posts":"","theme-transparent-header-meta":"default","adv-header-id-meta":"","stick-header-meta":"","header-above-stick-meta":"","header-main-stick-meta":"","header-below-stick-meta":"","astra-migrate-meta-layouts":"set","ast-page-background-enabled":"default","ast-page-background-meta":{"desktop":{"background-color":"var(--ast-global-color-4)","background-image":"","background-repeat":"repeat","background-position":"center center","background-size":"auto","background-attachment":"scroll","background-type":"","background-media":"","overlay-type":"","overlay-color":"","overlay-opacity":"","overlay-gradient":""},"tablet":{"background-color":"","background-image":"","background-repeat":"repeat","background-position":"center center","background-size":"auto","background-attachment":"scroll","background-type":"","background-media":"","overlay-type":"","overlay-color":"","overlay-opacity":"","overlay-gradient":""},"mobile":{"background-color":"","background-image":"","background-repeat":"repeat","background-position":"center center","background-size":"auto","background-attachment":"scroll","background-type":"","background-media":"","overlay-type":"","overlay-color":"","overlay-opacity":"","overlay-gradient":""}},"ast-content-background-meta":{"desktop":{"background-color":"var(--ast-global-color-5)","background-image":"","background-repeat":"repeat","background-position":"center center","background-size":"auto","background-attachment":"scroll","background-type":"","background-media":"","overlay-type":"","overlay-color":"","overlay-opacity":"","overlay-gradient":""},"tablet":{"background-color":"var(--ast-global-color-5)","background-image":"","background-repeat":"repeat","background-position":"center center","background-size":"auto","background-attachment":"scroll","background-type":"","background-media":"","overlay-type":"","overlay-color":"","overlay-opacity":"","overlay-gradient":""},"mobile":{"background-color":"var(--ast-global-color-5)","background-image":"","background-repeat":"repeat","background-position":"center center","background-size":"auto","background-attachment":"scroll","background-type":"","background-media":"","overlay-type":"","overlay-color":"","overlay-opacity":"","overlay-gradient":""}}},"product_brand":[],"product_cat":[1131,3825,1135,1128],"product_tag":[4188],"product_format_filter":[],"class_list":{"0":"post-147349","1":"product","2":"type-product","3":"status-publish","4":"has-post-thumbnail","6":"product_cat-boissons","7":"product_cat-cbd-minors-3-fr","8":"product_cat-sans-sucre","9":"product_cat-comestibles","10":"product_tag-phresh-cbd-fr","11":"pa_cbd-25mg-fr","12":"pa_flavours-raspberry-fr","13":"pa_format-355ml-fr","14":"pa_intensity-cbd-moyen","15":"pa_marques-phresh-cbd-fr","16":"pa_origin-ontario-fr","17":"pa_type-de-plante-cbd-fr","18":"desktop-align-left","19":"tablet-align-left","20":"mobile-align-left","22":"first","23":"instock","24":"taxable","25":"shipping-taxable","26":"purchasable","27":"product-type-simple"},"group_of_quantity":0,"min_quantity":0,"max_quantity":"","exclude_order_quantity_value_rules":"no","exclude_category_quantity_rules":"no","combine_variations":"no","acf":[],"_links":{"self":[{"href":"https:\/\/mendomedical.ca\/fr\/wp-json\/wp\/v2\/product\/147349","targetHints":{"allow":["GET"]}}],"collection":[{"href":"https:\/\/mendomedical.ca\/fr\/wp-json\/wp\/v2\/product"}],"about":[{"href":"https:\/\/mendomedical.ca\/fr\/wp-json\/wp\/v2\/types\/product"}],"replies":[{"embeddable":true,"href":"https:\/\/mendomedical.ca\/fr\/wp-json\/wp\/v2\/comments?post=147349"}],"wp:featuredmedia":[{"embeddable":true,"href":"https:\/\/mendomedical.ca\/fr\/wp-json\/wp\/v2\/media\/147353"}],"wp:attachment":[{"href":"https:\/\/mendomedical.ca\/fr\/wp-json\/wp\/v2\/media?parent=147349"}],"wp:term":[{"taxonomy":"product_brand","embeddable":true,"href":"https:\/\/mendomedical.ca\/fr\/wp-json\/wp\/v2\/product_brand?post=147349"},{"taxonomy":"product_cat","embeddable":true,"href":"https:\/\/mendomedical.ca\/fr\/wp-json\/wp\/v2\/product_cat?post=147349"},{"taxonomy":"product_tag","embeddable":true,"href":"https:\/\/mendomedical.ca\/fr\/wp-json\/wp\/v2\/product_tag?post=147349"},{"taxonomy":"product_format_filter","embeddable":true,"href":"https:\/\/mendomedical.ca\/fr\/wp-json\/wp\/v2\/product_format_filter?post=147349"}],"curies":[{"name":"wp","href":"https:\/\/api.w.org\/{rel}","templated":true}]}}