{"id":147335,"date":"2025-08-30T21:23:55","date_gmt":"2025-08-31T01:23:55","guid":{"rendered":"https:\/\/mendomedical.ca\/?post_type=product&#038;p=147335"},"modified":"2026-04-07T10:03:17","modified_gmt":"2026-04-07T14:03:17","slug":"pineapple-express-sparkling-water","status":"publish","type":"product","link":"https:\/\/mendomedical.ca\/fr\/produit\/pineapple-express-sparkling-water\/","title":{"rendered":"Eau p\u00e9tillante Ananas Express"},"content":{"rendered":"","protected":false},"excerpt":{"rendered":"<div class=\"ExternalClassF9CD0ED3D00D44E6BC2BB5BB7AF937F3\">\n<h3>PHRESH STRAINS Eau p\u00e9tillante Ananas Express<\/h3>\n<p>D\u00e9couvrez le go\u00fbt rafra\u00eechissant des tropiques avec l&rsquo;eau p\u00e9tillante Ananas Express de PHRESH STRAINS. Cette boisson infus\u00e9e au cannabis offre un m\u00e9lange parfaitement \u00e9quilibr\u00e9 de saveurs tropicales sucr\u00e9es et de subtils accents houblonn\u00e9s. Chaque canette contient une dose pr\u00e9cise d&rsquo;\u00e9mulsion de cannabis, offrant un moyen pratique et discret d&rsquo;incorporer le cannabis dans votre routine de bien-\u00eatre.  <\/p>\n<p><strong>Si vous commandez une grande quantit\u00e9 de boissons (plus de 36), nous ne pourrons pas utiliser Postes Canada pour exp\u00e9dier votre commande et devrons faire appel \u00e0 un autre transporteur.<\/strong><\/p>\n<p>&nbsp;<\/p>\n<h4>Caract\u00e9ristiques principales<\/h4>\n<ul>\n<li>Eau gazeuse de qualit\u00e9 sup\u00e9rieure infus\u00e9e au cannabis avec des ar\u00f4mes terp\u00e9niques naturels<\/li>\n<li>Boisson gazeuse rafra\u00eechissante sucr\u00e9e au nectar de fleur de cocotier biologique<\/li>\n<li>Bo\u00eetes monodoses pratiques pour un dosage pr\u00e9cis et une bonne portabilit\u00e9<\/li>\n<li>Sans \u00e9dulcorants artificiels et \u00e0 base d&rsquo;ingr\u00e9dients naturels<\/li>\n<li>Option de consommation de cannabis discr\u00e8te et sans fum\u00e9e<\/li>\n<\/ul>\n<h4>Profil d&rsquo;ar\u00f4me<\/h4>\n<p>STRAINS DE PHRESH Pineapple Express offre une exp\u00e9rience gustative complexe, \u00e0 la fois rafra\u00eechissante et sophistiqu\u00e9e. Les notes tropicales dominantes et sucr\u00e9es vous transportent dans un paradis ensoleill\u00e9, tandis que les nuances subtiles de c\u00e8dre et de pin ajoutent de la profondeur et de la complexit\u00e9. Le l\u00e9ger caract\u00e8re houblonn\u00e9 compl\u00e8te le profil, cr\u00e9ant une boisson bien \u00e9quilibr\u00e9e qui se d\u00e9guste aussi bien seule qu&rsquo;en accompagnement d&rsquo;un repas.  <\/p>\n<h4>Pourquoi choisir Cannabis Drinkables ?<\/h4>\n<p>Les boissons infus\u00e9es au cannabis offrent aux utilisateurs m\u00e9dicaux une alternative sans fum\u00e9e et respectueuse des poumons pour la consommation de cannabis. Le format liquide peut offrir des temps d&rsquo;action plus pr\u00e9visibles que les edibles traditionnels, ce qui facilite la gestion du dosage tout au long de la journ\u00e9e. <\/p>\n<h4>Exp\u00e9dition dans tout le Canada<\/h4>\n<p>L&rsquo;eau p\u00e9tillante Pineapple Express est exp\u00e9di\u00e9e rapidement partout au Canada, et la livraison est gratuite pour les commandes de plus de 150 $.<\/p>\n<p><strong>Avis important concernant l&rsquo;exp\u00e9dition en hiver : <\/strong>Veuillez noter que les produits liquides peuvent \u00eatre affect\u00e9s par des temp\u00e9ratures extr\u00eames pendant le transport. Nous vous recommandons de tenir compte des conditions m\u00e9t\u00e9orologiques lorsque vous passez votre commande. Malheureusement, nous ne pouvons pas offrir de remboursement ou de remplacement pour les produits endommag\u00e9s par la temp\u00e9rature pendant le transport.   Nous vous remercions de votre compr\u00e9hension.<\/p>\n<h4>Avantages et couverture pour les anciens combattants<\/h4>\n<p>L&rsquo;eau p\u00e9tillante Pineapple Express est admissible \u00e0 la couverture d&rsquo;ACC (Anciens Combattants Canada) et \u00e0 la facturation directe par l&rsquo;entremise de la Croix Bleue, ce qui signifie que les anciens combattants admissibles n&rsquo;ont pas \u00e0 d\u00e9bourser d&rsquo;argent. Si vous n&rsquo;avez pas encore d&rsquo;ordonnance de cannabis m\u00e9dical, vous pouvez <a href=\"https:\/\/mendomedical.ca\/fr\/carte-medicale\/\">obtenir votre carte m\u00e9dicale gratuite rapidement et facilement<\/a>. <\/p>\n<p><strong>Ingr\u00e9dients :<\/strong> Eau gazeuse, sucres (nectar de fleur de coco biologique), ar\u00f4mes naturels (terp\u00e8nes), acide citrique, \u00e9mulsion de cannabis (eau, gomme d&rsquo;acacia, huile de coco modifi\u00e9e [triglyc\u00e9rides \u00e0 cha\u00eene moyenne], acide citrique, vitamine E, sorbate de potassium, benzoate de sodium, extrait de quillaia), benzoate de sodium, sorbate de potassium.<\/p>\n<\/div>\n","protected":false},"featured_media":147337,"comment_status":"closed","ping_status":"closed","template":"","meta":{"_acf_changed":false,"site-sidebar-layout":"default","site-content-layout":"","ast-site-content-layout":"default","site-content-style":"default","site-sidebar-style":"default","ast-global-header-display":"","ast-banner-title-visibility":"","ast-main-header-display":"","ast-hfb-above-header-display":"","ast-hfb-below-header-display":"","ast-hfb-mobile-header-display":"","site-post-title":"","ast-breadcrumbs-content":"","ast-featured-img":"","footer-sml-layout":"","ast-disable-related-posts":"","theme-transparent-header-meta":"default","adv-header-id-meta":"","stick-header-meta":"","header-above-stick-meta":"","header-main-stick-meta":"","header-below-stick-meta":"","astra-migrate-meta-layouts":"set","ast-page-background-enabled":"default","ast-page-background-meta":{"desktop":{"background-color":"var(--ast-global-color-4)","background-image":"","background-repeat":"repeat","background-position":"center center","background-size":"auto","background-attachment":"scroll","background-type":"","background-media":"","overlay-type":"","overlay-color":"","overlay-opacity":"","overlay-gradient":""},"tablet":{"background-color":"","background-image":"","background-repeat":"repeat","background-position":"center center","background-size":"auto","background-attachment":"scroll","background-type":"","background-media":"","overlay-type":"","overlay-color":"","overlay-opacity":"","overlay-gradient":""},"mobile":{"background-color":"","background-image":"","background-repeat":"repeat","background-position":"center center","background-size":"auto","background-attachment":"scroll","background-type":"","background-media":"","overlay-type":"","overlay-color":"","overlay-opacity":"","overlay-gradient":""}},"ast-content-background-meta":{"desktop":{"background-color":"var(--ast-global-color-5)","background-image":"","background-repeat":"repeat","background-position":"center center","background-size":"auto","background-attachment":"scroll","background-type":"","background-media":"","overlay-type":"","overlay-color":"","overlay-opacity":"","overlay-gradient":""},"tablet":{"background-color":"var(--ast-global-color-5)","background-image":"","background-repeat":"repeat","background-position":"center center","background-size":"auto","background-attachment":"scroll","background-type":"","background-media":"","overlay-type":"","overlay-color":"","overlay-opacity":"","overlay-gradient":""},"mobile":{"background-color":"var(--ast-global-color-5)","background-image":"","background-repeat":"repeat","background-position":"center center","background-size":"auto","background-attachment":"scroll","background-type":"","background-media":"","overlay-type":"","overlay-color":"","overlay-opacity":"","overlay-gradient":""}}},"product_brand":[],"product_cat":[1131,1135,1128],"product_tag":[4181],"product_format_filter":[],"class_list":{"0":"post-147335","1":"product","2":"type-product","3":"status-publish","4":"has-post-thumbnail","6":"product_cat-boissons","7":"product_cat-sans-sucre","8":"product_cat-comestibles","9":"product_tag-phresh-strains-fr","10":"pa_flavours-cedar-fr","11":"pa_flavours-pin","12":"pa_flavours-doux","13":"pa_flavours-tropical-fr","14":"pa_format-355ml-fr","15":"pa_intensity-thc-moyen","16":"pa_marques-phresh-strains-fr","17":"pa_origin-ontario-fr","18":"pa_thc-10mg-fr","19":"pa_type-de-plante-sativa-fr","20":"pa_type-de-plante-thc-fr","21":"desktop-align-left","22":"tablet-align-left","23":"mobile-align-left","25":"first","26":"instock","27":"taxable","28":"shipping-taxable","29":"purchasable","30":"product-type-simple"},"group_of_quantity":0,"min_quantity":0,"max_quantity":"","exclude_order_quantity_value_rules":"no","exclude_category_quantity_rules":"no","combine_variations":"no","acf":[],"_links":{"self":[{"href":"https:\/\/mendomedical.ca\/fr\/wp-json\/wp\/v2\/product\/147335","targetHints":{"allow":["GET"]}}],"collection":[{"href":"https:\/\/mendomedical.ca\/fr\/wp-json\/wp\/v2\/product"}],"about":[{"href":"https:\/\/mendomedical.ca\/fr\/wp-json\/wp\/v2\/types\/product"}],"replies":[{"embeddable":true,"href":"https:\/\/mendomedical.ca\/fr\/wp-json\/wp\/v2\/comments?post=147335"}],"wp:featuredmedia":[{"embeddable":true,"href":"https:\/\/mendomedical.ca\/fr\/wp-json\/wp\/v2\/media\/147337"}],"wp:attachment":[{"href":"https:\/\/mendomedical.ca\/fr\/wp-json\/wp\/v2\/media?parent=147335"}],"wp:term":[{"taxonomy":"product_brand","embeddable":true,"href":"https:\/\/mendomedical.ca\/fr\/wp-json\/wp\/v2\/product_brand?post=147335"},{"taxonomy":"product_cat","embeddable":true,"href":"https:\/\/mendomedical.ca\/fr\/wp-json\/wp\/v2\/product_cat?post=147335"},{"taxonomy":"product_tag","embeddable":true,"href":"https:\/\/mendomedical.ca\/fr\/wp-json\/wp\/v2\/product_tag?post=147335"},{"taxonomy":"product_format_filter","embeddable":true,"href":"https:\/\/mendomedical.ca\/fr\/wp-json\/wp\/v2\/product_format_filter?post=147335"}],"curies":[{"name":"wp","href":"https:\/\/api.w.org\/{rel}","templated":true}]}}