{"id":147324,"date":"2025-08-30T21:20:26","date_gmt":"2025-08-31T01:20:26","guid":{"rendered":"https:\/\/mendomedical.ca\/?post_type=product&#038;p=147324"},"modified":"2026-04-07T10:03:54","modified_gmt":"2026-04-07T14:03:54","slug":"blackberry-kush-sparkling-water","status":"publish","type":"product","link":"https:\/\/mendomedical.ca\/fr\/produit\/blackberry-kush-sparkling-water\/","title":{"rendered":"Eau p\u00e9tillante Blackberry Kush"},"content":{"rendered":"","protected":false},"excerpt":{"rendered":"<div class=\"ExternalClassCC66ED2344624C30B3D68B7E8207E124\">\n<h3>Eau p\u00e9tillante Blackberry Kush<\/h3>\n<p>D\u00e9couvrez la fusion rafra\u00eechissante du cannabis et de l&rsquo;eau p\u00e9tillante avec l&rsquo;eau p\u00e9tillante Blackberry Kush de PHRESH STRAINS. Cette boisson innovante infus\u00e9e au cannabis combine la commodit\u00e9 d&rsquo;un format pr\u00eat \u00e0 boire avec un profil de saveur sophistiqu\u00e9 qui \u00e9quilibre la douceur fruit\u00e9e avec de subtiles nuances bois\u00e9es. \u00c9labor\u00e9e \u00e0 partir d&rsquo;ingr\u00e9dients de premi\u00e8re qualit\u00e9, notamment du nectar de fleur de cocotier biologique et des terp\u00e8nes naturels, cette eau p\u00e9tillante offre un moyen discret et agr\u00e9able d&rsquo;int\u00e9grer le cannabis \u00e0 votre routine de bien-\u00eatre.  <\/p>\n<p><strong>Si vous commandez une grande quantit\u00e9 de boissons (plus de 36), nous ne pourrons pas utiliser Postes Canada pour exp\u00e9dier votre commande et devrons faire appel \u00e0 un autre transporteur.<\/strong><\/p>\n<p>&nbsp;<\/p>\n<h4>Caract\u00e9ristiques principales<\/h4>\n<ul>\n<li>Eau gazeuse infus\u00e9e au cannabis avec des terp\u00e8nes naturels pour une saveur renforc\u00e9e<\/li>\n<li>Sans \u00e9dulcorants artificiels - sucr\u00e9 avec du nectar de fleur de cocotier biologique<\/li>\n<li>Format pratique en bo\u00eete en une seule portion, parfait pour une consommation sur le pouce.<\/li>\n<li>Formule sans conservateur \u00e0 base d&rsquo;ingr\u00e9dients naturels<\/li>\n<li>Boissons gazeuses rafra\u00eechissantes en remplacement des produits comestibles traditionnels<\/li>\n<\/ul>\n<h4>Profil d&rsquo;ar\u00f4me<\/h4>\n<p>PHRESH STRAINS Blackberry Kush offre une exp\u00e9rience sensorielle complexe gr\u00e2ce \u00e0 son m\u00e9lange soigneusement s\u00e9lectionn\u00e9 d&rsquo;ar\u00f4mes naturels. Les notes fruit\u00e9es et d&rsquo;agrumes dominantes cr\u00e9ent un go\u00fbt vif et rafra\u00eechissant, tandis que les nuances tropicales ajoutent de la profondeur et de la douceur. De d\u00e9licates notes florales compl\u00e8tent le profil fruit\u00e9, \u00e9quilibr\u00e9es par de subtiles notes bois\u00e9es qui fondent la saveur globale. Cette combinaison unique de terp\u00e8nes offre une exp\u00e9rience gustative authentique inspir\u00e9e du cannabis, sans pour autant submerger le palais.   <\/p>\n<h4>Pourquoi choisir Drinkables ?<\/h4>\n<p>Les boissons infus\u00e9es au cannabis offrent aux utilisateurs m\u00e9dicaux une m\u00e9thode de consommation famili\u00e8re et agr\u00e9able avec des temps d&rsquo;action pr\u00e9visibles. Les boissons telles que l&rsquo;eau p\u00e9tillante permettent un contr\u00f4le pr\u00e9cis du dosage et peuvent offrir une absorption plus rapide que les edibles traditionnels, ce qui les rend id\u00e9ales pour ceux qui recherchent des effets constants. <\/p>\n<h4>Exp\u00e9dition dans tout le Canada<\/h4>\n<p>L&rsquo;eau p\u00e9tillante Blackberry Kush est exp\u00e9di\u00e9e rapidement au Canada et la livraison est gratuite pour les commandes de plus de 150 $.<\/p>\n<p><strong>Avis important concernant l&rsquo;exp\u00e9dition en hiver : <\/strong>Veuillez noter que les produits liquides peuvent \u00eatre affect\u00e9s par des temp\u00e9ratures extr\u00eames pendant le transport. Nous vous recommandons de tenir compte des conditions m\u00e9t\u00e9orologiques lorsque vous passez votre commande. Malheureusement, nous ne pouvons pas offrir de remboursement ou de remplacement pour les produits endommag\u00e9s par la temp\u00e9rature pendant le transport.   Nous vous remercions de votre compr\u00e9hension.<\/p>\n<h4>Avantages et couverture pour les anciens combattants<\/h4>\n<p>L&rsquo;eau p\u00e9tillante Blackberry Kush est admissible \u00e0 la couverture d&rsquo;ACC (Anciens Combattants Canada) avec facturation directe par l&rsquo;entremise de la Croix Bleue, ce qui permet aux anciens combattants admissibles de ne pas avoir \u00e0 d\u00e9bourser d&rsquo;argent. Si vous n&rsquo;avez pas encore de carte de cannabis m\u00e9dical, vous pouvez en obtenir une rapidement et facilement gr\u00e2ce \u00e0 <a href=\"https:\/\/mendomedical.ca\/fr\/carte-medicale\/\">notre processus de demande simplifi\u00e9<\/a>. <\/p>\n<p><strong>Ingr\u00e9dients :<\/strong> Eau gazeuse, sucre (nectar de fleur de coco biologique), ar\u00f4mes naturels (terp\u00e8nes), acide citrique, \u00e9mulsion de cannabis (eau, gomme d&rsquo;acacia, huile de coco modifi\u00e9e [triglyc\u00e9rides \u00e0 cha\u00eene moyenne], acide citrique, vitamine E, sorbate de potassium, benzoate de sodium, extrait de quillaja), benzoate de sodium, sorbate de potassium.<\/p>\n<\/div>\n","protected":false},"featured_media":147328,"comment_status":"closed","ping_status":"closed","template":"","meta":{"_acf_changed":false,"site-sidebar-layout":"default","site-content-layout":"","ast-site-content-layout":"default","site-content-style":"default","site-sidebar-style":"default","ast-global-header-display":"","ast-banner-title-visibility":"","ast-main-header-display":"","ast-hfb-above-header-display":"","ast-hfb-below-header-display":"","ast-hfb-mobile-header-display":"","site-post-title":"","ast-breadcrumbs-content":"","ast-featured-img":"","footer-sml-layout":"","ast-disable-related-posts":"","theme-transparent-header-meta":"default","adv-header-id-meta":"","stick-header-meta":"","header-above-stick-meta":"","header-main-stick-meta":"","header-below-stick-meta":"","astra-migrate-meta-layouts":"set","ast-page-background-enabled":"default","ast-page-background-meta":{"desktop":{"background-color":"var(--ast-global-color-4)","background-image":"","background-repeat":"repeat","background-position":"center center","background-size":"auto","background-attachment":"scroll","background-type":"","background-media":"","overlay-type":"","overlay-color":"","overlay-opacity":"","overlay-gradient":""},"tablet":{"background-color":"","background-image":"","background-repeat":"repeat","background-position":"center center","background-size":"auto","background-attachment":"scroll","background-type":"","background-media":"","overlay-type":"","overlay-color":"","overlay-opacity":"","overlay-gradient":""},"mobile":{"background-color":"","background-image":"","background-repeat":"repeat","background-position":"center center","background-size":"auto","background-attachment":"scroll","background-type":"","background-media":"","overlay-type":"","overlay-color":"","overlay-opacity":"","overlay-gradient":""}},"ast-content-background-meta":{"desktop":{"background-color":"var(--ast-global-color-5)","background-image":"","background-repeat":"repeat","background-position":"center center","background-size":"auto","background-attachment":"scroll","background-type":"","background-media":"","overlay-type":"","overlay-color":"","overlay-opacity":"","overlay-gradient":""},"tablet":{"background-color":"var(--ast-global-color-5)","background-image":"","background-repeat":"repeat","background-position":"center center","background-size":"auto","background-attachment":"scroll","background-type":"","background-media":"","overlay-type":"","overlay-color":"","overlay-opacity":"","overlay-gradient":""},"mobile":{"background-color":"var(--ast-global-color-5)","background-image":"","background-repeat":"repeat","background-position":"center center","background-size":"auto","background-attachment":"scroll","background-type":"","background-media":"","overlay-type":"","overlay-color":"","overlay-opacity":"","overlay-gradient":""}}},"product_brand":[],"product_cat":[1131,1135,1128],"product_tag":[4181],"product_format_filter":[6363],"class_list":{"0":"post-147324","1":"product","2":"type-product","3":"status-publish","4":"has-post-thumbnail","6":"product_cat-boissons","7":"product_cat-sans-sucre","8":"product_cat-comestibles","9":"product_tag-phresh-strains-fr","10":"pa_flavours-agrume","11":"pa_flavours-wood-fr","12":"pa_flavours-floral-fr","13":"pa_flavours-fruite","14":"pa_flavours-tropical-fr","15":"pa_intensity-thc-moyen","16":"pa_marques-phresh-strains-fr","17":"pa_origin-ontario-fr","18":"pa_thc-10mg-fr","19":"pa_type-de-plante-indica-fr","20":"pa_type-de-plante-thc-fr","21":"product_format_filter-355ml","22":"desktop-align-left","23":"tablet-align-left","24":"mobile-align-left","26":"first","27":"instock","28":"taxable","29":"shipping-taxable","30":"purchasable","31":"product-type-simple"},"group_of_quantity":0,"min_quantity":0,"max_quantity":"","exclude_order_quantity_value_rules":"no","exclude_category_quantity_rules":"no","combine_variations":"no","acf":[],"_links":{"self":[{"href":"https:\/\/mendomedical.ca\/fr\/wp-json\/wp\/v2\/product\/147324","targetHints":{"allow":["GET"]}}],"collection":[{"href":"https:\/\/mendomedical.ca\/fr\/wp-json\/wp\/v2\/product"}],"about":[{"href":"https:\/\/mendomedical.ca\/fr\/wp-json\/wp\/v2\/types\/product"}],"replies":[{"embeddable":true,"href":"https:\/\/mendomedical.ca\/fr\/wp-json\/wp\/v2\/comments?post=147324"}],"wp:featuredmedia":[{"embeddable":true,"href":"https:\/\/mendomedical.ca\/fr\/wp-json\/wp\/v2\/media\/147328"}],"wp:attachment":[{"href":"https:\/\/mendomedical.ca\/fr\/wp-json\/wp\/v2\/media?parent=147324"}],"wp:term":[{"taxonomy":"product_brand","embeddable":true,"href":"https:\/\/mendomedical.ca\/fr\/wp-json\/wp\/v2\/product_brand?post=147324"},{"taxonomy":"product_cat","embeddable":true,"href":"https:\/\/mendomedical.ca\/fr\/wp-json\/wp\/v2\/product_cat?post=147324"},{"taxonomy":"product_tag","embeddable":true,"href":"https:\/\/mendomedical.ca\/fr\/wp-json\/wp\/v2\/product_tag?post=147324"},{"taxonomy":"product_format_filter","embeddable":true,"href":"https:\/\/mendomedical.ca\/fr\/wp-json\/wp\/v2\/product_format_filter?post=147324"}],"curies":[{"name":"wp","href":"https:\/\/api.w.org\/{rel}","templated":true}]}}