{"id":147302,"date":"2024-03-12T09:45:18","date_gmt":"2024-03-12T13:45:18","guid":{"rendered":"https:\/\/mendomedical.ca\/?post_type=product&#038;p=147302"},"modified":"2025-03-12T09:58:30","modified_gmt":"2025-03-12T13:58:30","slug":"lso-peanut-butter-breath","status":"publish","type":"product","link":"https:\/\/mendomedical.ca\/fr\/produit\/lso-peanut-butter-breath\/","title":{"rendered":"LSO Peanut Butter Breath"},"content":{"rendered":"","protected":false},"excerpt":{"rendered":"<h3>Terp\u00e8nes Totaux : 2.93%<\/h3>\n<h5>Dosi-Dos X Mendo Breath<\/h5>\n<p><strong>Si vous recherchez une vari\u00e9t\u00e9 qui \u00e9quilibre parfaitement la nostalgie avec une touche moderne, Peanut Butter Breath Xtra Nut est un incontournable. Cet hybride rare cultiv\u00e9 dans un sol vivant offre une combustion et une inhalation douces, ce qui le rend aussi satisfaisant \u00e0 fumer qu\u2019\u00e0 savourer. Les notes noiset\u00e9es, terreuses et humides de Dosi-Dos et Mendo se compl\u00e8tent dans ce croisement embl\u00e9matique. Coup\u00e9 \u00e0 la main, petit lot, s\u00e9ch\u00e9 \u00e0 l\u2019air libre et s\u00e9ch\u00e9 de qualit\u00e9 en pensant au consommateur.<\/strong><\/p>\n<p>&nbsp;<\/p>\n<h5>Aspect Visuel:<\/h5>\n<p>Les t\u00eates de ce cultivar sont denses et \u00e9paisses avec des trichomes givr\u00e9s et de beaux poils orange fonc\u00e9.<\/p>\n<p>&nbsp;<\/p>\n<h5>Ar\u00f4me:<\/h5>\n<p>Attendez-vous \u00e0 un d\u00e9licieux m\u00e9lange de douceur de noisette associ\u00e9 \u00e0 une nuance gazeuse audacieuse et douce qui rappelle les vari\u00e9t\u00e9s de cannabis de la vieille \u00e9cole. Son ar\u00f4me est tout aussi captivant, combinant la douceur d\u2019un gland, du caoutchouc humide et une odeur intrigante de sauce frite du Kentucky.<\/p>\n<p>&nbsp;<\/p>\n<h5>Profil de Saveur:<\/h5>\n<p>Attendez-vous \u00e0 un d\u00e9licieux m\u00e9lange de douceur de noisette associ\u00e9 \u00e0 une nuance gazeuse audacieuse et douce qui rappelle les vari\u00e9t\u00e9s de cannabis de la vieille \u00e9cole. Son ar\u00f4me est tout aussi captivant, combinant la douceur d\u2019un gland, le gaz, l\u2019humidit\u00e9, le caoutchouc et une bouff\u00e9e intrigante de sauce frite du Kentucky.<\/p>\n<p>&nbsp;<\/p>\n<h5>Effets, Profil cannabino\u00efde et terp\u00e8ne :<\/h5>\n<p>Les effets m\u00e9morables sont le \u00ab bandeau \u00bb caract\u00e9ristique : une pression agr\u00e9able autour des tempes qui signale ses puissants effets c\u00e9r\u00e9braux. Dominant en Alpha C\u00e9drine, Valencene, Alpha Humaline, Beta Pinene et Alpha Terpinene signifie se fondre progressivement dans une relaxation corporelle profonde, vous laissant parfaitement \u00e0 l\u2019aise et avec un app\u00e9tit vorace.<\/p>\n<p>Parfait pour se d\u00e9tendre apr\u00e8s une longue journ\u00e9e ou pour profiter entre amis, Peanut Butter Breath Xtra Nut est un d\u00e9lice sensoriel et th\u00e9rapeutique. Que vous recherchiez des saveurs nostalgiques ou que vous recherchiez le m\u00e9lange parfait de relaxation et d\u2019euphorie, cette vari\u00e9t\u00e9 ne manquera pas d\u2019impressionner.<\/p>\n","protected":false},"featured_media":147304,"comment_status":"closed","ping_status":"closed","template":"","meta":{"_acf_changed":false,"site-sidebar-layout":"default","site-content-layout":"","ast-site-content-layout":"default","site-content-style":"default","site-sidebar-style":"default","ast-global-header-display":"","ast-banner-title-visibility":"","ast-main-header-display":"","ast-hfb-above-header-display":"","ast-hfb-below-header-display":"","ast-hfb-mobile-header-display":"","site-post-title":"","ast-breadcrumbs-content":"","ast-featured-img":"","footer-sml-layout":"","ast-disable-related-posts":"","theme-transparent-header-meta":"default","adv-header-id-meta":"","stick-header-meta":"","header-above-stick-meta":"","header-main-stick-meta":"","header-below-stick-meta":"","astra-migrate-meta-layouts":"set","ast-page-background-enabled":"default","ast-page-background-meta":{"desktop":{"background-color":"var(--ast-global-color-4)","background-image":"","background-repeat":"repeat","background-position":"center center","background-size":"auto","background-attachment":"scroll","background-type":"","background-media":"","overlay-type":"","overlay-color":"","overlay-opacity":"","overlay-gradient":""},"tablet":{"background-color":"","background-image":"","background-repeat":"repeat","background-position":"center center","background-size":"auto","background-attachment":"scroll","background-type":"","background-media":"","overlay-type":"","overlay-color":"","overlay-opacity":"","overlay-gradient":""},"mobile":{"background-color":"","background-image":"","background-repeat":"repeat","background-position":"center center","background-size":"auto","background-attachment":"scroll","background-type":"","background-media":"","overlay-type":"","overlay-color":"","overlay-opacity":"","overlay-gradient":""}},"ast-content-background-meta":{"desktop":{"background-color":"var(--ast-global-color-5)","background-image":"","background-repeat":"repeat","background-position":"center center","background-size":"auto","background-attachment":"scroll","background-type":"","background-media":"","overlay-type":"","overlay-color":"","overlay-opacity":"","overlay-gradient":""},"tablet":{"background-color":"var(--ast-global-color-5)","background-image":"","background-repeat":"repeat","background-position":"center center","background-size":"auto","background-attachment":"scroll","background-type":"","background-media":"","overlay-type":"","overlay-color":"","overlay-opacity":"","overlay-gradient":""},"mobile":{"background-color":"var(--ast-global-color-5)","background-image":"","background-repeat":"repeat","background-position":"center center","background-size":"auto","background-attachment":"scroll","background-type":"","background-media":"","overlay-type":"","overlay-color":"","overlay-opacity":"","overlay-gradient":""}}},"product_brand":[],"product_cat":[1137],"product_tag":[4176],"product_format_filter":[],"class_list":{"0":"post-147302","1":"product","2":"type-product","3":"status-publish","4":"has-post-thumbnail","6":"product_cat-fleur","7":"product_tag-into-the-weeds-fr","8":"pa_flavours-rubber-fr","9":"pa_flavours-dank-fr","10":"pa_flavours-gaz","11":"pa_flavours-herbes-aux-noisettes","12":"pa_flavours-kentucky-fried-gravy-fr","13":"pa_flavours-doux","14":"pa_format-7g-fr","15":"pa_intensity-thc-eleve","16":"pa_marques-into-the-weeds-fr","17":"pa_origin-alberta-fr","18":"pa_packaging-date-13-10-2024-fr","19":"pa_prix-par-gramme-8-57-fr","20":"pa_profil-terpene-humulene-fr","21":"pa_profil-terpene-pinene-fr","22":"pa_profil-terpene-terpinolene-fr","23":"pa_thc-29-1-fr","24":"pa_type-de-plante-hybride-fr","25":"desktop-align-left","26":"tablet-align-left","27":"mobile-align-left","29":"first","30":"outofstock","31":"taxable","32":"shipping-taxable","33":"purchasable","34":"product-type-simple"},"group_of_quantity":0,"min_quantity":0,"max_quantity":"","exclude_order_quantity_value_rules":"no","exclude_category_quantity_rules":"no","combine_variations":"no","acf":[],"_links":{"self":[{"href":"https:\/\/mendomedical.ca\/fr\/wp-json\/wp\/v2\/product\/147302","targetHints":{"allow":["GET"]}}],"collection":[{"href":"https:\/\/mendomedical.ca\/fr\/wp-json\/wp\/v2\/product"}],"about":[{"href":"https:\/\/mendomedical.ca\/fr\/wp-json\/wp\/v2\/types\/product"}],"replies":[{"embeddable":true,"href":"https:\/\/mendomedical.ca\/fr\/wp-json\/wp\/v2\/comments?post=147302"}],"wp:featuredmedia":[{"embeddable":true,"href":"https:\/\/mendomedical.ca\/fr\/wp-json\/wp\/v2\/media\/147304"}],"wp:attachment":[{"href":"https:\/\/mendomedical.ca\/fr\/wp-json\/wp\/v2\/media?parent=147302"}],"wp:term":[{"taxonomy":"product_brand","embeddable":true,"href":"https:\/\/mendomedical.ca\/fr\/wp-json\/wp\/v2\/product_brand?post=147302"},{"taxonomy":"product_cat","embeddable":true,"href":"https:\/\/mendomedical.ca\/fr\/wp-json\/wp\/v2\/product_cat?post=147302"},{"taxonomy":"product_tag","embeddable":true,"href":"https:\/\/mendomedical.ca\/fr\/wp-json\/wp\/v2\/product_tag?post=147302"},{"taxonomy":"product_format_filter","embeddable":true,"href":"https:\/\/mendomedical.ca\/fr\/wp-json\/wp\/v2\/product_format_filter?post=147302"}],"curies":[{"name":"wp","href":"https:\/\/api.w.org\/{rel}","templated":true}]}}