{"id":147268,"date":"2024-08-02T18:30:03","date_gmt":"2024-08-02T22:30:03","guid":{"rendered":"https:\/\/mendomedical.ca\/?post_type=product&#038;p=147268"},"modified":"2025-10-06T11:47:55","modified_gmt":"2025-10-06T15:47:55","slug":"drip-n-jiggles-old-school-hash-high-thc-formulation","status":"publish","type":"product","link":"https:\/\/mendomedical.ca\/fr\/produit\/drip-n-jiggles-old-school-hash-high-thc-formulation\/","title":{"rendered":"Drip&rsquo; N Jiggles - Old School Hash (Formulation \u00e0 haute teneur en THC)"},"content":{"rendered":"","protected":false},"excerpt":{"rendered":"<div class=\"ExternalClassF4316050CFC04229BAD8F430EA368B8A\">\n<h3>Drip&rsquo; N Jiggles - Old School Hash (Formulation \u00e0 haute teneur en THC)<\/h3>\n<p>D\u00e9couvrez le savoir-faire artisanal de Nugz avec Drip&rsquo; N Jiggles Old School Hash, une boule de temple de premi\u00e8re qualit\u00e9, tamis\u00e9e \u00e0 sec, qui combine le meilleur des techniques traditionnelles de fabrication de haschisch avec les g\u00e9n\u00e9tiques modernes du cannabis. Cette formulation \u00e0 haute teneur en THC m\u00e9lange les vari\u00e9t\u00e9s Drip Station et Jigglers cultiv\u00e9es en interne, cr\u00e9ant un concentr\u00e9 unique qui offre \u00e0 la fois de la puissance et des profils de saveurs exceptionnels rappelant les cordials chocolat-fraise. <\/p>\n<h4>Caract\u00e9ristiques principales<\/h4>\n<ul>\n<li>Haschisch premium 2g temple ball \u00e0 la consistance mall\u00e9able et huileuse<\/li>\n<li>Formule \u00e0 forte teneur en THC avec 2,5 % de terp\u00e8nes totaux pour des effets renforc\u00e9s<\/li>\n<li>Profils aromatiques uniques de chocolat et de fraise issus d&rsquo;un croisement de souches brevet\u00e9es<\/li>\n<li>Des bulles apparaissent \u00e0 l&rsquo;allumage, indiquant la qualit\u00e9 et le durcissement ad\u00e9quat.<\/li>\n<li>Emballage adapt\u00e9 au r\u00e9frig\u00e9rateur pour un stockage et un retrait faciles<\/li>\n<\/ul>\n<h4>Profil aromatique et terp\u00e8nes<\/h4>\n<p>Ce hasch exceptionnel se caract\u00e9rise par une combinaison d&rsquo;ar\u00f4mes de chocolat et de fraise qui le distingue des produits de hasch traditionnels. Avec 2,5 % de terp\u00e8nes au total, la vari\u00e9t\u00e9 Drip&rsquo; N Jigglers offre un profil aromatique complexe qui am\u00e9liore \u00e0 la fois l&rsquo;exp\u00e9rience sensorielle et les avantages th\u00e9rapeutiques potentiels. Le processus minutieux de tamisage \u00e0 sec pr\u00e9serve ces terp\u00e8nes d\u00e9licats tout en concentrant les cannabino\u00efdes pour une puissance maximale.  <\/p>\n<h4>Pourquoi choisir Hash<\/h4>\n<p>Les concentr\u00e9s de haschisch offrent aux patients de cannabis m\u00e9dical une m\u00e9thode d&rsquo;administration puissante et efficace avec une apparition rapide des effets. La nature concentr\u00e9e du haschisch signifie que de plus petites quantit\u00e9s sont n\u00e9cessaires par rapport \u00e0 la fleur, ce qui en fait une option rentable pour les utilisateurs m\u00e9dicaux r\u00e9guliers \u00e0 la recherche d&rsquo;un soulagement constant et fiable. <\/p>\n<h4>Exp\u00e9dition dans tout le Canada<\/h4>\n<p>Drip&rsquo; N Jiggles - Old School Hash est exp\u00e9di\u00e9 rapidement \u00e0 travers le Canada. Nous offrons une livraison gratuite pour toutes les commandes de plus de 150 $, ce qui garantit que vos produits de cannabis m\u00e9dical arrivent rapidement et discr\u00e8tement \u00e0 votre porte. <\/p>\n<h4>Avantages et couverture pour les anciens combattants<\/h4>\n<p>Drip&rsquo; N Jiggles - Old School Hash est admissible \u00e0 la couverture d&rsquo;ACC (Anciens Combattants Canada) avec facturation directe par l&rsquo;entremise de la Croix Bleue, ce qui signifie que les anciens combattants admissibles n&rsquo;ont pas \u00e0 d\u00e9bourser d&rsquo;argent. Si vous n&rsquo;avez pas encore votre autorisation de cannabis m\u00e9dical, <a href=\"https:\/\/mendomedical.ca\/fr\/carte-medicale\/\">obtenez votre carte m\u00e9dicale gratuite rapidement et facilement<\/a> pour acc\u00e9der \u00e0 ces avantages. <\/p>\n<\/div>\n","protected":false},"featured_media":105960,"comment_status":"closed","ping_status":"closed","template":"","meta":{"_acf_changed":false,"site-sidebar-layout":"default","site-content-layout":"","ast-site-content-layout":"default","site-content-style":"default","site-sidebar-style":"default","ast-global-header-display":"","ast-banner-title-visibility":"","ast-main-header-display":"","ast-hfb-above-header-display":"","ast-hfb-below-header-display":"","ast-hfb-mobile-header-display":"","site-post-title":"","ast-breadcrumbs-content":"","ast-featured-img":"","footer-sml-layout":"","ast-disable-related-posts":"","theme-transparent-header-meta":"default","adv-header-id-meta":"","stick-header-meta":"","header-above-stick-meta":"","header-main-stick-meta":"","header-below-stick-meta":"","astra-migrate-meta-layouts":"set","ast-page-background-enabled":"default","ast-page-background-meta":{"desktop":{"background-color":"var(--ast-global-color-4)","background-image":"","background-repeat":"repeat","background-position":"center center","background-size":"auto","background-attachment":"scroll","background-type":"","background-media":"","overlay-type":"","overlay-color":"","overlay-opacity":"","overlay-gradient":""},"tablet":{"background-color":"","background-image":"","background-repeat":"repeat","background-position":"center center","background-size":"auto","background-attachment":"scroll","background-type":"","background-media":"","overlay-type":"","overlay-color":"","overlay-opacity":"","overlay-gradient":""},"mobile":{"background-color":"","background-image":"","background-repeat":"repeat","background-position":"center center","background-size":"auto","background-attachment":"scroll","background-type":"","background-media":"","overlay-type":"","overlay-color":"","overlay-opacity":"","overlay-gradient":""}},"ast-content-background-meta":{"desktop":{"background-color":"var(--ast-global-color-5)","background-image":"","background-repeat":"repeat","background-position":"center center","background-size":"auto","background-attachment":"scroll","background-type":"","background-media":"","overlay-type":"","overlay-color":"","overlay-opacity":"","overlay-gradient":""},"tablet":{"background-color":"var(--ast-global-color-5)","background-image":"","background-repeat":"repeat","background-position":"center center","background-size":"auto","background-attachment":"scroll","background-type":"","background-media":"","overlay-type":"","overlay-color":"","overlay-opacity":"","overlay-gradient":""},"mobile":{"background-color":"var(--ast-global-color-5)","background-image":"","background-repeat":"repeat","background-position":"center center","background-size":"auto","background-attachment":"scroll","background-type":"","background-media":"","overlay-type":"","overlay-color":"","overlay-opacity":"","overlay-gradient":""}}},"product_brand":[4157],"product_cat":[1121,1118,1119],"product_tag":[],"product_format_filter":[6391],"class_list":{"0":"post-147268","1":"product","2":"type-product","3":"status-publish","4":"has-post-thumbnail","6":"product_brand-nugz","7":"product_cat-haschisch","8":"product_cat-concentres","9":"product_cat-tout-sans-solvant","10":"pa_flavours-chocolate-fr","11":"pa_flavours-fraise","12":"pa_format-2g-fr","13":"pa_intensity-thc-eleve","14":"pa_marques-nugz-fr","15":"pa_origin-quebec-fr","16":"pa_profil-terpene-caryophyllene","17":"pa_profil-terpene-farnesene-fr","18":"pa_profil-terpene-limonene-fr","19":"pa_thc-40-4-fr","20":"pa_type-de-plante-hybride-indica-fr","21":"product_format_filter-2g","22":"desktop-align-left","23":"tablet-align-left","24":"mobile-align-left","26":"first","27":"outofstock","28":"taxable","29":"shipping-taxable","30":"purchasable","31":"product-type-simple"},"group_of_quantity":0,"min_quantity":0,"max_quantity":"","exclude_order_quantity_value_rules":"no","exclude_category_quantity_rules":"no","combine_variations":"no","acf":[],"_links":{"self":[{"href":"https:\/\/mendomedical.ca\/fr\/wp-json\/wp\/v2\/product\/147268","targetHints":{"allow":["GET"]}}],"collection":[{"href":"https:\/\/mendomedical.ca\/fr\/wp-json\/wp\/v2\/product"}],"about":[{"href":"https:\/\/mendomedical.ca\/fr\/wp-json\/wp\/v2\/types\/product"}],"replies":[{"embeddable":true,"href":"https:\/\/mendomedical.ca\/fr\/wp-json\/wp\/v2\/comments?post=147268"}],"wp:featuredmedia":[{"embeddable":true,"href":"https:\/\/mendomedical.ca\/fr\/wp-json\/wp\/v2\/media\/105960"}],"wp:attachment":[{"href":"https:\/\/mendomedical.ca\/fr\/wp-json\/wp\/v2\/media?parent=147268"}],"wp:term":[{"taxonomy":"product_brand","embeddable":true,"href":"https:\/\/mendomedical.ca\/fr\/wp-json\/wp\/v2\/product_brand?post=147268"},{"taxonomy":"product_cat","embeddable":true,"href":"https:\/\/mendomedical.ca\/fr\/wp-json\/wp\/v2\/product_cat?post=147268"},{"taxonomy":"product_tag","embeddable":true,"href":"https:\/\/mendomedical.ca\/fr\/wp-json\/wp\/v2\/product_tag?post=147268"},{"taxonomy":"product_format_filter","embeddable":true,"href":"https:\/\/mendomedical.ca\/fr\/wp-json\/wp\/v2\/product_format_filter?post=147268"}],"curies":[{"name":"wp","href":"https:\/\/api.w.org\/{rel}","templated":true}]}}