{"id":147258,"date":"2025-08-20T14:45:45","date_gmt":"2025-08-20T18:45:45","guid":{"rendered":"https:\/\/mendomedical.ca\/?post_type=product&#038;p=147258"},"modified":"2026-01-05T09:55:56","modified_gmt":"2026-01-05T14:55:56","slug":"terple-fresh-frozen-hash-rosin-2","status":"publish","type":"product","link":"https:\/\/mendomedical.ca\/fr\/produit\/terple-fresh-frozen-hash-rosin-2\/","title":{"rendered":"Terple - Fresh Frozen Hash Rosin"},"content":{"rendered":"","protected":false},"excerpt":{"rendered":"<div class=\"ExternalClass6E2216D7AECB41AFAF7C5EBCF1C0347D\">\n<h3>Terple - Rosin frais et congel\u00e9<\/h3>\n<h3>Terp\u00e8nes totaux: 7.4%<\/h3>\n<p>Faites l&rsquo;exp\u00e9rience d&rsquo;une qualit\u00e9 sup\u00e9rieure avec la Nugz Terple Fresh Frozen Hash Rosin (FFHR), un concentr\u00e9 sans solvant \u00e9labor\u00e9 \u00e0 partir de g\u00e9n\u00e9tiques d&rsquo;int\u00e9rieur de source unique. Cette rosine exceptionnelle pr\u00e9serve le profil terp\u00e9nique naturel de la souche gr\u00e2ce \u00e0 un processus m\u00e9ticuleux de frais congel\u00e9, d\u00e9livrant un impressionnant total de 7,4 % de terp\u00e8nes totaux. Le r\u00e9sultat est un concentr\u00e9 mielleux qui capture toute l&rsquo;essence du cultivar Terple dans sa forme la plus pure.<\/p>\n<h4>Caract\u00e9ristiques principales<\/h4>\n<ul>\n<li>Fra\u00eechement congel\u00e9 au moment de la r\u00e9colte pour pr\u00e9server les terp\u00e8nes, les saveurs et les ar\u00f4mes naturels.<\/li>\n<li>Extraction sans solvant \u00e0 l&rsquo;aide d&rsquo;eau glac\u00e9e et filtration pr\u00e9cise de 159\u00b5m \u00e0 45\u00b5m<\/li>\n<li>G\u00e9n\u00e9tique Terple \u00e0 source unique cultiv\u00e9e en int\u00e9rieur, provenant de la biblioth\u00e8que rare de Nugz<\/li>\n<li>Une teneur \u00e9lev\u00e9e en terp\u00e8nes (7,4 %) pour une saveur et des effets renforc\u00e9s<\/li>\n<li>Bubble hash de qualit\u00e9 sup\u00e9rieure chauff\u00e9 et press\u00e9 pour obtenir une consistance semblable \u00e0 celle du miel.<\/li>\n<\/ul>\n<h4>Profil des terp\u00e8nes et des ar\u00f4mes<\/h4>\n<p>Avec une teneur exceptionnelle de 7,4 % en terp\u00e8nes totaux, ce Rosin Terple d\u00e9livre le profil caract\u00e9ristique de la souche sous forme concentr\u00e9e. Le processus de cong\u00e9lation garantit une r\u00e9tention maximale des terp\u00e8nes et des compos\u00e9s aromatiques distinctifs du cultivar, offrant ainsi une repr\u00e9sentation authentique des caract\u00e9ristiques naturelles de la fleur.<\/p>\n<h4>Pourquoi choisir Live Rosin ?<\/h4>\n<p>Les concentr\u00e9s de Live Rosin offrent aux utilisateurs m\u00e9dicaux une option sans solvant avec des profils terp\u00e9niques pr\u00e9serv\u00e9s qui peuvent renforcer les effets th\u00e9rapeutiques. Le processus d&rsquo;extraction propre et la puissance \u00e9lev\u00e9e conviennent aux patients qui recherchent des m\u00e9thodes de consommation efficaces et savoureuses.<\/p>\n<h4>Exp\u00e9dition dans tout le Canada<\/h4>\n<p>Terple - Fresh Frozen Hash Rosin est exp\u00e9di\u00e9 rapidement partout au Canada. Profitez de la livraison gratuite pour toutes les commandes de plus de 150 $. Pour une qualit\u00e9 optimale, conservez le produit au r\u00e9frig\u00e9rateur et amenez-le \u00e0 la temp\u00e9rature ambiante 10 minutes avant de l&rsquo;utiliser.<\/p>\n<h4>Avantages et couverture pour les anciens combattants<\/h4>\n<p>Terple - Fresh Frozen Hash Rosin est admissible \u00e0 la couverture d&rsquo;ACC (Anciens Combattants Canada) avec facturation directe par l&rsquo;entremise de la Croix Bleue, ce qui signifie que les anciens combattants admissibles n&rsquo;ont pas \u00e0 d\u00e9bourser d&rsquo;argent. Si vous n&rsquo;avez pas encore votre carte m\u00e9dicale, <a href=\"https:\/\/mendomedical.ca\/fr\/carte-medicale\/\">obtenez-la rapidement et facilement<\/a> pour avoir acc\u00e8s \u00e0 ces avantages.<\/p>\n<\/div>\n","protected":false},"featured_media":147260,"comment_status":"closed","ping_status":"closed","template":"","meta":{"_acf_changed":false,"site-sidebar-layout":"default","site-content-layout":"","ast-site-content-layout":"default","site-content-style":"default","site-sidebar-style":"default","ast-global-header-display":"","ast-banner-title-visibility":"","ast-main-header-display":"","ast-hfb-above-header-display":"","ast-hfb-below-header-display":"","ast-hfb-mobile-header-display":"","site-post-title":"","ast-breadcrumbs-content":"","ast-featured-img":"","footer-sml-layout":"","ast-disable-related-posts":"","theme-transparent-header-meta":"default","adv-header-id-meta":"","stick-header-meta":"","header-above-stick-meta":"","header-main-stick-meta":"","header-below-stick-meta":"","astra-migrate-meta-layouts":"set","ast-page-background-enabled":"default","ast-page-background-meta":{"desktop":{"background-color":"var(--ast-global-color-4)","background-image":"","background-repeat":"repeat","background-position":"center center","background-size":"auto","background-attachment":"scroll","background-type":"","background-media":"","overlay-type":"","overlay-color":"","overlay-opacity":"","overlay-gradient":""},"tablet":{"background-color":"","background-image":"","background-repeat":"repeat","background-position":"center center","background-size":"auto","background-attachment":"scroll","background-type":"","background-media":"","overlay-type":"","overlay-color":"","overlay-opacity":"","overlay-gradient":""},"mobile":{"background-color":"","background-image":"","background-repeat":"repeat","background-position":"center center","background-size":"auto","background-attachment":"scroll","background-type":"","background-media":"","overlay-type":"","overlay-color":"","overlay-opacity":"","overlay-gradient":""}},"ast-content-background-meta":{"desktop":{"background-color":"var(--ast-global-color-5)","background-image":"","background-repeat":"repeat","background-position":"center center","background-size":"auto","background-attachment":"scroll","background-type":"","background-media":"","overlay-type":"","overlay-color":"","overlay-opacity":"","overlay-gradient":""},"tablet":{"background-color":"var(--ast-global-color-5)","background-image":"","background-repeat":"repeat","background-position":"center center","background-size":"auto","background-attachment":"scroll","background-type":"","background-media":"","overlay-type":"","overlay-color":"","overlay-opacity":"","overlay-gradient":""},"mobile":{"background-color":"var(--ast-global-color-5)","background-image":"","background-repeat":"repeat","background-position":"center center","background-size":"auto","background-attachment":"scroll","background-type":"","background-media":"","overlay-type":"","overlay-color":"","overlay-opacity":"","overlay-gradient":""}}},"product_brand":[4157],"product_cat":[1125,1118,1119],"product_tag":[2409],"product_format_filter":[6369],"class_list":{"0":"post-147258","1":"product","2":"type-product","3":"status-publish","4":"has-post-thumbnail","6":"product_brand-nugz","7":"product_cat-rosin-vivante","8":"product_cat-concentres","9":"product_cat-tout-sans-solvant","10":"product_tag-nugz-fr","11":"pa_intensity-thc-eleve","12":"pa_marques-nugz-fr","13":"pa_origin-quebec-fr","14":"pa_type-de-plante-hybride-indica-fr","15":"product_format_filter-1g","16":"desktop-align-left","17":"tablet-align-left","18":"mobile-align-left","20":"first","21":"outofstock","22":"taxable","23":"shipping-taxable","24":"purchasable","25":"product-type-simple"},"group_of_quantity":0,"min_quantity":0,"max_quantity":"","exclude_order_quantity_value_rules":"no","exclude_category_quantity_rules":"no","combine_variations":"no","acf":[],"_links":{"self":[{"href":"https:\/\/mendomedical.ca\/fr\/wp-json\/wp\/v2\/product\/147258","targetHints":{"allow":["GET"]}}],"collection":[{"href":"https:\/\/mendomedical.ca\/fr\/wp-json\/wp\/v2\/product"}],"about":[{"href":"https:\/\/mendomedical.ca\/fr\/wp-json\/wp\/v2\/types\/product"}],"replies":[{"embeddable":true,"href":"https:\/\/mendomedical.ca\/fr\/wp-json\/wp\/v2\/comments?post=147258"}],"wp:featuredmedia":[{"embeddable":true,"href":"https:\/\/mendomedical.ca\/fr\/wp-json\/wp\/v2\/media\/147260"}],"wp:attachment":[{"href":"https:\/\/mendomedical.ca\/fr\/wp-json\/wp\/v2\/media?parent=147258"}],"wp:term":[{"taxonomy":"product_brand","embeddable":true,"href":"https:\/\/mendomedical.ca\/fr\/wp-json\/wp\/v2\/product_brand?post=147258"},{"taxonomy":"product_cat","embeddable":true,"href":"https:\/\/mendomedical.ca\/fr\/wp-json\/wp\/v2\/product_cat?post=147258"},{"taxonomy":"product_tag","embeddable":true,"href":"https:\/\/mendomedical.ca\/fr\/wp-json\/wp\/v2\/product_tag?post=147258"},{"taxonomy":"product_format_filter","embeddable":true,"href":"https:\/\/mendomedical.ca\/fr\/wp-json\/wp\/v2\/product_format_filter?post=147258"}],"curies":[{"name":"wp","href":"https:\/\/api.w.org\/{rel}","templated":true}]}}