{"id":147200,"date":"2025-11-15T15:05:37","date_gmt":"2025-11-15T20:05:37","guid":{"rendered":"https:\/\/mendomedical.ca\/?post_type=product&#038;p=147200"},"modified":"2025-11-17T09:39:56","modified_gmt":"2025-11-17T14:39:56","slug":"bubble-up","status":"publish","type":"product","link":"https:\/\/mendomedical.ca\/fr\/produit\/bubble-up\/","title":{"rendered":"Bubble Up"},"content":{"rendered":"","protected":false},"excerpt":{"rendered":"<h3>Total des terp\u00e8nes : 3,9%.<\/h3>\n<p><strong>Vous \u00eates arriv\u00e9s au pays de Bubble Up ! C&rsquo;est un endroit o\u00f9 l&rsquo;air brille comme du champagne p\u00e9tillant et porte un soup\u00e7on de savon imprim\u00e9 irlandais. Les terps de cette Indica \u00e9tireront chaque muscle de votre corps et calmeront votre esprit. <\/strong><\/p>\n<p><strong>Repousser les limites, c&rsquo;est ce qui fait notre r\u00e9putation. Voici Bubble Up de Tribal (Zoap x Deluxe, Breeder Exotic Genetix). Bubble Up est une vari\u00e9t\u00e9 unique. Des fleurs extra collantes avec un parfum frais et propre. Bubble Up est pr\u00eate \u00e0 entrer en action. <\/strong><\/p>\n","protected":false},"featured_media":147202,"comment_status":"closed","ping_status":"closed","template":"","meta":{"_acf_changed":false,"site-sidebar-layout":"default","site-content-layout":"","ast-site-content-layout":"default","site-content-style":"default","site-sidebar-style":"default","ast-global-header-display":"","ast-banner-title-visibility":"","ast-main-header-display":"","ast-hfb-above-header-display":"","ast-hfb-below-header-display":"","ast-hfb-mobile-header-display":"","site-post-title":"","ast-breadcrumbs-content":"","ast-featured-img":"","footer-sml-layout":"","ast-disable-related-posts":"","theme-transparent-header-meta":"default","adv-header-id-meta":"","stick-header-meta":"","header-above-stick-meta":"","header-main-stick-meta":"","header-below-stick-meta":"","astra-migrate-meta-layouts":"set","ast-page-background-enabled":"default","ast-page-background-meta":{"desktop":{"background-color":"var(--ast-global-color-4)","background-image":"","background-repeat":"repeat","background-position":"center center","background-size":"auto","background-attachment":"scroll","background-type":"","background-media":"","overlay-type":"","overlay-color":"","overlay-opacity":"","overlay-gradient":""},"tablet":{"background-color":"","background-image":"","background-repeat":"repeat","background-position":"center center","background-size":"auto","background-attachment":"scroll","background-type":"","background-media":"","overlay-type":"","overlay-color":"","overlay-opacity":"","overlay-gradient":""},"mobile":{"background-color":"","background-image":"","background-repeat":"repeat","background-position":"center center","background-size":"auto","background-attachment":"scroll","background-type":"","background-media":"","overlay-type":"","overlay-color":"","overlay-opacity":"","overlay-gradient":""}},"ast-content-background-meta":{"desktop":{"background-color":"var(--ast-global-color-5)","background-image":"","background-repeat":"repeat","background-position":"center center","background-size":"auto","background-attachment":"scroll","background-type":"","background-media":"","overlay-type":"","overlay-color":"","overlay-opacity":"","overlay-gradient":""},"tablet":{"background-color":"var(--ast-global-color-5)","background-image":"","background-repeat":"repeat","background-position":"center center","background-size":"auto","background-attachment":"scroll","background-type":"","background-media":"","overlay-type":"","overlay-color":"","overlay-opacity":"","overlay-gradient":""},"mobile":{"background-color":"var(--ast-global-color-5)","background-image":"","background-repeat":"repeat","background-position":"center center","background-size":"auto","background-attachment":"scroll","background-type":"","background-media":"","overlay-type":"","overlay-color":"","overlay-opacity":"","overlay-gradient":""}}},"product_brand":[4146],"product_cat":[1138,1137],"product_tag":[2629],"product_format_filter":[6389],"class_list":{"0":"post-147200","1":"product","2":"type-product","3":"status-publish","4":"has-post-thumbnail","6":"product_brand-tribal","7":"product_cat-3-5s-a-moins-de-25","8":"product_cat-fleur","9":"product_tag-tribal-fr","10":"pa_flavours-champagne-fr","11":"pa_flavours-irish-soap-fr","12":"pa_format-3-5g-fr","13":"pa_intensity-thc-eleve","14":"pa_marques-tribal-fr","15":"pa_origin-quebec-fr","16":"pa_packaging-date-26-10-2024-fr","17":"pa_prix-par-gramme-7-14-fr","18":"pa_profil-terpene-caryophyllene","19":"pa_profil-terpene-farnesene-fr","20":"pa_profil-terpene-limonene-fr","21":"pa_thc-28-9-fr","22":"pa_type-de-plante-indica-fr","23":"product_format_filter-3-5g","24":"desktop-align-left","25":"tablet-align-left","26":"mobile-align-left","28":"first","29":"outofstock","30":"taxable","31":"shipping-taxable","32":"purchasable","33":"product-type-simple"},"group_of_quantity":0,"min_quantity":0,"max_quantity":"","exclude_order_quantity_value_rules":"no","exclude_category_quantity_rules":"no","combine_variations":"no","acf":[],"_links":{"self":[{"href":"https:\/\/mendomedical.ca\/fr\/wp-json\/wp\/v2\/product\/147200","targetHints":{"allow":["GET"]}}],"collection":[{"href":"https:\/\/mendomedical.ca\/fr\/wp-json\/wp\/v2\/product"}],"about":[{"href":"https:\/\/mendomedical.ca\/fr\/wp-json\/wp\/v2\/types\/product"}],"replies":[{"embeddable":true,"href":"https:\/\/mendomedical.ca\/fr\/wp-json\/wp\/v2\/comments?post=147200"}],"wp:featuredmedia":[{"embeddable":true,"href":"https:\/\/mendomedical.ca\/fr\/wp-json\/wp\/v2\/media\/147202"}],"wp:attachment":[{"href":"https:\/\/mendomedical.ca\/fr\/wp-json\/wp\/v2\/media?parent=147200"}],"wp:term":[{"taxonomy":"product_brand","embeddable":true,"href":"https:\/\/mendomedical.ca\/fr\/wp-json\/wp\/v2\/product_brand?post=147200"},{"taxonomy":"product_cat","embeddable":true,"href":"https:\/\/mendomedical.ca\/fr\/wp-json\/wp\/v2\/product_cat?post=147200"},{"taxonomy":"product_tag","embeddable":true,"href":"https:\/\/mendomedical.ca\/fr\/wp-json\/wp\/v2\/product_tag?post=147200"},{"taxonomy":"product_format_filter","embeddable":true,"href":"https:\/\/mendomedical.ca\/fr\/wp-json\/wp\/v2\/product_format_filter?post=147200"}],"curies":[{"name":"wp","href":"https:\/\/api.w.org\/{rel}","templated":true}]}}