{"id":147192,"date":"2025-05-02T17:00:48","date_gmt":"2025-05-02T21:00:48","guid":{"rendered":"https:\/\/mendomedical.ca\/?post_type=product&#038;p=147192"},"modified":"2026-02-06T13:53:23","modified_gmt":"2026-02-06T18:53:23","slug":"neon-sunshine","status":"publish","type":"product","link":"https:\/\/mendomedical.ca\/fr\/produit\/neon-sunshine\/","title":{"rendered":"Neon Sunshine"},"content":{"rendered":"","protected":false},"excerpt":{"rendered":"<h3>Terp\u00e8nes totaux : 2,5<\/h3>\n<p>&nbsp;<\/p>\n<p><strong>\u00cates-vous pr\u00eat pour la magnifique c\u00f4te de Neon Sunshine ?! Un paradis o\u00f9 la plage est toujours chaude, o\u00f9 les couchers de soleil peignent le ciel en n\u00e9on et o\u00f9 l&rsquo;herbe a le go\u00fbt d&rsquo;une margherita tropicale. Les odeurs de sel et de douceur persistent dans l&rsquo;air. Son \u00e9lixir parfait d&rsquo;\u00e9nergie indica et sativa vous attire plus profond\u00e9ment.   <\/strong><\/p>\n<p><strong>Rien d&rsquo;autre que du sable, du surf et un peu de Neon Sunshine ! Voici Tribal&rsquo;s Neon Sunshine. Cr\u00e9\u00e9e par le s\u00e9lectionneur l\u00e9gendaire Exotic Genetix, Neon Sunshine est une Zktlz x Falcon 9. Des saveurs sucr\u00e9es et acidul\u00e9es rencontrent des fleurs vibrantes et givr\u00e9es&#8230; le vrai r\u00eave californien !   <\/strong><\/p>\n","protected":false},"featured_media":147194,"comment_status":"closed","ping_status":"closed","template":"","meta":{"_acf_changed":false,"site-sidebar-layout":"default","site-content-layout":"","ast-site-content-layout":"default","site-content-style":"default","site-sidebar-style":"default","ast-global-header-display":"","ast-banner-title-visibility":"","ast-main-header-display":"","ast-hfb-above-header-display":"","ast-hfb-below-header-display":"","ast-hfb-mobile-header-display":"","site-post-title":"","ast-breadcrumbs-content":"","ast-featured-img":"","footer-sml-layout":"","ast-disable-related-posts":"","theme-transparent-header-meta":"default","adv-header-id-meta":"","stick-header-meta":"","header-above-stick-meta":"","header-main-stick-meta":"","header-below-stick-meta":"","astra-migrate-meta-layouts":"set","ast-page-background-enabled":"default","ast-page-background-meta":{"desktop":{"background-color":"var(--ast-global-color-4)","background-image":"","background-repeat":"repeat","background-position":"center center","background-size":"auto","background-attachment":"scroll","background-type":"","background-media":"","overlay-type":"","overlay-color":"","overlay-opacity":"","overlay-gradient":""},"tablet":{"background-color":"","background-image":"","background-repeat":"repeat","background-position":"center center","background-size":"auto","background-attachment":"scroll","background-type":"","background-media":"","overlay-type":"","overlay-color":"","overlay-opacity":"","overlay-gradient":""},"mobile":{"background-color":"","background-image":"","background-repeat":"repeat","background-position":"center center","background-size":"auto","background-attachment":"scroll","background-type":"","background-media":"","overlay-type":"","overlay-color":"","overlay-opacity":"","overlay-gradient":""}},"ast-content-background-meta":{"desktop":{"background-color":"var(--ast-global-color-5)","background-image":"","background-repeat":"repeat","background-position":"center center","background-size":"auto","background-attachment":"scroll","background-type":"","background-media":"","overlay-type":"","overlay-color":"","overlay-opacity":"","overlay-gradient":""},"tablet":{"background-color":"var(--ast-global-color-5)","background-image":"","background-repeat":"repeat","background-position":"center center","background-size":"auto","background-attachment":"scroll","background-type":"","background-media":"","overlay-type":"","overlay-color":"","overlay-opacity":"","overlay-gradient":""},"mobile":{"background-color":"var(--ast-global-color-5)","background-image":"","background-repeat":"repeat","background-position":"center center","background-size":"auto","background-attachment":"scroll","background-type":"","background-media":"","overlay-type":"","overlay-color":"","overlay-opacity":"","overlay-gradient":""}}},"product_brand":[4146],"product_cat":[1138,1137],"product_tag":[2629],"product_format_filter":[],"class_list":{"0":"post-147192","1":"product","2":"type-product","3":"status-publish","4":"has-post-thumbnail","6":"product_brand-tribal","7":"product_cat-3-5s-a-moins-de-25","8":"product_cat-fleur","9":"product_tag-tribal-fr","10":"pa_flavours-piquant","11":"pa_flavours-doux","12":"pa_format-3-5g-fr","13":"pa_intensity-thc-eleve","14":"pa_marques-tribal-fr","15":"pa_origin-quebec-fr","16":"pa_packaging-date-05-16-2025-fr","17":"pa_prix-par-gramme-7-14-fr","18":"pa_profil-terpene-caryophyllene","19":"pa_profil-terpene-farnesene-fr","20":"pa_profil-terpene-humulene-fr","21":"pa_profil-terpene-limonene-fr","22":"pa_thc-29-8-fr","23":"pa_type-de-plante-hybride-fr","24":"desktop-align-left","25":"tablet-align-left","26":"mobile-align-left","28":"first","29":"outofstock","30":"taxable","31":"shipping-taxable","32":"purchasable","33":"product-type-simple"},"group_of_quantity":0,"min_quantity":0,"max_quantity":"","exclude_order_quantity_value_rules":"no","exclude_category_quantity_rules":"no","combine_variations":"no","acf":[],"_links":{"self":[{"href":"https:\/\/mendomedical.ca\/fr\/wp-json\/wp\/v2\/product\/147192","targetHints":{"allow":["GET"]}}],"collection":[{"href":"https:\/\/mendomedical.ca\/fr\/wp-json\/wp\/v2\/product"}],"about":[{"href":"https:\/\/mendomedical.ca\/fr\/wp-json\/wp\/v2\/types\/product"}],"replies":[{"embeddable":true,"href":"https:\/\/mendomedical.ca\/fr\/wp-json\/wp\/v2\/comments?post=147192"}],"wp:featuredmedia":[{"embeddable":true,"href":"https:\/\/mendomedical.ca\/fr\/wp-json\/wp\/v2\/media\/147194"}],"wp:attachment":[{"href":"https:\/\/mendomedical.ca\/fr\/wp-json\/wp\/v2\/media?parent=147192"}],"wp:term":[{"taxonomy":"product_brand","embeddable":true,"href":"https:\/\/mendomedical.ca\/fr\/wp-json\/wp\/v2\/product_brand?post=147192"},{"taxonomy":"product_cat","embeddable":true,"href":"https:\/\/mendomedical.ca\/fr\/wp-json\/wp\/v2\/product_cat?post=147192"},{"taxonomy":"product_tag","embeddable":true,"href":"https:\/\/mendomedical.ca\/fr\/wp-json\/wp\/v2\/product_tag?post=147192"},{"taxonomy":"product_format_filter","embeddable":true,"href":"https:\/\/mendomedical.ca\/fr\/wp-json\/wp\/v2\/product_format_filter?post=147192"}],"curies":[{"name":"wp","href":"https:\/\/api.w.org\/{rel}","templated":true}]}}