{"id":147178,"date":"2024-08-03T06:03:27","date_gmt":"2024-08-03T10:03:27","guid":{"rendered":"https:\/\/mendomedical.ca\/?post_type=product&#038;p=147178"},"modified":"2025-04-22T14:44:07","modified_gmt":"2025-04-22T18:44:07","slug":"gltoz-gelato-full-spectrum-vape-cart-2","status":"publish","type":"product","link":"https:\/\/mendomedical.ca\/fr\/produit\/gltoz-gelato-full-spectrum-vape-cart-2\/","title":{"rendered":"GLTOZ (Gelato) Full Spectrum Vape Cart"},"content":{"rendered":"","protected":false},"excerpt":{"rendered":"<h3>Terp\u00e8nes Totaux : 6.79%<\/h3>\n<p><strong>Le Honey Oil GLTOZ est un extrait traditionnel \u00e0 spectre complet \u00e0 dominante Indica. Consommateurs novices voudront peut-\u00eatre approcher cette centrale \u00e9lectrique de THC avec prudence, mais ceux qui sont arm\u00e9s d\u2019un haut la tol\u00e9rance sera ravie de l\u2019euphorie lourde de GLTOZ. D\u00e9tente physique devient fort, mais beaucoup se trouvent encore assez agiles mentalement pour rester productifs et cr\u00e9atif en se livrant. En utilisant notre \u00e9quipement d\u2019extraction de CO2 \u00e0 la pointe de la technologie, Retro est en mesure de garantir qu\u2019aucun produit chimique nocif ou terp\u00e8ne synth\u00e9tique n\u2019est utilis\u00e9.<\/strong><\/p>\n","protected":false},"featured_media":225355,"comment_status":"closed","ping_status":"closed","template":"","meta":{"_acf_changed":false,"site-sidebar-layout":"default","site-content-layout":"","ast-site-content-layout":"default","site-content-style":"default","site-sidebar-style":"default","ast-global-header-display":"","ast-banner-title-visibility":"","ast-main-header-display":"","ast-hfb-above-header-display":"","ast-hfb-below-header-display":"","ast-hfb-mobile-header-display":"","site-post-title":"","ast-breadcrumbs-content":"","ast-featured-img":"","footer-sml-layout":"","ast-disable-related-posts":"","theme-transparent-header-meta":"default","adv-header-id-meta":"","stick-header-meta":"","header-above-stick-meta":"","header-main-stick-meta":"","header-below-stick-meta":"","astra-migrate-meta-layouts":"set","ast-page-background-enabled":"default","ast-page-background-meta":{"desktop":{"background-color":"var(--ast-global-color-4)","background-image":"","background-repeat":"repeat","background-position":"center center","background-size":"auto","background-attachment":"scroll","background-type":"","background-media":"","overlay-type":"","overlay-color":"","overlay-opacity":"","overlay-gradient":""},"tablet":{"background-color":"","background-image":"","background-repeat":"repeat","background-position":"center center","background-size":"auto","background-attachment":"scroll","background-type":"","background-media":"","overlay-type":"","overlay-color":"","overlay-opacity":"","overlay-gradient":""},"mobile":{"background-color":"","background-image":"","background-repeat":"repeat","background-position":"center center","background-size":"auto","background-attachment":"scroll","background-type":"","background-media":"","overlay-type":"","overlay-color":"","overlay-opacity":"","overlay-gradient":""}},"ast-content-background-meta":{"desktop":{"background-color":"var(--ast-global-color-5)","background-image":"","background-repeat":"repeat","background-position":"center center","background-size":"auto","background-attachment":"scroll","background-type":"","background-media":"","overlay-type":"","overlay-color":"","overlay-opacity":"","overlay-gradient":""},"tablet":{"background-color":"var(--ast-global-color-5)","background-image":"","background-repeat":"repeat","background-position":"center center","background-size":"auto","background-attachment":"scroll","background-type":"","background-media":"","overlay-type":"","overlay-color":"","overlay-opacity":"","overlay-gradient":""},"mobile":{"background-color":"var(--ast-global-color-5)","background-image":"","background-repeat":"repeat","background-position":"center center","background-size":"auto","background-attachment":"scroll","background-type":"","background-media":"","overlay-type":"","overlay-color":"","overlay-opacity":"","overlay-gradient":""}}},"product_brand":[],"product_cat":[1160,1530,1159],"product_tag":[2172],"product_format_filter":[],"class_list":{"0":"post-147178","1":"product","2":"type-product","3":"status-publish","4":"has-post-thumbnail","6":"product_cat-cart-fil-510","7":"product_cat-spectre-complet1","8":"product_cat-vapoteuses","9":"product_tag-retro-fr","10":"pa_format-0-5g-fr","11":"pa_intensity-thc-eleve","12":"pa_marques-retro-fr","13":"pa_origin-ile-du-prince-edouard","14":"pa_profil-terpene-caryophyllene","15":"pa_profil-terpene-humulene-fr","16":"pa_profil-terpene-limonene-fr","17":"pa_thc-74-6-fr","18":"pa_type-de-plante-hybride-indica-fr","19":"desktop-align-left","20":"tablet-align-left","21":"mobile-align-left","23":"first","24":"outofstock","25":"taxable","26":"shipping-taxable","27":"purchasable","28":"product-type-simple"},"group_of_quantity":0,"min_quantity":0,"max_quantity":"","exclude_order_quantity_value_rules":"no","exclude_category_quantity_rules":"no","combine_variations":"no","acf":[],"_links":{"self":[{"href":"https:\/\/mendomedical.ca\/fr\/wp-json\/wp\/v2\/product\/147178","targetHints":{"allow":["GET"]}}],"collection":[{"href":"https:\/\/mendomedical.ca\/fr\/wp-json\/wp\/v2\/product"}],"about":[{"href":"https:\/\/mendomedical.ca\/fr\/wp-json\/wp\/v2\/types\/product"}],"replies":[{"embeddable":true,"href":"https:\/\/mendomedical.ca\/fr\/wp-json\/wp\/v2\/comments?post=147178"}],"wp:featuredmedia":[{"embeddable":true,"href":"https:\/\/mendomedical.ca\/fr\/wp-json\/wp\/v2\/media\/225355"}],"wp:attachment":[{"href":"https:\/\/mendomedical.ca\/fr\/wp-json\/wp\/v2\/media?parent=147178"}],"wp:term":[{"taxonomy":"product_brand","embeddable":true,"href":"https:\/\/mendomedical.ca\/fr\/wp-json\/wp\/v2\/product_brand?post=147178"},{"taxonomy":"product_cat","embeddable":true,"href":"https:\/\/mendomedical.ca\/fr\/wp-json\/wp\/v2\/product_cat?post=147178"},{"taxonomy":"product_tag","embeddable":true,"href":"https:\/\/mendomedical.ca\/fr\/wp-json\/wp\/v2\/product_tag?post=147178"},{"taxonomy":"product_format_filter","embeddable":true,"href":"https:\/\/mendomedical.ca\/fr\/wp-json\/wp\/v2\/product_format_filter?post=147178"}],"curies":[{"name":"wp","href":"https:\/\/api.w.org\/{rel}","templated":true}]}}