{"id":147170,"date":"2024-09-01T08:45:48","date_gmt":"2024-09-01T12:45:48","guid":{"rendered":"https:\/\/mendomedical.ca\/?post_type=product&#038;p=147170"},"modified":"2025-11-05T10:15:53","modified_gmt":"2025-11-05T15:15:53","slug":"starburst-og-joints","status":"publish","type":"product","link":"https:\/\/mendomedical.ca\/fr\/produit\/starburst-og-joints\/","title":{"rendered":"Starburst OG Joints"},"content":{"rendered":"","protected":false},"excerpt":{"rendered":"<div class=\"ExternalClass1B1501CECD89477186AE09439816376C\">\n<h3>Starburst OG Joints - Pr\u00e9-rolls \u00e9quilibr\u00e9s de qualit\u00e9 sup\u00e9rieure<\/h3>\n<p>Faites l&rsquo;exp\u00e9rience de l&rsquo;harmonie parfaite entre la relaxation et l&rsquo;\u00e9l\u00e9vation avec Starburst OG Joints. Ces Pr\u00e9-rolls sont le fruit d&rsquo;un croisement Bubba Kush X Fire OG, qui produit une fleur \u00e0 dominante sativa avec un ratio THC\/CBD de 3:1. Chaque joint offre une fum\u00e9e douce et savoureuse, d\u00e9bordant de notes florales et de nuances de fruits tropicaux comme la fraise, la p\u00eache et la mangue - id\u00e9al pour ceux qui recherchent une exp\u00e9rience de cannabis \u00e9quilibr\u00e9e qui ne les submergera pas.  <\/p>\n<h4>Caract\u00e9ristiques principales<\/h4>\n<ul>\n<li>Le rapport unique THC\/CBD de 3:1 fournit des effets \u00e9quilibr\u00e9s avec une puissance mod\u00e9r\u00e9e.<\/li>\n<li>La fleur de qualit\u00e9 sup\u00e9rieure, taill\u00e9e et emball\u00e9e \u00e0 la main, garantit une qualit\u00e9 constante et une combustion douce.<\/li>\n<li>Profil aromatique complexe avec des notes florales et des nuances de fraise, de p\u00eache et de mangue.<\/li>\n<li>Les effets dominants de la sativa offrent une \u00e9nergie exaltante associ\u00e9e \u00e0 une relaxation apaisante.<\/li>\n<li>Le profil terp\u00e9nique riche comprend le linalol, le limon\u00e8ne et le myrc\u00e8ne pour des bienfaits th\u00e9rapeutiques accrus.<\/li>\n<\/ul>\n<h4>Saveur, ar\u00f4me et profil des terp\u00e8nes<\/h4>\n<p>Starburst OG offre une exp\u00e9rience sensorielle \u00e0 plusieurs niveaux, de la premi\u00e8re vue \u00e0 l&rsquo;expiration finale. Les Cocottes d&rsquo;un vert \u00e9clatant pr\u00e9sentent des pistils d&rsquo;un orange ardent et une \u00e9paisse couche de trichomes scintillants, signe d&rsquo;une qualit\u00e9 et d&rsquo;une puissance de premier ordre. Le profil aromatique s&rsquo;ouvre sur des tonalit\u00e9s florales fra\u00eeches rappelant un jardin en fleurs, tandis que des nuances fruit\u00e9es et sucr\u00e9es de fraises m\u00fbres et de p\u00eaches juteuses ajoutent de la profondeur. Une fois allum\u00e9e, l&rsquo;essence de mangue tropicale \u00e9merge, cr\u00e9ant un bouquet complexe qui rehausse chaque instant.   <\/p>\n<p>La saveur refl\u00e8te ce d\u00e9licieux ar\u00f4me : de douces notes florales dominent l&rsquo;inhalation, suivies de subtiles touches de fraises et de p\u00eaches, et se terminent par une longue expiration de mangue tropicale. Les terp\u00e8nes dominants (linalol, limon\u00e8ne et myrc\u00e8ne) agissent en synergie avec les cannabino\u00efdes pour cr\u00e9er une exp\u00e9rience \u00e0 spectre complet qui peut aider \u00e0 am\u00e9liorer l&rsquo;humeur, la concentration et la cr\u00e9ativit\u00e9 tout en favorisant la relaxation sans s\u00e9dation. <\/p>\n<h4>Pourquoi choisir les pr\u00e9-rolls ?<\/h4>\n<p>Les Pr\u00e9-rolls offrent une commodit\u00e9 in\u00e9gal\u00e9e pour les patients de cannabis m\u00e9dical, \u00e9liminant le besoin de broyage, de roulage ou d&rsquo;\u00e9quipement. Les joints Starburst OG fournissent un dosage constant avec chaque joint parfaitement emball\u00e9, ce qui les rend id\u00e9aux pour g\u00e9rer les sympt\u00f4mes tout au long de la journ\u00e9e tout en maintenant la fonctionnalit\u00e9 et la clart\u00e9. <\/p>\n<h4>Exp\u00e9dition dans tout le Canada<\/h4>\n<p>Starburst OG Joints est exp\u00e9di\u00e9 rapidement \u00e0 travers le Canada, avec une livraison gratuite pour les commandes de plus de 150 $. Nous assurons un emballage discret et une livraison fiable \u00e0 votre porte, ce qui facilite l&rsquo;acc\u00e8s \u00e0 vos m\u00e9dicaments o\u00f9 que vous soyez au Canada. <\/p>\n<h4>Avantages et couverture pour les anciens combattants<\/h4>\n<p>Starburst OG Joints est admissible \u00e0 la couverture d&rsquo;ACC (Anciens Combattants Canada) avec facturation directe par l&rsquo;entremise de la Croix Bleue - ce qui signifie que les anciens combattants admissibles n&rsquo;ont pas \u00e0 d\u00e9bourser d&rsquo;argent. Si vous n&rsquo;avez pas encore d&rsquo;ordonnance de cannabis m\u00e9dical, <a href=\"https:\/\/mendomedical.ca\/fr\/carte-medicale\/\">obtenez votre carte m\u00e9dicale gratuite rapidement et facilement<\/a> pour acc\u00e9der \u00e0 la couverture et commencer votre voyage avec le cannabis m\u00e9dical. <\/p>\n<\/div>\n","protected":false},"featured_media":147172,"comment_status":"closed","ping_status":"closed","template":"","meta":{"_acf_changed":false,"site-sidebar-layout":"default","site-content-layout":"","ast-site-content-layout":"default","site-content-style":"default","site-sidebar-style":"default","ast-global-header-display":"","ast-banner-title-visibility":"","ast-main-header-display":"","ast-hfb-above-header-display":"","ast-hfb-below-header-display":"","ast-hfb-mobile-header-display":"","site-post-title":"","ast-breadcrumbs-content":"","ast-featured-img":"","footer-sml-layout":"","ast-disable-related-posts":"","theme-transparent-header-meta":"default","adv-header-id-meta":"","stick-header-meta":"","header-above-stick-meta":"","header-main-stick-meta":"","header-below-stick-meta":"","astra-migrate-meta-layouts":"set","ast-page-background-enabled":"default","ast-page-background-meta":{"desktop":{"background-color":"var(--ast-global-color-4)","background-image":"","background-repeat":"repeat","background-position":"center center","background-size":"auto","background-attachment":"scroll","background-type":"","background-media":"","overlay-type":"","overlay-color":"","overlay-opacity":"","overlay-gradient":""},"tablet":{"background-color":"","background-image":"","background-repeat":"repeat","background-position":"center center","background-size":"auto","background-attachment":"scroll","background-type":"","background-media":"","overlay-type":"","overlay-color":"","overlay-opacity":"","overlay-gradient":""},"mobile":{"background-color":"","background-image":"","background-repeat":"repeat","background-position":"center center","background-size":"auto","background-attachment":"scroll","background-type":"","background-media":"","overlay-type":"","overlay-color":"","overlay-opacity":"","overlay-gradient":""}},"ast-content-background-meta":{"desktop":{"background-color":"var(--ast-global-color-5)","background-image":"","background-repeat":"repeat","background-position":"center center","background-size":"auto","background-attachment":"scroll","background-type":"","background-media":"","overlay-type":"","overlay-color":"","overlay-opacity":"","overlay-gradient":""},"tablet":{"background-color":"var(--ast-global-color-5)","background-image":"","background-repeat":"repeat","background-position":"center center","background-size":"auto","background-attachment":"scroll","background-type":"","background-media":"","overlay-type":"","overlay-color":"","overlay-opacity":"","overlay-gradient":""},"mobile":{"background-color":"var(--ast-global-color-5)","background-image":"","background-repeat":"repeat","background-position":"center center","background-size":"auto","background-attachment":"scroll","background-type":"","background-media":"","overlay-type":"","overlay-color":"","overlay-opacity":"","overlay-gradient":""}}},"product_brand":[4135],"product_cat":[4803,1144],"product_tag":[2857],"product_format_filter":[6374],"class_list":{"0":"post-147170","1":"product","2":"type-product","3":"status-publish","4":"has-post-thumbnail","6":"product_brand-starz","7":"product_cat-pre-rolls-non-infuses","8":"product_cat-pre-roules","9":"product_tag-starz-fr","10":"pa_cbd-3-fr","11":"pa_flavours-floral-fr","12":"pa_flavours-fraise","13":"pa_flavours-mango-fr","14":"pa_flavours-peach-fr","15":"pa_flavours-tropical-fr","16":"pa_format-0-5g-x-5","17":"pa_intensity-faible-thc","18":"pa_intensity-faible-cbd","19":"pa_origin-ontario-fr","20":"pa_profil-terpene-limonene-fr","21":"pa_profil-terpene-linalol-fr","22":"pa_profil-terpene-myrcene","23":"pa_thc-11-6-fr","24":"pa_type-de-plante-cbd-fr","25":"pa_type-de-plante-hybride-indica-fr","26":"product_format_filter-0-5g","27":"desktop-align-left","28":"tablet-align-left","29":"mobile-align-left","31":"first","32":"outofstock","33":"taxable","34":"shipping-taxable","35":"purchasable","36":"product-type-simple"},"group_of_quantity":0,"min_quantity":0,"max_quantity":"","exclude_order_quantity_value_rules":"no","exclude_category_quantity_rules":"no","combine_variations":"no","acf":[],"_links":{"self":[{"href":"https:\/\/mendomedical.ca\/fr\/wp-json\/wp\/v2\/product\/147170","targetHints":{"allow":["GET"]}}],"collection":[{"href":"https:\/\/mendomedical.ca\/fr\/wp-json\/wp\/v2\/product"}],"about":[{"href":"https:\/\/mendomedical.ca\/fr\/wp-json\/wp\/v2\/types\/product"}],"replies":[{"embeddable":true,"href":"https:\/\/mendomedical.ca\/fr\/wp-json\/wp\/v2\/comments?post=147170"}],"wp:featuredmedia":[{"embeddable":true,"href":"https:\/\/mendomedical.ca\/fr\/wp-json\/wp\/v2\/media\/147172"}],"wp:attachment":[{"href":"https:\/\/mendomedical.ca\/fr\/wp-json\/wp\/v2\/media?parent=147170"}],"wp:term":[{"taxonomy":"product_brand","embeddable":true,"href":"https:\/\/mendomedical.ca\/fr\/wp-json\/wp\/v2\/product_brand?post=147170"},{"taxonomy":"product_cat","embeddable":true,"href":"https:\/\/mendomedical.ca\/fr\/wp-json\/wp\/v2\/product_cat?post=147170"},{"taxonomy":"product_tag","embeddable":true,"href":"https:\/\/mendomedical.ca\/fr\/wp-json\/wp\/v2\/product_tag?post=147170"},{"taxonomy":"product_format_filter","embeddable":true,"href":"https:\/\/mendomedical.ca\/fr\/wp-json\/wp\/v2\/product_format_filter?post=147170"}],"curies":[{"name":"wp","href":"https:\/\/api.w.org\/{rel}","templated":true}]}}