{"id":147166,"date":"2025-10-06T18:05:23","date_gmt":"2025-10-06T22:05:23","guid":{"rendered":"https:\/\/mendomedical.ca\/?post_type=product&#038;p=147166"},"modified":"2026-04-27T12:06:05","modified_gmt":"2026-04-27T16:06:05","slug":"black-mamba-pre-rolls","status":"publish","type":"product","link":"https:\/\/mendomedical.ca\/fr\/produit\/black-mamba-pre-rolls\/","title":{"rendered":"Pr\u00e9-rolls Black Mamba"},"content":{"rendered":"","protected":false},"excerpt":{"rendered":"<div class=\"ExternalClass9C7D878A9247433C9482569807D8D2A9\">\n<h3>Black Mamba Pr\u00e9-rolls par Ritual Sticks<\/h3>\n<p>D\u00e9couvrez la puissante relaxation de Black Mamba Pr\u00e9-rolls, un hybride de premi\u00e8re qualit\u00e9 \u00e0 dominance indica con\u00e7u par Ritual Sticks. Ce croisement exotique entre Mint Chocolate Chip et The Cube offre une exp\u00e9rience intense avec 33,1 % de THC et un taux \u00e9lev\u00e9 de Terp\u00e8nes totaux, ce qui en fait un choix id\u00e9al pour une consommation en soir\u00e9e. Black Mamba est l&rsquo;un des g\u00e8nes originaux de Ritual Sticks et est devenu leur vari\u00e9t\u00e9 embl\u00e9matique, repr\u00e9sentant 60% de leurs ventes de Pr\u00e9-rolls.<\/p>\n<h4>Caract\u00e9ristiques principales<\/h4>\n<ul>\n<li>Hybride puissant \u00e0 dominance indica avec un profil cannabino\u00efde \u00e0 dominance THC.<\/li>\n<li>Teneur \u00e9lev\u00e9e en myrc\u00e8ne pour des effets relaxants accrus<\/li>\n<li>Terp\u00e8nes totaux \u00e9lev\u00e9s pour une exp\u00e9rience riche et cors\u00e9e.<\/li>\n<li>Pr\u00e9-rolls \u00e9labor\u00e9s par des experts pour un dosage r\u00e9gulier et pratique<\/li>\n<li>La formule non infus\u00e9e pr\u00e9serve les caract\u00e9ristiques naturelles de la souche.<\/li>\n<\/ul>\n<h4>Profil aromatique et terp\u00e9nique<\/h4>\n<p>Black Mamba offre une exp\u00e9rience sensorielle complexe gr\u00e2ce \u00e0 son profil aromatique unique. Le voyage des saveurs commence par des notes sucr\u00e9es de mangue et de poivre, suivies d&rsquo;un go\u00fbt intense de terre en fin de bouche. Cette vari\u00e9t\u00e9 \u00e0 dominante THC pr\u00e9sente des niveaux \u00e9lev\u00e9s de myrc\u00e8ne, le terp\u00e8ne g\u00e9n\u00e9ralement associ\u00e9 aux effets s\u00e9datifs, ce qui la rend particuli\u00e8rement adapt\u00e9e \u00e0 un usage en fin de journ\u00e9e.<\/p>\n<h4>Pourquoi choisir les pr\u00e9-rolls ?<\/h4>\n<p>Les Pr\u00e9-rolls offrent aux patients de cannabis m\u00e9dical un dosage pr\u00e9cis et coh\u00e9rent sans qu&rsquo;il soit n\u00e9cessaire de les broyer ou de les rouler. Ils sont id\u00e9aux pour les patients qui recherchent la commodit\u00e9 et la fiabilit\u00e9 dans leur routine de m\u00e9dication.<\/p>\n<h4>Exp\u00e9dition dans tout le Canada<\/h4>\n<p>Les Pr\u00e9-rolls de Black Mamba sont exp\u00e9di\u00e9s rapidement \u00e0 travers le Canada. Nous offrons une livraison gratuite pour toutes les commandes de plus de 150 $, ce qui garantit que votre m\u00e9dicament vous parviendra rapidement et \u00e0 un prix abordable.<\/p>\n<h4>Avantages et couverture pour les anciens combattants<\/h4>\n<p>Les Pr\u00e9-rolls Black Mamba sont admissibles \u00e0 la couverture d&rsquo;ACC (Anciens Combattants Canada) avec facturation directe par l&rsquo;entremise de la Croix Bleue, ce qui signifie que les anciens combattants admissibles n&rsquo;ont pas \u00e0 d\u00e9bourser d&rsquo;argent. Si vous n&rsquo;avez pas encore de carte m\u00e9dicale, obtenez-la gratuitement, rapidement et facilement, \u00e0 l&rsquo;<a href=\"https:\/\/mendomedical.ca\/fr\/carte-medicale\/\">adresse https:\/\/mendomedical.ca\/medical-card\/.<\/a><\/p>\n<\/div>\n","protected":false},"featured_media":147128,"comment_status":"closed","ping_status":"closed","template":"","meta":{"_acf_changed":false,"site-sidebar-layout":"default","site-content-layout":"","ast-site-content-layout":"default","site-content-style":"default","site-sidebar-style":"default","ast-global-header-display":"","ast-banner-title-visibility":"","ast-main-header-display":"","ast-hfb-above-header-display":"","ast-hfb-below-header-display":"","ast-hfb-mobile-header-display":"","site-post-title":"","ast-breadcrumbs-content":"","ast-featured-img":"","footer-sml-layout":"","ast-disable-related-posts":"","theme-transparent-header-meta":"default","adv-header-id-meta":"","stick-header-meta":"","header-above-stick-meta":"","header-main-stick-meta":"","header-below-stick-meta":"","astra-migrate-meta-layouts":"set","ast-page-background-enabled":"default","ast-page-background-meta":{"desktop":{"background-color":"var(--ast-global-color-4)","background-image":"","background-repeat":"repeat","background-position":"center center","background-size":"auto","background-attachment":"scroll","background-type":"","background-media":"","overlay-type":"","overlay-color":"","overlay-opacity":"","overlay-gradient":""},"tablet":{"background-color":"","background-image":"","background-repeat":"repeat","background-position":"center center","background-size":"auto","background-attachment":"scroll","background-type":"","background-media":"","overlay-type":"","overlay-color":"","overlay-opacity":"","overlay-gradient":""},"mobile":{"background-color":"","background-image":"","background-repeat":"repeat","background-position":"center center","background-size":"auto","background-attachment":"scroll","background-type":"","background-media":"","overlay-type":"","overlay-color":"","overlay-opacity":"","overlay-gradient":""}},"ast-content-background-meta":{"desktop":{"background-color":"var(--ast-global-color-5)","background-image":"","background-repeat":"repeat","background-position":"center center","background-size":"auto","background-attachment":"scroll","background-type":"","background-media":"","overlay-type":"","overlay-color":"","overlay-opacity":"","overlay-gradient":""},"tablet":{"background-color":"var(--ast-global-color-5)","background-image":"","background-repeat":"repeat","background-position":"center center","background-size":"auto","background-attachment":"scroll","background-type":"","background-media":"","overlay-type":"","overlay-color":"","overlay-opacity":"","overlay-gradient":""},"mobile":{"background-color":"var(--ast-global-color-5)","background-image":"","background-repeat":"repeat","background-position":"center center","background-size":"auto","background-attachment":"scroll","background-type":"","background-media":"","overlay-type":"","overlay-color":"","overlay-opacity":"","overlay-gradient":""}}},"product_brand":[],"product_cat":[4803,1144],"product_tag":[3643],"product_format_filter":[6374],"class_list":{"0":"post-147166","1":"product","2":"type-product","3":"status-publish","4":"has-post-thumbnail","6":"product_cat-pre-rolls-non-infuses","7":"product_cat-pre-roules","8":"product_tag-ritual-sticks-fr","9":"pa_flavours-mango-fr","10":"pa_flavours-pepper","11":"pa_flavours-terreux","12":"pa_format-0-5g-x-3-2-fr","13":"pa_intensity-thc-eleve","14":"pa_marques-ritual-sticks-fr","15":"pa_origin-nouvelle-ecosse","16":"pa_profil-terpene-caryophyllene","17":"pa_profil-terpene-limonene-fr","18":"pa_profil-terpene-myrcene","19":"pa_thc-29-7","20":"pa_type-de-plante-hybride-indica-fr","21":"product_format_filter-0-5g","22":"desktop-align-left","23":"tablet-align-left","24":"mobile-align-left","26":"first","27":"instock","28":"taxable","29":"shipping-taxable","30":"purchasable","31":"product-type-simple"},"group_of_quantity":0,"min_quantity":0,"max_quantity":"","exclude_order_quantity_value_rules":"no","exclude_category_quantity_rules":"no","combine_variations":"no","acf":[],"_links":{"self":[{"href":"https:\/\/mendomedical.ca\/fr\/wp-json\/wp\/v2\/product\/147166","targetHints":{"allow":["GET"]}}],"collection":[{"href":"https:\/\/mendomedical.ca\/fr\/wp-json\/wp\/v2\/product"}],"about":[{"href":"https:\/\/mendomedical.ca\/fr\/wp-json\/wp\/v2\/types\/product"}],"replies":[{"embeddable":true,"href":"https:\/\/mendomedical.ca\/fr\/wp-json\/wp\/v2\/comments?post=147166"}],"wp:featuredmedia":[{"embeddable":true,"href":"https:\/\/mendomedical.ca\/fr\/wp-json\/wp\/v2\/media\/147128"}],"wp:attachment":[{"href":"https:\/\/mendomedical.ca\/fr\/wp-json\/wp\/v2\/media?parent=147166"}],"wp:term":[{"taxonomy":"product_brand","embeddable":true,"href":"https:\/\/mendomedical.ca\/fr\/wp-json\/wp\/v2\/product_brand?post=147166"},{"taxonomy":"product_cat","embeddable":true,"href":"https:\/\/mendomedical.ca\/fr\/wp-json\/wp\/v2\/product_cat?post=147166"},{"taxonomy":"product_tag","embeddable":true,"href":"https:\/\/mendomedical.ca\/fr\/wp-json\/wp\/v2\/product_tag?post=147166"},{"taxonomy":"product_format_filter","embeddable":true,"href":"https:\/\/mendomedical.ca\/fr\/wp-json\/wp\/v2\/product_format_filter?post=147166"}],"curies":[{"name":"wp","href":"https:\/\/api.w.org\/{rel}","templated":true}]}}