{"id":147144,"date":"2025-10-06T18:00:36","date_gmt":"2025-10-06T22:00:36","guid":{"rendered":"https:\/\/mendomedical.ca\/?post_type=product&#038;p=147144"},"modified":"2026-04-27T12:05:53","modified_gmt":"2026-04-27T16:05:53","slug":"french-cookies-pre-rolls","status":"publish","type":"product","link":"https:\/\/mendomedical.ca\/fr\/produit\/french-cookies-pre-rolls\/","title":{"rendered":"French Cookies Pre-Rolls"},"content":{"rendered":"","protected":false},"excerpt":{"rendered":"<div class=\"ExternalClassA342F30A79F446A1A337415B42FECD2C\">\n<h3>French Cookies Pre-Rolls<\/h3>\n<h3>Terp\u00e8nes totaux : 2,96%.<\/h3>\n<p>D\u00e9couvrez la qualit\u00e9 exceptionnelle des Pr\u00e9-rolls French Cookies de Ritual Sticks, un hybride premium \u00e0 dominante sativa 60\/40 qui d\u00e9livre des effets toujours puissants. Ce ph\u00e9notype soigneusement s\u00e9lectionn\u00e9 combine la c\u00e9l\u00e8bre lign\u00e9e Platinum Cookies avec un savoir-faire d&rsquo;expert, ce qui donne des Pr\u00e9-rolls qui affichent un taux impressionnant de 33,1 % de THC et 2,96 % de terp\u00e8nes totaux. Chaque Pr\u00e9-rolls offre une exp\u00e9rience de fumage d\u00e9licieusement douce avec un profil de saveur complexe qui \u00e9quilibre des notes sucr\u00e9es, gazeuses et herbac\u00e9es.<\/p>\n<h4>Caract\u00e9ristiques principales<\/h4>\n<ul>\n<li>Hybride \u00e0 dominance sativa \u00e0 haute puissance (60\/40) avec plus de 28% de THC, 33,1% en ce moment !<\/li>\n<li>Profil terp\u00e9nique de premi\u00e8re qualit\u00e9 \u00e0 2,96 % pour une saveur et des effets am\u00e9lior\u00e9s<\/li>\n<li>Effets hybrides \u00e9quilibr\u00e9s id\u00e9aux pour la mise au point et la clart\u00e9<\/li>\n<li>Go\u00fbt sucr\u00e9 et cr\u00e9meux de biscuit avec une expiration fruit\u00e9e<\/li>\n<li>Pr\u00e9-rolls non infus\u00e9s, \u00e0 base de fleurs pures, de Ritual Sticks<\/li>\n<\/ul>\n<h4>Profil aromatique et gustatif<\/h4>\n<p><strong>Ar\u00f4me :<\/strong> Souche gazeuse avec des notes de fruits et de g\u00e2teau<\/p>\n<p><strong>Go\u00fbt :<\/strong> Notes d&rsquo;herbes \u00e0 l&rsquo;inhalation avec un gaz sucr\u00e9 en fin de bouche, compl\u00e9t\u00e9 par un go\u00fbt de biscuit sucr\u00e9 et cr\u00e9meux avec une expiration l\u00e9g\u00e8rement fruit\u00e9e.<\/p>\n<p><strong>Profil terp\u00e9nique :<\/strong> Teneur \u00e9lev\u00e9e en terp\u00e8nes (2,96 %), contribuant \u00e0 l&rsquo;ar\u00f4me distinctif de la souche et \u00e0 ses effets potentiels.<\/p>\n<p><strong>Effets :<\/strong> Bien que de type sativa, French Cookies produit des effets hybrides \u00e9quilibr\u00e9s que les patients qualifient de concentr\u00e9s, puissants et extr\u00eamement doux.<\/p>\n<h4>Pourquoi choisir les pr\u00e9-rolls ?<\/h4>\n<p>Les Pr\u00e9-rolls offrent aux consommateurs de cannabis m\u00e9dical une option pratique et pr\u00e9cis\u00e9ment dos\u00e9e qui \u00e9limine le besoin de moudre et de rouler. Ils sont parfaits pour ceux qui recherchent un dosage r\u00e9gulier et un soulagement imm\u00e9diat sans temps de pr\u00e9paration.<\/p>\n<h4>Exp\u00e9dition dans tout le Canada<\/h4>\n<p>Les Pr\u00e9-rolls de French Cookies sont exp\u00e9di\u00e9s rapidement \u00e0 travers le Canada. Nous offrons une livraison gratuite pour toutes les commandes de plus de 150 $, ce qui vous assure de recevoir vos produits de cannabis m\u00e9dical rapidement et discr\u00e8tement.<\/p>\n<h4>Avantages et couverture pour les anciens combattants<\/h4>\n<p>Les Pr\u00e9-rolls de French Cookies sont admissibles \u00e0 la couverture d&rsquo;ACC (Anciens Combattants Canada) avec facturation directe par l&rsquo;entremise de la Croix Bleue, ce qui signifie qu&rsquo;il n&rsquo;y a pas de frais \u00e0 d\u00e9bourser pour les anciens combattants admissibles. Si vous n&rsquo;avez pas encore de carte de cannabis m\u00e9dical, vous pouvez <a href=\"https:\/\/mendomedical.ca\/fr\/carte-medicale\/\">obtenir votre carte m\u00e9dicale gratuite rapidement et facilement<\/a> gr\u00e2ce \u00e0 notre processus simplifi\u00e9.<\/p>\n<\/div>\n","protected":false},"featured_media":147128,"comment_status":"closed","ping_status":"closed","template":"","meta":{"_acf_changed":false,"site-sidebar-layout":"default","site-content-layout":"","ast-site-content-layout":"default","site-content-style":"default","site-sidebar-style":"default","ast-global-header-display":"","ast-banner-title-visibility":"","ast-main-header-display":"","ast-hfb-above-header-display":"","ast-hfb-below-header-display":"","ast-hfb-mobile-header-display":"","site-post-title":"","ast-breadcrumbs-content":"","ast-featured-img":"","footer-sml-layout":"","ast-disable-related-posts":"","theme-transparent-header-meta":"default","adv-header-id-meta":"","stick-header-meta":"","header-above-stick-meta":"","header-main-stick-meta":"","header-below-stick-meta":"","astra-migrate-meta-layouts":"set","ast-page-background-enabled":"default","ast-page-background-meta":{"desktop":{"background-color":"var(--ast-global-color-4)","background-image":"","background-repeat":"repeat","background-position":"center center","background-size":"auto","background-attachment":"scroll","background-type":"","background-media":"","overlay-type":"","overlay-color":"","overlay-opacity":"","overlay-gradient":""},"tablet":{"background-color":"","background-image":"","background-repeat":"repeat","background-position":"center center","background-size":"auto","background-attachment":"scroll","background-type":"","background-media":"","overlay-type":"","overlay-color":"","overlay-opacity":"","overlay-gradient":""},"mobile":{"background-color":"","background-image":"","background-repeat":"repeat","background-position":"center center","background-size":"auto","background-attachment":"scroll","background-type":"","background-media":"","overlay-type":"","overlay-color":"","overlay-opacity":"","overlay-gradient":""}},"ast-content-background-meta":{"desktop":{"background-color":"var(--ast-global-color-5)","background-image":"","background-repeat":"repeat","background-position":"center center","background-size":"auto","background-attachment":"scroll","background-type":"","background-media":"","overlay-type":"","overlay-color":"","overlay-opacity":"","overlay-gradient":""},"tablet":{"background-color":"var(--ast-global-color-5)","background-image":"","background-repeat":"repeat","background-position":"center center","background-size":"auto","background-attachment":"scroll","background-type":"","background-media":"","overlay-type":"","overlay-color":"","overlay-opacity":"","overlay-gradient":""},"mobile":{"background-color":"var(--ast-global-color-5)","background-image":"","background-repeat":"repeat","background-position":"center center","background-size":"auto","background-attachment":"scroll","background-type":"","background-media":"","overlay-type":"","overlay-color":"","overlay-opacity":"","overlay-gradient":""}}},"product_brand":[],"product_cat":[4803,1144],"product_tag":[3643],"product_format_filter":[6374],"class_list":{"0":"post-147144","1":"product","2":"type-product","3":"status-publish","4":"has-post-thumbnail","6":"product_cat-pre-rolls-non-infuses","7":"product_cat-pre-roules","8":"product_tag-ritual-sticks-fr","9":"pa_flavours-gaz-2-fr","10":"pa_flavours-a-base-de-plantes","11":"pa_flavours-doux","12":"pa_format-0-5g-x-3-2-fr","13":"pa_intensity-thc-eleve","14":"pa_marques-ritual-sticks-fr","15":"pa_origin-nouvelle-ecosse","16":"pa_profil-terpene-caryophyllene","17":"pa_profil-terpene-farnesene-fr","18":"pa_profil-terpene-myrcene","19":"pa_profil-terpene-pinene-fr","20":"pa_thc-33-7-fr","21":"pa_type-de-plante-hybride-sativa-fr","22":"product_format_filter-0-5g","23":"desktop-align-left","24":"tablet-align-left","25":"mobile-align-left","27":"first","28":"instock","29":"taxable","30":"shipping-taxable","31":"product-type-simple"},"group_of_quantity":0,"min_quantity":0,"max_quantity":"","exclude_order_quantity_value_rules":"no","exclude_category_quantity_rules":"no","combine_variations":"no","acf":[],"_links":{"self":[{"href":"https:\/\/mendomedical.ca\/fr\/wp-json\/wp\/v2\/product\/147144","targetHints":{"allow":["GET"]}}],"collection":[{"href":"https:\/\/mendomedical.ca\/fr\/wp-json\/wp\/v2\/product"}],"about":[{"href":"https:\/\/mendomedical.ca\/fr\/wp-json\/wp\/v2\/types\/product"}],"replies":[{"embeddable":true,"href":"https:\/\/mendomedical.ca\/fr\/wp-json\/wp\/v2\/comments?post=147144"}],"wp:featuredmedia":[{"embeddable":true,"href":"https:\/\/mendomedical.ca\/fr\/wp-json\/wp\/v2\/media\/147128"}],"wp:attachment":[{"href":"https:\/\/mendomedical.ca\/fr\/wp-json\/wp\/v2\/media?parent=147144"}],"wp:term":[{"taxonomy":"product_brand","embeddable":true,"href":"https:\/\/mendomedical.ca\/fr\/wp-json\/wp\/v2\/product_brand?post=147144"},{"taxonomy":"product_cat","embeddable":true,"href":"https:\/\/mendomedical.ca\/fr\/wp-json\/wp\/v2\/product_cat?post=147144"},{"taxonomy":"product_tag","embeddable":true,"href":"https:\/\/mendomedical.ca\/fr\/wp-json\/wp\/v2\/product_tag?post=147144"},{"taxonomy":"product_format_filter","embeddable":true,"href":"https:\/\/mendomedical.ca\/fr\/wp-json\/wp\/v2\/product_format_filter?post=147144"}],"curies":[{"name":"wp","href":"https:\/\/api.w.org\/{rel}","templated":true}]}}