{"id":147111,"date":"2025-05-01T14:05:45","date_gmt":"2025-05-01T18:05:45","guid":{"rendered":"https:\/\/mendomedical.ca\/?post_type=product&#038;p=147111"},"modified":"2025-07-11T22:31:01","modified_gmt":"2025-07-12T02:31:01","slug":"crystal-locomotive","status":"publish","type":"product","link":"https:\/\/mendomedical.ca\/fr\/produit\/crystal-locomotive\/","title":{"rendered":"Crystal Locomotive"},"content":{"rendered":"","protected":false},"excerpt":{"rendered":"<h5>98 Aloha White Widow x Trainwreck<\/h5>\n<p>&nbsp;<\/p>\n<p><strong>Cette brillante Sativa californienne est aliment\u00e9e par le limon\u00e8ne, non pas d\u2019une mani\u00e8re acc\u00e9l\u00e9r\u00e9e et rac\u00e9e, mais s\u2019ouvrant lentement sur un effet c\u00e9r\u00e9bral de plus en plus brillant qui se concentre sur une stimulation lente qui continue de cro\u00eetre et de s\u2019\u00e9tendre \u00e0 mesure que vous \u00eates submerg\u00e9 par un effet euphorique, heureux et interactif. effet stimulant. Cela apporte une grande sociabilit\u00e9 si vous partagez l\u2019exp\u00e9rience avec les autres. La Crystal Locomotive procure un calme et une concentration, exsudant la cr\u00e9ativit\u00e9 alors que le corps est d\u00e9tendu et apais\u00e9 tandis que la t\u00eate continue de flotter dans l\u2019\u00e9ther alors qu\u2019elle atteint un sommet psych\u00e9d\u00e9lique.<\/strong><\/p>\n<p>&nbsp;<\/p>\n<h5>Aspect Visuel:<\/h5>\n<p>L\u2019attention port\u00e9e aux d\u00e9tails du processus artisanal est \u00e9vidente. Le processus de s\u00e9chage est effectu\u00e9 par suspension compl\u00e8te de l\u2019usine, lentement et de mani\u00e8re contr\u00f4l\u00e9e par l\u2019environnement. Les t\u00eates sont m\u00e9ticuleusement taill\u00e9es \u00e0 la main et soigneusement emball\u00e9es \u00e0 la main avec un haut degr\u00e9 d\u2019amour et de soin, non seulement pour accentuer la belle structure des cocottes, mais aussi pour pr\u00e9server la qualit\u00e9 et reconna\u00eetre tous les efforts d\u00e9ploy\u00e9s pour la culture et le traitement, permettant ainsi le plus haut niveau de qualit\u00e9. qualit\u00e9. Ces cocottes vertes clair sont magnifiquement structur\u00e9es avec des tourbillons d\u2019accents vert plus fonc\u00e9 et saupoudr\u00e9es de cristaux qui scintillent comme une boule disco dans la lumi\u00e8re, le tout \u00e9tant \u00e9galement recouvert de pistils orange sauvages et all\u00e9chants. Pincer les bourgeons laisse vos doigts saupoudr\u00e9s de trichomes. Nous cultivons uniquement pour les cocottes sup\u00e9rieures, coupant nos branches inf\u00e9rieures, produisant des t\u00eates si belles que vous devenez triste quand vous commencez \u00e0 les briser.<\/p>\n<p>&nbsp;<\/p>\n<h5>Ar\u00f4me :<\/h5>\n<p>Des effluves d\u2019agrumes frais qui pendent dans le nez envahissent imm\u00e9diatement les sens une fois le r\u00e9cipient ouvert. Ce parfum s\u2019ouvre sur une odeur piquante, d\u00e9licieuse et complexe o\u00f9 les douces notes d\u2019agrumes, de linalol et de myrc\u00e8ne sont distinctes, mais se m\u00e9langent \u00e9galement pour cr\u00e9er une note fra\u00eeche et sucr\u00e9e d\u2019ananas. Un gaz cr\u00e9meux persiste, commen\u00e7ant \u00e0 stimuler les lits gustatifs avant m\u00eame qu\u2019il ne soit fum\u00e9.<\/p>\n<p>&nbsp;<\/p>\n<h5>Profil de saveur :<\/h5>\n<p>La saveur de la Crystal Locomotive est magnifiquement subtile et magnifiquement cr\u00e9meuse car elle remplit la bouche d\u2019un d\u00e9lice soyeux, doux et cr\u00e9meux qui est d\u00e9licieusement l\u00e9ger et effervescent \u00e0 l\u2019expiration. La douceur du limon\u00e8ne, du linalol et du myrc\u00e8ne se combine pour cr\u00e9er un arri\u00e8re-go\u00fbt d\u2019ananas l\u00e9ger et d\u00e9licieux qui persiste apr\u00e8s l\u2019expiration de la fum\u00e9e.<\/p>\n<p>&nbsp;<\/p>\n<h5>Profil cannabino\u00efde et terp\u00e8ne\u00a0:<\/h5>\n<p>Chez Rocket Factory, nous nous concentrons sur la culture de la plante la plus saine, la plus \u00e9quilibr\u00e9e et la plus heureuse, afin que nos cannabino\u00efdes et terp\u00e8nes contiennent une richesse qui ne fait qu\u2019am\u00e9liorer et \u00e9lever \u00e0 la fois les bienfaits th\u00e9rapeutiques et ceux de l\u2019effet psych\u00e9d\u00e9lique. Nous utilisons les r\u00e9sultats des tests post-coupage pour les pourcentages que nous partageons avec vous.<\/p>\n<p>Terp\u00e8nes dominants :<br \/>\nd-Limon\u00e8ne \u2013 ce n\u2019est pas rac\u00e9, mais s\u2019ouvre lentement et est c\u00e9r\u00e9bral et brillant,<br \/>\nB\u00eata-Caryophyll\u00e8ne \u2013 qui apporte un gaz d\u00e9licat et cr\u00e9meux,<br \/>\nLinalol \u2013 a un go\u00fbt subtil et rend l\u2019ananas gazeux sucr\u00e9 et<br \/>\nB\u00eata-myrc\u00e8ne \u2013 \u00e9galement doux et stimulant.<\/p>\n<p>&nbsp;<\/p>\n<h5 id=\"tw-target-text\" class=\"tw-data-text tw-text-large tw-ta\" dir=\"ltr\" data-placeholder=\"Traduction\" aria-label=\"Texte traduit\" data-ved=\"2ahUKEwihm8zt7pyFAxWMN2IAHRerA8cQ3ewLegQIBRAU\"><span class=\"Y2IQFc\" lang=\"fr\">Effets:<\/span><\/h5>\n<p>Le gaz lent et cr\u00e9meux tombe en cascade sur la t\u00eate et le corps, apportant une sensation exaltante qui rend les membres du corps plus l\u00e9gers que l\u2019air, comme l\u2019h\u00e9lium. Les effets psychotropes s\u2019\u00e9tendent et flottent lentement dans la t\u00eate tandis que l\u2019effet c\u00e9r\u00e9bral commence lentement \u00e0 s\u2019\u00e9claircir. Cette luminosit\u00e9 continue de s\u2019intensifier, atteignant un sommet qui culmine dans le cortex c\u00e9r\u00e9bral, avec une goutte qui vous am\u00e8ne \u00e0 une pause lorsque vous sentez votre esprit fondre. Th\u00e9rapeutiquement, la l\u00e9g\u00e8ret\u00e9 du corps correspond \u00e0 la disparition des effets n\u00e9gatifs de toute inflammation des articulations et des membres et au retour d\u2019un rel\u00e2chement et d\u2019un confort dans ces zones. Pour ceux qui souffrent de tout type d\u2019arthrite ou de douleurs corporelles chroniques, il existe une d\u00e9connexion apaisante de ces sympt\u00f4mes, remplac\u00e9e par de l\u2019\u00e9nergie et du calme.<\/p>\n<p>&nbsp;<\/p>\n<h5>Que disent les patients \u00e0 propos de ce produit\u00a0:<\/h5>\n<p>Le fondateur et ma\u00eetre cultivateur de Rocket Factory travaille avec des patients m\u00e9dicaux depuis le d\u00e9but de l\u2019ACMPR, collaborant avec des v\u00e9t\u00e9rans pour obtenir un cannabis m\u00e9dical de la meilleure qualit\u00e9. Nous sommes fiers de l\u2019accent mis sur la culture pour l\u2019effet d\u2019entourage et lorsqu\u2019ils sont consomm\u00e9s, nos cultivars peuvent \u00e9voquer des exp\u00e9riences psychotropes uniques et accrues pour cr\u00e9er un effet r\u00e9cr\u00e9atif de haut niveau et avec cela, des effets th\u00e9rapeutiques sup\u00e9rieurs, capables de fournir une qualit\u00e9 de haut niveau. la vie du patient. Nous nous effor\u00e7ons de cultiver cette plante m\u00e9dicinale pour qu\u2019elle soit la plus efficace possible, tout en \u00e9tant la plus ludique possible. Apr\u00e8s tout, c\u2019est toujours de l\u2019herbe.<\/p>\n","protected":false},"featured_media":147114,"comment_status":"closed","ping_status":"closed","template":"","meta":{"_acf_changed":false,"site-sidebar-layout":"default","site-content-layout":"","ast-site-content-layout":"default","site-content-style":"default","site-sidebar-style":"default","ast-global-header-display":"","ast-banner-title-visibility":"","ast-main-header-display":"","ast-hfb-above-header-display":"","ast-hfb-below-header-display":"","ast-hfb-mobile-header-display":"","site-post-title":"","ast-breadcrumbs-content":"","ast-featured-img":"","footer-sml-layout":"","ast-disable-related-posts":"","theme-transparent-header-meta":"default","adv-header-id-meta":"","stick-header-meta":"","header-above-stick-meta":"","header-main-stick-meta":"","header-below-stick-meta":"","astra-migrate-meta-layouts":"set","ast-page-background-enabled":"default","ast-page-background-meta":{"desktop":{"background-color":"var(--ast-global-color-4)","background-image":"","background-repeat":"repeat","background-position":"center center","background-size":"auto","background-attachment":"scroll","background-type":"","background-media":"","overlay-type":"","overlay-color":"","overlay-opacity":"","overlay-gradient":""},"tablet":{"background-color":"","background-image":"","background-repeat":"repeat","background-position":"center center","background-size":"auto","background-attachment":"scroll","background-type":"","background-media":"","overlay-type":"","overlay-color":"","overlay-opacity":"","overlay-gradient":""},"mobile":{"background-color":"","background-image":"","background-repeat":"repeat","background-position":"center center","background-size":"auto","background-attachment":"scroll","background-type":"","background-media":"","overlay-type":"","overlay-color":"","overlay-opacity":"","overlay-gradient":""}},"ast-content-background-meta":{"desktop":{"background-color":"var(--ast-global-color-5)","background-image":"","background-repeat":"repeat","background-position":"center center","background-size":"auto","background-attachment":"scroll","background-type":"","background-media":"","overlay-type":"","overlay-color":"","overlay-opacity":"","overlay-gradient":""},"tablet":{"background-color":"var(--ast-global-color-5)","background-image":"","background-repeat":"repeat","background-position":"center center","background-size":"auto","background-attachment":"scroll","background-type":"","background-media":"","overlay-type":"","overlay-color":"","overlay-opacity":"","overlay-gradient":""},"mobile":{"background-color":"var(--ast-global-color-5)","background-image":"","background-repeat":"repeat","background-position":"center center","background-size":"auto","background-attachment":"scroll","background-type":"","background-media":"","overlay-type":"","overlay-color":"","overlay-opacity":"","overlay-gradient":""}}},"product_brand":[],"product_cat":[1137],"product_tag":[3009],"product_format_filter":[],"class_list":{"0":"post-147111","1":"product","2":"type-product","3":"status-publish","4":"has-post-thumbnail","6":"product_cat-fleur","7":"product_tag-rocket-factory-fr","8":"pa_flavours-agrume","9":"pa_flavours-carburant","10":"pa_flavours-raisin","11":"pa_format-7g-fr","12":"pa_intensity-thc-eleve","13":"pa_marques-rocket-factory-fr","14":"pa_origin-ontario-fr","15":"pa_packaging-date-05-12-2025","16":"pa_prix-par-gramme-8-57-fr","17":"pa_profil-terpene-caryophyllene","18":"pa_profil-terpene-limonene-fr","19":"pa_profil-terpene-linalol-fr","20":"pa_profil-terpene-myrcene","21":"pa_thc-29-7","22":"pa_type-de-plante-sativa-fr","23":"desktop-align-left","24":"tablet-align-left","25":"mobile-align-left","27":"first","28":"outofstock","29":"taxable","30":"shipping-taxable","31":"purchasable","32":"product-type-simple"},"group_of_quantity":0,"min_quantity":0,"max_quantity":"","exclude_order_quantity_value_rules":"no","exclude_category_quantity_rules":"no","combine_variations":"no","acf":[],"_links":{"self":[{"href":"https:\/\/mendomedical.ca\/fr\/wp-json\/wp\/v2\/product\/147111","targetHints":{"allow":["GET"]}}],"collection":[{"href":"https:\/\/mendomedical.ca\/fr\/wp-json\/wp\/v2\/product"}],"about":[{"href":"https:\/\/mendomedical.ca\/fr\/wp-json\/wp\/v2\/types\/product"}],"replies":[{"embeddable":true,"href":"https:\/\/mendomedical.ca\/fr\/wp-json\/wp\/v2\/comments?post=147111"}],"wp:featuredmedia":[{"embeddable":true,"href":"https:\/\/mendomedical.ca\/fr\/wp-json\/wp\/v2\/media\/147114"}],"wp:attachment":[{"href":"https:\/\/mendomedical.ca\/fr\/wp-json\/wp\/v2\/media?parent=147111"}],"wp:term":[{"taxonomy":"product_brand","embeddable":true,"href":"https:\/\/mendomedical.ca\/fr\/wp-json\/wp\/v2\/product_brand?post=147111"},{"taxonomy":"product_cat","embeddable":true,"href":"https:\/\/mendomedical.ca\/fr\/wp-json\/wp\/v2\/product_cat?post=147111"},{"taxonomy":"product_tag","embeddable":true,"href":"https:\/\/mendomedical.ca\/fr\/wp-json\/wp\/v2\/product_tag?post=147111"},{"taxonomy":"product_format_filter","embeddable":true,"href":"https:\/\/mendomedical.ca\/fr\/wp-json\/wp\/v2\/product_format_filter?post=147111"}],"curies":[{"name":"wp","href":"https:\/\/api.w.org\/{rel}","templated":true}]}}