{"id":147093,"date":"2021-03-06T09:02:33","date_gmt":"2021-03-06T14:02:33","guid":{"rendered":"https:\/\/mendomedical.ca\/?post_type=product&#038;p=147093"},"modified":"2025-04-20T20:46:10","modified_gmt":"2025-04-21T00:46:10","slug":"point-break-live-hash-rosin-vape-cart","status":"publish","type":"product","link":"https:\/\/mendomedical.ca\/fr\/produit\/point-break-live-hash-rosin-vape-cart\/","title":{"rendered":"Point Break Live Hash Rosin Vape Cart"},"content":{"rendered":"","protected":false},"excerpt":{"rendered":"<h3>Terp\u00e8nes Totaux : 7.64%<\/h3>\n<h5>Tropicanna Cookies Mtn Cut X Triangle Mints F2<\/h5>\n<p><strong>Le cart de rosin de hash vivant Point Break de Rosin des Caps est produit avec des fleurs fra\u00eeches congel\u00e9es et cultiv\u00e9es sur place chez Altacan en sol vivant avec des techniques r\u00e9g\u00e9n\u00e9ratives. Nous visons d\u2019offrir des produits de source unique, sans solvants, de la plus haute qualit\u00e9 cultiv\u00e9s et transform\u00e9s par nous-m\u00eames. Nos produits sans solvants ni additifs sont faits avec le plus propre des hash \u00e0 l\u2019eau glac\u00e9e en utilisant des filtres entre 73-159 microns. Point Break #11 est notre ph\u00e9notype unique s\u00e9lectionn\u00e9 par l\u2019\u00e9quipe d\u2019Altacan, un micro-cultivateur situ\u00e9 \u00e0 Saint-tite-des-caps, Qc. Les cartouches sont faites avec les CCELL avec embout c\u00e9ramique et remplies \u00e0 la main.<\/strong><\/p>\n<h5><\/h5>\n<h5><strong>Attrait visuel:<\/strong><\/h5>\n<p>Sauce ambr\u00e9e sans solvant.<\/p>\n<p>&nbsp;<\/p>\n<h5><strong>Ar\u00f4me &amp; Profil de saveur :<\/strong><\/h5>\n<p>Notes de pins, d\u2019\u00e9pices et d\u2019OG avec une touche de Tropicanna Cookies.<\/p>\n<p>&nbsp;<\/p>\n<h5><strong>Profil cannabino\u00efde et terp\u00e8ne :<\/strong><\/h5>\n<p>Profil cannabino\u00efde tr\u00e8s int\u00e9ressant avec une bonne quantit\u00e9 de CBG (3.1%) et des effets puissants. Les terps font claquer les l\u00e8vres.<\/p>\n<p>&nbsp;<\/p>\n<h5><strong>Effets:<\/strong><\/h5>\n<p>Puissant mais bien \u00e9quilibr\u00e9<\/p>\n","protected":false},"featured_media":147091,"comment_status":"closed","ping_status":"closed","template":"","meta":{"_acf_changed":false,"site-sidebar-layout":"default","site-content-layout":"","ast-site-content-layout":"default","site-content-style":"default","site-sidebar-style":"default","ast-global-header-display":"","ast-banner-title-visibility":"","ast-main-header-display":"","ast-hfb-above-header-display":"","ast-hfb-below-header-display":"","ast-hfb-mobile-header-display":"","site-post-title":"","ast-breadcrumbs-content":"","ast-featured-img":"","footer-sml-layout":"","ast-disable-related-posts":"","theme-transparent-header-meta":"default","adv-header-id-meta":"","stick-header-meta":"","header-above-stick-meta":"","header-main-stick-meta":"","header-below-stick-meta":"","astra-migrate-meta-layouts":"set","ast-page-background-enabled":"default","ast-page-background-meta":{"desktop":{"background-color":"var(--ast-global-color-4)","background-image":"","background-repeat":"repeat","background-position":"center center","background-size":"auto","background-attachment":"scroll","background-type":"","background-media":"","overlay-type":"","overlay-color":"","overlay-opacity":"","overlay-gradient":""},"tablet":{"background-color":"","background-image":"","background-repeat":"repeat","background-position":"center center","background-size":"auto","background-attachment":"scroll","background-type":"","background-media":"","overlay-type":"","overlay-color":"","overlay-opacity":"","overlay-gradient":""},"mobile":{"background-color":"","background-image":"","background-repeat":"repeat","background-position":"center center","background-size":"auto","background-attachment":"scroll","background-type":"","background-media":"","overlay-type":"","overlay-color":"","overlay-opacity":"","overlay-gradient":""}},"ast-content-background-meta":{"desktop":{"background-color":"var(--ast-global-color-5)","background-image":"","background-repeat":"repeat","background-position":"center center","background-size":"auto","background-attachment":"scroll","background-type":"","background-media":"","overlay-type":"","overlay-color":"","overlay-opacity":"","overlay-gradient":""},"tablet":{"background-color":"var(--ast-global-color-5)","background-image":"","background-repeat":"repeat","background-position":"center center","background-size":"auto","background-attachment":"scroll","background-type":"","background-media":"","overlay-type":"","overlay-color":"","overlay-opacity":"","overlay-gradient":""},"mobile":{"background-color":"var(--ast-global-color-5)","background-image":"","background-repeat":"repeat","background-position":"center center","background-size":"auto","background-attachment":"scroll","background-type":"","background-media":"","overlay-type":"","overlay-color":"","overlay-opacity":"","overlay-gradient":""}}},"product_brand":[],"product_cat":[1160,1164,1530,1159],"product_tag":[4100],"product_format_filter":[],"class_list":{"0":"post-147093","1":"product","2":"type-product","3":"status-publish","4":"has-post-thumbnail","6":"product_cat-cart-fil-510","7":"product_cat-cured-et-rosin-vivante-fr","8":"product_cat-spectre-complet1","9":"product_cat-vapoteuses","10":"product_tag-rosin-des-caps-fr","11":"pa_cbg-3-1-fr","12":"pa_flavours-biscuits-tropicanna","13":"pa_flavours-pimenter","14":"pa_flavours-og","15":"pa_flavours-pin","16":"pa_format-0-5g-fr","17":"pa_intensity-thc-eleve","18":"pa_intensity-low-cbg-fr","19":"pa_marques-rosin-des-caps-fr","20":"pa_origin-quebec-fr","21":"pa_profil-terpene-caryophyllene","22":"pa_profil-terpene-farnesene-fr","23":"pa_profil-terpene-humulene-fr","24":"pa_profil-terpene-limonene-fr","25":"pa_profil-terpene-linalol-fr","26":"pa_profil-terpene-myrcene","27":"pa_profil-terpene-pinene-fr","28":"pa_thc-71-6-fr","29":"pa_type-de-plante-hybride-indica-fr","30":"desktop-align-left","31":"tablet-align-left","32":"mobile-align-left","34":"first","35":"outofstock","36":"taxable","37":"shipping-taxable","38":"purchasable","39":"product-type-simple"},"group_of_quantity":0,"min_quantity":0,"max_quantity":"","exclude_order_quantity_value_rules":"no","exclude_category_quantity_rules":"no","combine_variations":"no","acf":[],"_links":{"self":[{"href":"https:\/\/mendomedical.ca\/fr\/wp-json\/wp\/v2\/product\/147093","targetHints":{"allow":["GET"]}}],"collection":[{"href":"https:\/\/mendomedical.ca\/fr\/wp-json\/wp\/v2\/product"}],"about":[{"href":"https:\/\/mendomedical.ca\/fr\/wp-json\/wp\/v2\/types\/product"}],"replies":[{"embeddable":true,"href":"https:\/\/mendomedical.ca\/fr\/wp-json\/wp\/v2\/comments?post=147093"}],"wp:featuredmedia":[{"embeddable":true,"href":"https:\/\/mendomedical.ca\/fr\/wp-json\/wp\/v2\/media\/147091"}],"wp:attachment":[{"href":"https:\/\/mendomedical.ca\/fr\/wp-json\/wp\/v2\/media?parent=147093"}],"wp:term":[{"taxonomy":"product_brand","embeddable":true,"href":"https:\/\/mendomedical.ca\/fr\/wp-json\/wp\/v2\/product_brand?post=147093"},{"taxonomy":"product_cat","embeddable":true,"href":"https:\/\/mendomedical.ca\/fr\/wp-json\/wp\/v2\/product_cat?post=147093"},{"taxonomy":"product_tag","embeddable":true,"href":"https:\/\/mendomedical.ca\/fr\/wp-json\/wp\/v2\/product_tag?post=147093"},{"taxonomy":"product_format_filter","embeddable":true,"href":"https:\/\/mendomedical.ca\/fr\/wp-json\/wp\/v2\/product_format_filter?post=147093"}],"curies":[{"name":"wp","href":"https:\/\/api.w.org\/{rel}","templated":true}]}}