{"id":147081,"date":"2025-09-06T13:50:01","date_gmt":"2025-09-06T17:50:01","guid":{"rendered":"https:\/\/mendomedical.ca\/?post_type=product&#038;p=147081"},"modified":"2026-03-02T20:08:49","modified_gmt":"2026-03-03T01:08:49","slug":"hash-rosin-peanut-butter-cup-raspberry","status":"publish","type":"product","link":"https:\/\/mendomedical.ca\/fr\/produit\/hash-rosin-peanut-butter-cup-raspberry\/","title":{"rendered":"Coupe au beurre de cacahu\u00e8tes de Rosin - Framboise"},"content":{"rendered":"","protected":false},"excerpt":{"rendered":"<div class=\"ExternalClass2F1B8FA589F34B89A812BBA31C3F7F53\">\n<h3>Coupe au beurre de cacahu\u00e8tes de Rosin - Framboise<\/h3>\n<p>Laissez-vous tenter par l&rsquo;harmonie parfaite des saveurs avec la coupe au beurre de cacahu\u00e8tes Hash Rosin Heads \u00e0 la framboise. Ce produit comestible au chocolat de qualit\u00e9 sup\u00e9rieure associe la richesse du chocolat blanc belge \u00e0 un beurre de cacahu\u00e8te naturellement d\u00e9cadent et \u00e0 une v\u00e9ritable pur\u00e9e de framboise, cr\u00e9ant ainsi une friandise acidul\u00e9e et rafra\u00eechissante qui apporte \u00e0 la fois satisfaction et qualit\u00e9. Fabriqu\u00e9e avec de la rosine de haschisch sans solvant, cette confiserie artisanale offre une exp\u00e9rience famili\u00e8re mais \u00e9lev\u00e9e du cannabis pour les consommateurs m\u00e9dicaux exigeants.  <\/p>\n<h4>Caract\u00e9ristiques principales<\/h4>\n<ul>\n<li>Fabriqu\u00e9 avec de la vraie pur\u00e9e de framboise pour des saveurs authentiques et acidul\u00e9es.<\/li>\n<li>Avec du chocolat blanc belge de premi\u00e8re qualit\u00e9 et du beurre de cacahu\u00e8te naturel<\/li>\n<li>Infus\u00e9 avec de la rosine de haschisch sans solvant pour des effets purs et puissants.<\/li>\n<li>Qualit\u00e9 artisanale de Rosin Heads, connue pour ses produits comestibles exceptionnels.<\/li>\n<li>Taille parfaite de la portion individuelle pour un dosage contr\u00f4l\u00e9 et constant<\/li>\n<\/ul>\n<h4>Profil d&rsquo;ar\u00f4me<\/h4>\n<p>Ce produit comestible gourmet offre une exp\u00e9rience gustative \u00e0 plusieurs niveaux, en commen\u00e7ant par la texture lisse et cr\u00e9meuse du chocolat blanc belge. Le beurre de cacahu\u00e8te naturel apporte une base riche et noisette, tandis que la pur\u00e9e de framboise ajoute un contraste vif et acidul\u00e9 qui tranche avec le go\u00fbt sucr\u00e9. L&rsquo;infusion de rosin de haschisch pr\u00e9serve l&rsquo;int\u00e9grit\u00e9 des compos\u00e9s naturels de la plante de cannabis sans compromettre la saveur exceptionnelle de la confiserie.  <\/p>\n<h4>Pourquoi choisir les chocolats ?<\/h4>\n<p>Les edibles au chocolat offrent aux consommateurs de cannabis m\u00e9dical une m\u00e9thode de consommation discr\u00e8te et agr\u00e9able, avec des possibilit\u00e9s de dosage pr\u00e9cises. Leur format familier et leur go\u00fbt agr\u00e9able en font la solution id\u00e9ale pour ceux qui pr\u00e9f\u00e8rent \u00e9viter de fumer ou de vaper tout en continuant \u00e0 b\u00e9n\u00e9ficier des bienfaits th\u00e9rapeutiques du cannabis. <\/p>\n<h4>Exp\u00e9dition dans tout le Canada<\/h4>\n<p>La coupe au beurre d&rsquo;arachide Rosin - framboise est exp\u00e9di\u00e9e rapidement partout au Canada, et la livraison est gratuite pour les commandes de plus de 150 $. Veuillez noter que les produits contenant du chocolat peuvent fondre pendant l&rsquo;exp\u00e9dition durant les mois d&rsquo;\u00e9t\u00e9. Nous vous recommandons de tenir compte de ce probl\u00e8me potentiel lorsque vous passez votre commande.   Malheureusement, nous ne pouvons pas offrir de remboursement ou de remplacement pour les produits qui fondent pendant le transport. Nous vous remercions de votre compr\u00e9hension.<\/p>\n<h4>Avantages et couverture pour les anciens combattants<\/h4>\n<p>Hash Rosin Peanut Butter Cup - Raspberry est admissible \u00e0 la couverture d&rsquo;ACC (Anciens Combattants Canada) avec facturation directe par la Croix Bleue, ce qui signifie qu&rsquo;il n&rsquo;y a pas de frais \u00e0 d\u00e9bourser pour les anciens combattants admissibles. Si vous n&rsquo;avez pas encore d&rsquo;ordonnance de cannabis m\u00e9dical, <a href=\"https:\/\/mendomedical.ca\/fr\/carte-medicale\/\">obtenez votre carte m\u00e9dicale gratuite rapidement et facilement<\/a>. <\/p>\n<p><strong>Ingr\u00e9dients :<\/strong> Beurre de cacahu\u00e8te (cacahu\u00e8tes grill\u00e9es s\u00e9lectionn\u00e9es, huile de soja, maltodextrine de ma\u00efs, sucre, huile v\u00e9g\u00e9tale hydrog\u00e9n\u00e9e (huiles de coton et de colza), sel, mono- et diglyc\u00e9rides), chocolat blanc belge (sucre, beurre de cacao, lait entier en poudre, l\u00e9cithine de soja, ar\u00f4me naturel de vanille), couverture aux framboises (sucre, beurre de cacao, poudre de framboise, l\u00e9cithine de tournesol), beurre de cacao, rosine de haschisch.<\/p>\n<p><strong>Contient :<\/strong> Cacahu\u00e8tes, lait, soja. <strong>Peut contenir :<\/strong> Noix, Bl\u00e9.<\/p>\n<\/div>\n","protected":false},"featured_media":228547,"comment_status":"closed","ping_status":"closed","template":"","meta":{"_acf_changed":false,"site-sidebar-layout":"default","site-content-layout":"","ast-site-content-layout":"default","site-content-style":"default","site-sidebar-style":"default","ast-global-header-display":"","ast-banner-title-visibility":"","ast-main-header-display":"","ast-hfb-above-header-display":"","ast-hfb-below-header-display":"","ast-hfb-mobile-header-display":"","site-post-title":"","ast-breadcrumbs-content":"","ast-featured-img":"","footer-sml-layout":"","ast-disable-related-posts":"","theme-transparent-header-meta":"default","adv-header-id-meta":"","stick-header-meta":"","header-above-stick-meta":"","header-main-stick-meta":"","header-below-stick-meta":"","astra-migrate-meta-layouts":"set","ast-page-background-enabled":"default","ast-page-background-meta":{"desktop":{"background-color":"var(--ast-global-color-4)","background-image":"","background-repeat":"repeat","background-position":"center center","background-size":"auto","background-attachment":"scroll","background-type":"","background-media":"","overlay-type":"","overlay-color":"","overlay-opacity":"","overlay-gradient":""},"tablet":{"background-color":"","background-image":"","background-repeat":"repeat","background-position":"center center","background-size":"auto","background-attachment":"scroll","background-type":"","background-media":"","overlay-type":"","overlay-color":"","overlay-opacity":"","overlay-gradient":""},"mobile":{"background-color":"","background-image":"","background-repeat":"repeat","background-position":"center center","background-size":"auto","background-attachment":"scroll","background-type":"","background-media":"","overlay-type":"","overlay-color":"","overlay-opacity":"","overlay-gradient":""}},"ast-content-background-meta":{"desktop":{"background-color":"var(--ast-global-color-5)","background-image":"","background-repeat":"repeat","background-position":"center center","background-size":"auto","background-attachment":"scroll","background-type":"","background-media":"","overlay-type":"","overlay-color":"","overlay-opacity":"","overlay-gradient":""},"tablet":{"background-color":"var(--ast-global-color-5)","background-image":"","background-repeat":"repeat","background-position":"center center","background-size":"auto","background-attachment":"scroll","background-type":"","background-media":"","overlay-type":"","overlay-color":"","overlay-opacity":"","overlay-gradient":""},"mobile":{"background-color":"var(--ast-global-color-5)","background-image":"","background-repeat":"repeat","background-position":"center center","background-size":"auto","background-attachment":"scroll","background-type":"","background-media":"","overlay-type":"","overlay-color":"","overlay-opacity":"","overlay-gradient":""}}},"product_brand":[],"product_cat":[1130,1511,1128],"product_tag":[],"product_format_filter":[6366],"class_list":{"0":"post-147081","1":"product","2":"type-product","3":"status-publish","4":"has-post-thumbnail","6":"product_cat-chocolats","7":"product_cat-full-spectrum-fr","8":"product_cat-comestibles","9":"pa_flavours-peanut-butter-fr","10":"pa_flavours-chocolate-fr","11":"pa_flavours-raspberry-fr","12":"pa_intensity-thc-moyen","13":"pa_marques-rosin-heads-fr","14":"pa_origin-colombie-britannique-fr","15":"pa_type-de-plante-thc-fr","16":"product_format_filter-1units","17":"desktop-align-left","18":"tablet-align-left","19":"mobile-align-left","21":"first","22":"outofstock","23":"taxable","24":"shipping-taxable","25":"purchasable","26":"product-type-simple"},"group_of_quantity":0,"min_quantity":0,"max_quantity":"","exclude_order_quantity_value_rules":"no","exclude_category_quantity_rules":"no","combine_variations":"no","acf":[],"_links":{"self":[{"href":"https:\/\/mendomedical.ca\/fr\/wp-json\/wp\/v2\/product\/147081","targetHints":{"allow":["GET"]}}],"collection":[{"href":"https:\/\/mendomedical.ca\/fr\/wp-json\/wp\/v2\/product"}],"about":[{"href":"https:\/\/mendomedical.ca\/fr\/wp-json\/wp\/v2\/types\/product"}],"replies":[{"embeddable":true,"href":"https:\/\/mendomedical.ca\/fr\/wp-json\/wp\/v2\/comments?post=147081"}],"wp:featuredmedia":[{"embeddable":true,"href":"https:\/\/mendomedical.ca\/fr\/wp-json\/wp\/v2\/media\/228547"}],"wp:attachment":[{"href":"https:\/\/mendomedical.ca\/fr\/wp-json\/wp\/v2\/media?parent=147081"}],"wp:term":[{"taxonomy":"product_brand","embeddable":true,"href":"https:\/\/mendomedical.ca\/fr\/wp-json\/wp\/v2\/product_brand?post=147081"},{"taxonomy":"product_cat","embeddable":true,"href":"https:\/\/mendomedical.ca\/fr\/wp-json\/wp\/v2\/product_cat?post=147081"},{"taxonomy":"product_tag","embeddable":true,"href":"https:\/\/mendomedical.ca\/fr\/wp-json\/wp\/v2\/product_tag?post=147081"},{"taxonomy":"product_format_filter","embeddable":true,"href":"https:\/\/mendomedical.ca\/fr\/wp-json\/wp\/v2\/product_format_filter?post=147081"}],"curies":[{"name":"wp","href":"https:\/\/api.w.org\/{rel}","templated":true}]}}