{"id":147047,"date":"2025-08-20T16:30:24","date_gmt":"2025-08-20T20:30:24","guid":{"rendered":"https:\/\/mendomedical.ca\/?post_type=product&#038;p=147047"},"modified":"2025-11-18T12:17:05","modified_gmt":"2025-11-18T17:17:05","slug":"go-bags-honeydew-oral-pouches","status":"publish","type":"product","link":"https:\/\/mendomedical.ca\/fr\/produit\/go-bags-honeydew-oral-pouches\/","title":{"rendered":"Go Bags - Honeydew Oral Pouches"},"content":{"rendered":"","protected":false},"excerpt":{"rendered":"<div class=\"ExternalClass2FAFA66160824F368EE50B577A3300EF\">\n<h3>Six One Charlie Go Bags - Honeydew Oral Pouches<\/h3>\n<p>D\u00e9couvrez la commodit\u00e9 du cannabis sans fum\u00e9e avec Six One Charlie Go Bags \u00e0 la saveur rafra\u00eechissante de Honeydew. Ces sachets oraux innovants d\u00e9livrent 10 mg de THC par sachet gr\u00e2ce \u00e0 un extrait de cannabis \u00e0 spectre complet et \u00e0 action ultra-rapide. Con\u00e7us pour une consommation discr\u00e8te et en d\u00e9placement, chaque bo\u00eete contient 10 sachets qui offrent une exp\u00e9rience \u00e9quilibr\u00e9e et contr\u00f4l\u00e9e du cannabis sans qu&rsquo;il soit n\u00e9cessaire de fumer ou de vaper.<\/p>\n<h4>Caract\u00e9ristiques principales<\/h4>\n<ul>\n<li>Sachets oraux \u00e0 action ultra-rapide contenant 10 mg de THC par sachet (100 mg au total par bo\u00eete)<\/li>\n<li>Extrait de cannabis \u00e0 spectre complet pour un effet \u00e9quilibr\u00e9 et complet<\/li>\n<li>Discret et portable, il permet de consommer sans fum\u00e9e en tout lieu.<\/li>\n<li>Application simple entre la gencive et la l\u00e8vre pour une lib\u00e9ration contr\u00f4l\u00e9e jusqu&rsquo;\u00e0 une heure.<\/li>\n<li>Emballage \u00e9l\u00e9gant et durable, facile \u00e0 \u00e9liminer, pour une commodit\u00e9 optimale.<\/li>\n<\/ul>\n<h4>Profil d&rsquo;ar\u00f4me et effets<\/h4>\n<p>Les Go Bags Honeydew offrent un ar\u00f4me frais et subtilement sucr\u00e9 avec des notes distinctes de melon. Chaque sachet offre une saveur l\u00e9g\u00e8re et rafra\u00eechissante de melon qui compl\u00e8te naturellement l&rsquo;extrait de cannabis pour une exp\u00e9rience gustative agr\u00e9able. La formulation \u00e0 spectre complet favorise la relaxation et la concentration, procurant des effets doux et contr\u00f4l\u00e9s qui peuvent soutenir l&rsquo;\u00e9l\u00e9vation de l&rsquo;humeur et le soulagement du stress.<\/p>\n<h4>Pourquoi choisir les sachets buccaux ?<\/h4>\n<p>Les sachets oraux offrent aux consommateurs de cannabis m\u00e9dical un dosage pr\u00e9cis avec un temps d&rsquo;action rapide, ce qui les rend id\u00e9aux pour g\u00e9rer les sympt\u00f4mes tout au long de la journ\u00e9e. Le format sans fum\u00e9e \u00e9limine les probl\u00e8mes respiratoires tout en pr\u00e9servant la discr\u00e9tion et la commodit\u00e9.<\/p>\n<h4>Exp\u00e9dition dans tout le Canada<\/h4>\n<p>Les Six One Charlie Go Bags sont exp\u00e9di\u00e9s rapidement dans tout le Canada et la livraison est gratuite pour les commandes de plus de 150 $. Veuillez noter que les produits contenant de la g\u00e9latine peuvent fondre pendant l&rsquo;exp\u00e9dition en \u00e9t\u00e9. Nous vous recommandons de tenir compte de ce probl\u00e8me potentiel lorsque vous passez votre commande. Malheureusement, nous ne pouvons pas offrir de remboursement ou de remplacement pour les produits qui fondent pendant le transport. Nous vous remercions de votre compr\u00e9hension.<\/p>\n<h4>Avantages et couverture pour les anciens combattants<\/h4>\n<p>Six One Charlie Go Bags sont admissibles \u00e0 la couverture d&rsquo;ACC (Anciens Combattants Canada) avec facturation directe par l&rsquo;entremise de la Croix Bleue, ce qui signifie que les anciens combattants admissibles n&rsquo;ont pas \u00e0 d\u00e9bourser d&rsquo;argent. Si vous n&rsquo;avez pas encore d&rsquo;ordonnance de cannabis m\u00e9dical, <a href=\"https:\/\/mendomedical.ca\/fr\/carte-medicale\/\">obtenez votre carte m\u00e9dicale gratuite rapidement et facilement<\/a>.<\/p>\n<\/div>\n","protected":false},"featured_media":147051,"comment_status":"closed","ping_status":"closed","template":"","meta":{"_acf_changed":false,"site-sidebar-layout":"default","site-content-layout":"","ast-site-content-layout":"default","site-content-style":"default","site-sidebar-style":"default","ast-global-header-display":"","ast-banner-title-visibility":"","ast-main-header-display":"","ast-hfb-above-header-display":"","ast-hfb-below-header-display":"","ast-hfb-mobile-header-display":"","site-post-title":"","ast-breadcrumbs-content":"","ast-featured-img":"","footer-sml-layout":"","ast-disable-related-posts":"","theme-transparent-header-meta":"default","adv-header-id-meta":"","stick-header-meta":"","header-above-stick-meta":"","header-main-stick-meta":"","header-below-stick-meta":"","astra-migrate-meta-layouts":"set","ast-page-background-enabled":"default","ast-page-background-meta":{"desktop":{"background-color":"var(--ast-global-color-4)","background-image":"","background-repeat":"repeat","background-position":"center center","background-size":"auto","background-attachment":"scroll","background-type":"","background-media":"","overlay-type":"","overlay-color":"","overlay-opacity":"","overlay-gradient":""},"tablet":{"background-color":"","background-image":"","background-repeat":"repeat","background-position":"center center","background-size":"auto","background-attachment":"scroll","background-type":"","background-media":"","overlay-type":"","overlay-color":"","overlay-opacity":"","overlay-gradient":""},"mobile":{"background-color":"","background-image":"","background-repeat":"repeat","background-position":"center center","background-size":"auto","background-attachment":"scroll","background-type":"","background-media":"","overlay-type":"","overlay-color":"","overlay-opacity":"","overlay-gradient":""}},"ast-content-background-meta":{"desktop":{"background-color":"var(--ast-global-color-5)","background-image":"","background-repeat":"repeat","background-position":"center center","background-size":"auto","background-attachment":"scroll","background-type":"","background-media":"","overlay-type":"","overlay-color":"","overlay-opacity":"","overlay-gradient":""},"tablet":{"background-color":"var(--ast-global-color-5)","background-image":"","background-repeat":"repeat","background-position":"center center","background-size":"auto","background-attachment":"scroll","background-type":"","background-media":"","overlay-type":"","overlay-color":"","overlay-opacity":"","overlay-gradient":""},"mobile":{"background-color":"var(--ast-global-color-5)","background-image":"","background-repeat":"repeat","background-position":"center center","background-size":"auto","background-attachment":"scroll","background-type":"","background-media":"","overlay-type":"","overlay-color":"","overlay-opacity":"","overlay-gradient":""}}},"product_brand":[],"product_cat":[1135,4801,1511,1128],"product_tag":[2656],"product_format_filter":[],"class_list":{"0":"post-147047","1":"product","2":"type-product","3":"status-publish","4":"has-post-thumbnail","6":"product_cat-sans-sucre","7":"product_cat-six-one-charlie-fr","8":"product_cat-full-spectrum-fr","9":"product_cat-comestibles","10":"product_tag-six-one-charlie-fr","11":"pa_flavours-honeydew-fr","12":"pa_format-10-unites","13":"pa_marques-six-one-charlie-fr","14":"pa_origin-ontario-fr","15":"pa_thc-10mg-fr","16":"desktop-align-left","17":"tablet-align-left","18":"mobile-align-left","20":"first","21":"outofstock","22":"taxable","23":"shipping-taxable","24":"purchasable","25":"product-type-simple"},"group_of_quantity":0,"min_quantity":0,"max_quantity":"","exclude_order_quantity_value_rules":"no","exclude_category_quantity_rules":"no","combine_variations":"no","acf":[],"_links":{"self":[{"href":"https:\/\/mendomedical.ca\/fr\/wp-json\/wp\/v2\/product\/147047","targetHints":{"allow":["GET"]}}],"collection":[{"href":"https:\/\/mendomedical.ca\/fr\/wp-json\/wp\/v2\/product"}],"about":[{"href":"https:\/\/mendomedical.ca\/fr\/wp-json\/wp\/v2\/types\/product"}],"replies":[{"embeddable":true,"href":"https:\/\/mendomedical.ca\/fr\/wp-json\/wp\/v2\/comments?post=147047"}],"wp:featuredmedia":[{"embeddable":true,"href":"https:\/\/mendomedical.ca\/fr\/wp-json\/wp\/v2\/media\/147051"}],"wp:attachment":[{"href":"https:\/\/mendomedical.ca\/fr\/wp-json\/wp\/v2\/media?parent=147047"}],"wp:term":[{"taxonomy":"product_brand","embeddable":true,"href":"https:\/\/mendomedical.ca\/fr\/wp-json\/wp\/v2\/product_brand?post=147047"},{"taxonomy":"product_cat","embeddable":true,"href":"https:\/\/mendomedical.ca\/fr\/wp-json\/wp\/v2\/product_cat?post=147047"},{"taxonomy":"product_tag","embeddable":true,"href":"https:\/\/mendomedical.ca\/fr\/wp-json\/wp\/v2\/product_tag?post=147047"},{"taxonomy":"product_format_filter","embeddable":true,"href":"https:\/\/mendomedical.ca\/fr\/wp-json\/wp\/v2\/product_format_filter?post=147047"}],"curies":[{"name":"wp","href":"https:\/\/api.w.org\/{rel}","templated":true}]}}