{"id":146996,"date":"2025-08-30T21:22:03","date_gmt":"2025-08-31T01:22:03","guid":{"rendered":"https:\/\/mendomedical.ca\/?post_type=product&#038;p=146996"},"modified":"2026-04-10T18:37:24","modified_gmt":"2026-04-10T22:37:24","slug":"boisson-petillante-specifique-a-la-souche-blue-dream","status":"publish","type":"product","link":"https:\/\/mendomedical.ca\/fr\/produit\/boisson-petillante-specifique-a-la-souche-blue-dream\/","title":{"rendered":"Boisson p\u00e9tillante sp\u00e9cifique \u00e0 la souche Blue Dream"},"content":{"rendered":"","protected":false},"excerpt":{"rendered":"<div class=\"ExternalClass7474D7E8DA3549738C612BB748713CF3\">\n<h3>Blue Dream Boisson p\u00e9tillante sp\u00e9cifique \u00e0 la souche par PHRESH STRAINS<\/h3>\n<p>D\u00e9couvrez le go\u00fbt rafra\u00eechissant de Blue Dream dans un format pratique de boisson p\u00e9tillante. PHRESH STRAINS a con\u00e7u cette boisson infus\u00e9e au cannabis pour capturer l&rsquo;essence de la vari\u00e9t\u00e9 bien-aim\u00e9e Blue Dream, offrant un m\u00e9lange sophistiqu\u00e9 de terp\u00e8nes et d&rsquo;ar\u00f4mes naturels dans chaque canette. Fabriqu\u00e9e \u00e0 partir de nectar de fleur de cocotier biologique et d&rsquo;ingr\u00e9dients soigneusement s\u00e9lectionn\u00e9s, cette boisson p\u00e9tillante offre une alternative de qualit\u00e9 aux m\u00e9thodes traditionnelles de consommation du cannabis.  <\/p>\n<p><strong>Si vous commandez une grande quantit\u00e9 de boissons (plus de 36), nous ne pourrons pas utiliser Postes Canada pour exp\u00e9dier votre commande et devrons faire appel \u00e0 un autre transporteur.<\/strong><\/p>\n<h4>Caract\u00e9ristiques principales<\/h4>\n<ul>\n<li>Formulation sp\u00e9cifique \u00e0 la souche pr\u00e9sentant le profil terp\u00e9nique authentique de Blue Dream<\/li>\n<li>Naturellement sucr\u00e9 avec du nectar de fleur de coco biologique pour un go\u00fbt pur.<\/li>\n<li>Format en bo\u00eete pratique \u00e0 usage unique pour un dosage pr\u00e9cis<\/li>\n<li>La technologie de l&rsquo;\u00e9mulsion de cannabis garantit une puissance constante tout au long du processus.<\/li>\n<li>Sans colorants artificiels et avec des ar\u00f4mes naturels<\/li>\n<\/ul>\n<h4>Profil aromatique et gustatif<\/h4>\n<p>Cette boisson p\u00e9tillante pr\u00e9sente le profil aromatique complexe qui a fait la r\u00e9putation de Blue Dream, avec des notes d&rsquo;agrumes vives compl\u00e9t\u00e9es par des nuances florales subtiles. Le voyage gustatif comprend des ar\u00f4mes de fruits rafra\u00eechissants, des \u00e9l\u00e9ments herbac\u00e9s terreux, un caract\u00e8re houblonn\u00e9 distinctif et un soup\u00e7on de pin qui compl\u00e8te l&rsquo;exp\u00e9rience. Les terp\u00e8nes naturels cr\u00e9ent un go\u00fbt authentique sp\u00e9cifique \u00e0 la souche qui pla\u00eet \u00e0 ceux qui connaissent le profil distinctif de Blue Dream.  <\/p>\n<h4>Pourquoi choisir les boissons \u00e0 base de cannabis ?<\/h4>\n<p>Les boissons infus\u00e9es au cannabis offrent aux utilisateurs m\u00e9dicaux une m\u00e9thode de consommation discr\u00e8te et sans fum\u00e9e, avec des d\u00e9lais d&rsquo;action pr\u00e9visibles. Le format liquide peut permettre une absorption plus rapide que les edibles traditionnels, tandis que l&rsquo;exp\u00e9rience famili\u00e8re de la boisson rend le dosage simple et agr\u00e9able. <\/p>\n<h4>Exp\u00e9dition dans tout le Canada<\/h4>\n<p>Blue Dream Strain Specific Sparkling Beverage est exp\u00e9di\u00e9 rapidement \u00e0 travers le Canada. Nous offrons la livraison gratuite pour les commandes de plus de 150 $. Veuillez noter qu&rsquo;en raison des temp\u00e9ratures de cong\u00e9lation pendant le transport hivernal, les boissons en conserve peuvent arriver gonfl\u00e9es. Ce r\u00e9sultat naturel de la cong\u00e9lation n&rsquo;affecte pas la qualit\u00e9 ou la s\u00e9curit\u00e9 du produit. Laissez simplement les boissons congel\u00e9es d\u00e9congeler compl\u00e8tement \u00e0 la temp\u00e9rature ambiante avant de les consommer.    <\/p>\n<h4>Avantages et couverture pour les anciens combattants<\/h4>\n<p>Blue Dream Strain Specific Sparkling Beverage est admissible \u00e0 la couverture d&rsquo;ACC (Anciens Combattants Canada) avec facturation directe par l&rsquo;entremise de la Croix Bleue, ce qui signifie que les anciens combattants admissibles n&rsquo;ont pas \u00e0 d\u00e9bourser d&rsquo;argent. Si vous n&rsquo;avez pas encore d&rsquo;autorisation de cannabis m\u00e9dical, <a href=\"https:\/\/mendomedical.ca\/fr\/carte-medicale\/\">obtenez rapidement et facilement votre carte m\u00e9dicale gratuite<\/a> pour acc\u00e9der aux avantages offerts aux anciens combattants. <\/p>\n<h4>Ingr\u00e9dients<\/h4>\n<p>Eau gazeuse, sucres (nectar de fleur de coco biologique), ar\u00f4mes naturels (terp\u00e8nes), acide citrique, \u00e9mulsion de cannabis (eau, gomme d&rsquo;acacia, huile de coco modifi\u00e9e [triglyc\u00e9rides \u00e0 cha\u00eene moyenne], acide citrique, vitamine E, sorbate de potassium, benzoate de sodium, extrait de quillaia), benzoate de sodium, sorbate de potassium.<\/p>\n<\/div>\n","protected":false},"featured_media":146998,"comment_status":"closed","ping_status":"closed","template":"","meta":{"_acf_changed":false,"site-sidebar-layout":"default","site-content-layout":"","ast-site-content-layout":"default","site-content-style":"default","site-sidebar-style":"default","ast-global-header-display":"","ast-banner-title-visibility":"","ast-main-header-display":"","ast-hfb-above-header-display":"","ast-hfb-below-header-display":"","ast-hfb-mobile-header-display":"","site-post-title":"","ast-breadcrumbs-content":"","ast-featured-img":"","footer-sml-layout":"","ast-disable-related-posts":"","theme-transparent-header-meta":"default","adv-header-id-meta":"","stick-header-meta":"","header-above-stick-meta":"","header-main-stick-meta":"","header-below-stick-meta":"","astra-migrate-meta-layouts":"set","ast-page-background-enabled":"default","ast-page-background-meta":{"desktop":{"background-color":"var(--ast-global-color-4)","background-image":"","background-repeat":"repeat","background-position":"center center","background-size":"auto","background-attachment":"scroll","background-type":"","background-media":"","overlay-type":"","overlay-color":"","overlay-opacity":"","overlay-gradient":""},"tablet":{"background-color":"","background-image":"","background-repeat":"repeat","background-position":"center center","background-size":"auto","background-attachment":"scroll","background-type":"","background-media":"","overlay-type":"","overlay-color":"","overlay-opacity":"","overlay-gradient":""},"mobile":{"background-color":"","background-image":"","background-repeat":"repeat","background-position":"center center","background-size":"auto","background-attachment":"scroll","background-type":"","background-media":"","overlay-type":"","overlay-color":"","overlay-opacity":"","overlay-gradient":""}},"ast-content-background-meta":{"desktop":{"background-color":"var(--ast-global-color-5)","background-image":"","background-repeat":"repeat","background-position":"center center","background-size":"auto","background-attachment":"scroll","background-type":"","background-media":"","overlay-type":"","overlay-color":"","overlay-opacity":"","overlay-gradient":""},"tablet":{"background-color":"var(--ast-global-color-5)","background-image":"","background-repeat":"repeat","background-position":"center center","background-size":"auto","background-attachment":"scroll","background-type":"","background-media":"","overlay-type":"","overlay-color":"","overlay-opacity":"","overlay-gradient":""},"mobile":{"background-color":"var(--ast-global-color-5)","background-image":"","background-repeat":"repeat","background-position":"center center","background-size":"auto","background-attachment":"scroll","background-type":"","background-media":"","overlay-type":"","overlay-color":"","overlay-opacity":"","overlay-gradient":""}}},"product_brand":[],"product_cat":[1131,1135,1128],"product_tag":[4181],"product_format_filter":[6363],"class_list":{"0":"post-146996","1":"product","2":"type-product","3":"status-publish","4":"has-post-thumbnail","6":"product_cat-boissons","7":"product_cat-sans-sucre","8":"product_cat-comestibles","9":"product_tag-phresh-strains-fr","10":"pa_flavours-agrume","11":"pa_flavours-floral-fr","12":"pa_flavours-fruite","13":"pa_flavours-a-base-de-plantes","14":"pa_flavours-houblon","15":"pa_flavours-pin","16":"pa_format-355ml-fr","17":"pa_intensity-thc-moyen","18":"pa_marques-phresh-strains-fr","19":"pa_origin-ontario-fr","20":"pa_thc-10mg-fr","21":"pa_type-de-plante-hybride-sativa-fr","22":"pa_type-de-plante-thc-fr","23":"product_format_filter-355ml","24":"desktop-align-left","25":"tablet-align-left","26":"mobile-align-left","28":"first","29":"instock","30":"taxable","31":"shipping-taxable","32":"purchasable","33":"product-type-simple"},"group_of_quantity":0,"min_quantity":0,"max_quantity":"","exclude_order_quantity_value_rules":"no","exclude_category_quantity_rules":"no","combine_variations":"no","acf":[],"_links":{"self":[{"href":"https:\/\/mendomedical.ca\/fr\/wp-json\/wp\/v2\/product\/146996","targetHints":{"allow":["GET"]}}],"collection":[{"href":"https:\/\/mendomedical.ca\/fr\/wp-json\/wp\/v2\/product"}],"about":[{"href":"https:\/\/mendomedical.ca\/fr\/wp-json\/wp\/v2\/types\/product"}],"replies":[{"embeddable":true,"href":"https:\/\/mendomedical.ca\/fr\/wp-json\/wp\/v2\/comments?post=146996"}],"wp:featuredmedia":[{"embeddable":true,"href":"https:\/\/mendomedical.ca\/fr\/wp-json\/wp\/v2\/media\/146998"}],"wp:attachment":[{"href":"https:\/\/mendomedical.ca\/fr\/wp-json\/wp\/v2\/media?parent=146996"}],"wp:term":[{"taxonomy":"product_brand","embeddable":true,"href":"https:\/\/mendomedical.ca\/fr\/wp-json\/wp\/v2\/product_brand?post=146996"},{"taxonomy":"product_cat","embeddable":true,"href":"https:\/\/mendomedical.ca\/fr\/wp-json\/wp\/v2\/product_cat?post=146996"},{"taxonomy":"product_tag","embeddable":true,"href":"https:\/\/mendomedical.ca\/fr\/wp-json\/wp\/v2\/product_tag?post=146996"},{"taxonomy":"product_format_filter","embeddable":true,"href":"https:\/\/mendomedical.ca\/fr\/wp-json\/wp\/v2\/product_format_filter?post=146996"}],"curies":[{"name":"wp","href":"https:\/\/api.w.org\/{rel}","templated":true}]}}