{"id":146986,"date":"2025-08-30T21:28:31","date_gmt":"2025-08-31T01:28:31","guid":{"rendered":"https:\/\/mendomedical.ca\/?post_type=product&#038;p=146986"},"modified":"2026-04-07T09:52:53","modified_gmt":"2026-04-07T13:52:53","slug":"summer-punch-sparkling-beverage","status":"publish","type":"product","link":"https:\/\/mendomedical.ca\/fr\/produit\/summer-punch-sparkling-beverage\/","title":{"rendered":"Punch d&rsquo;\u00e9t\u00e9 Boisson p\u00e9tillante"},"content":{"rendered":"","protected":false},"excerpt":{"rendered":"<div class=\"ExternalClass243C3C93B4ED491587A1D7DABF780918\">\n<h3>PHRESH Summer Punch Boisson p\u00e9tillante<\/h3>\n<p>D\u00e9couvrez le go\u00fbt rafra\u00eechissant de l&rsquo;\u00e9t\u00e9 avec la boisson p\u00e9tillante PHRESH Summer Punch. Cette eau p\u00e9tillante infus\u00e9e au THC offre une exp\u00e9rience croustillante et effervescente avec 10 mg de THC par canette et absolument aucun sucre ajout\u00e9. Parfaite pour ceux qui recherchent une boisson au cannabis l\u00e9g\u00e8re et rafra\u00eechissante, Summer Punch associe des ar\u00f4mes naturels \u00e0 une \u00e9mulsion de cannabis de premi\u00e8re qualit\u00e9 pour une exp\u00e9rience toujours agr\u00e9able.  <\/p>\n<p><strong>Si vous commandez une grande quantit\u00e9 de boissons (plus de 36), nous ne pourrons pas utiliser Postes Canada pour exp\u00e9dier votre commande et devrons faire appel \u00e0 un autre transporteur.<\/strong><\/p>\n<h4>Caract\u00e9ristiques principales<\/h4>\n<ul>\n<li>Contient 10mg de THC par bo\u00eete pour un dosage pr\u00e9cis<\/li>\n<li>Sans sucre ajout\u00e9 pour un rafra\u00eechissement sans culpabilit\u00e9<\/li>\n<li>Eau p\u00e9tillante naturellement aromatis\u00e9e au go\u00fbt de punch d&rsquo;\u00e9t\u00e9<\/li>\n<li>La technologie de l&rsquo;\u00e9mulsion de cannabis assure une distribution uniforme<\/li>\n<li>Format pratique en portion individuelle pour une d\u00e9gustation sur le pouce<\/li>\n<\/ul>\n<h4>Profil d&rsquo;ar\u00f4me<\/h4>\n<p>Summer Punch offre un profil de saveur vibrant et fruit\u00e9 qui capture l&rsquo;essence du rafra\u00eechissement estival. Les ar\u00f4mes naturels se m\u00e9langent parfaitement \u00e0 la carbonatation effervescente, cr\u00e9ant une exp\u00e9rience gustative l\u00e9g\u00e8re et agr\u00e9able sans la lourdeur des sucres ajout\u00e9s. <\/p>\n<h4>Pourquoi choisir les boissons \u00e0 base de cannabis ?<\/h4>\n<p>Les boissons infus\u00e9es au cannabis offrent aux utilisateurs m\u00e9dicaux une alternative sans fum\u00e9e, avec un dosage pr\u00e9cis et des effets plus rapides que les edibles traditionnels. Le format liquide peut avoir des effets plus pr\u00e9visibles et faciliter la gestion des doses \u00e0 des fins th\u00e9rapeutiques. <\/p>\n<h4>Exp\u00e9dition dans tout le Canada<\/h4>\n<p>Le produit Summer Punch Sparkling Beverage est exp\u00e9di\u00e9 rapidement au Canada. Profitez de la livraison gratuite pour les commandes de plus de 150 $. <\/p>\n<p><strong>Avis important concernant l&rsquo;exp\u00e9dition en hiver :<\/strong> En raison des temp\u00e9ratures glaciales pendant le transport, les boissons en conserve peuvent arriver gonfl\u00e9es. Il s&rsquo;agit d&rsquo;un r\u00e9sultat naturel de la cong\u00e9lation qui n&rsquo;affecte pas la qualit\u00e9 ou la s\u00e9curit\u00e9 du produit. Si vos boissons arrivent congel\u00e9es, laissez-les simplement d\u00e9congeler compl\u00e8tement \u00e0 temp\u00e9rature ambiante avant de les consommer.  <\/p>\n<p><strong>Limite de commande :<\/strong> Chaque commande peut contenir un maximum de 36 boissons en canettes. Pour commander plus de 36, veuillez passer plusieurs commandes. <\/p>\n<h4>Avantages et couverture pour les anciens combattants<\/h4>\n<p>La boisson p\u00e9tillante Summer Punch est admissible \u00e0 la couverture d&rsquo;ACC (Anciens Combattants Canada) et \u00e0 la facturation directe par l&rsquo;entremise de la Croix Bleue, sans frais. Si vous n&rsquo;avez pas encore de carte m\u00e9dicale, <a href=\"https:\/\/mendomedical.ca\/fr\/carte-medicale\/\">obtenez-la rapidement et facilement<\/a>. <\/p>\n<h4>Ingr\u00e9dients<\/h4>\n<p>Eau gazeuse, ar\u00f4me naturel, \u00e9mulsion de cannabis (eau, gomme d&rsquo;acacia, huile de coco modifi\u00e9e [triglyc\u00e9rides \u00e0 cha\u00eene moyenne], acide citrique, vitamine E, sorbate de potassium, benzoate de sodium, extrait de quillaia), acide citrique.<\/p>\n<\/div>\n","protected":false},"featured_media":146994,"comment_status":"closed","ping_status":"closed","template":"","meta":{"_acf_changed":false,"site-sidebar-layout":"default","site-content-layout":"","ast-site-content-layout":"default","site-content-style":"default","site-sidebar-style":"default","ast-global-header-display":"","ast-banner-title-visibility":"","ast-main-header-display":"","ast-hfb-above-header-display":"","ast-hfb-below-header-display":"","ast-hfb-mobile-header-display":"","site-post-title":"","ast-breadcrumbs-content":"","ast-featured-img":"","footer-sml-layout":"","ast-disable-related-posts":"","theme-transparent-header-meta":"default","adv-header-id-meta":"","stick-header-meta":"","header-above-stick-meta":"","header-main-stick-meta":"","header-below-stick-meta":"","astra-migrate-meta-layouts":"set","ast-page-background-enabled":"default","ast-page-background-meta":{"desktop":{"background-color":"var(--ast-global-color-4)","background-image":"","background-repeat":"repeat","background-position":"center center","background-size":"auto","background-attachment":"scroll","background-type":"","background-media":"","overlay-type":"","overlay-color":"","overlay-opacity":"","overlay-gradient":""},"tablet":{"background-color":"","background-image":"","background-repeat":"repeat","background-position":"center center","background-size":"auto","background-attachment":"scroll","background-type":"","background-media":"","overlay-type":"","overlay-color":"","overlay-opacity":"","overlay-gradient":""},"mobile":{"background-color":"","background-image":"","background-repeat":"repeat","background-position":"center center","background-size":"auto","background-attachment":"scroll","background-type":"","background-media":"","overlay-type":"","overlay-color":"","overlay-opacity":"","overlay-gradient":""}},"ast-content-background-meta":{"desktop":{"background-color":"var(--ast-global-color-5)","background-image":"","background-repeat":"repeat","background-position":"center center","background-size":"auto","background-attachment":"scroll","background-type":"","background-media":"","overlay-type":"","overlay-color":"","overlay-opacity":"","overlay-gradient":""},"tablet":{"background-color":"var(--ast-global-color-5)","background-image":"","background-repeat":"repeat","background-position":"center center","background-size":"auto","background-attachment":"scroll","background-type":"","background-media":"","overlay-type":"","overlay-color":"","overlay-opacity":"","overlay-gradient":""},"mobile":{"background-color":"var(--ast-global-color-5)","background-image":"","background-repeat":"repeat","background-position":"center center","background-size":"auto","background-attachment":"scroll","background-type":"","background-media":"","overlay-type":"","overlay-color":"","overlay-opacity":"","overlay-gradient":""}}},"product_brand":[],"product_cat":[1131,1135,1128],"product_tag":[3895],"product_format_filter":[],"class_list":{"0":"post-146986","1":"product","2":"type-product","3":"status-publish","4":"has-post-thumbnail","6":"product_cat-boissons","7":"product_cat-sans-sucre","8":"product_cat-comestibles","9":"product_tag-phresh-fr","10":"pa_flavours-summer-punch-fr","11":"pa_format-355ml-fr","12":"pa_intensity-thc-moyen","13":"pa_marques-phresh-fr","14":"pa_origin-ontario-fr","15":"pa_thc-10mg-fr","16":"pa_type-de-plante-thc-fr","17":"desktop-align-left","18":"tablet-align-left","19":"mobile-align-left","21":"first","22":"instock","23":"taxable","24":"shipping-taxable","25":"purchasable","26":"product-type-simple"},"group_of_quantity":0,"min_quantity":0,"max_quantity":"","exclude_order_quantity_value_rules":"no","exclude_category_quantity_rules":"no","combine_variations":"no","acf":[],"_links":{"self":[{"href":"https:\/\/mendomedical.ca\/fr\/wp-json\/wp\/v2\/product\/146986","targetHints":{"allow":["GET"]}}],"collection":[{"href":"https:\/\/mendomedical.ca\/fr\/wp-json\/wp\/v2\/product"}],"about":[{"href":"https:\/\/mendomedical.ca\/fr\/wp-json\/wp\/v2\/types\/product"}],"replies":[{"embeddable":true,"href":"https:\/\/mendomedical.ca\/fr\/wp-json\/wp\/v2\/comments?post=146986"}],"wp:featuredmedia":[{"embeddable":true,"href":"https:\/\/mendomedical.ca\/fr\/wp-json\/wp\/v2\/media\/146994"}],"wp:attachment":[{"href":"https:\/\/mendomedical.ca\/fr\/wp-json\/wp\/v2\/media?parent=146986"}],"wp:term":[{"taxonomy":"product_brand","embeddable":true,"href":"https:\/\/mendomedical.ca\/fr\/wp-json\/wp\/v2\/product_brand?post=146986"},{"taxonomy":"product_cat","embeddable":true,"href":"https:\/\/mendomedical.ca\/fr\/wp-json\/wp\/v2\/product_cat?post=146986"},{"taxonomy":"product_tag","embeddable":true,"href":"https:\/\/mendomedical.ca\/fr\/wp-json\/wp\/v2\/product_tag?post=146986"},{"taxonomy":"product_format_filter","embeddable":true,"href":"https:\/\/mendomedical.ca\/fr\/wp-json\/wp\/v2\/product_format_filter?post=146986"}],"curies":[{"name":"wp","href":"https:\/\/api.w.org\/{rel}","templated":true}]}}