{"id":146956,"date":"2024-08-01T13:13:45","date_gmt":"2024-08-01T17:13:45","guid":{"rendered":"https:\/\/mendomedical.ca\/?post_type=product&#038;p=146956"},"modified":"2026-03-09T18:37:41","modified_gmt":"2026-03-09T22:37:41","slug":"bananium-live-hash-rosin","status":"publish","type":"product","link":"https:\/\/mendomedical.ca\/fr\/produit\/bananium-live-hash-rosin\/","title":{"rendered":"Bananium Live Rosin"},"content":{"rendered":"","protected":false},"excerpt":{"rendered":"<div class=\"ExternalClassCD7AB5DBC68C46209332081903685B68\">\n<h3>Bananium Live Rosin<\/h3>\n<h4>Total des terp\u00e8nes : 11.65%<\/h4>\n<p>Faites l&rsquo;exp\u00e9rience d&rsquo;une extraction sans solvant de premi\u00e8re qualit\u00e9 avec Polar&rsquo;s Bananium Live Hash Rosin, un concentr\u00e9 \u00e0 spectre complet fabriqu\u00e9 \u00e0 partir de fleurs fra\u00eeches congel\u00e9es. Cette Live Rosin \u00e0 souche unique pr\u00e9sente un profil terp\u00e9nique exceptionnel de 11,65 %, offrant un m\u00e9lange complexe d&rsquo;ar\u00f4mes de fruits des arbres, de fruits tropicaux et de vanille. Avec une forte teneur en THC compl\u00e9t\u00e9e par des cannabino\u00efdes mineurs comme le CBG et le CBC, ce concentr\u00e9 offre des effets \u00e0 la fois cr\u00e9atifs et relaxants pour les patients de cannabis m\u00e9dical exigeants.  <\/p>\n<h4>Caract\u00e9ristiques principales<\/h4>\n<ul>\n<li>Extraction sans solvant pr\u00e9servant les profils complets des cannabino\u00efdes et des terp\u00e8nes<\/li>\n<li>Teneur totale en terp\u00e8nes exceptionnellement \u00e9lev\u00e9e de 11,65%.<\/li>\n<li>Contient des cannabino\u00efdes mineurs, dont le CBG et le CBC, pour un meilleur potentiel th\u00e9rapeutique.<\/li>\n<li>Concentr\u00e9 \u00e0 spectre complet de fleurs de bananier fra\u00eechement congel\u00e9es.<\/li>\n<li>Rosin de haschisch vivant de premi\u00e8re qualit\u00e9 offrant une expression propre et pure du cannabis<\/li>\n<\/ul>\n<h4>Profil aromatique et terp\u00e9nique<\/h4>\n<p>Ce Bananium Live Rosin pr\u00e9sente un profil de saveur sophistiqu\u00e9 avec des notes de fruits des arbres, tropicales et de vanille. La teneur remarquable de 11,65 % en terp\u00e8nes comprend des niveaux importants de caryophyll\u00e8ne, de farn\u00e9s\u00e8ne et de limon\u00e8ne, cr\u00e9ant une exp\u00e9rience aromatique complexe. La puissance \u00e9lev\u00e9e du THC est \u00e9quilibr\u00e9e par la pr\u00e9sence de cannabino\u00efdes mineurs, le cannabig\u00e9rol (CBG) et le cannabichrom\u00e8ne (CBC), contribuant \u00e0 un profil d&rsquo;effets bien \u00e9quilibr\u00e9 qui peut soutenir \u00e0 la fois la concentration cr\u00e9ative et la relaxation.  <\/p>\n<h4>Pourquoi choisir Live Rosin ?<\/h4>\n<p>Live Rosin repr\u00e9sente le summum des concentr\u00e9s de cannabis sans solvant, offrant aux patients m\u00e9dicaux une option pure et puissante, exempte de solvants chimiques. Cette m\u00e9thode d&rsquo;extraction pr\u00e9serve le spectre complet des cannabino\u00efdes et des terp\u00e8nes, ce qui peut am\u00e9liorer les bienfaits th\u00e9rapeutiques gr\u00e2ce \u00e0 l&rsquo;effet d&rsquo;entourage. <\/p>\n<h4>Exp\u00e9dition dans tout le Canada<\/h4>\n<p>Le Live Rosin de Bananium est exp\u00e9di\u00e9 rapidement dans tout le Canada, avec une livraison gratuite pour les commandes de plus de 150 $. Nous assurons un emballage discret et s\u00e9curitaire afin de pr\u00e9server l&rsquo;int\u00e9grit\u00e9 du produit pendant le transport. <\/p>\n<h4>Avantages et couverture pour les anciens combattants<\/h4>\n<p>Bananium Live Rosin est admissible \u00e0 la couverture d&rsquo;ACC (Anciens Combattants Canada) avec facturation directe par l&rsquo;entremise de la Croix Bleue, ce qui signifie qu&rsquo;aucun d\u00e9bours\u00e9 n&rsquo;est n\u00e9cessaire pour les anciens combattants admissibles. Si vous n&rsquo;avez pas encore votre ordonnance de cannabis m\u00e9dical, vous pouvez <a href=\"https:\/\/mendomedical.ca\/fr\/carte-medicale\/\">obtenir votre carte m\u00e9dicale gratuite rapidement et facilement<\/a> gr\u00e2ce \u00e0 notre processus simplifi\u00e9. <\/p>\n<div><b>Ingr\u00e9dients<\/b><br \/>\nExtrait de cannabis<\/div>\n<\/div>\n","protected":false},"featured_media":146958,"comment_status":"closed","ping_status":"closed","template":"","meta":{"_acf_changed":false,"site-sidebar-layout":"default","site-content-layout":"","ast-site-content-layout":"default","site-content-style":"default","site-sidebar-style":"default","ast-global-header-display":"","ast-banner-title-visibility":"","ast-main-header-display":"","ast-hfb-above-header-display":"","ast-hfb-below-header-display":"","ast-hfb-mobile-header-display":"","site-post-title":"","ast-breadcrumbs-content":"","ast-featured-img":"","footer-sml-layout":"","ast-disable-related-posts":"","theme-transparent-header-meta":"default","adv-header-id-meta":"","stick-header-meta":"","header-above-stick-meta":"","header-main-stick-meta":"","header-below-stick-meta":"","astra-migrate-meta-layouts":"set","ast-page-background-enabled":"default","ast-page-background-meta":{"desktop":{"background-color":"var(--ast-global-color-4)","background-image":"","background-repeat":"repeat","background-position":"center center","background-size":"auto","background-attachment":"scroll","background-type":"","background-media":"","overlay-type":"","overlay-color":"","overlay-opacity":"","overlay-gradient":""},"tablet":{"background-color":"","background-image":"","background-repeat":"repeat","background-position":"center center","background-size":"auto","background-attachment":"scroll","background-type":"","background-media":"","overlay-type":"","overlay-color":"","overlay-opacity":"","overlay-gradient":""},"mobile":{"background-color":"","background-image":"","background-repeat":"repeat","background-position":"center center","background-size":"auto","background-attachment":"scroll","background-type":"","background-media":"","overlay-type":"","overlay-color":"","overlay-opacity":"","overlay-gradient":""}},"ast-content-background-meta":{"desktop":{"background-color":"var(--ast-global-color-5)","background-image":"","background-repeat":"repeat","background-position":"center center","background-size":"auto","background-attachment":"scroll","background-type":"","background-media":"","overlay-type":"","overlay-color":"","overlay-opacity":"","overlay-gradient":""},"tablet":{"background-color":"var(--ast-global-color-5)","background-image":"","background-repeat":"repeat","background-position":"center center","background-size":"auto","background-attachment":"scroll","background-type":"","background-media":"","overlay-type":"","overlay-color":"","overlay-opacity":"","overlay-gradient":""},"mobile":{"background-color":"var(--ast-global-color-5)","background-image":"","background-repeat":"repeat","background-position":"center center","background-size":"auto","background-attachment":"scroll","background-type":"","background-media":"","overlay-type":"","overlay-color":"","overlay-opacity":"","overlay-gradient":""}}},"product_brand":[4062],"product_cat":[3926,1125,1118,1119],"product_tag":[2283],"product_format_filter":[6369],"class_list":{"0":"post-146956","1":"product","2":"type-product","3":"status-publish","4":"has-post-thumbnail","6":"product_brand-polar","7":"product_cat-cbd-minors-2-fr","8":"product_cat-rosin-vivante","9":"product_cat-concentres","10":"product_cat-tout-sans-solvant","11":"product_tag-polar-fr","12":"pa_flavours-tree-fruit-fr","13":"pa_flavours-tropical-fr","14":"pa_flavours-vanille","15":"pa_format-1g-2-fr","16":"pa_intensity-thc-eleve","17":"pa_intensity-low-cbc-fr","18":"pa_intensity-faible-cbd","19":"pa_intensity-low-cbg-fr","20":"pa_marques-polaire","21":"pa_origin-quebec-fr","22":"pa_profil-terpene-bisabolol-fr","23":"pa_profil-terpene-caryophyllene","24":"pa_profil-terpene-farnesene-fr","25":"pa_profil-terpene-humulene-fr","26":"pa_profil-terpene-limonene-fr","27":"pa_type-de-plante-hybride-indica-fr","28":"product_format_filter-1g","29":"desktop-align-left","30":"tablet-align-left","31":"mobile-align-left","33":"first","34":"instock","35":"taxable","36":"shipping-taxable","37":"purchasable","38":"product-type-simple"},"group_of_quantity":0,"min_quantity":0,"max_quantity":"","exclude_order_quantity_value_rules":"no","exclude_category_quantity_rules":"no","combine_variations":"no","acf":[],"_links":{"self":[{"href":"https:\/\/mendomedical.ca\/fr\/wp-json\/wp\/v2\/product\/146956","targetHints":{"allow":["GET"]}}],"collection":[{"href":"https:\/\/mendomedical.ca\/fr\/wp-json\/wp\/v2\/product"}],"about":[{"href":"https:\/\/mendomedical.ca\/fr\/wp-json\/wp\/v2\/types\/product"}],"replies":[{"embeddable":true,"href":"https:\/\/mendomedical.ca\/fr\/wp-json\/wp\/v2\/comments?post=146956"}],"wp:featuredmedia":[{"embeddable":true,"href":"https:\/\/mendomedical.ca\/fr\/wp-json\/wp\/v2\/media\/146958"}],"wp:attachment":[{"href":"https:\/\/mendomedical.ca\/fr\/wp-json\/wp\/v2\/media?parent=146956"}],"wp:term":[{"taxonomy":"product_brand","embeddable":true,"href":"https:\/\/mendomedical.ca\/fr\/wp-json\/wp\/v2\/product_brand?post=146956"},{"taxonomy":"product_cat","embeddable":true,"href":"https:\/\/mendomedical.ca\/fr\/wp-json\/wp\/v2\/product_cat?post=146956"},{"taxonomy":"product_tag","embeddable":true,"href":"https:\/\/mendomedical.ca\/fr\/wp-json\/wp\/v2\/product_tag?post=146956"},{"taxonomy":"product_format_filter","embeddable":true,"href":"https:\/\/mendomedical.ca\/fr\/wp-json\/wp\/v2\/product_format_filter?post=146956"}],"curies":[{"name":"wp","href":"https:\/\/api.w.org\/{rel}","templated":true}]}}