{"id":146881,"date":"2023-06-01T12:09:15","date_gmt":"2023-06-01T16:09:15","guid":{"rendered":"https:\/\/mendomedical.ca\/?post_type=product&#038;p=146881"},"modified":"2026-04-13T17:36:55","modified_gmt":"2026-04-13T21:36:55","slug":"cbn-30mg-30-caps","status":"publish","type":"product","link":"https:\/\/mendomedical.ca\/fr\/produit\/cbn-30mg-30-caps\/","title":{"rendered":"CBN 30mg - 30 g\u00e9lules"},"content":{"rendered":"","protected":false},"excerpt":{"rendered":"<div class=\"ExternalClass6491772D4BB243D59B8A68A5D8C1F39F\">\n<h3>CBN 30mg - 30 g\u00e9lules<\/h3>\n<p>D\u00e9couvrez les bienfaits potentiels du CBN pur gr\u00e2ce aux g\u00e9lules formul\u00e9es avec pr\u00e9cision par Naturally Nutra. Chaque bouteille contient 30 g\u00e9lules, chacune d\u00e9livrant une dose constante de 30 mg d&rsquo;isolat de CBN de haute qualit\u00e9. Fabriqu\u00e9es dans l&rsquo;Okanagan, en Colombie-Britannique, ces g\u00e9lules sans THC offrent un moyen pratique et discret d&rsquo;incorporer le cannabinol dans votre routine de bien-\u00eatre, sans odeur ni go\u00fbt.  <\/p>\n<h4>Caract\u00e9ristiques principales<\/h4>\n<ul>\n<li>30 mg d&rsquo;isolat de CBN pur par g\u00e9lule pour un dosage coh\u00e9rent et pr\u00e9cis<\/li>\n<li>Formule sans THC, sans odeur ni go\u00fbt<\/li>\n<li>Fabriqu\u00e9 localement dans l&rsquo;Okanagan, en Colombie-Britannique<\/li>\n<li>Flacon pratique de 30 g\u00e9lules pour une r\u00e9serve d&rsquo;un mois complet<\/li>\n<li>G\u00e9lules discr\u00e8tes et faciles \u00e0 avaler, parfaites pour une utilisation quotidienne<\/li>\n<\/ul>\n<h4>Ingr\u00e9dients<\/h4>\n<p>Poudre de cellulose microcristalline, isolat de CBN, hydroxypropylm\u00e9thylcellulose, eau purifi\u00e9e, gomme de g\u00e9latine.<\/p>\n<h4>Pourquoi choisir les capsules CBN<\/h4>\n<p>Les capsules CBN offrent aux consommateurs de cannabis m\u00e9dical une m\u00e9thode de consommation pr\u00e9cise et pratique. Le dosage standardis\u00e9 \u00e9limine les approximations, tandis que le format insipide et inodore les rend id\u00e9ales pour ceux qui pr\u00e9f\u00e8rent \u00e9viter l&rsquo;ar\u00f4me des produits \u00e0 base de cannabis. De nombreux utilisateurs trouvent que le CBN peut aider \u00e0 mieux dormir et \u00e0 se d\u00e9tendre.  <\/p>\n<h4>Exp\u00e9dition dans tout le Canada<\/h4>\n<p>CBN 30mg - 30 capsules est exp\u00e9di\u00e9 rapidement \u00e0 travers le Canada. Nous offrons la livraison gratuite pour toutes les commandes de plus de 150 $. Veuillez noter que les produits contenant de la g\u00e9latine peuvent fondre pendant l&rsquo;exp\u00e9dition durant les mois d&rsquo;\u00e9t\u00e9. Nous vous recommandons de tenir compte de ce probl\u00e8me potentiel lorsque vous passez votre commande.    Malheureusement, nous ne pouvons pas offrir de remboursement ou de remplacement pour les produits qui fondent pendant le transport. Nous vous remercions de votre compr\u00e9hension.<\/p>\n<h4>Avantages et couverture pour les anciens combattants<\/h4>\n<p>CBN 30mg - 30 capsules est admissible \u00e0 la couverture d&rsquo;ACC (Anciens Combattants Canada) et \u00e0 la facturation directe par l&rsquo;entremise de la Croix Bleue, sans aucun d\u00e9bours\u00e9. Si vous n&rsquo;avez pas encore de carte m\u00e9dicale, vous pouvez <a href=\"https:\/\/mendomedical.ca\/fr\/carte-medicale\/\">obtenir votre carte m\u00e9dicale gratuite rapidement et facilement<\/a>. <\/p>\n<\/div>\n","protected":false},"featured_media":146883,"comment_status":"closed","ping_status":"closed","template":"","meta":{"_acf_changed":false,"site-sidebar-layout":"default","site-content-layout":"","ast-site-content-layout":"default","site-content-style":"default","site-sidebar-style":"default","ast-global-header-display":"","ast-banner-title-visibility":"","ast-main-header-display":"","ast-hfb-above-header-display":"","ast-hfb-below-header-display":"","ast-hfb-mobile-header-display":"","site-post-title":"","ast-breadcrumbs-content":"","ast-featured-img":"","footer-sml-layout":"","ast-disable-related-posts":"","theme-transparent-header-meta":"default","adv-header-id-meta":"","stick-header-meta":"","header-above-stick-meta":"","header-main-stick-meta":"","header-below-stick-meta":"","astra-migrate-meta-layouts":"set","ast-page-background-enabled":"default","ast-page-background-meta":{"desktop":{"background-color":"var(--ast-global-color-4)","background-image":"","background-repeat":"repeat","background-position":"center center","background-size":"auto","background-attachment":"scroll","background-type":"","background-media":"","overlay-type":"","overlay-color":"","overlay-opacity":"","overlay-gradient":""},"tablet":{"background-color":"","background-image":"","background-repeat":"repeat","background-position":"center center","background-size":"auto","background-attachment":"scroll","background-type":"","background-media":"","overlay-type":"","overlay-color":"","overlay-opacity":"","overlay-gradient":""},"mobile":{"background-color":"","background-image":"","background-repeat":"repeat","background-position":"center center","background-size":"auto","background-attachment":"scroll","background-type":"","background-media":"","overlay-type":"","overlay-color":"","overlay-opacity":"","overlay-gradient":""}},"ast-content-background-meta":{"desktop":{"background-color":"var(--ast-global-color-5)","background-image":"","background-repeat":"repeat","background-position":"center center","background-size":"auto","background-attachment":"scroll","background-type":"","background-media":"","overlay-type":"","overlay-color":"","overlay-opacity":"","overlay-gradient":""},"tablet":{"background-color":"var(--ast-global-color-5)","background-image":"","background-repeat":"repeat","background-position":"center center","background-size":"auto","background-attachment":"scroll","background-type":"","background-media":"","overlay-type":"","overlay-color":"","overlay-opacity":"","overlay-gradient":""},"mobile":{"background-color":"var(--ast-global-color-5)","background-image":"","background-repeat":"repeat","background-position":"center center","background-size":"auto","background-attachment":"scroll","background-type":"","background-media":"","overlay-type":"","overlay-color":"","overlay-opacity":"","overlay-gradient":""}}},"product_brand":[],"product_cat":[1115,3853,1114],"product_tag":[3831],"product_format_filter":[],"class_list":{"0":"post-146881","1":"product","2":"type-product","3":"status-publish","4":"has-post-thumbnail","6":"product_cat-gelules-fr","7":"product_cat-cbd-minors-5-fr","8":"product_cat-gelules","9":"product_tag-naturally-nutra-fr","10":"pa_cbn-30mg-fr","11":"pa_format-30-units-fr","12":"pa_intensity-med-cbn-fr","13":"pa_marques-naturally-nutra-fr","14":"pa_origin-colombie-britannique-fr","15":"desktop-align-left","16":"tablet-align-left","17":"mobile-align-left","19":"first","20":"instock","21":"taxable","22":"shipping-taxable","23":"purchasable","24":"product-type-simple"},"group_of_quantity":0,"min_quantity":0,"max_quantity":"","exclude_order_quantity_value_rules":"no","exclude_category_quantity_rules":"no","combine_variations":"no","acf":[],"_links":{"self":[{"href":"https:\/\/mendomedical.ca\/fr\/wp-json\/wp\/v2\/product\/146881","targetHints":{"allow":["GET"]}}],"collection":[{"href":"https:\/\/mendomedical.ca\/fr\/wp-json\/wp\/v2\/product"}],"about":[{"href":"https:\/\/mendomedical.ca\/fr\/wp-json\/wp\/v2\/types\/product"}],"replies":[{"embeddable":true,"href":"https:\/\/mendomedical.ca\/fr\/wp-json\/wp\/v2\/comments?post=146881"}],"wp:featuredmedia":[{"embeddable":true,"href":"https:\/\/mendomedical.ca\/fr\/wp-json\/wp\/v2\/media\/146883"}],"wp:attachment":[{"href":"https:\/\/mendomedical.ca\/fr\/wp-json\/wp\/v2\/media?parent=146881"}],"wp:term":[{"taxonomy":"product_brand","embeddable":true,"href":"https:\/\/mendomedical.ca\/fr\/wp-json\/wp\/v2\/product_brand?post=146881"},{"taxonomy":"product_cat","embeddable":true,"href":"https:\/\/mendomedical.ca\/fr\/wp-json\/wp\/v2\/product_cat?post=146881"},{"taxonomy":"product_tag","embeddable":true,"href":"https:\/\/mendomedical.ca\/fr\/wp-json\/wp\/v2\/product_tag?post=146881"},{"taxonomy":"product_format_filter","embeddable":true,"href":"https:\/\/mendomedical.ca\/fr\/wp-json\/wp\/v2\/product_format_filter?post=146881"}],"curies":[{"name":"wp","href":"https:\/\/api.w.org\/{rel}","templated":true}]}}